{"id":1788,"date":"2025-05-20T13:09:55","date_gmt":"2025-05-20T13:09:55","guid":{"rendered":"https:\/\/laiapuigbo.com\/serveis\/"},"modified":"2026-01-27T09:05:54","modified_gmt":"2026-01-27T09:05:54","slug":"servicios","status":"publish","type":"page","link":"https:\/\/laiapuigbo.com\/es\/servicios\/","title":{"rendered":"Servicios"},"content":{"rendered":"\t\t<div data-elementor-type=\"wp-page\" data-elementor-id=\"1788\" class=\"elementor elementor-1788 elementor-390\" data-elementor-post-type=\"page\">\n\t\t\t\t<div class=\"elementor-element elementor-element-3cd1df75 e-flex e-con-boxed e-con e-parent\" data-id=\"3cd1df75\" data-element_type=\"container\">\n\t\t\t\t\t<div class=\"e-con-inner\">\n\t\t\t\t<div class=\"elementor-element elementor-element-d41fe29 elementor-widget elementor-widget-heading\" data-id=\"d41fe29\" data-element_type=\"widget\" data-widget_type=\"heading.default\">\n\t\t\t\t<div class=\"elementor-widget-container\">\n\t\t\t\t\t<h1 class=\"elementor-heading-title elementor-size-default\">SERVICIOS<\/h1>\t\t\t\t<\/div>\n\t\t\t\t<\/div>\n\t\t\t\t<div class=\"elementor-element elementor-element-18f1bf37 elementor-widget elementor-widget-heading\" data-id=\"18f1bf37\" data-element_type=\"widget\" data-widget_type=\"heading.default\">\n\t\t\t\t<div class=\"elementor-widget-container\">\n\t\t\t\t\t<h2 class=\"elementor-heading-title elementor-size-default\">\u00bfQu\u00e9 puedo ofrecerte?<\/h2>\t\t\t\t<\/div>\n\t\t\t\t<\/div>\n\t\t\t\t<div class=\"elementor-element elementor-element-4cc0e78d elementor-widget elementor-widget-text-editor\" data-id=\"4cc0e78d\" data-element_type=\"widget\" data-widget_type=\"text-editor.default\">\n\t\t\t\t<div class=\"elementor-widget-container\">\n\t\t\t\t\t\t\t\t\t<p class=\"p1\">Mi objetivo es ayudar a los m\u00e1s peque\u00f1os de casa en su desarrollo, as\u00ed como tratar y prevenir cualquier problema f\u00edsico que pueda afectar a su crecimiento, sus capacidades funcionales ya su bienestar.<\/p>\t\t\t\t\t\t\t\t<\/div>\n\t\t\t\t<\/div>\n\t\t<div class=\"elementor-element elementor-element-1898aecf e-con-full e-grid e-con e-child\" data-id=\"1898aecf\" data-element_type=\"container\">\n\t\t<div class=\"elementor-element elementor-element-72bfe850 e-con-full e-flex e-con e-child\" data-id=\"72bfe850\" data-element_type=\"container\">\n\t\t\t\t<div class=\"elementor-element elementor-element-4ce25dd7 elementor-widget elementor-widget-image\" data-id=\"4ce25dd7\" data-element_type=\"widget\" data-widget_type=\"image.default\">\n\t\t\t\t<div class=\"elementor-widget-container\">\n\t\t\t\t\t\t\t\t\t\t\t\t\t\t\t\t<a href=\"https:\/\/laiapuigbo.com\/es\/psicomotricidad-infantil\/\">\n\t\t\t\t\t\t\t<img fetchpriority=\"high\" decoding=\"async\" width=\"800\" height=\"534\" src=\"https:\/\/laiapuigbo.com\/wp-content\/uploads\/2025\/05\/Psicomotricidad-Infantil-1024x683.jpg\" class=\"elementor-animation-grow attachment-large size-large wp-image-1655\" alt=\"Psicomotricidad\" srcset=\"https:\/\/laiapuigbo.com\/wp-content\/uploads\/2025\/05\/Psicomotricidad-Infantil-1024x683.jpg 1024w, https:\/\/laiapuigbo.com\/wp-content\/uploads\/2025\/05\/Psicomotricidad-Infantil-300x200.jpg 300w, https:\/\/laiapuigbo.com\/wp-content\/uploads\/2025\/05\/Psicomotricidad-Infantil-768x512.jpg 768w, https:\/\/laiapuigbo.com\/wp-content\/uploads\/2025\/05\/Psicomotricidad-Infantil-1536x1024.jpg 1536w, https:\/\/laiapuigbo.com\/wp-content\/uploads\/2025\/05\/Psicomotricidad-Infantil-2048x1365.jpg 2048w\" sizes=\"(max-width: 800px) 100vw, 800px\" \/>\t\t\t\t\t\t\t\t<\/a>\n\t\t\t\t\t\t\t\t\t\t\t\t\t\t\t<\/div>\n\t\t\t\t<\/div>\n\t\t\t\t<div class=\"elementor-element elementor-element-4d7b66f3 elementor-widget elementor-widget-heading\" data-id=\"4d7b66f3\" data-element_type=\"widget\" data-widget_type=\"heading.default\">\n\t\t\t\t<div class=\"elementor-widget-container\">\n\t\t\t\t\t<h3 class=\"elementor-heading-title elementor-size-default\">Psicomotricidad infantil<\/h3>\t\t\t\t<\/div>\n\t\t\t\t<\/div>\n\t\t\t\t<div class=\"elementor-element elementor-element-42b84e3c elementor-widget elementor-widget-text-editor\" data-id=\"42b84e3c\" data-element_type=\"widget\" data-widget_type=\"text-editor.default\">\n\t\t\t\t<div class=\"elementor-widget-container\">\n\t\t\t\t\t\t\t\t\t<p class=\"p1\">Te ofrezco orientaci\u00f3n y actividades personalizadas en psicomotricidad infantil para estimular el crecimiento de tu hijo\/a a trav\u00e9s del juego, adapt\u00e1ndome a su ritmo y necesidades.<\/p>\t\t\t\t\t\t\t\t<\/div>\n\t\t\t\t<\/div>\n\t\t\t\t<\/div>\n\t\t<div class=\"elementor-element elementor-element-9897786 e-con-full e-flex e-con e-child\" data-id=\"9897786\" data-element_type=\"container\">\n\t\t\t\t<div class=\"elementor-element elementor-element-1c1f4d24 elementor-widget elementor-widget-image\" data-id=\"1c1f4d24\" data-element_type=\"widget\" data-widget_type=\"image.default\">\n\t\t\t\t<div class=\"elementor-widget-container\">\n\t\t\t\t\t\t\t\t\t\t\t\t\t\t\t\t<a href=\"https:\/\/laiapuigbo.com\/es\/lactancia-materna\/\">\n\t\t\t\t\t\t\t<img decoding=\"async\" width=\"800\" height=\"534\" src=\"https:\/\/laiapuigbo.com\/wp-content\/uploads\/2025\/05\/Lactancia-materna-1024x683.jpg\" class=\"elementor-animation-grow attachment-large size-large wp-image-1660\" alt=\"Lactancia materna\" srcset=\"https:\/\/laiapuigbo.com\/wp-content\/uploads\/2025\/05\/Lactancia-materna-1024x683.jpg 1024w, https:\/\/laiapuigbo.com\/wp-content\/uploads\/2025\/05\/Lactancia-materna-300x200.jpg 300w, https:\/\/laiapuigbo.com\/wp-content\/uploads\/2025\/05\/Lactancia-materna-768x512.jpg 768w, https:\/\/laiapuigbo.com\/wp-content\/uploads\/2025\/05\/Lactancia-materna-1536x1024.jpg 1536w, https:\/\/laiapuigbo.com\/wp-content\/uploads\/2025\/05\/Lactancia-materna-2048x1365.jpg 2048w\" sizes=\"(max-width: 800px) 100vw, 800px\" \/>\t\t\t\t\t\t\t\t<\/a>\n\t\t\t\t\t\t\t\t\t\t\t\t\t\t\t<\/div>\n\t\t\t\t<\/div>\n\t\t\t\t<div class=\"elementor-element elementor-element-74426fda elementor-widget elementor-widget-heading\" data-id=\"74426fda\" data-element_type=\"widget\" data-widget_type=\"heading.default\">\n\t\t\t\t<div class=\"elementor-widget-container\">\n\t\t\t\t\t<h3 class=\"elementor-heading-title elementor-size-default\">Lactancia materna<\/h3>\t\t\t\t<\/div>\n\t\t\t\t<\/div>\n\t\t\t\t<div class=\"elementor-element elementor-element-7c52599 elementor-widget elementor-widget-text-editor\" data-id=\"7c52599\" data-element_type=\"widget\" data-widget_type=\"text-editor.default\">\n\t\t\t\t<div class=\"elementor-widget-container\">\n\t\t\t\t\t\t\t\t\t<p class=\"p1\">Te ayudo a detectar el origen del dolor o las molestias para poder gozar de una lactancia m\u00e1s c\u00f3moda y efectiva.<\/p>\t\t\t\t\t\t\t\t<\/div>\n\t\t\t\t<\/div>\n\t\t\t\t<\/div>\n\t\t<div class=\"elementor-element elementor-element-74d097af e-con-full e-flex e-con e-child\" data-id=\"74d097af\" data-element_type=\"container\">\n\t\t\t\t<div class=\"elementor-element elementor-element-559a2082 elementor-widget elementor-widget-image\" data-id=\"559a2082\" data-element_type=\"widget\" data-widget_type=\"image.default\">\n\t\t\t\t<div class=\"elementor-widget-container\">\n\t\t\t\t\t\t\t\t\t\t\t\t\t\t\t\t<a href=\"https:\/\/laiapuigbo.com\/es\/torticolis-muscular-y-deformidades-craneales\/\">\n\t\t\t\t\t\t\t<img decoding=\"async\" width=\"800\" height=\"534\" src=\"https:\/\/laiapuigbo.com\/wp-content\/uploads\/2025\/05\/Braquicefalia-1024x683.jpg\" class=\"elementor-animation-grow attachment-large size-large wp-image-1656\" alt=\"Braquicefalia\" srcset=\"https:\/\/laiapuigbo.com\/wp-content\/uploads\/2025\/05\/Braquicefalia-1024x683.jpg 1024w, https:\/\/laiapuigbo.com\/wp-content\/uploads\/2025\/05\/Braquicefalia-300x200.jpg 300w, https:\/\/laiapuigbo.com\/wp-content\/uploads\/2025\/05\/Braquicefalia-768x512.jpg 768w, https:\/\/laiapuigbo.com\/wp-content\/uploads\/2025\/05\/Braquicefalia-1536x1024.jpg 1536w, https:\/\/laiapuigbo.com\/wp-content\/uploads\/2025\/05\/Braquicefalia-2048x1365.jpg 2048w\" sizes=\"(max-width: 800px) 100vw, 800px\" \/>\t\t\t\t\t\t\t\t<\/a>\n\t\t\t\t\t\t\t\t\t\t\t\t\t\t\t<\/div>\n\t\t\t\t<\/div>\n\t\t\t\t<div class=\"elementor-element elementor-element-513ea22f elementor-widget elementor-widget-heading\" data-id=\"513ea22f\" data-element_type=\"widget\" data-widget_type=\"heading.default\">\n\t\t\t\t<div class=\"elementor-widget-container\">\n\t\t\t\t\t<h3 class=\"elementor-heading-title elementor-size-default\">Tort\u00edcolis y braquicefalia en beb\u00e9s<\/h3>\t\t\t\t<\/div>\n\t\t\t\t<\/div>\n\t\t\t\t<div class=\"elementor-element elementor-element-25a34f11 elementor-widget elementor-widget-text-editor\" data-id=\"25a34f11\" data-element_type=\"widget\" data-widget_type=\"text-editor.default\">\n\t\t\t\t<div class=\"elementor-widget-container\">\n\t\t\t\t\t\t\t\t\t<p class=\"p1\">Te ofrezco valoraci\u00f3n y tratamiento personalizado para mejorar la postura, el movimiento y la forma de la cabeza de tu beb\u00e9.<\/p>\t\t\t\t\t\t\t\t<\/div>\n\t\t\t\t<\/div>\n\t\t\t\t<\/div>\n\t\t<div class=\"elementor-element elementor-element-7b8ef684 e-con-full e-flex e-con e-child\" data-id=\"7b8ef684\" data-element_type=\"container\">\n\t\t\t\t<div class=\"elementor-element elementor-element-47b31f8e elementor-widget elementor-widget-image\" data-id=\"47b31f8e\" data-element_type=\"widget\" data-widget_type=\"image.default\">\n\t\t\t\t<div class=\"elementor-widget-container\">\n\t\t\t\t\t\t\t\t\t\t\t\t\t\t\t\t<a href=\"https:\/\/laiapuigbo.com\/es\/afectaciones-respiratorias\/\">\n\t\t\t\t\t\t\t<img loading=\"lazy\" decoding=\"async\" width=\"800\" height=\"534\" src=\"https:\/\/laiapuigbo.com\/wp-content\/uploads\/2025\/05\/Mocos-bebes-1024x683.jpg\" class=\"elementor-animation-grow attachment-large size-large wp-image-1659\" alt=\"Mocos bebes\" srcset=\"https:\/\/laiapuigbo.com\/wp-content\/uploads\/2025\/05\/Mocos-bebes-1024x683.jpg 1024w, https:\/\/laiapuigbo.com\/wp-content\/uploads\/2025\/05\/Mocos-bebes-300x200.jpg 300w, https:\/\/laiapuigbo.com\/wp-content\/uploads\/2025\/05\/Mocos-bebes-768x512.jpg 768w, https:\/\/laiapuigbo.com\/wp-content\/uploads\/2025\/05\/Mocos-bebes-1536x1024.jpg 1536w, https:\/\/laiapuigbo.com\/wp-content\/uploads\/2025\/05\/Mocos-bebes-2048x1365.jpg 2048w\" sizes=\"(max-width: 800px) 100vw, 800px\" \/>\t\t\t\t\t\t\t\t<\/a>\n\t\t\t\t\t\t\t\t\t\t\t\t\t\t\t<\/div>\n\t\t\t\t<\/div>\n\t\t\t\t<div class=\"elementor-element elementor-element-27b0e23e elementor-widget elementor-widget-heading\" data-id=\"27b0e23e\" data-element_type=\"widget\" data-widget_type=\"heading.default\">\n\t\t\t\t<div class=\"elementor-widget-container\">\n\t\t\t\t\t<h3 class=\"elementor-heading-title elementor-size-default\">Afectaciones respiratorias<\/h3>\t\t\t\t<\/div>\n\t\t\t\t<\/div>\n\t\t\t\t<div class=\"elementor-element elementor-element-63e35ebe elementor-widget elementor-widget-text-editor\" data-id=\"63e35ebe\" data-element_type=\"widget\" data-widget_type=\"text-editor.default\">\n\t\t\t\t<div class=\"elementor-widget-container\">\n\t\t\t\t\t\t\t\t\t<p class=\"p1\">\u00bfTu hijo\/a tiene muchos mocos y no puede dormir?<br \/>Con fisioterapia respiratoria te ayudo a mejorar su descanso y su bienestar.<\/p>\t\t\t\t\t\t\t\t<\/div>\n\t\t\t\t<\/div>\n\t\t\t\t<\/div>\n\t\t<div class=\"elementor-element elementor-element-6c877d65 e-con-full e-flex e-con e-child\" data-id=\"6c877d65\" data-element_type=\"container\">\n\t\t\t\t<div class=\"elementor-element elementor-element-72a78698 elementor-widget elementor-widget-image\" data-id=\"72a78698\" data-element_type=\"widget\" data-widget_type=\"image.default\">\n\t\t\t\t<div class=\"elementor-widget-container\">\n\t\t\t\t\t\t\t\t\t\t\t\t\t\t\t\t<a href=\"https:\/\/laiapuigbo.com\/es\/afectaciones-digestivas\/\">\n\t\t\t\t\t\t\t<img loading=\"lazy\" decoding=\"async\" width=\"800\" height=\"534\" src=\"https:\/\/laiapuigbo.com\/wp-content\/uploads\/2025\/05\/Colicosdellactante-1024x683.jpg\" class=\"elementor-animation-grow attachment-large size-large wp-image-1658\" alt=\"Colicos del lactante\" srcset=\"https:\/\/laiapuigbo.com\/wp-content\/uploads\/2025\/05\/Colicosdellactante-1024x683.jpg 1024w, https:\/\/laiapuigbo.com\/wp-content\/uploads\/2025\/05\/Colicosdellactante-300x200.jpg 300w, https:\/\/laiapuigbo.com\/wp-content\/uploads\/2025\/05\/Colicosdellactante-768x512.jpg 768w, https:\/\/laiapuigbo.com\/wp-content\/uploads\/2025\/05\/Colicosdellactante-1536x1024.jpg 1536w, https:\/\/laiapuigbo.com\/wp-content\/uploads\/2025\/05\/Colicosdellactante-2048x1365.jpg 2048w\" sizes=\"(max-width: 800px) 100vw, 800px\" \/>\t\t\t\t\t\t\t\t<\/a>\n\t\t\t\t\t\t\t\t\t\t\t\t\t\t\t<\/div>\n\t\t\t\t<\/div>\n\t\t\t\t<div class=\"elementor-element elementor-element-737a26b0 elementor-widget elementor-widget-heading\" data-id=\"737a26b0\" data-element_type=\"widget\" data-widget_type=\"heading.default\">\n\t\t\t\t<div class=\"elementor-widget-container\">\n\t\t\t\t\t<h3 class=\"elementor-heading-title elementor-size-default\">Afectaciones digestivas<\/h3>\t\t\t\t<\/div>\n\t\t\t\t<\/div>\n\t\t\t\t<div class=\"elementor-element elementor-element-63ac1333 elementor-widget elementor-widget-text-editor\" data-id=\"63ac1333\" data-element_type=\"widget\" data-widget_type=\"text-editor.default\">\n\t\t\t\t<div class=\"elementor-widget-container\">\n\t\t\t\t\t\t\t\t\t<p class=\"p1\">\u00bfC\u00f3licos, gases o estre\u00f1imiento? En la consulta buscaremos el origen del malestar y te dar\u00e9 pautas que ayuden a mejorar el bienestar digestivo de tu beb\u00e9.<\/p>\t\t\t\t\t\t\t\t<\/div>\n\t\t\t\t<\/div>\n\t\t\t\t<\/div>\n\t\t<div class=\"elementor-element elementor-element-6ae857e1 e-con-full e-flex e-con e-child\" data-id=\"6ae857e1\" data-element_type=\"container\">\n\t\t\t\t<div class=\"elementor-element elementor-element-288dbd48 elementor-widget elementor-widget-image\" data-id=\"288dbd48\" data-element_type=\"widget\" data-widget_type=\"image.default\">\n\t\t\t\t<div class=\"elementor-widget-container\">\n\t\t\t\t\t\t\t\t\t\t\t\t\t\t\t\t<a href=\"https:\/\/laiapuigbo.com\/es\/patologias-neurologicas-y-sindromes-geneticos\/\">\n\t\t\t\t\t\t\t<img loading=\"lazy\" decoding=\"async\" width=\"800\" height=\"535\" src=\"https:\/\/laiapuigbo.com\/wp-content\/uploads\/2025\/05\/patologia-neurologica-2.png\" class=\"elementor-animation-grow attachment-large size-large wp-image-1812\" alt=\"Patologia neurologica\" srcset=\"https:\/\/laiapuigbo.com\/wp-content\/uploads\/2025\/05\/patologia-neurologica-2.png 1024w, https:\/\/laiapuigbo.com\/wp-content\/uploads\/2025\/05\/patologia-neurologica-2-300x201.png 300w, https:\/\/laiapuigbo.com\/wp-content\/uploads\/2025\/05\/patologia-neurologica-2-768x514.png 768w\" sizes=\"(max-width: 800px) 100vw, 800px\" \/>\t\t\t\t\t\t\t\t<\/a>\n\t\t\t\t\t\t\t\t\t\t\t\t\t\t\t<\/div>\n\t\t\t\t<\/div>\n\t\t\t\t<div class=\"elementor-element elementor-element-931a89b elementor-widget elementor-widget-heading\" data-id=\"931a89b\" data-element_type=\"widget\" data-widget_type=\"heading.default\">\n\t\t\t\t<div class=\"elementor-widget-container\">\n\t\t\t\t\t<h3 class=\"elementor-heading-title elementor-size-default\">Patolog\u00edas neurol\u00f3gicas y s\u00edndromes gen\u00e9ticos<\/h3>\t\t\t\t<\/div>\n\t\t\t\t<\/div>\n\t\t\t\t<div class=\"elementor-element elementor-element-610a67ea elementor-widget elementor-widget-text-editor\" data-id=\"610a67ea\" data-element_type=\"widget\" data-widget_type=\"text-editor.default\">\n\t\t\t\t<div class=\"elementor-widget-container\">\n\t\t\t\t\t\t\t\t\t<p class=\"p1\">Acompa\u00f1o a beb\u00e9s con s\u00edndrome de Down y otras afectaciones neurol\u00f3gicas, promoviendo su desarrollo motor, la respiraci\u00f3n y la autonom\u00eda, siempre adapt\u00e1ndome a sus necesidades y al ritmo de cada familia.<\/p>\t\t\t\t\t\t\t\t<\/div>\n\t\t\t\t<\/div>\n\t\t\t\t<\/div>\n\t\t\t\t<\/div>\n\t\t\t\t\t<\/div>\n\t\t\t\t<\/div>\n\t\t\t\t<\/div>\n\t\t","protected":false},"excerpt":{"rendered":"<p>SERVICIOS \u00bfQu\u00e9 puedo ofrecerte? Mi objetivo es ayudar a los m\u00e1s peque\u00f1os de casa en su desarrollo, as\u00ed como tratar y prevenir cualquier problema f\u00edsico que pueda afectar a su crecimiento, sus capacidades funcionales ya su bienestar. Psicomotricidad infantil Te ofrezco orientaci\u00f3n y actividades personalizadas en psicomotricidad infantil para estimular el crecimiento de tu hijo\/a [&hellip;]<\/p>\n","protected":false},"author":1,"featured_media":0,"parent":0,"menu_order":0,"comment_status":"closed","ping_status":"closed","template":"","meta":{"footnotes":""},"class_list":["post-1788","page","type-page","status-publish","hentry"],"yoast_head":"<!-- This site is optimized with the Yoast SEO plugin v25.3 - https:\/\/yoast.com\/wordpress\/plugins\/seo\/ -->\n<title>Servicios - Laia Puigb\u00f2<\/title>\n<meta name=\"robots\" content=\"index, follow, max-snippet:-1, max-image-preview:large, max-video-preview:-1\" \/>\n<link rel=\"canonical\" href=\"https:\/\/laiapuigbo.com\/es\/servicios\/\" \/>\n<meta property=\"og:locale\" content=\"es_ES\" \/>\n<meta property=\"og:type\" content=\"article\" \/>\n<meta property=\"og:title\" content=\"Servicios - Laia Puigb\u00f2\" \/>\n<meta property=\"og:description\" content=\"SERVICIOS \u00bfQu\u00e9 puedo ofrecerte? Mi objetivo es ayudar a los m\u00e1s peque\u00f1os de casa en su desarrollo, as\u00ed como tratar y prevenir cualquier problema f\u00edsico que pueda afectar a su crecimiento, sus capacidades funcionales ya su bienestar. Psicomotricidad infantil Te ofrezco orientaci\u00f3n y actividades personalizadas en psicomotricidad infantil para estimular el crecimiento de tu hijo\/a [&hellip;]\" \/>\n<meta property=\"og:url\" content=\"https:\/\/laiapuigbo.com\/es\/servicios\/\" \/>\n<meta property=\"og:site_name\" content=\"Laia Puigb\u00f2\" \/>\n<meta property=\"article:modified_time\" content=\"2026-01-27T09:05:54+00:00\" \/>\n<meta property=\"og:image\" content=\"https:\/\/laiapuigbo.com\/wp-content\/uploads\/2025\/05\/Psicomotricidad-Infantil-scaled.jpg\" \/>\n\t<meta property=\"og:image:width\" content=\"2560\" \/>\n\t<meta property=\"og:image:height\" content=\"1707\" \/>\n\t<meta property=\"og:image:type\" content=\"image\/jpeg\" \/>\n<meta name=\"twitter:card\" content=\"summary_large_image\" \/>\n<meta name=\"twitter:label1\" content=\"Tiempo de lectura\" \/>\n\t<meta name=\"twitter:data1\" content=\"3 minutos\" \/>\n<script type=\"application\/ld+json\" class=\"yoast-schema-graph\">{\"@context\":\"https:\/\/schema.org\",\"@graph\":[{\"@type\":\"WebPage\",\"@id\":\"https:\/\/laiapuigbo.com\/es\/servicios\/\",\"url\":\"https:\/\/laiapuigbo.com\/es\/servicios\/\",\"name\":\"Servicios - Laia Puigb\u00f2\",\"isPartOf\":{\"@id\":\"https:\/\/laiapuigbo.com\/es\/#website\"},\"primaryImageOfPage\":{\"@id\":\"https:\/\/laiapuigbo.com\/es\/servicios\/#primaryimage\"},\"image\":{\"@id\":\"https:\/\/laiapuigbo.com\/es\/servicios\/#primaryimage\"},\"thumbnailUrl\":\"https:\/\/laiapuigbo.com\/wp-content\/uploads\/2025\/05\/Psicomotricidad-Infantil-1024x683.jpg\",\"datePublished\":\"2025-05-20T13:09:55+00:00\",\"dateModified\":\"2026-01-27T09:05:54+00:00\",\"breadcrumb\":{\"@id\":\"https:\/\/laiapuigbo.com\/es\/servicios\/#breadcrumb\"},\"inLanguage\":\"es\",\"potentialAction\":[{\"@type\":\"ReadAction\",\"target\":[\"https:\/\/laiapuigbo.com\/es\/servicios\/\"]}]},{\"@type\":\"ImageObject\",\"inLanguage\":\"es\",\"@id\":\"https:\/\/laiapuigbo.com\/es\/servicios\/#primaryimage\",\"url\":\"https:\/\/laiapuigbo.com\/wp-content\/uploads\/2025\/05\/Psicomotricidad-Infantil-1024x683.jpg\",\"contentUrl\":\"https:\/\/laiapuigbo.com\/wp-content\/uploads\/2025\/05\/Psicomotricidad-Infantil-1024x683.jpg\"},{\"@type\":\"BreadcrumbList\",\"@id\":\"https:\/\/laiapuigbo.com\/es\/servicios\/#breadcrumb\",\"itemListElement\":[{\"@type\":\"ListItem\",\"position\":1,\"name\":\"Portada\",\"item\":\"https:\/\/laiapuigbo.com\/es\/\"},{\"@type\":\"ListItem\",\"position\":2,\"name\":\"Servicios\"}]},{\"@type\":\"WebSite\",\"@id\":\"https:\/\/laiapuigbo.com\/es\/#website\",\"url\":\"https:\/\/laiapuigbo.com\/es\/\",\"name\":\"Laia Puigb\u00f2\",\"description\":\"\",\"publisher\":{\"@id\":\"https:\/\/laiapuigbo.com\/es\/#organization\"},\"potentialAction\":[{\"@type\":\"SearchAction\",\"target\":{\"@type\":\"EntryPoint\",\"urlTemplate\":\"https:\/\/laiapuigbo.com\/es\/?s={search_term_string}\"},\"query-input\":{\"@type\":\"PropertyValueSpecification\",\"valueRequired\":true,\"valueName\":\"search_term_string\"}}],\"inLanguage\":\"es\"},{\"@type\":\"Organization\",\"@id\":\"https:\/\/laiapuigbo.com\/es\/#organization\",\"name\":\"Laia Puigb\u00f2\",\"url\":\"https:\/\/laiapuigbo.com\/es\/\",\"logo\":{\"@type\":\"ImageObject\",\"inLanguage\":\"es\",\"@id\":\"https:\/\/laiapuigbo.com\/es\/#\/schema\/logo\/image\/\",\"url\":\"https:\/\/laiapuigbo.com\/wp-content\/uploads\/2025\/05\/Logo-Laia-Puigbo.png\",\"contentUrl\":\"https:\/\/laiapuigbo.com\/wp-content\/uploads\/2025\/05\/Logo-Laia-Puigbo.png\",\"width\":508,\"height\":125,\"caption\":\"Laia Puigb\u00f2\"},\"image\":{\"@id\":\"https:\/\/laiapuigbo.com\/es\/#\/schema\/logo\/image\/\"}}]}<\/script>\n<!-- \/ Yoast SEO plugin. -->","yoast_head_json":{"title":"Servicios - Laia Puigb\u00f2","robots":{"index":"index","follow":"follow","max-snippet":"max-snippet:-1","max-image-preview":"max-image-preview:large","max-video-preview":"max-video-preview:-1"},"canonical":"https:\/\/laiapuigbo.com\/es\/servicios\/","og_locale":"es_ES","og_type":"article","og_title":"Servicios - Laia Puigb\u00f2","og_description":"SERVICIOS \u00bfQu\u00e9 puedo ofrecerte? Mi objetivo es ayudar a los m\u00e1s peque\u00f1os de casa en su desarrollo, as\u00ed como tratar y prevenir cualquier problema f\u00edsico que pueda afectar a su crecimiento, sus capacidades funcionales ya su bienestar. Psicomotricidad infantil Te ofrezco orientaci\u00f3n y actividades personalizadas en psicomotricidad infantil para estimular el crecimiento de tu hijo\/a [&hellip;]","og_url":"https:\/\/laiapuigbo.com\/es\/servicios\/","og_site_name":"Laia Puigb\u00f2","article_modified_time":"2026-01-27T09:05:54+00:00","og_image":[{"width":2560,"height":1707,"url":"https:\/\/laiapuigbo.com\/wp-content\/uploads\/2025\/05\/Psicomotricidad-Infantil-scaled.jpg","type":"image\/jpeg"}],"twitter_card":"summary_large_image","twitter_misc":{"Tiempo de lectura":"3 minutos"},"schema":{"@context":"https:\/\/schema.org","@graph":[{"@type":"WebPage","@id":"https:\/\/laiapuigbo.com\/es\/servicios\/","url":"https:\/\/laiapuigbo.com\/es\/servicios\/","name":"Servicios - Laia Puigb\u00f2","isPartOf":{"@id":"https:\/\/laiapuigbo.com\/es\/#website"},"primaryImageOfPage":{"@id":"https:\/\/laiapuigbo.com\/es\/servicios\/#primaryimage"},"image":{"@id":"https:\/\/laiapuigbo.com\/es\/servicios\/#primaryimage"},"thumbnailUrl":"https:\/\/laiapuigbo.com\/wp-content\/uploads\/2025\/05\/Psicomotricidad-Infantil-1024x683.jpg","datePublished":"2025-05-20T13:09:55+00:00","dateModified":"2026-01-27T09:05:54+00:00","breadcrumb":{"@id":"https:\/\/laiapuigbo.com\/es\/servicios\/#breadcrumb"},"inLanguage":"es","potentialAction":[{"@type":"ReadAction","target":["https:\/\/laiapuigbo.com\/es\/servicios\/"]}]},{"@type":"ImageObject","inLanguage":"es","@id":"https:\/\/laiapuigbo.com\/es\/servicios\/#primaryimage","url":"https:\/\/laiapuigbo.com\/wp-content\/uploads\/2025\/05\/Psicomotricidad-Infantil-1024x683.jpg","contentUrl":"https:\/\/laiapuigbo.com\/wp-content\/uploads\/2025\/05\/Psicomotricidad-Infantil-1024x683.jpg"},{"@type":"BreadcrumbList","@id":"https:\/\/laiapuigbo.com\/es\/servicios\/#breadcrumb","itemListElement":[{"@type":"ListItem","position":1,"name":"Portada","item":"https:\/\/laiapuigbo.com\/es\/"},{"@type":"ListItem","position":2,"name":"Servicios"}]},{"@type":"WebSite","@id":"https:\/\/laiapuigbo.com\/es\/#website","url":"https:\/\/laiapuigbo.com\/es\/","name":"Laia Puigb\u00f2","description":"","publisher":{"@id":"https:\/\/laiapuigbo.com\/es\/#organization"},"potentialAction":[{"@type":"SearchAction","target":{"@type":"EntryPoint","urlTemplate":"https:\/\/laiapuigbo.com\/es\/?s={search_term_string}"},"query-input":{"@type":"PropertyValueSpecification","valueRequired":true,"valueName":"search_term_string"}}],"inLanguage":"es"},{"@type":"Organization","@id":"https:\/\/laiapuigbo.com\/es\/#organization","name":"Laia Puigb\u00f2","url":"https:\/\/laiapuigbo.com\/es\/","logo":{"@type":"ImageObject","inLanguage":"es","@id":"https:\/\/laiapuigbo.com\/es\/#\/schema\/logo\/image\/","url":"https:\/\/laiapuigbo.com\/wp-content\/uploads\/2025\/05\/Logo-Laia-Puigbo.png","contentUrl":"https:\/\/laiapuigbo.com\/wp-content\/uploads\/2025\/05\/Logo-Laia-Puigbo.png","width":508,"height":125,"caption":"Laia Puigb\u00f2"},"image":{"@id":"https:\/\/laiapuigbo.com\/es\/#\/schema\/logo\/image\/"}}]}},"_links":{"self":[{"href":"https:\/\/laiapuigbo.com\/es\/wp-json\/wp\/v2\/pages\/1788","targetHints":{"allow":["GET"]}}],"collection":[{"href":"https:\/\/laiapuigbo.com\/es\/wp-json\/wp\/v2\/pages"}],"about":[{"href":"https:\/\/laiapuigbo.com\/es\/wp-json\/wp\/v2\/types\/page"}],"author":[{"embeddable":true,"href":"https:\/\/laiapuigbo.com\/es\/wp-json\/wp\/v2\/users\/1"}],"replies":[{"embeddable":true,"href":"https:\/\/laiapuigbo.com\/es\/wp-json\/wp\/v2\/comments?post=1788"}],"version-history":[{"count":3,"href":"https:\/\/laiapuigbo.com\/es\/wp-json\/wp\/v2\/pages\/1788\/revisions"}],"predecessor-version":[{"id":2231,"href":"https:\/\/laiapuigbo.com\/es\/wp-json\/wp\/v2\/pages\/1788\/revisions\/2231"}],"wp:attachment":[{"href":"https:\/\/laiapuigbo.com\/es\/wp-json\/wp\/v2\/media?parent=1788"}],"curies":[{"name":"wp","href":"https:\/\/api.w.org\/{rel}","templated":true}]}}