{"id":1738,"date":"2025-05-16T07:03:16","date_gmt":"2025-05-16T07:03:16","guid":{"rendered":"https:\/\/laiapuigbo.com\/about-me\/"},"modified":"2026-01-27T09:09:01","modified_gmt":"2026-01-27T09:09:01","slug":"quien-soy","status":"publish","type":"page","link":"https:\/\/laiapuigbo.com\/es\/quien-soy\/","title":{"rendered":"Quien soy"},"content":{"rendered":"\t\t<div data-elementor-type=\"wp-page\" data-elementor-id=\"1738\" class=\"elementor elementor-1738 elementor-44\" data-elementor-post-type=\"page\">\n\t\t\t\t<div class=\"elementor-element elementor-element-7199824e e-flex e-con-boxed e-con e-parent\" data-id=\"7199824e\" data-element_type=\"container\">\n\t\t\t\t\t<div class=\"e-con-inner\">\n\t\t<div class=\"elementor-element elementor-element-1386b2fc e-con-full e-flex e-con e-child\" data-id=\"1386b2fc\" data-element_type=\"container\">\n\t\t\t\t<div class=\"elementor-element elementor-element-10fd099c elementor-widget__width-initial elementor-absolute elementor-widget-tablet__width-initial elementor-widget elementor-widget-spacer\" data-id=\"10fd099c\" data-element_type=\"widget\" data-settings=\"{&quot;motion_fx_motion_fx_scrolling&quot;:&quot;yes&quot;,&quot;_position&quot;:&quot;absolute&quot;,&quot;motion_fx_translateY_effect&quot;:&quot;yes&quot;,&quot;motion_fx_translateY_direction&quot;:&quot;negative&quot;,&quot;motion_fx_translateY_speed&quot;:{&quot;unit&quot;:&quot;px&quot;,&quot;size&quot;:1,&quot;sizes&quot;:[]},&quot;motion_fx_translateX_effect&quot;:&quot;yes&quot;,&quot;motion_fx_translateX_speed&quot;:{&quot;unit&quot;:&quot;px&quot;,&quot;size&quot;:1,&quot;sizes&quot;:[]},&quot;motion_fx_translateY_affectedRange&quot;:{&quot;unit&quot;:&quot;%&quot;,&quot;size&quot;:&quot;&quot;,&quot;sizes&quot;:{&quot;start&quot;:0,&quot;end&quot;:100}},&quot;motion_fx_translateX_affectedRange&quot;:{&quot;unit&quot;:&quot;%&quot;,&quot;size&quot;:&quot;&quot;,&quot;sizes&quot;:{&quot;start&quot;:0,&quot;end&quot;:100}},&quot;motion_fx_devices&quot;:[&quot;desktop&quot;,&quot;tablet&quot;,&quot;mobile&quot;]}\" data-widget_type=\"spacer.default\">\n\t\t\t\t<div class=\"elementor-widget-container\">\n\t\t\t\t\t\t\t<div class=\"elementor-spacer\">\n\t\t\t<div class=\"elementor-spacer-inner\"><\/div>\n\t\t<\/div>\n\t\t\t\t\t\t<\/div>\n\t\t\t\t<\/div>\n\t\t\t\t<div class=\"elementor-element elementor-element-2226d25a elementor-widget__width-initial elementor-absolute elementor-widget-tablet__width-initial elementor-widget elementor-widget-spacer\" data-id=\"2226d25a\" data-element_type=\"widget\" data-settings=\"{&quot;motion_fx_motion_fx_scrolling&quot;:&quot;yes&quot;,&quot;_position&quot;:&quot;absolute&quot;,&quot;motion_fx_translateY_effect&quot;:&quot;yes&quot;,&quot;motion_fx_translateY_speed&quot;:{&quot;unit&quot;:&quot;px&quot;,&quot;size&quot;:1,&quot;sizes&quot;:[]},&quot;motion_fx_translateX_effect&quot;:&quot;yes&quot;,&quot;motion_fx_translateX_speed&quot;:{&quot;unit&quot;:&quot;px&quot;,&quot;size&quot;:1,&quot;sizes&quot;:[]},&quot;motion_fx_translateX_direction&quot;:&quot;negative&quot;,&quot;motion_fx_translateY_affectedRange&quot;:{&quot;unit&quot;:&quot;%&quot;,&quot;size&quot;:&quot;&quot;,&quot;sizes&quot;:{&quot;start&quot;:0,&quot;end&quot;:100}},&quot;motion_fx_translateX_affectedRange&quot;:{&quot;unit&quot;:&quot;%&quot;,&quot;size&quot;:&quot;&quot;,&quot;sizes&quot;:{&quot;start&quot;:0,&quot;end&quot;:100}},&quot;motion_fx_devices&quot;:[&quot;desktop&quot;,&quot;tablet&quot;,&quot;mobile&quot;]}\" data-widget_type=\"spacer.default\">\n\t\t\t\t<div class=\"elementor-widget-container\">\n\t\t\t\t\t\t\t<div class=\"elementor-spacer\">\n\t\t\t<div class=\"elementor-spacer-inner\"><\/div>\n\t\t<\/div>\n\t\t\t\t\t\t<\/div>\n\t\t\t\t<\/div>\n\t\t\t\t<div class=\"elementor-element elementor-element-4b7f5ab0 elementor-widget__width-initial elementor-absolute elementor-widget-tablet__width-initial elementor-widget-mobile__width-initial elementor-widget elementor-widget-spacer\" data-id=\"4b7f5ab0\" data-element_type=\"widget\" data-settings=\"{&quot;motion_fx_motion_fx_scrolling&quot;:&quot;yes&quot;,&quot;motion_fx_rotateZ_effect&quot;:&quot;yes&quot;,&quot;motion_fx_rotateZ_direction&quot;:&quot;negative&quot;,&quot;motion_fx_rotateZ_speed&quot;:{&quot;unit&quot;:&quot;px&quot;,&quot;size&quot;:1.5,&quot;sizes&quot;:[]},&quot;motion_fx_rotateZ_affectedRange&quot;:{&quot;unit&quot;:&quot;%&quot;,&quot;size&quot;:&quot;&quot;,&quot;sizes&quot;:{&quot;start&quot;:0,&quot;end&quot;:39}},&quot;_position&quot;:&quot;absolute&quot;,&quot;motion_fx_motion_fx_mouse&quot;:&quot;yes&quot;,&quot;motion_fx_translateX_effect&quot;:&quot;yes&quot;,&quot;motion_fx_translateX_speed&quot;:{&quot;unit&quot;:&quot;px&quot;,&quot;size&quot;:0.8,&quot;sizes&quot;:[]},&quot;motion_fx_translateX_affectedRange&quot;:{&quot;unit&quot;:&quot;%&quot;,&quot;size&quot;:&quot;&quot;,&quot;sizes&quot;:{&quot;start&quot;:0,&quot;end&quot;:100}},&quot;motion_fx_devices&quot;:[&quot;desktop&quot;,&quot;tablet&quot;,&quot;mobile&quot;]}\" data-widget_type=\"spacer.default\">\n\t\t\t\t<div class=\"elementor-widget-container\">\n\t\t\t\t\t\t\t<div class=\"elementor-spacer\">\n\t\t\t<div class=\"elementor-spacer-inner\"><\/div>\n\t\t<\/div>\n\t\t\t\t\t\t<\/div>\n\t\t\t\t<\/div>\n\t\t\t\t<div class=\"elementor-element elementor-element-450b4a5b elementor-widget__width-initial elementor-absolute elementor-widget-tablet__width-initial elementor-widget-mobile__width-initial elementor-widget elementor-widget-spacer\" data-id=\"450b4a5b\" data-element_type=\"widget\" data-settings=\"{&quot;motion_fx_motion_fx_scrolling&quot;:&quot;yes&quot;,&quot;motion_fx_rotateZ_effect&quot;:&quot;yes&quot;,&quot;motion_fx_rotateZ_speed&quot;:{&quot;unit&quot;:&quot;px&quot;,&quot;size&quot;:0.9,&quot;sizes&quot;:[]},&quot;motion_fx_rotateZ_affectedRange&quot;:{&quot;unit&quot;:&quot;%&quot;,&quot;size&quot;:&quot;&quot;,&quot;sizes&quot;:{&quot;start&quot;:76,&quot;end&quot;:100}},&quot;_position&quot;:&quot;absolute&quot;,&quot;motion_fx_translateY_effect&quot;:&quot;yes&quot;,&quot;motion_fx_translateY_speed&quot;:{&quot;unit&quot;:&quot;px&quot;,&quot;size&quot;:0.7,&quot;sizes&quot;:[]},&quot;motion_fx_translateY_direction&quot;:&quot;negative&quot;,&quot;motion_fx_translateY_affectedRange&quot;:{&quot;unit&quot;:&quot;%&quot;,&quot;size&quot;:&quot;&quot;,&quot;sizes&quot;:{&quot;start&quot;:0,&quot;end&quot;:100}},&quot;motion_fx_devices&quot;:[&quot;desktop&quot;,&quot;tablet&quot;,&quot;mobile&quot;]}\" data-widget_type=\"spacer.default\">\n\t\t\t\t<div class=\"elementor-widget-container\">\n\t\t\t\t\t\t\t<div class=\"elementor-spacer\">\n\t\t\t<div class=\"elementor-spacer-inner\"><\/div>\n\t\t<\/div>\n\t\t\t\t\t\t<\/div>\n\t\t\t\t<\/div>\n\t\t\t\t<div class=\"elementor-element elementor-element-4e0d3113 elementor-widget elementor-widget-image\" data-id=\"4e0d3113\" data-element_type=\"widget\" data-widget_type=\"image.default\">\n\t\t\t\t<div class=\"elementor-widget-container\">\n\t\t\t\t\t\t\t\t\t\t\t\t\t\t\t<img fetchpriority=\"high\" decoding=\"async\" width=\"800\" height=\"600\" src=\"https:\/\/laiapuigbo.com\/wp-content\/uploads\/2025\/05\/Qui-Soc-1024x768.jpg\" class=\"attachment-large size-large wp-image-1667\" alt=\"\" srcset=\"https:\/\/laiapuigbo.com\/wp-content\/uploads\/2025\/05\/Qui-Soc-1024x768.jpg 1024w, https:\/\/laiapuigbo.com\/wp-content\/uploads\/2025\/05\/Qui-Soc-300x225.jpg 300w, https:\/\/laiapuigbo.com\/wp-content\/uploads\/2025\/05\/Qui-Soc-768x576.jpg 768w, https:\/\/laiapuigbo.com\/wp-content\/uploads\/2025\/05\/Qui-Soc-1536x1152.jpg 1536w, https:\/\/laiapuigbo.com\/wp-content\/uploads\/2025\/05\/Qui-Soc-2048x1536.jpg 2048w\" sizes=\"(max-width: 800px) 100vw, 800px\" \/>\t\t\t\t\t\t\t\t\t\t\t\t\t\t\t<\/div>\n\t\t\t\t<\/div>\n\t\t\t\t<\/div>\n\t\t<div class=\"elementor-element elementor-element-2914a689 e-con-full e-flex e-con e-child\" data-id=\"2914a689\" data-element_type=\"container\">\n\t\t\t\t<div class=\"elementor-element elementor-element-1de433b elementor-widget elementor-widget-heading\" data-id=\"1de433b\" data-element_type=\"widget\" data-widget_type=\"heading.default\">\n\t\t\t\t<div class=\"elementor-widget-container\">\n\t\t\t\t\t<h1 class=\"elementor-heading-title elementor-size-default\">QUI\u00c9N SOY<\/h1>\t\t\t\t<\/div>\n\t\t\t\t<\/div>\n\t\t\t\t<div class=\"elementor-element elementor-element-74b76189 elementor-widget elementor-widget-heading\" data-id=\"74b76189\" data-element_type=\"widget\" data-widget_type=\"heading.default\">\n\t\t\t\t<div class=\"elementor-widget-container\">\n\t\t\t\t\t<h2 class=\"elementor-heading-title elementor-size-default\">Fisioterapeuta especializada en pediatr\u00eda<\/h2>\t\t\t\t<\/div>\n\t\t\t\t<\/div>\n\t\t\t\t<div class=\"elementor-element elementor-element-6e3b5ca4 elementor-widget elementor-widget-text-editor\" data-id=\"6e3b5ca4\" data-element_type=\"widget\" data-widget_type=\"text-editor.default\">\n\t\t\t\t<div class=\"elementor-widget-container\">\n\t\t\t\t\t\t\t\t\t<p><span style=\"font-weight: 400;\">Soy Laia Puigb\u00f2, <\/span><b>fisioterapeuta especializada en pediatr\u00eda<\/b><span style=\"font-weight: 400;\">.<\/span><b><br \/><\/b><span style=\"font-weight: 400;\">Empec\u00e9 a estudiar fisioterapia casi por casualidad, pero muy pronto sent\u00ed que hab\u00eda encontrado mi camino. Descubrir que pod\u00eda <\/span><b>ayudar y acompa\u00f1ar<\/b><span style=\"font-weight: 400;\"> a las personas me motiv\u00f3 a seguir. Cuando me adentr\u00e9 en el mundo de la fisioterapia pedi\u00e1trica, todo cambi\u00f3: se abri\u00f3 ante m\u00ed un universo lleno de retos, aprendizaje y amor que, desde entonces, forma parte de quien soy.<\/span><\/p><p><span style=\"font-weight: 400;\">Con <\/span><b>una d\u00e9cada de experiencia como fisioterapeuta<\/b><span style=\"font-weight: 400;\">, he podido centrar mi carrera en la pediatr\u00eda desde el principio. Cada paciente y cada familia me han aportado nuevas perspectivas, despertando en m\u00ed el deseo de seguir aprendiendo y creciendo profesionalmente.<\/span><\/p><p><span style=\"font-weight: 400;\">En consulta, me enfoco en <strong>llegar a la ra\u00edz del problema<\/strong>. A trav\u00e9s de una anamnesis detallada y una evaluaci\u00f3n exhaustiva, busco entender qu\u00e9 ha provocado la situaci\u00f3n que os ha llevado a contactar conmigo. Una vez identificada la causa, iniciamos el tratamiento adecuado, que puede incluir una <strong>intervenci\u00f3n inmediata<\/strong> durante la misma visita, as\u00ed como <\/span><b>pautas y recursos personalizados<\/b><span style=\"font-weight: 400;\"> para continuar trabajando en casa.<\/span><\/p>\t\t\t\t\t\t\t\t<\/div>\n\t\t\t\t<\/div>\n\t\t<div class=\"elementor-element elementor-element-4e06a9f e-con-full e-flex e-con e-child\" data-id=\"4e06a9f\" data-element_type=\"container\">\n\t\t\t\t<div class=\"elementor-element elementor-element-d171166 elementor-widget elementor-widget-text-editor\" data-id=\"d171166\" data-element_type=\"widget\" data-widget_type=\"text-editor.default\">\n\t\t\t\t<div class=\"elementor-widget-container\">\n\t\t\t\t\t\t\t\t\t<p><span style=\"font-weight: 400;\">Cont\u00e1ctame si quieres que trabajemos juntos para mejorar el bienestar de tu beb\u00e9.<\/span><\/p>\t\t\t\t\t\t\t\t<\/div>\n\t\t\t\t<\/div>\n\t\t\t\t<div class=\"elementor-element elementor-element-0a77ffa elementor-button-success elementor-mobile-align-center elementor-widget elementor-widget-button\" data-id=\"0a77ffa\" data-element_type=\"widget\" data-widget_type=\"button.default\">\n\t\t\t\t<div class=\"elementor-widget-container\">\n\t\t\t\t\t\t\t\t\t<div class=\"elementor-button-wrapper\">\n\t\t\t\t\t<a class=\"elementor-button elementor-button-link elementor-size-sm elementor-animation-shrink\" href=\"https:\/\/laiapuigbo.com\/es\/contacto\/\">\n\t\t\t\t\t\t<span class=\"elementor-button-content-wrapper\">\n\t\t\t\t\t\t\t\t\t<span class=\"elementor-button-text\">PIDE UNA CITA<\/span>\n\t\t\t\t\t<\/span>\n\t\t\t\t\t<\/a>\n\t\t\t\t<\/div>\n\t\t\t\t\t\t\t\t<\/div>\n\t\t\t\t<\/div>\n\t\t\t\t<\/div>\n\t\t\t\t<div class=\"elementor-element elementor-element-8783449 elementor-widget-divider--view-line elementor-widget elementor-widget-divider\" data-id=\"8783449\" data-element_type=\"widget\" data-widget_type=\"divider.default\">\n\t\t\t\t<div class=\"elementor-widget-container\">\n\t\t\t\t\t\t\t<div class=\"elementor-divider\">\n\t\t\t<span class=\"elementor-divider-separator\">\n\t\t\t\t\t\t<\/span>\n\t\t<\/div>\n\t\t\t\t\t\t<\/div>\n\t\t\t\t<\/div>\n\t\t<div class=\"elementor-element elementor-element-599104f e-con-full e-flex e-con e-child\" data-id=\"599104f\" data-element_type=\"container\">\n\t\t\t\t<div class=\"elementor-element elementor-element-145ba1d elementor-widget elementor-widget-heading\" data-id=\"145ba1d\" data-element_type=\"widget\" data-widget_type=\"heading.default\">\n\t\t\t\t<div class=\"elementor-widget-container\">\n\t\t\t\t\t<h3 class=\"elementor-heading-title elementor-size-default\">Formaci\u00f3n<\/h3>\t\t\t\t<\/div>\n\t\t\t\t<\/div>\n\t\t\t\t<div class=\"elementor-element elementor-element-de29934 elementor-widget elementor-widget-text-editor\" data-id=\"de29934\" data-element_type=\"widget\" data-widget_type=\"text-editor.default\">\n\t\t\t\t<div class=\"elementor-widget-container\">\n\t\t\t\t\t\t\t\t\t<ul><li><span style=\"font-weight: 400;\">Grado en Fisioterapia Pedi\u00e1trica.<\/span> Gimbernat (2015)<\/li><li><span style=\"font-weight: 400;\">M\u00e1ster en Fisioterapia Pedi\u00e1trica.<\/span> Gimbernat (2019)<\/li><li><span style=\"font-weight: 400;\">Postgrado en Osteopat\u00eda Pedi\u00e1trica.<\/span> Thuban (2022)<\/li><li><span style=\"font-weight: 400;\">M\u00e1ster en Psiconeuroinmunolog\u00eda Cl\u00ednica.<\/span> Regenera (2023)<\/li><\/ul>\t\t\t\t\t\t\t\t<\/div>\n\t\t\t\t<\/div>\n\t\t\t\t<\/div>\n\t\t<div class=\"elementor-element elementor-element-2fbfe2f e-con-full e-flex e-con e-child\" data-id=\"2fbfe2f\" data-element_type=\"container\">\n\t\t\t\t<div class=\"elementor-element elementor-element-d726273 elementor-widget elementor-widget-heading\" data-id=\"d726273\" data-element_type=\"widget\" data-widget_type=\"heading.default\">\n\t\t\t\t<div class=\"elementor-widget-container\">\n\t\t\t\t\t<h3 class=\"elementor-heading-title elementor-size-default\">Formaci\u00f3n complement\u00e0ria<\/h3>\t\t\t\t<\/div>\n\t\t\t\t<\/div>\n\t\t<div class=\"elementor-element elementor-element-3c6ff18 e-grid e-con-full e-con e-child\" data-id=\"3c6ff18\" data-element_type=\"container\">\n\t\t\t\t<div class=\"elementor-element elementor-element-b71fe2b elementor-widget elementor-widget-text-editor\" data-id=\"b71fe2b\" data-element_type=\"widget\" data-widget_type=\"text-editor.default\">\n\t\t\t\t<div class=\"elementor-widget-container\">\n\t\t\t\t\t\t\t\t\t<ul><li><span style=\"font-weight: 400;\">Especializaci\u00f3n en anquiloglosia en el paciente pedi\u00e1trico. Isnut 2024<\/span><\/li><li><span style=\"font-weight: 400;\">Curso intensivo de plagiocefalia posicional. TMPI 2024<\/span><\/li><li><span style=\"font-weight: 400;\">Curso de terapia manual y miofascial en el beb\u00e9: valoraci\u00f3n y tratamiento. Formafisio 2024<\/span><\/li><li><span style=\"font-weight: 400;\">Trastornos gastrointestinales en pediatr\u00eda. Abordaje desde la PNI. Osana Academy 2023<\/span><\/li><\/ul>\t\t\t\t\t\t\t\t<\/div>\n\t\t\t\t<\/div>\n\t\t\t\t<div class=\"elementor-element elementor-element-cc67d03 elementor-widget elementor-widget-text-editor\" data-id=\"cc67d03\" data-element_type=\"widget\" data-widget_type=\"text-editor.default\">\n\t\t\t\t<div class=\"elementor-widget-container\">\n\t\t\t\t\t\t\t\t\t<ul><li><span style=\"font-weight: 400;\">Curso de asesora de lactancia materna. Prolactar 2021<\/span><\/li><li><span style=\"font-weight: 400;\">Fisioterapia respiratoria en pediatr\u00eda. Fisiofocus 2021<\/span><\/li><li><span style=\"font-weight: 400;\">Tratamiento del c\u00f3lico del lactante, el reflujo y el estre\u00f1imiento. Sandra Balaguer 2020<\/span><\/li><li><span style=\"font-weight: 400;\">Fisioterapia pedi\u00e1trica: abordaje de los principales trastornos y patolog\u00edas de la infancia. Fisiofocus 2020<\/span><\/li><\/ul>\t\t\t\t\t\t\t\t<\/div>\n\t\t\t\t<\/div>\n\t\t\t\t<\/div>\n\t\t\t\t<\/div>\n\t\t\t\t<\/div>\n\t\t\t\t\t<\/div>\n\t\t\t\t<\/div>\n\t\t\t\t<\/div>\n\t\t","protected":false},"excerpt":{"rendered":"<p>QUI\u00c9N SOY Fisioterapeuta especializada en pediatr\u00eda Soy Laia Puigb\u00f2, fisioterapeuta especializada en pediatr\u00eda.Empec\u00e9 a estudiar fisioterapia casi por casualidad, pero muy pronto sent\u00ed que hab\u00eda encontrado mi camino. Descubrir que pod\u00eda ayudar y acompa\u00f1ar a las personas me motiv\u00f3 a seguir. Cuando me adentr\u00e9 en el mundo de la fisioterapia pedi\u00e1trica, todo cambi\u00f3: se abri\u00f3 [&hellip;]<\/p>\n","protected":false},"author":1,"featured_media":0,"parent":0,"menu_order":0,"comment_status":"closed","ping_status":"closed","template":"","meta":{"footnotes":""},"class_list":["post-1738","page","type-page","status-publish","hentry"],"yoast_head":"<!-- This site is optimized with the Yoast SEO plugin v25.3 - https:\/\/yoast.com\/wordpress\/plugins\/seo\/ -->\n<title>Quien soy - Laia Puigb\u00f2<\/title>\n<meta name=\"robots\" content=\"index, follow, max-snippet:-1, max-image-preview:large, max-video-preview:-1\" \/>\n<link rel=\"canonical\" href=\"https:\/\/laiapuigbo.com\/es\/quien-soy\/\" \/>\n<meta property=\"og:locale\" content=\"es_ES\" \/>\n<meta property=\"og:type\" content=\"article\" \/>\n<meta property=\"og:title\" content=\"Quien soy - Laia Puigb\u00f2\" \/>\n<meta property=\"og:description\" content=\"QUI\u00c9N SOY Fisioterapeuta especializada en pediatr\u00eda Soy Laia Puigb\u00f2, fisioterapeuta especializada en pediatr\u00eda.Empec\u00e9 a estudiar fisioterapia casi por casualidad, pero muy pronto sent\u00ed que hab\u00eda encontrado mi camino. Descubrir que pod\u00eda ayudar y acompa\u00f1ar a las personas me motiv\u00f3 a seguir. Cuando me adentr\u00e9 en el mundo de la fisioterapia pedi\u00e1trica, todo cambi\u00f3: se abri\u00f3 [&hellip;]\" \/>\n<meta property=\"og:url\" content=\"https:\/\/laiapuigbo.com\/es\/quien-soy\/\" \/>\n<meta property=\"og:site_name\" content=\"Laia Puigb\u00f2\" \/>\n<meta property=\"article:modified_time\" content=\"2026-01-27T09:09:01+00:00\" \/>\n<meta property=\"og:image\" content=\"https:\/\/laiapuigbo.com\/wp-content\/uploads\/2025\/05\/Qui-Soc-scaled.jpg\" \/>\n\t<meta property=\"og:image:width\" content=\"2560\" \/>\n\t<meta property=\"og:image:height\" content=\"1920\" \/>\n\t<meta property=\"og:image:type\" content=\"image\/jpeg\" \/>\n<meta name=\"twitter:card\" content=\"summary_large_image\" \/>\n<meta name=\"twitter:label1\" content=\"Tiempo de lectura\" \/>\n\t<meta name=\"twitter:data1\" content=\"2 minutos\" \/>\n<script type=\"application\/ld+json\" class=\"yoast-schema-graph\">{\"@context\":\"https:\/\/schema.org\",\"@graph\":[{\"@type\":\"WebPage\",\"@id\":\"https:\/\/laiapuigbo.com\/es\/quien-soy\/\",\"url\":\"https:\/\/laiapuigbo.com\/es\/quien-soy\/\",\"name\":\"Quien soy - Laia Puigb\u00f2\",\"isPartOf\":{\"@id\":\"https:\/\/laiapuigbo.com\/es\/#website\"},\"primaryImageOfPage\":{\"@id\":\"https:\/\/laiapuigbo.com\/es\/quien-soy\/#primaryimage\"},\"image\":{\"@id\":\"https:\/\/laiapuigbo.com\/es\/quien-soy\/#primaryimage\"},\"thumbnailUrl\":\"https:\/\/laiapuigbo.com\/wp-content\/uploads\/2025\/05\/Qui-Soc-1024x768.jpg\",\"datePublished\":\"2025-05-16T07:03:16+00:00\",\"dateModified\":\"2026-01-27T09:09:01+00:00\",\"breadcrumb\":{\"@id\":\"https:\/\/laiapuigbo.com\/es\/quien-soy\/#breadcrumb\"},\"inLanguage\":\"es\",\"potentialAction\":[{\"@type\":\"ReadAction\",\"target\":[\"https:\/\/laiapuigbo.com\/es\/quien-soy\/\"]}]},{\"@type\":\"ImageObject\",\"inLanguage\":\"es\",\"@id\":\"https:\/\/laiapuigbo.com\/es\/quien-soy\/#primaryimage\",\"url\":\"https:\/\/laiapuigbo.com\/wp-content\/uploads\/2025\/05\/Qui-Soc-1024x768.jpg\",\"contentUrl\":\"https:\/\/laiapuigbo.com\/wp-content\/uploads\/2025\/05\/Qui-Soc-1024x768.jpg\"},{\"@type\":\"BreadcrumbList\",\"@id\":\"https:\/\/laiapuigbo.com\/es\/quien-soy\/#breadcrumb\",\"itemListElement\":[{\"@type\":\"ListItem\",\"position\":1,\"name\":\"Portada\",\"item\":\"https:\/\/laiapuigbo.com\/es\/\"},{\"@type\":\"ListItem\",\"position\":2,\"name\":\"Quien soy\"}]},{\"@type\":\"WebSite\",\"@id\":\"https:\/\/laiapuigbo.com\/es\/#website\",\"url\":\"https:\/\/laiapuigbo.com\/es\/\",\"name\":\"Laia Puigb\u00f2\",\"description\":\"\",\"publisher\":{\"@id\":\"https:\/\/laiapuigbo.com\/es\/#organization\"},\"potentialAction\":[{\"@type\":\"SearchAction\",\"target\":{\"@type\":\"EntryPoint\",\"urlTemplate\":\"https:\/\/laiapuigbo.com\/es\/?s={search_term_string}\"},\"query-input\":{\"@type\":\"PropertyValueSpecification\",\"valueRequired\":true,\"valueName\":\"search_term_string\"}}],\"inLanguage\":\"es\"},{\"@type\":\"Organization\",\"@id\":\"https:\/\/laiapuigbo.com\/es\/#organization\",\"name\":\"Laia Puigb\u00f2\",\"url\":\"https:\/\/laiapuigbo.com\/es\/\",\"logo\":{\"@type\":\"ImageObject\",\"inLanguage\":\"es\",\"@id\":\"https:\/\/laiapuigbo.com\/es\/#\/schema\/logo\/image\/\",\"url\":\"https:\/\/laiapuigbo.com\/wp-content\/uploads\/2025\/05\/Logo-Laia-Puigbo.png\",\"contentUrl\":\"https:\/\/laiapuigbo.com\/wp-content\/uploads\/2025\/05\/Logo-Laia-Puigbo.png\",\"width\":508,\"height\":125,\"caption\":\"Laia Puigb\u00f2\"},\"image\":{\"@id\":\"https:\/\/laiapuigbo.com\/es\/#\/schema\/logo\/image\/\"}}]}<\/script>\n<!-- \/ Yoast SEO plugin. -->","yoast_head_json":{"title":"Quien soy - Laia Puigb\u00f2","robots":{"index":"index","follow":"follow","max-snippet":"max-snippet:-1","max-image-preview":"max-image-preview:large","max-video-preview":"max-video-preview:-1"},"canonical":"https:\/\/laiapuigbo.com\/es\/quien-soy\/","og_locale":"es_ES","og_type":"article","og_title":"Quien soy - Laia Puigb\u00f2","og_description":"QUI\u00c9N SOY Fisioterapeuta especializada en pediatr\u00eda Soy Laia Puigb\u00f2, fisioterapeuta especializada en pediatr\u00eda.Empec\u00e9 a estudiar fisioterapia casi por casualidad, pero muy pronto sent\u00ed que hab\u00eda encontrado mi camino. Descubrir que pod\u00eda ayudar y acompa\u00f1ar a las personas me motiv\u00f3 a seguir. Cuando me adentr\u00e9 en el mundo de la fisioterapia pedi\u00e1trica, todo cambi\u00f3: se abri\u00f3 [&hellip;]","og_url":"https:\/\/laiapuigbo.com\/es\/quien-soy\/","og_site_name":"Laia Puigb\u00f2","article_modified_time":"2026-01-27T09:09:01+00:00","og_image":[{"width":2560,"height":1920,"url":"https:\/\/laiapuigbo.com\/wp-content\/uploads\/2025\/05\/Qui-Soc-scaled.jpg","type":"image\/jpeg"}],"twitter_card":"summary_large_image","twitter_misc":{"Tiempo de lectura":"2 minutos"},"schema":{"@context":"https:\/\/schema.org","@graph":[{"@type":"WebPage","@id":"https:\/\/laiapuigbo.com\/es\/quien-soy\/","url":"https:\/\/laiapuigbo.com\/es\/quien-soy\/","name":"Quien soy - Laia Puigb\u00f2","isPartOf":{"@id":"https:\/\/laiapuigbo.com\/es\/#website"},"primaryImageOfPage":{"@id":"https:\/\/laiapuigbo.com\/es\/quien-soy\/#primaryimage"},"image":{"@id":"https:\/\/laiapuigbo.com\/es\/quien-soy\/#primaryimage"},"thumbnailUrl":"https:\/\/laiapuigbo.com\/wp-content\/uploads\/2025\/05\/Qui-Soc-1024x768.jpg","datePublished":"2025-05-16T07:03:16+00:00","dateModified":"2026-01-27T09:09:01+00:00","breadcrumb":{"@id":"https:\/\/laiapuigbo.com\/es\/quien-soy\/#breadcrumb"},"inLanguage":"es","potentialAction":[{"@type":"ReadAction","target":["https:\/\/laiapuigbo.com\/es\/quien-soy\/"]}]},{"@type":"ImageObject","inLanguage":"es","@id":"https:\/\/laiapuigbo.com\/es\/quien-soy\/#primaryimage","url":"https:\/\/laiapuigbo.com\/wp-content\/uploads\/2025\/05\/Qui-Soc-1024x768.jpg","contentUrl":"https:\/\/laiapuigbo.com\/wp-content\/uploads\/2025\/05\/Qui-Soc-1024x768.jpg"},{"@type":"BreadcrumbList","@id":"https:\/\/laiapuigbo.com\/es\/quien-soy\/#breadcrumb","itemListElement":[{"@type":"ListItem","position":1,"name":"Portada","item":"https:\/\/laiapuigbo.com\/es\/"},{"@type":"ListItem","position":2,"name":"Quien soy"}]},{"@type":"WebSite","@id":"https:\/\/laiapuigbo.com\/es\/#website","url":"https:\/\/laiapuigbo.com\/es\/","name":"Laia Puigb\u00f2","description":"","publisher":{"@id":"https:\/\/laiapuigbo.com\/es\/#organization"},"potentialAction":[{"@type":"SearchAction","target":{"@type":"EntryPoint","urlTemplate":"https:\/\/laiapuigbo.com\/es\/?s={search_term_string}"},"query-input":{"@type":"PropertyValueSpecification","valueRequired":true,"valueName":"search_term_string"}}],"inLanguage":"es"},{"@type":"Organization","@id":"https:\/\/laiapuigbo.com\/es\/#organization","name":"Laia Puigb\u00f2","url":"https:\/\/laiapuigbo.com\/es\/","logo":{"@type":"ImageObject","inLanguage":"es","@id":"https:\/\/laiapuigbo.com\/es\/#\/schema\/logo\/image\/","url":"https:\/\/laiapuigbo.com\/wp-content\/uploads\/2025\/05\/Logo-Laia-Puigbo.png","contentUrl":"https:\/\/laiapuigbo.com\/wp-content\/uploads\/2025\/05\/Logo-Laia-Puigbo.png","width":508,"height":125,"caption":"Laia Puigb\u00f2"},"image":{"@id":"https:\/\/laiapuigbo.com\/es\/#\/schema\/logo\/image\/"}}]}},"_links":{"self":[{"href":"https:\/\/laiapuigbo.com\/es\/wp-json\/wp\/v2\/pages\/1738","targetHints":{"allow":["GET"]}}],"collection":[{"href":"https:\/\/laiapuigbo.com\/es\/wp-json\/wp\/v2\/pages"}],"about":[{"href":"https:\/\/laiapuigbo.com\/es\/wp-json\/wp\/v2\/types\/page"}],"author":[{"embeddable":true,"href":"https:\/\/laiapuigbo.com\/es\/wp-json\/wp\/v2\/users\/1"}],"replies":[{"embeddable":true,"href":"https:\/\/laiapuigbo.com\/es\/wp-json\/wp\/v2\/comments?post=1738"}],"version-history":[{"count":9,"href":"https:\/\/laiapuigbo.com\/es\/wp-json\/wp\/v2\/pages\/1738\/revisions"}],"predecessor-version":[{"id":2240,"href":"https:\/\/laiapuigbo.com\/es\/wp-json\/wp\/v2\/pages\/1738\/revisions\/2240"}],"wp:attachment":[{"href":"https:\/\/laiapuigbo.com\/es\/wp-json\/wp\/v2\/media?parent=1738"}],"curies":[{"name":"wp","href":"https:\/\/api.w.org\/{rel}","templated":true}]}}