{"id":1732,"date":"2025-05-22T13:49:58","date_gmt":"2025-05-22T13:49:58","guid":{"rendered":"https:\/\/laiapuigbo.com\/torticolis-muscular-i-deformitats-cranials\/"},"modified":"2025-06-11T09:40:14","modified_gmt":"2025-06-11T09:40:14","slug":"torticolis-muscular-y-deformidades-craneales","status":"publish","type":"page","link":"https:\/\/laiapuigbo.com\/es\/torticolis-muscular-y-deformidades-craneales\/","title":{"rendered":"Tort\u00edcolis muscular y deformidades craneales"},"content":{"rendered":"\t\t<div data-elementor-type=\"wp-page\" data-elementor-id=\"1732\" class=\"elementor elementor-1732 elementor-1279\" data-elementor-post-type=\"page\">\n\t\t\t\t<div class=\"elementor-element elementor-element-3b201b42 e-grid e-con-boxed e-con e-parent\" data-id=\"3b201b42\" data-element_type=\"container\">\n\t\t\t\t\t<div class=\"e-con-inner\">\n\t\t<div class=\"elementor-element elementor-element-5762072d e-con-full e-flex e-con e-child\" data-id=\"5762072d\" data-element_type=\"container\">\n\t\t\t\t<div class=\"elementor-element elementor-element-56de2b98 elementor-widget elementor-widget-heading\" data-id=\"56de2b98\" data-element_type=\"widget\" data-widget_type=\"heading.default\">\n\t\t\t\t<div class=\"elementor-widget-container\">\n\t\t\t\t\t<h1 class=\"elementor-heading-title elementor-size-default\">Tort\u00edcolis muscular y deformidades craneales<\/h1>\t\t\t\t<\/div>\n\t\t\t\t<\/div>\n\t\t\t\t<div class=\"elementor-element elementor-element-6446419e elementor-widget elementor-widget-heading\" data-id=\"6446419e\" data-element_type=\"widget\" data-widget_type=\"heading.default\">\n\t\t\t\t<div class=\"elementor-widget-container\">\n\t\t\t\t\t<h2 class=\"elementor-heading-title elementor-size-default\"> Correcci\u00f3n postural y mejora del desarrollo craneal<\/h2>\t\t\t\t<\/div>\n\t\t\t\t<\/div>\n\t\t\t\t<div class=\"elementor-element elementor-element-3c7e6569 elementor-widget elementor-widget-text-editor\" data-id=\"3c7e6569\" data-element_type=\"widget\" data-widget_type=\"text-editor.default\">\n\t\t\t\t<div class=\"elementor-widget-container\">\n\t\t\t\t\t\t\t\t\t<p><span style=\"font-weight: 400;\">Que tu beb\u00e9 mire siempre hacia el mismo lado y tenga dificultades para girar la cabeza hacia el otro lado no es normal y dif\u00edcilmente se resolver\u00e1 por s\u00ed solo. A menudo, este problema est\u00e1 relacionado con una deformidad craneal, y podr\u00edas notar que tiene una zona del cr\u00e1neo m\u00e1s plana, coincidiendo con el lado hacia el que mira m\u00e1s, conocida como plagiocefalia. Aunque a menudo se dice que la plagiocefalia leve se corrige por s\u00ed sola, es fundamental realizar una valoraci\u00f3n adecuada para identificar la causa y evitar que la deformidad empeore.<\/span><\/p><p><span style=\"font-weight: 400;\">Tambi\u00e9n puede suceder que veas la parte posterior de la cabeza m\u00e1s plana (braquicefalia), o que la cabeza parezca m\u00e1s alargada, una forma que popularmente se conoce como \u201capepinada\u201d. Estas alteraciones no solo afectan la est\u00e9tica y la forma de la cabeza, sino que tambi\u00e9n pueden tener un impacto importante en la percepci\u00f3n que tu hijo tiene de su propio cuerpo y en su desarrollo neuromotor.<\/span><\/p><p><span style=\"font-weight: 400;\">Estas deformidades suelen aparecer por posturas mantenidas, tensiones musculares o dificultades para mover el cuello con normalidad, como en casos de tort\u00edcolis. Si no se abordan, pueden generar problemas posturales que se agravan con el tiempo y pueden condicionar dificultades en el movimiento y en la coordinaci\u00f3n futura.<\/span><\/p><p><span style=\"font-weight: 400;\">Por ello, es fundamental acudir al fisioterapeuta. Con una sesi\u00f3n, puedo evaluar exhaustivamente la situaci\u00f3n de tu beb\u00e9: la movilidad del cuello, la postura y la forma de la cabeza para determinar cu\u00e1l es la causa principal y dise\u00f1ar un tratamiento personalizado. Con t\u00e9cnicas manuales y ejercicios espec\u00edficos, ayudar\u00e9 a corregir la postura, aliviar tensiones y prevenir que la deformidad craneal empeore.<\/span><\/p><p><span style=\"font-weight: 400;\">Adem\u00e1s, te ense\u00f1ar\u00e9 ejercicios y estrategias de posicionamiento que podr\u00e1s aplicar en casa para estimular el movimiento hacia ambos lados, mejorar la movilidad y contribuir a una mejor forma de la cabeza. Estas recomendaciones incluyen cambios en la posici\u00f3n durante el sue\u00f1o, juegos que fomenten la rotaci\u00f3n e inclinaci\u00f3n del cuello, y consejos para el momento de coger o alimentar al beb\u00e9.<\/span><\/p><p><span style=\"font-weight: 400;\">Es importante actuar con rapidez, ya que un tratamiento precoz es clave para evitar complicaciones futuras, como dificultades para girar la cabeza, problemas posturales y posibles alteraciones en el desarrollo motor global. Una detecci\u00f3n e intervenci\u00f3n a tiempo hacen que sea mucho m\u00e1s f\u00e1cil corregir la deformidad y garantizar que tu hijo crezca de manera saludable y equilibrada.<\/span><\/p><p><strong>Si observas que tu beb\u00e9 mantiene siempre la misma posici\u00f3n o tienes dudas sobre su movilidad y la forma de la cabeza, no dudes en ponerte en contacto conmigo. Estoy aqu\u00ed para ayudarte y acompa\u00f1aros en esta etapa tan importante.<\/strong><\/p>\t\t\t\t\t\t\t\t<\/div>\n\t\t\t\t<\/div>\n\t\t\t\t<div class=\"elementor-element elementor-element-223e908d elementor-button-success elementor-mobile-align-center elementor-widget elementor-widget-button\" data-id=\"223e908d\" data-element_type=\"widget\" data-widget_type=\"button.default\">\n\t\t\t\t<div class=\"elementor-widget-container\">\n\t\t\t\t\t\t\t\t\t<div class=\"elementor-button-wrapper\">\n\t\t\t\t\t<a class=\"elementor-button elementor-button-link elementor-size-sm elementor-animation-shrink\" href=\"https:\/\/laiapuigbo.com\/es\/contacto\/\">\n\t\t\t\t\t\t<span class=\"elementor-button-content-wrapper\">\n\t\t\t\t\t\t\t\t\t<span class=\"elementor-button-text\">PIDE UNA CITA<\/span>\n\t\t\t\t\t<\/span>\n\t\t\t\t\t<\/a>\n\t\t\t\t<\/div>\n\t\t\t\t\t\t\t\t<\/div>\n\t\t\t\t<\/div>\n\t\t\t\t<\/div>\n\t\t<div class=\"elementor-element elementor-element-b62a416 e-con-full e-flex e-con e-child\" data-id=\"b62a416\" data-element_type=\"container\">\n\t\t\t\t<div class=\"elementor-element elementor-element-49a27d43 elementor-invisible elementor-widget elementor-widget-image\" data-id=\"49a27d43\" data-element_type=\"widget\" data-settings=\"{&quot;_animation&quot;:&quot;fadeInRight&quot;}\" data-widget_type=\"image.default\">\n\t\t\t\t<div class=\"elementor-widget-container\">\n\t\t\t\t\t\t\t\t\t\t\t\t\t\t\t<img fetchpriority=\"high\" decoding=\"async\" width=\"800\" height=\"534\" src=\"https:\/\/laiapuigbo.com\/wp-content\/uploads\/2025\/05\/Braquicefalia-1024x683.jpg\" class=\"attachment-large size-large wp-image-1656\" alt=\"Braquicefalia\" srcset=\"https:\/\/laiapuigbo.com\/wp-content\/uploads\/2025\/05\/Braquicefalia-1024x683.jpg 1024w, https:\/\/laiapuigbo.com\/wp-content\/uploads\/2025\/05\/Braquicefalia-300x200.jpg 300w, https:\/\/laiapuigbo.com\/wp-content\/uploads\/2025\/05\/Braquicefalia-768x512.jpg 768w, https:\/\/laiapuigbo.com\/wp-content\/uploads\/2025\/05\/Braquicefalia-1536x1024.jpg 1536w, https:\/\/laiapuigbo.com\/wp-content\/uploads\/2025\/05\/Braquicefalia-2048x1365.jpg 2048w\" sizes=\"(max-width: 800px) 100vw, 800px\" \/>\t\t\t\t\t\t\t\t\t\t\t\t\t\t\t<\/div>\n\t\t\t\t<\/div>\n\t\t\t\t<div class=\"elementor-element elementor-element-27cc49a7 elementor-widget__width-initial elementor-absolute elementor-widget-tablet__width-initial elementor-widget-mobile__width-initial elementor-widget elementor-widget-spacer\" data-id=\"27cc49a7\" data-element_type=\"widget\" data-settings=\"{&quot;motion_fx_motion_fx_scrolling&quot;:&quot;yes&quot;,&quot;motion_fx_rotateZ_effect&quot;:&quot;yes&quot;,&quot;motion_fx_rotateZ_direction&quot;:&quot;negative&quot;,&quot;motion_fx_rotateZ_speed&quot;:{&quot;unit&quot;:&quot;px&quot;,&quot;size&quot;:4.6,&quot;sizes&quot;:[]},&quot;motion_fx_rotateZ_affectedRange&quot;:{&quot;unit&quot;:&quot;%&quot;,&quot;size&quot;:&quot;&quot;,&quot;sizes&quot;:{&quot;start&quot;:52,&quot;end&quot;:100}},&quot;_position&quot;:&quot;absolute&quot;,&quot;motion_fx_devices&quot;:[&quot;desktop&quot;,&quot;tablet&quot;,&quot;mobile&quot;]}\" data-widget_type=\"spacer.default\">\n\t\t\t\t<div class=\"elementor-widget-container\">\n\t\t\t\t\t\t\t<div class=\"elementor-spacer\">\n\t\t\t<div class=\"elementor-spacer-inner\"><\/div>\n\t\t<\/div>\n\t\t\t\t\t\t<\/div>\n\t\t\t\t<\/div>\n\t\t\t\t<div class=\"elementor-element elementor-element-3dc4d299 elementor-widget__width-initial elementor-absolute elementor-widget-tablet__width-initial elementor-widget elementor-widget-spacer\" data-id=\"3dc4d299\" data-element_type=\"widget\" data-settings=\"{&quot;motion_fx_motion_fx_scrolling&quot;:&quot;yes&quot;,&quot;_position&quot;:&quot;absolute&quot;,&quot;motion_fx_translateY_effect&quot;:&quot;yes&quot;,&quot;motion_fx_translateY_speed&quot;:{&quot;unit&quot;:&quot;px&quot;,&quot;size&quot;:1,&quot;sizes&quot;:[]},&quot;motion_fx_translateX_effect&quot;:&quot;yes&quot;,&quot;motion_fx_translateX_speed&quot;:{&quot;unit&quot;:&quot;px&quot;,&quot;size&quot;:1,&quot;sizes&quot;:[]},&quot;motion_fx_translateX_direction&quot;:&quot;negative&quot;,&quot;motion_fx_translateY_affectedRange&quot;:{&quot;unit&quot;:&quot;%&quot;,&quot;size&quot;:&quot;&quot;,&quot;sizes&quot;:{&quot;start&quot;:0,&quot;end&quot;:100}},&quot;motion_fx_translateX_affectedRange&quot;:{&quot;unit&quot;:&quot;%&quot;,&quot;size&quot;:&quot;&quot;,&quot;sizes&quot;:{&quot;start&quot;:0,&quot;end&quot;:100}},&quot;motion_fx_devices&quot;:[&quot;desktop&quot;,&quot;tablet&quot;,&quot;mobile&quot;]}\" data-widget_type=\"spacer.default\">\n\t\t\t\t<div class=\"elementor-widget-container\">\n\t\t\t\t\t\t\t<div class=\"elementor-spacer\">\n\t\t\t<div class=\"elementor-spacer-inner\"><\/div>\n\t\t<\/div>\n\t\t\t\t\t\t<\/div>\n\t\t\t\t<\/div>\n\t\t\t\t<div class=\"elementor-element elementor-element-57f70bab elementor-widget__width-initial elementor-absolute elementor-widget-tablet__width-initial elementor-widget-mobile__width-initial elementor-widget elementor-widget-spacer\" data-id=\"57f70bab\" data-element_type=\"widget\" data-settings=\"{&quot;motion_fx_motion_fx_scrolling&quot;:&quot;yes&quot;,&quot;_position&quot;:&quot;absolute&quot;,&quot;motion_fx_translateY_effect&quot;:&quot;yes&quot;,&quot;motion_fx_translateY_direction&quot;:&quot;negative&quot;,&quot;motion_fx_translateY_speed&quot;:{&quot;unit&quot;:&quot;px&quot;,&quot;size&quot;:1,&quot;sizes&quot;:[]},&quot;motion_fx_translateX_effect&quot;:&quot;yes&quot;,&quot;motion_fx_translateX_speed&quot;:{&quot;unit&quot;:&quot;px&quot;,&quot;size&quot;:1,&quot;sizes&quot;:[]},&quot;motion_fx_translateY_affectedRange&quot;:{&quot;unit&quot;:&quot;%&quot;,&quot;size&quot;:&quot;&quot;,&quot;sizes&quot;:{&quot;start&quot;:0,&quot;end&quot;:100}},&quot;motion_fx_translateX_affectedRange&quot;:{&quot;unit&quot;:&quot;%&quot;,&quot;size&quot;:&quot;&quot;,&quot;sizes&quot;:{&quot;start&quot;:0,&quot;end&quot;:100}},&quot;motion_fx_devices&quot;:[&quot;desktop&quot;,&quot;tablet&quot;,&quot;mobile&quot;]}\" data-widget_type=\"spacer.default\">\n\t\t\t\t<div class=\"elementor-widget-container\">\n\t\t\t\t\t\t\t<div class=\"elementor-spacer\">\n\t\t\t<div class=\"elementor-spacer-inner\"><\/div>\n\t\t<\/div>\n\t\t\t\t\t\t<\/div>\n\t\t\t\t<\/div>\n\t\t\t\t<\/div>\n\t\t\t\t\t<\/div>\n\t\t\t\t<\/div>\n\t\t\t\t<\/div>\n\t\t","protected":false},"excerpt":{"rendered":"<p>Tort\u00edcolis muscular y deformidades craneales Correcci\u00f3n postural y mejora del desarrollo craneal Que tu beb\u00e9 mire siempre hacia el mismo lado y tenga dificultades para girar la cabeza hacia el otro lado no es normal y dif\u00edcilmente se resolver\u00e1 por s\u00ed solo. A menudo, este problema est\u00e1 relacionado con una deformidad craneal, y podr\u00edas notar [&hellip;]<\/p>\n","protected":false},"author":1,"featured_media":0,"parent":0,"menu_order":0,"comment_status":"closed","ping_status":"closed","template":"","meta":{"footnotes":""},"class_list":["post-1732","page","type-page","status-publish","hentry"],"yoast_head":"<!-- This site is optimized with the Yoast SEO plugin v25.3 - https:\/\/yoast.com\/wordpress\/plugins\/seo\/ -->\n<title>Torticolis i Plagiocef\u00e0lia en Nadons | Laia Puigb\u00f2<\/title>\n<meta name=\"description\" content=\"Tractament de torticolis i deformitats cranials com plagiocef\u00e0lia i braquicef\u00e0lia. Valoraci\u00f3 i abordatge preco\u00e7 per al bon desenvolupament.\" \/>\n<meta name=\"robots\" content=\"index, follow, max-snippet:-1, max-image-preview:large, max-video-preview:-1\" \/>\n<link rel=\"canonical\" href=\"https:\/\/laiapuigbo.com\/es\/torticolis-muscular-y-deformidades-craneales\/\" \/>\n<meta property=\"og:locale\" content=\"es_ES\" \/>\n<meta property=\"og:type\" content=\"article\" \/>\n<meta property=\"og:title\" content=\"Torticolis i Plagiocef\u00e0lia en Nadons | Laia Puigb\u00f2\" \/>\n<meta property=\"og:description\" content=\"Tractament de torticolis i deformitats cranials com plagiocef\u00e0lia i braquicef\u00e0lia. Valoraci\u00f3 i abordatge preco\u00e7 per al bon desenvolupament.\" \/>\n<meta property=\"og:url\" content=\"https:\/\/laiapuigbo.com\/es\/torticolis-muscular-y-deformidades-craneales\/\" \/>\n<meta property=\"og:site_name\" content=\"Laia Puigb\u00f2\" \/>\n<meta property=\"article:modified_time\" content=\"2025-06-11T09:40:14+00:00\" \/>\n<meta property=\"og:image\" content=\"https:\/\/laiapuigbo.com\/wp-content\/uploads\/2025\/05\/Braquicefalia-scaled.jpg\" \/>\n\t<meta property=\"og:image:width\" content=\"2560\" \/>\n\t<meta property=\"og:image:height\" content=\"1707\" \/>\n\t<meta property=\"og:image:type\" content=\"image\/jpeg\" \/>\n<meta name=\"twitter:card\" content=\"summary_large_image\" \/>\n<meta name=\"twitter:label1\" content=\"Tiempo de lectura\" \/>\n\t<meta name=\"twitter:data1\" content=\"3 minutos\" \/>\n<script type=\"application\/ld+json\" class=\"yoast-schema-graph\">{\"@context\":\"https:\/\/schema.org\",\"@graph\":[{\"@type\":\"WebPage\",\"@id\":\"https:\/\/laiapuigbo.com\/es\/torticolis-muscular-y-deformidades-craneales\/\",\"url\":\"https:\/\/laiapuigbo.com\/es\/torticolis-muscular-y-deformidades-craneales\/\",\"name\":\"Torticolis i Plagiocef\u00e0lia en Nadons | Laia Puigb\u00f2\",\"isPartOf\":{\"@id\":\"https:\/\/laiapuigbo.com\/es\/#website\"},\"primaryImageOfPage\":{\"@id\":\"https:\/\/laiapuigbo.com\/es\/torticolis-muscular-y-deformidades-craneales\/#primaryimage\"},\"image\":{\"@id\":\"https:\/\/laiapuigbo.com\/es\/torticolis-muscular-y-deformidades-craneales\/#primaryimage\"},\"thumbnailUrl\":\"https:\/\/laiapuigbo.com\/wp-content\/uploads\/2025\/05\/Braquicefalia-1024x683.jpg\",\"datePublished\":\"2025-05-22T13:49:58+00:00\",\"dateModified\":\"2025-06-11T09:40:14+00:00\",\"description\":\"Tractament de torticolis i deformitats cranials com plagiocef\u00e0lia i braquicef\u00e0lia. Valoraci\u00f3 i abordatge preco\u00e7 per al bon desenvolupament.\",\"breadcrumb\":{\"@id\":\"https:\/\/laiapuigbo.com\/es\/torticolis-muscular-y-deformidades-craneales\/#breadcrumb\"},\"inLanguage\":\"es\",\"potentialAction\":[{\"@type\":\"ReadAction\",\"target\":[\"https:\/\/laiapuigbo.com\/es\/torticolis-muscular-y-deformidades-craneales\/\"]}]},{\"@type\":\"ImageObject\",\"inLanguage\":\"es\",\"@id\":\"https:\/\/laiapuigbo.com\/es\/torticolis-muscular-y-deformidades-craneales\/#primaryimage\",\"url\":\"https:\/\/laiapuigbo.com\/wp-content\/uploads\/2025\/05\/Braquicefalia-1024x683.jpg\",\"contentUrl\":\"https:\/\/laiapuigbo.com\/wp-content\/uploads\/2025\/05\/Braquicefalia-1024x683.jpg\"},{\"@type\":\"BreadcrumbList\",\"@id\":\"https:\/\/laiapuigbo.com\/es\/torticolis-muscular-y-deformidades-craneales\/#breadcrumb\",\"itemListElement\":[{\"@type\":\"ListItem\",\"position\":1,\"name\":\"Portada\",\"item\":\"https:\/\/laiapuigbo.com\/es\/\"},{\"@type\":\"ListItem\",\"position\":2,\"name\":\"Tort\u00edcolis muscular y deformidades craneales\"}]},{\"@type\":\"WebSite\",\"@id\":\"https:\/\/laiapuigbo.com\/es\/#website\",\"url\":\"https:\/\/laiapuigbo.com\/es\/\",\"name\":\"Laia Puigb\u00f2\",\"description\":\"\",\"publisher\":{\"@id\":\"https:\/\/laiapuigbo.com\/es\/#organization\"},\"potentialAction\":[{\"@type\":\"SearchAction\",\"target\":{\"@type\":\"EntryPoint\",\"urlTemplate\":\"https:\/\/laiapuigbo.com\/es\/?s={search_term_string}\"},\"query-input\":{\"@type\":\"PropertyValueSpecification\",\"valueRequired\":true,\"valueName\":\"search_term_string\"}}],\"inLanguage\":\"es\"},{\"@type\":\"Organization\",\"@id\":\"https:\/\/laiapuigbo.com\/es\/#organization\",\"name\":\"Laia Puigb\u00f2\",\"url\":\"https:\/\/laiapuigbo.com\/es\/\",\"logo\":{\"@type\":\"ImageObject\",\"inLanguage\":\"es\",\"@id\":\"https:\/\/laiapuigbo.com\/es\/#\/schema\/logo\/image\/\",\"url\":\"https:\/\/laiapuigbo.com\/wp-content\/uploads\/2025\/05\/Logo-Laia-Puigbo.png\",\"contentUrl\":\"https:\/\/laiapuigbo.com\/wp-content\/uploads\/2025\/05\/Logo-Laia-Puigbo.png\",\"width\":508,\"height\":125,\"caption\":\"Laia Puigb\u00f2\"},\"image\":{\"@id\":\"https:\/\/laiapuigbo.com\/es\/#\/schema\/logo\/image\/\"}}]}<\/script>\n<!-- \/ Yoast SEO plugin. -->","yoast_head_json":{"title":"Torticolis i Plagiocef\u00e0lia en Nadons | Laia Puigb\u00f2","description":"Tractament de torticolis i deformitats cranials com plagiocef\u00e0lia i braquicef\u00e0lia. Valoraci\u00f3 i abordatge preco\u00e7 per al bon desenvolupament.","robots":{"index":"index","follow":"follow","max-snippet":"max-snippet:-1","max-image-preview":"max-image-preview:large","max-video-preview":"max-video-preview:-1"},"canonical":"https:\/\/laiapuigbo.com\/es\/torticolis-muscular-y-deformidades-craneales\/","og_locale":"es_ES","og_type":"article","og_title":"Torticolis i Plagiocef\u00e0lia en Nadons | Laia Puigb\u00f2","og_description":"Tractament de torticolis i deformitats cranials com plagiocef\u00e0lia i braquicef\u00e0lia. Valoraci\u00f3 i abordatge preco\u00e7 per al bon desenvolupament.","og_url":"https:\/\/laiapuigbo.com\/es\/torticolis-muscular-y-deformidades-craneales\/","og_site_name":"Laia Puigb\u00f2","article_modified_time":"2025-06-11T09:40:14+00:00","og_image":[{"width":2560,"height":1707,"url":"https:\/\/laiapuigbo.com\/wp-content\/uploads\/2025\/05\/Braquicefalia-scaled.jpg","type":"image\/jpeg"}],"twitter_card":"summary_large_image","twitter_misc":{"Tiempo de lectura":"3 minutos"},"schema":{"@context":"https:\/\/schema.org","@graph":[{"@type":"WebPage","@id":"https:\/\/laiapuigbo.com\/es\/torticolis-muscular-y-deformidades-craneales\/","url":"https:\/\/laiapuigbo.com\/es\/torticolis-muscular-y-deformidades-craneales\/","name":"Torticolis i Plagiocef\u00e0lia en Nadons | Laia Puigb\u00f2","isPartOf":{"@id":"https:\/\/laiapuigbo.com\/es\/#website"},"primaryImageOfPage":{"@id":"https:\/\/laiapuigbo.com\/es\/torticolis-muscular-y-deformidades-craneales\/#primaryimage"},"image":{"@id":"https:\/\/laiapuigbo.com\/es\/torticolis-muscular-y-deformidades-craneales\/#primaryimage"},"thumbnailUrl":"https:\/\/laiapuigbo.com\/wp-content\/uploads\/2025\/05\/Braquicefalia-1024x683.jpg","datePublished":"2025-05-22T13:49:58+00:00","dateModified":"2025-06-11T09:40:14+00:00","description":"Tractament de torticolis i deformitats cranials com plagiocef\u00e0lia i braquicef\u00e0lia. Valoraci\u00f3 i abordatge preco\u00e7 per al bon desenvolupament.","breadcrumb":{"@id":"https:\/\/laiapuigbo.com\/es\/torticolis-muscular-y-deformidades-craneales\/#breadcrumb"},"inLanguage":"es","potentialAction":[{"@type":"ReadAction","target":["https:\/\/laiapuigbo.com\/es\/torticolis-muscular-y-deformidades-craneales\/"]}]},{"@type":"ImageObject","inLanguage":"es","@id":"https:\/\/laiapuigbo.com\/es\/torticolis-muscular-y-deformidades-craneales\/#primaryimage","url":"https:\/\/laiapuigbo.com\/wp-content\/uploads\/2025\/05\/Braquicefalia-1024x683.jpg","contentUrl":"https:\/\/laiapuigbo.com\/wp-content\/uploads\/2025\/05\/Braquicefalia-1024x683.jpg"},{"@type":"BreadcrumbList","@id":"https:\/\/laiapuigbo.com\/es\/torticolis-muscular-y-deformidades-craneales\/#breadcrumb","itemListElement":[{"@type":"ListItem","position":1,"name":"Portada","item":"https:\/\/laiapuigbo.com\/es\/"},{"@type":"ListItem","position":2,"name":"Tort\u00edcolis muscular y deformidades craneales"}]},{"@type":"WebSite","@id":"https:\/\/laiapuigbo.com\/es\/#website","url":"https:\/\/laiapuigbo.com\/es\/","name":"Laia Puigb\u00f2","description":"","publisher":{"@id":"https:\/\/laiapuigbo.com\/es\/#organization"},"potentialAction":[{"@type":"SearchAction","target":{"@type":"EntryPoint","urlTemplate":"https:\/\/laiapuigbo.com\/es\/?s={search_term_string}"},"query-input":{"@type":"PropertyValueSpecification","valueRequired":true,"valueName":"search_term_string"}}],"inLanguage":"es"},{"@type":"Organization","@id":"https:\/\/laiapuigbo.com\/es\/#organization","name":"Laia Puigb\u00f2","url":"https:\/\/laiapuigbo.com\/es\/","logo":{"@type":"ImageObject","inLanguage":"es","@id":"https:\/\/laiapuigbo.com\/es\/#\/schema\/logo\/image\/","url":"https:\/\/laiapuigbo.com\/wp-content\/uploads\/2025\/05\/Logo-Laia-Puigbo.png","contentUrl":"https:\/\/laiapuigbo.com\/wp-content\/uploads\/2025\/05\/Logo-Laia-Puigbo.png","width":508,"height":125,"caption":"Laia Puigb\u00f2"},"image":{"@id":"https:\/\/laiapuigbo.com\/es\/#\/schema\/logo\/image\/"}}]}},"_links":{"self":[{"href":"https:\/\/laiapuigbo.com\/es\/wp-json\/wp\/v2\/pages\/1732","targetHints":{"allow":["GET"]}}],"collection":[{"href":"https:\/\/laiapuigbo.com\/es\/wp-json\/wp\/v2\/pages"}],"about":[{"href":"https:\/\/laiapuigbo.com\/es\/wp-json\/wp\/v2\/types\/page"}],"author":[{"embeddable":true,"href":"https:\/\/laiapuigbo.com\/es\/wp-json\/wp\/v2\/users\/1"}],"replies":[{"embeddable":true,"href":"https:\/\/laiapuigbo.com\/es\/wp-json\/wp\/v2\/comments?post=1732"}],"version-history":[{"count":3,"href":"https:\/\/laiapuigbo.com\/es\/wp-json\/wp\/v2\/pages\/1732\/revisions"}],"predecessor-version":[{"id":2122,"href":"https:\/\/laiapuigbo.com\/es\/wp-json\/wp\/v2\/pages\/1732\/revisions\/2122"}],"wp:attachment":[{"href":"https:\/\/laiapuigbo.com\/es\/wp-json\/wp\/v2\/media?parent=1732"}],"curies":[{"name":"wp","href":"https:\/\/api.w.org\/{rel}","templated":true}]}}