{"id":1720,"date":"2025-05-22T14:45:05","date_gmt":"2025-05-22T14:45:05","guid":{"rendered":"https:\/\/laiapuigbo.com\/patologies-neurologiques-i-sindromes-genetics\/"},"modified":"2025-06-11T09:40:51","modified_gmt":"2025-06-11T09:40:51","slug":"patologias-neurologicas-y-sindromes-geneticos","status":"publish","type":"page","link":"https:\/\/laiapuigbo.com\/es\/patologias-neurologicas-y-sindromes-geneticos\/","title":{"rendered":"Patolog\u00edas neurol\u00f3gicas y s\u00edndromes gen\u00e9ticos"},"content":{"rendered":"\t\t<div data-elementor-type=\"wp-page\" data-elementor-id=\"1720\" class=\"elementor elementor-1720 elementor-1379\" data-elementor-post-type=\"page\">\n\t\t\t\t<div class=\"elementor-element elementor-element-6450f3e6 e-grid e-con-boxed e-con e-parent\" data-id=\"6450f3e6\" data-element_type=\"container\">\n\t\t\t\t\t<div class=\"e-con-inner\">\n\t\t<div class=\"elementor-element elementor-element-52bbbd89 e-con-full e-flex e-con e-child\" data-id=\"52bbbd89\" data-element_type=\"container\">\n\t\t\t\t<div class=\"elementor-element elementor-element-233bf32c elementor-widget elementor-widget-heading\" data-id=\"233bf32c\" data-element_type=\"widget\" data-widget_type=\"heading.default\">\n\t\t\t\t<div class=\"elementor-widget-container\">\n\t\t\t\t\t<h1 class=\"elementor-heading-title elementor-size-default\">Patolog\u00edas neurol\u00f3gicas y s\u00edndromes gen\u00e9ticos\n\n<\/h1>\t\t\t\t<\/div>\n\t\t\t\t<\/div>\n\t\t\t\t<div class=\"elementor-element elementor-element-18a4f810 elementor-widget elementor-widget-heading\" data-id=\"18a4f810\" data-element_type=\"widget\" data-widget_type=\"heading.default\">\n\t\t\t\t<div class=\"elementor-widget-container\">\n\t\t\t\t\t<h2 class=\"elementor-heading-title elementor-size-default\">Fisioterapia para potenciar las capacidades y la autonom\u00eda del beb\u00e9\n\n<\/h2>\t\t\t\t<\/div>\n\t\t\t\t<\/div>\n\t\t\t\t<div class=\"elementor-element elementor-element-785c3b49 elementor-widget elementor-widget-text-editor\" data-id=\"785c3b49\" data-element_type=\"widget\" data-widget_type=\"text-editor.default\">\n\t\t\t\t<div class=\"elementor-widget-container\">\n\t\t\t\t\t\t\t\t\t<p><span style=\"font-weight: 400;\">La <strong>fisioterapia pedi\u00e1trica<\/strong> es una herramienta fundamental para el desarrollo de los beb\u00e9s que presentan <strong>patolog\u00edas neurol\u00f3gicas<\/strong> (como par\u00e1lisis cerebra infantil, espina b\u00edfida, da\u00f1o neurol\u00f3gico perinatal) o s\u00edndromes gen\u00e9ticos (como s\u00edndrome de Down, s\u00edndrome de Rett, s\u00edndrome de Angelman, entre otros).<\/span><\/p><h4><b>\u00bfC\u00f3mo puedo ayudarte con la fisioterapia pedi\u00e1trica?\u00a0<\/b><\/h4><ul><li style=\"font-weight: 400;\" aria-level=\"1\"><span style=\"font-weight: 400;\"><strong>Estimulaci\u00f3n del desarrollo motor<\/strong>: Promover el aprendizaje de habilidades motoras adecuadas a cada etapa del crecimiento (control cef\u00e1lico, volteo, gateo, marcha), adapt\u00e1ndose al ritmo y necesidades de tu hijo.<\/span><\/li><li style=\"font-weight: 400;\" aria-level=\"1\"><span style=\"font-weight: 400;\"><strong>Mejora del tono muscular<\/strong>: Mediante t\u00e9cnicas espec\u00edficas para ayudar a regular el tono muscular, ya sea disminuy\u00e9ndolo (en casos de hiperton\u00eda) o estimul\u00e1ndolo (en casos de hipoton\u00eda).<\/span><span style=\"font-weight: 400;\"><br \/><\/span><\/li><li style=\"font-weight: 400;\" aria-level=\"1\"><span style=\"font-weight: 400;\"><strong>Mejora del equilibrio y la coordinaci\u00f3n<\/strong>: A trav\u00e9s de juegos y ejercicios espec\u00edficos, trabajar\u00e9 la capacidad de mantener el equilibrio y coordinar los movimientos, favoreciendo una mayor autonom\u00eda.<\/span><\/li><li style=\"font-weight: 400;\" aria-level=\"1\"><span style=\"font-weight: 400;\"><strong>Fortalecimiento de la musculatura respiratoria<\/strong>: En beb\u00e9s con afectaciones neuromusculares, con fisioterapia respiratoria puedo mejorar la capacidad pulmonar, facilitar la expulsi\u00f3n de secreciones y prevenir infecciones respiratorias.<\/span><span style=\"font-weight: 400;\"><br \/><\/span><\/li><li style=\"font-weight: 400;\" aria-level=\"1\"><span style=\"font-weight: 400;\"><strong>Prevenci\u00f3n de deformidades<\/strong>: Mediante t\u00e9cnicas de movilizaci\u00f3n y un posicionamiento adecuado, se evita la aparici\u00f3n de contracturas, escoliosis u otras alteraciones ortop\u00e9dicas.<\/span><span style=\"font-weight: 400;\"><br \/><\/span><\/li><li style=\"font-weight: 400;\" aria-level=\"1\"><span style=\"font-weight: 400;\"><strong>Asesoramiento a las familias<\/strong>: Ense\u00f1ando pautas y ejercicios que se pueden realizar en casa para continuar estimulando al beb\u00e9 de manera segura.<br \/><br \/><\/span><\/li><\/ul><p><strong>La fisioterapia pedi\u00e1trica ofrece una intervenci\u00f3n precoz, adaptada y personalizada que no solo mejora las capacidades f\u00edsicas del beb\u00e9, sino que tambi\u00e9n potencia su autonom\u00eda y calidad de vida, ofreciendo apoyo y orientaci\u00f3n constante a las familias.<\/strong><\/p>\t\t\t\t\t\t\t\t<\/div>\n\t\t\t\t<\/div>\n\t\t\t\t<div class=\"elementor-element elementor-element-11715acf elementor-button-success elementor-mobile-align-center elementor-widget elementor-widget-button\" data-id=\"11715acf\" data-element_type=\"widget\" data-widget_type=\"button.default\">\n\t\t\t\t<div class=\"elementor-widget-container\">\n\t\t\t\t\t\t\t\t\t<div class=\"elementor-button-wrapper\">\n\t\t\t\t\t<a class=\"elementor-button elementor-button-link elementor-size-sm elementor-animation-shrink\" href=\"https:\/\/laiapuigbo.com\/es\/contacto\/\">\n\t\t\t\t\t\t<span class=\"elementor-button-content-wrapper\">\n\t\t\t\t\t\t\t\t\t<span class=\"elementor-button-text\">PIDE UNA CITA<\/span>\n\t\t\t\t\t<\/span>\n\t\t\t\t\t<\/a>\n\t\t\t\t<\/div>\n\t\t\t\t\t\t\t\t<\/div>\n\t\t\t\t<\/div>\n\t\t\t\t<\/div>\n\t\t<div class=\"elementor-element elementor-element-b2b1985 e-con-full e-flex e-con e-child\" data-id=\"b2b1985\" data-element_type=\"container\">\n\t\t\t\t<div class=\"elementor-element elementor-element-7b3f7ec1 elementor-invisible elementor-widget elementor-widget-image\" data-id=\"7b3f7ec1\" data-element_type=\"widget\" data-settings=\"{&quot;_animation&quot;:&quot;fadeInRight&quot;}\" data-widget_type=\"image.default\">\n\t\t\t\t<div class=\"elementor-widget-container\">\n\t\t\t\t\t\t\t\t\t\t\t\t\t\t\t<img fetchpriority=\"high\" decoding=\"async\" width=\"800\" height=\"535\" src=\"https:\/\/laiapuigbo.com\/wp-content\/uploads\/2025\/05\/patologia-neurologica-2.png\" class=\"attachment-large size-large wp-image-1812\" alt=\"Patologia neurologica\" srcset=\"https:\/\/laiapuigbo.com\/wp-content\/uploads\/2025\/05\/patologia-neurologica-2.png 1024w, https:\/\/laiapuigbo.com\/wp-content\/uploads\/2025\/05\/patologia-neurologica-2-300x201.png 300w, https:\/\/laiapuigbo.com\/wp-content\/uploads\/2025\/05\/patologia-neurologica-2-768x514.png 768w\" sizes=\"(max-width: 800px) 100vw, 800px\" \/>\t\t\t\t\t\t\t\t\t\t\t\t\t\t\t<\/div>\n\t\t\t\t<\/div>\n\t\t\t\t<div class=\"elementor-element elementor-element-d440e70 elementor-widget__width-initial elementor-absolute elementor-widget-tablet__width-initial elementor-widget-mobile__width-initial elementor-widget elementor-widget-spacer\" data-id=\"d440e70\" data-element_type=\"widget\" data-settings=\"{&quot;motion_fx_motion_fx_scrolling&quot;:&quot;yes&quot;,&quot;motion_fx_rotateZ_effect&quot;:&quot;yes&quot;,&quot;motion_fx_rotateZ_direction&quot;:&quot;negative&quot;,&quot;motion_fx_rotateZ_speed&quot;:{&quot;unit&quot;:&quot;px&quot;,&quot;size&quot;:4.6,&quot;sizes&quot;:[]},&quot;motion_fx_rotateZ_affectedRange&quot;:{&quot;unit&quot;:&quot;%&quot;,&quot;size&quot;:&quot;&quot;,&quot;sizes&quot;:{&quot;start&quot;:52,&quot;end&quot;:100}},&quot;_position&quot;:&quot;absolute&quot;,&quot;motion_fx_devices&quot;:[&quot;desktop&quot;,&quot;tablet&quot;,&quot;mobile&quot;]}\" data-widget_type=\"spacer.default\">\n\t\t\t\t<div class=\"elementor-widget-container\">\n\t\t\t\t\t\t\t<div class=\"elementor-spacer\">\n\t\t\t<div class=\"elementor-spacer-inner\"><\/div>\n\t\t<\/div>\n\t\t\t\t\t\t<\/div>\n\t\t\t\t<\/div>\n\t\t\t\t<div class=\"elementor-element elementor-element-23f43aa0 elementor-widget__width-initial elementor-absolute elementor-widget-tablet__width-initial elementor-widget elementor-widget-spacer\" data-id=\"23f43aa0\" data-element_type=\"widget\" data-settings=\"{&quot;motion_fx_motion_fx_scrolling&quot;:&quot;yes&quot;,&quot;_position&quot;:&quot;absolute&quot;,&quot;motion_fx_translateY_effect&quot;:&quot;yes&quot;,&quot;motion_fx_translateY_speed&quot;:{&quot;unit&quot;:&quot;px&quot;,&quot;size&quot;:1,&quot;sizes&quot;:[]},&quot;motion_fx_translateX_effect&quot;:&quot;yes&quot;,&quot;motion_fx_translateX_speed&quot;:{&quot;unit&quot;:&quot;px&quot;,&quot;size&quot;:1,&quot;sizes&quot;:[]},&quot;motion_fx_translateX_direction&quot;:&quot;negative&quot;,&quot;motion_fx_translateY_affectedRange&quot;:{&quot;unit&quot;:&quot;%&quot;,&quot;size&quot;:&quot;&quot;,&quot;sizes&quot;:{&quot;start&quot;:0,&quot;end&quot;:100}},&quot;motion_fx_translateX_affectedRange&quot;:{&quot;unit&quot;:&quot;%&quot;,&quot;size&quot;:&quot;&quot;,&quot;sizes&quot;:{&quot;start&quot;:0,&quot;end&quot;:100}},&quot;motion_fx_devices&quot;:[&quot;desktop&quot;,&quot;tablet&quot;,&quot;mobile&quot;]}\" data-widget_type=\"spacer.default\">\n\t\t\t\t<div class=\"elementor-widget-container\">\n\t\t\t\t\t\t\t<div class=\"elementor-spacer\">\n\t\t\t<div class=\"elementor-spacer-inner\"><\/div>\n\t\t<\/div>\n\t\t\t\t\t\t<\/div>\n\t\t\t\t<\/div>\n\t\t\t\t<div class=\"elementor-element elementor-element-67c487ac elementor-widget__width-initial elementor-absolute elementor-widget-tablet__width-initial elementor-widget-mobile__width-initial elementor-widget elementor-widget-spacer\" data-id=\"67c487ac\" data-element_type=\"widget\" data-settings=\"{&quot;motion_fx_motion_fx_scrolling&quot;:&quot;yes&quot;,&quot;_position&quot;:&quot;absolute&quot;,&quot;motion_fx_translateY_effect&quot;:&quot;yes&quot;,&quot;motion_fx_translateY_direction&quot;:&quot;negative&quot;,&quot;motion_fx_translateY_speed&quot;:{&quot;unit&quot;:&quot;px&quot;,&quot;size&quot;:1,&quot;sizes&quot;:[]},&quot;motion_fx_translateX_effect&quot;:&quot;yes&quot;,&quot;motion_fx_translateX_speed&quot;:{&quot;unit&quot;:&quot;px&quot;,&quot;size&quot;:1,&quot;sizes&quot;:[]},&quot;motion_fx_translateY_affectedRange&quot;:{&quot;unit&quot;:&quot;%&quot;,&quot;size&quot;:&quot;&quot;,&quot;sizes&quot;:{&quot;start&quot;:0,&quot;end&quot;:100}},&quot;motion_fx_translateX_affectedRange&quot;:{&quot;unit&quot;:&quot;%&quot;,&quot;size&quot;:&quot;&quot;,&quot;sizes&quot;:{&quot;start&quot;:0,&quot;end&quot;:100}},&quot;motion_fx_devices&quot;:[&quot;desktop&quot;,&quot;tablet&quot;,&quot;mobile&quot;]}\" data-widget_type=\"spacer.default\">\n\t\t\t\t<div class=\"elementor-widget-container\">\n\t\t\t\t\t\t\t<div class=\"elementor-spacer\">\n\t\t\t<div class=\"elementor-spacer-inner\"><\/div>\n\t\t<\/div>\n\t\t\t\t\t\t<\/div>\n\t\t\t\t<\/div>\n\t\t\t\t<\/div>\n\t\t\t\t\t<\/div>\n\t\t\t\t<\/div>\n\t\t\t\t<\/div>\n\t\t","protected":false},"excerpt":{"rendered":"<p>Patolog\u00edas neurol\u00f3gicas y s\u00edndromes gen\u00e9ticos Fisioterapia para potenciar las capacidades y la autonom\u00eda del beb\u00e9 La fisioterapia pedi\u00e1trica es una herramienta fundamental para el desarrollo de los beb\u00e9s que presentan patolog\u00edas neurol\u00f3gicas (como par\u00e1lisis cerebra infantil, espina b\u00edfida, da\u00f1o neurol\u00f3gico perinatal) o s\u00edndromes gen\u00e9ticos (como s\u00edndrome de Down, s\u00edndrome de Rett, s\u00edndrome de Angelman, entre [&hellip;]<\/p>\n","protected":false},"author":1,"featured_media":0,"parent":0,"menu_order":0,"comment_status":"closed","ping_status":"closed","template":"","meta":{"footnotes":""},"class_list":["post-1720","page","type-page","status-publish","hentry"],"yoast_head":"<!-- This site is optimized with the Yoast SEO plugin v25.3 - https:\/\/yoast.com\/wordpress\/plugins\/seo\/ -->\n<title>Fisioter\u00e0pia en Patologies Neurol\u00f2giques Infantils | Laia Puigb\u00f2<\/title>\n<meta name=\"description\" content=\"Intervenci\u00f3 preco\u00e7 i personalitzada per infants amb par\u00e0lisi cerebral, s\u00edndrome de Down i altres diagn\u00f2stics. Estimulaci\u00f3, mobilitat i qualitat de vida.\" \/>\n<meta name=\"robots\" content=\"index, follow, max-snippet:-1, max-image-preview:large, max-video-preview:-1\" \/>\n<link rel=\"canonical\" href=\"https:\/\/laiapuigbo.com\/es\/patologias-neurologicas-y-sindromes-geneticos\/\" \/>\n<meta property=\"og:locale\" content=\"es_ES\" \/>\n<meta property=\"og:type\" content=\"article\" \/>\n<meta property=\"og:title\" content=\"Fisioter\u00e0pia en Patologies Neurol\u00f2giques Infantils | Laia Puigb\u00f2\" \/>\n<meta property=\"og:description\" content=\"Intervenci\u00f3 preco\u00e7 i personalitzada per infants amb par\u00e0lisi cerebral, s\u00edndrome de Down i altres diagn\u00f2stics. Estimulaci\u00f3, mobilitat i qualitat de vida.\" \/>\n<meta property=\"og:url\" content=\"https:\/\/laiapuigbo.com\/es\/patologias-neurologicas-y-sindromes-geneticos\/\" \/>\n<meta property=\"og:site_name\" content=\"Laia Puigb\u00f2\" \/>\n<meta property=\"article:modified_time\" content=\"2025-06-11T09:40:51+00:00\" \/>\n<meta property=\"og:image\" content=\"https:\/\/laiapuigbo.com\/wp-content\/uploads\/2025\/05\/patologia-neurologica-2.png\" \/>\n\t<meta property=\"og:image:width\" content=\"1024\" \/>\n\t<meta property=\"og:image:height\" content=\"685\" \/>\n\t<meta property=\"og:image:type\" content=\"image\/png\" \/>\n<meta name=\"twitter:card\" content=\"summary_large_image\" \/>\n<meta name=\"twitter:label1\" content=\"Tiempo de lectura\" \/>\n\t<meta name=\"twitter:data1\" content=\"2 minutos\" \/>\n<script type=\"application\/ld+json\" class=\"yoast-schema-graph\">{\"@context\":\"https:\/\/schema.org\",\"@graph\":[{\"@type\":\"WebPage\",\"@id\":\"https:\/\/laiapuigbo.com\/es\/patologias-neurologicas-y-sindromes-geneticos\/\",\"url\":\"https:\/\/laiapuigbo.com\/es\/patologias-neurologicas-y-sindromes-geneticos\/\",\"name\":\"Fisioter\u00e0pia en Patologies Neurol\u00f2giques Infantils | Laia Puigb\u00f2\",\"isPartOf\":{\"@id\":\"https:\/\/laiapuigbo.com\/es\/#website\"},\"primaryImageOfPage\":{\"@id\":\"https:\/\/laiapuigbo.com\/es\/patologias-neurologicas-y-sindromes-geneticos\/#primaryimage\"},\"image\":{\"@id\":\"https:\/\/laiapuigbo.com\/es\/patologias-neurologicas-y-sindromes-geneticos\/#primaryimage\"},\"thumbnailUrl\":\"https:\/\/laiapuigbo.com\/wp-content\/uploads\/2025\/05\/patologia-neurologica-2.png\",\"datePublished\":\"2025-05-22T14:45:05+00:00\",\"dateModified\":\"2025-06-11T09:40:51+00:00\",\"description\":\"Intervenci\u00f3 preco\u00e7 i personalitzada per infants amb par\u00e0lisi cerebral, s\u00edndrome de Down i altres diagn\u00f2stics. Estimulaci\u00f3, mobilitat i qualitat de vida.\",\"breadcrumb\":{\"@id\":\"https:\/\/laiapuigbo.com\/es\/patologias-neurologicas-y-sindromes-geneticos\/#breadcrumb\"},\"inLanguage\":\"es\",\"potentialAction\":[{\"@type\":\"ReadAction\",\"target\":[\"https:\/\/laiapuigbo.com\/es\/patologias-neurologicas-y-sindromes-geneticos\/\"]}]},{\"@type\":\"ImageObject\",\"inLanguage\":\"es\",\"@id\":\"https:\/\/laiapuigbo.com\/es\/patologias-neurologicas-y-sindromes-geneticos\/#primaryimage\",\"url\":\"https:\/\/laiapuigbo.com\/wp-content\/uploads\/2025\/05\/patologia-neurologica-2.png\",\"contentUrl\":\"https:\/\/laiapuigbo.com\/wp-content\/uploads\/2025\/05\/patologia-neurologica-2.png\"},{\"@type\":\"BreadcrumbList\",\"@id\":\"https:\/\/laiapuigbo.com\/es\/patologias-neurologicas-y-sindromes-geneticos\/#breadcrumb\",\"itemListElement\":[{\"@type\":\"ListItem\",\"position\":1,\"name\":\"Portada\",\"item\":\"https:\/\/laiapuigbo.com\/es\/\"},{\"@type\":\"ListItem\",\"position\":2,\"name\":\"Patolog\u00edas neurol\u00f3gicas y s\u00edndromes gen\u00e9ticos\"}]},{\"@type\":\"WebSite\",\"@id\":\"https:\/\/laiapuigbo.com\/es\/#website\",\"url\":\"https:\/\/laiapuigbo.com\/es\/\",\"name\":\"Laia Puigb\u00f2\",\"description\":\"\",\"publisher\":{\"@id\":\"https:\/\/laiapuigbo.com\/es\/#organization\"},\"potentialAction\":[{\"@type\":\"SearchAction\",\"target\":{\"@type\":\"EntryPoint\",\"urlTemplate\":\"https:\/\/laiapuigbo.com\/es\/?s={search_term_string}\"},\"query-input\":{\"@type\":\"PropertyValueSpecification\",\"valueRequired\":true,\"valueName\":\"search_term_string\"}}],\"inLanguage\":\"es\"},{\"@type\":\"Organization\",\"@id\":\"https:\/\/laiapuigbo.com\/es\/#organization\",\"name\":\"Laia Puigb\u00f2\",\"url\":\"https:\/\/laiapuigbo.com\/es\/\",\"logo\":{\"@type\":\"ImageObject\",\"inLanguage\":\"es\",\"@id\":\"https:\/\/laiapuigbo.com\/es\/#\/schema\/logo\/image\/\",\"url\":\"https:\/\/laiapuigbo.com\/wp-content\/uploads\/2025\/05\/Logo-Laia-Puigbo.png\",\"contentUrl\":\"https:\/\/laiapuigbo.com\/wp-content\/uploads\/2025\/05\/Logo-Laia-Puigbo.png\",\"width\":508,\"height\":125,\"caption\":\"Laia Puigb\u00f2\"},\"image\":{\"@id\":\"https:\/\/laiapuigbo.com\/es\/#\/schema\/logo\/image\/\"}}]}<\/script>\n<!-- \/ Yoast SEO plugin. -->","yoast_head_json":{"title":"Fisioter\u00e0pia en Patologies Neurol\u00f2giques Infantils | Laia Puigb\u00f2","description":"Intervenci\u00f3 preco\u00e7 i personalitzada per infants amb par\u00e0lisi cerebral, s\u00edndrome de Down i altres diagn\u00f2stics. Estimulaci\u00f3, mobilitat i qualitat de vida.","robots":{"index":"index","follow":"follow","max-snippet":"max-snippet:-1","max-image-preview":"max-image-preview:large","max-video-preview":"max-video-preview:-1"},"canonical":"https:\/\/laiapuigbo.com\/es\/patologias-neurologicas-y-sindromes-geneticos\/","og_locale":"es_ES","og_type":"article","og_title":"Fisioter\u00e0pia en Patologies Neurol\u00f2giques Infantils | Laia Puigb\u00f2","og_description":"Intervenci\u00f3 preco\u00e7 i personalitzada per infants amb par\u00e0lisi cerebral, s\u00edndrome de Down i altres diagn\u00f2stics. Estimulaci\u00f3, mobilitat i qualitat de vida.","og_url":"https:\/\/laiapuigbo.com\/es\/patologias-neurologicas-y-sindromes-geneticos\/","og_site_name":"Laia Puigb\u00f2","article_modified_time":"2025-06-11T09:40:51+00:00","og_image":[{"width":1024,"height":685,"url":"https:\/\/laiapuigbo.com\/wp-content\/uploads\/2025\/05\/patologia-neurologica-2.png","type":"image\/png"}],"twitter_card":"summary_large_image","twitter_misc":{"Tiempo de lectura":"2 minutos"},"schema":{"@context":"https:\/\/schema.org","@graph":[{"@type":"WebPage","@id":"https:\/\/laiapuigbo.com\/es\/patologias-neurologicas-y-sindromes-geneticos\/","url":"https:\/\/laiapuigbo.com\/es\/patologias-neurologicas-y-sindromes-geneticos\/","name":"Fisioter\u00e0pia en Patologies Neurol\u00f2giques Infantils | Laia Puigb\u00f2","isPartOf":{"@id":"https:\/\/laiapuigbo.com\/es\/#website"},"primaryImageOfPage":{"@id":"https:\/\/laiapuigbo.com\/es\/patologias-neurologicas-y-sindromes-geneticos\/#primaryimage"},"image":{"@id":"https:\/\/laiapuigbo.com\/es\/patologias-neurologicas-y-sindromes-geneticos\/#primaryimage"},"thumbnailUrl":"https:\/\/laiapuigbo.com\/wp-content\/uploads\/2025\/05\/patologia-neurologica-2.png","datePublished":"2025-05-22T14:45:05+00:00","dateModified":"2025-06-11T09:40:51+00:00","description":"Intervenci\u00f3 preco\u00e7 i personalitzada per infants amb par\u00e0lisi cerebral, s\u00edndrome de Down i altres diagn\u00f2stics. Estimulaci\u00f3, mobilitat i qualitat de vida.","breadcrumb":{"@id":"https:\/\/laiapuigbo.com\/es\/patologias-neurologicas-y-sindromes-geneticos\/#breadcrumb"},"inLanguage":"es","potentialAction":[{"@type":"ReadAction","target":["https:\/\/laiapuigbo.com\/es\/patologias-neurologicas-y-sindromes-geneticos\/"]}]},{"@type":"ImageObject","inLanguage":"es","@id":"https:\/\/laiapuigbo.com\/es\/patologias-neurologicas-y-sindromes-geneticos\/#primaryimage","url":"https:\/\/laiapuigbo.com\/wp-content\/uploads\/2025\/05\/patologia-neurologica-2.png","contentUrl":"https:\/\/laiapuigbo.com\/wp-content\/uploads\/2025\/05\/patologia-neurologica-2.png"},{"@type":"BreadcrumbList","@id":"https:\/\/laiapuigbo.com\/es\/patologias-neurologicas-y-sindromes-geneticos\/#breadcrumb","itemListElement":[{"@type":"ListItem","position":1,"name":"Portada","item":"https:\/\/laiapuigbo.com\/es\/"},{"@type":"ListItem","position":2,"name":"Patolog\u00edas neurol\u00f3gicas y s\u00edndromes gen\u00e9ticos"}]},{"@type":"WebSite","@id":"https:\/\/laiapuigbo.com\/es\/#website","url":"https:\/\/laiapuigbo.com\/es\/","name":"Laia Puigb\u00f2","description":"","publisher":{"@id":"https:\/\/laiapuigbo.com\/es\/#organization"},"potentialAction":[{"@type":"SearchAction","target":{"@type":"EntryPoint","urlTemplate":"https:\/\/laiapuigbo.com\/es\/?s={search_term_string}"},"query-input":{"@type":"PropertyValueSpecification","valueRequired":true,"valueName":"search_term_string"}}],"inLanguage":"es"},{"@type":"Organization","@id":"https:\/\/laiapuigbo.com\/es\/#organization","name":"Laia Puigb\u00f2","url":"https:\/\/laiapuigbo.com\/es\/","logo":{"@type":"ImageObject","inLanguage":"es","@id":"https:\/\/laiapuigbo.com\/es\/#\/schema\/logo\/image\/","url":"https:\/\/laiapuigbo.com\/wp-content\/uploads\/2025\/05\/Logo-Laia-Puigbo.png","contentUrl":"https:\/\/laiapuigbo.com\/wp-content\/uploads\/2025\/05\/Logo-Laia-Puigbo.png","width":508,"height":125,"caption":"Laia Puigb\u00f2"},"image":{"@id":"https:\/\/laiapuigbo.com\/es\/#\/schema\/logo\/image\/"}}]}},"_links":{"self":[{"href":"https:\/\/laiapuigbo.com\/es\/wp-json\/wp\/v2\/pages\/1720","targetHints":{"allow":["GET"]}}],"collection":[{"href":"https:\/\/laiapuigbo.com\/es\/wp-json\/wp\/v2\/pages"}],"about":[{"href":"https:\/\/laiapuigbo.com\/es\/wp-json\/wp\/v2\/types\/page"}],"author":[{"embeddable":true,"href":"https:\/\/laiapuigbo.com\/es\/wp-json\/wp\/v2\/users\/1"}],"replies":[{"embeddable":true,"href":"https:\/\/laiapuigbo.com\/es\/wp-json\/wp\/v2\/comments?post=1720"}],"version-history":[{"count":3,"href":"https:\/\/laiapuigbo.com\/es\/wp-json\/wp\/v2\/pages\/1720\/revisions"}],"predecessor-version":[{"id":2131,"href":"https:\/\/laiapuigbo.com\/es\/wp-json\/wp\/v2\/pages\/1720\/revisions\/2131"}],"wp:attachment":[{"href":"https:\/\/laiapuigbo.com\/es\/wp-json\/wp\/v2\/media?parent=1720"}],"curies":[{"name":"wp","href":"https:\/\/api.w.org\/{rel}","templated":true}]}}