{"id":1711,"date":"2025-05-21T14:20:57","date_gmt":"2025-05-21T14:20:57","guid":{"rendered":"https:\/\/laiapuigbo.com\/lactancia-materna\/"},"modified":"2025-06-11T09:40:00","modified_gmt":"2025-06-11T09:40:00","slug":"lactancia-materna","status":"publish","type":"page","link":"https:\/\/laiapuigbo.com\/es\/lactancia-materna\/","title":{"rendered":"Lactancia materna"},"content":{"rendered":"\t\t<div data-elementor-type=\"wp-page\" data-elementor-id=\"1711\" class=\"elementor elementor-1711 elementor-769\" data-elementor-post-type=\"page\">\n\t\t\t\t<div class=\"elementor-element elementor-element-ac9e054 e-grid e-con-boxed e-con e-parent\" data-id=\"ac9e054\" data-element_type=\"container\">\n\t\t\t\t\t<div class=\"e-con-inner\">\n\t\t<div class=\"elementor-element elementor-element-1168d396 e-con-full e-flex e-con e-child\" data-id=\"1168d396\" data-element_type=\"container\">\n\t\t\t\t<div class=\"elementor-element elementor-element-3f76c826 elementor-widget elementor-widget-heading\" data-id=\"3f76c826\" data-element_type=\"widget\" data-widget_type=\"heading.default\">\n\t\t\t\t<div class=\"elementor-widget-container\">\n\t\t\t\t\t<h1 class=\"elementor-heading-title elementor-size-default\">LACTANCIA MATERNA<\/h1>\t\t\t\t<\/div>\n\t\t\t\t<\/div>\n\t\t\t\t<div class=\"elementor-element elementor-element-3bcd47f5 elementor-widget elementor-widget-heading\" data-id=\"3bcd47f5\" data-element_type=\"widget\" data-widget_type=\"heading.default\">\n\t\t\t\t<div class=\"elementor-widget-container\">\n\t\t\t\t\t<h2 class=\"elementor-heading-title elementor-size-default\">Dificultades en la lactancia\n<\/h2>\t\t\t\t<\/div>\n\t\t\t\t<\/div>\n\t\t\t\t<div class=\"elementor-element elementor-element-7a04f328 elementor-widget elementor-widget-text-editor\" data-id=\"7a04f328\" data-element_type=\"widget\" data-widget_type=\"text-editor.default\">\n\t\t\t\t<div class=\"elementor-widget-container\">\n\t\t\t\t\t\t\t\t\t<p><span style=\"font-weight: 400;\">\u00bfSabes que tener dolor al amamantar a tu hijo no es normal? Aunque muchas madres lo sufr\u00eds en silencio pensando que es parte del proceso, no es normal tener grietas en el pez\u00f3n, sentir m\u00e1s sensibilidad, notar que tu hijo muerde el pez\u00f3n o sentir dolor en el pecho durante la lactancia materna. Tampoco es normal que el beb\u00e9 est\u00e9 todo el d\u00eda pegado al pecho o que se duerma constantemente a mitad de la toma, haciendo que las tomas sean muy cortas y frecuentes.<\/span><\/p>\n<p><span style=\"font-weight: 400;\">Cuando la lactancia duele, es una se\u00f1al clara de que algo no est\u00e1 funcionando bien. Puede deberse a tensiones acumuladas durante el parto que afectan la movilidad del beb\u00e9, a la presencia de un frenillo lingual corto o restrictivo, o simplemente a una postura incorrecta durante la toma.<\/span><\/p>\n<p><span style=\"font-weight: 400;\">Con una anamnesis inicial, una valoraci\u00f3n completa de la estructura del beb\u00e9 y de su frenillo lingual, y observando c\u00f3mo coge el pecho, puedo ayudarte a identificar qu\u00e9 est\u00e1 provocando este malestar. Esta es una parte esencial de la asesor\u00eda de lactancia que ofrezco, donde abordamos cada caso de manera personalizada y respetuosa. A partir de aqu\u00ed, trabajaremos juntas para encontrar una soluci\u00f3n que te permita disfrutar de la lactancia con confianza y tranquilidad.<\/span><\/p>\n<p><span style=\"font-weight: 400;\">La lactancia materna puede no ser f\u00e1cil al principio, pero no hace falta vivirla con dolor ni frustraci\u00f3n. Es posible reconducir la situaci\u00f3n y hacer que este momento sea realmente especial para ambos.\u00a0<\/span><\/p>\n<p><b>Estoy aqu\u00ed para escucharte, acompa\u00f1arte y darte las herramientas que necesitas para vivir la lactancia como lo que es: una experiencia \u00fanica de conexi\u00f3n y amor.<\/b><\/p>\t\t\t\t\t\t\t\t<\/div>\n\t\t\t\t<\/div>\n\t\t\t\t<div class=\"elementor-element elementor-element-1055bd2d elementor-button-success elementor-mobile-align-center elementor-widget elementor-widget-button\" data-id=\"1055bd2d\" data-element_type=\"widget\" data-widget_type=\"button.default\">\n\t\t\t\t<div class=\"elementor-widget-container\">\n\t\t\t\t\t\t\t\t\t<div class=\"elementor-button-wrapper\">\n\t\t\t\t\t<a class=\"elementor-button elementor-button-link elementor-size-sm elementor-animation-shrink\" href=\"https:\/\/laiapuigbo.com\/es\/contacto\/\">\n\t\t\t\t\t\t<span class=\"elementor-button-content-wrapper\">\n\t\t\t\t\t\t\t\t\t<span class=\"elementor-button-text\">PIDE UNA CITA<\/span>\n\t\t\t\t\t<\/span>\n\t\t\t\t\t<\/a>\n\t\t\t\t<\/div>\n\t\t\t\t\t\t\t\t<\/div>\n\t\t\t\t<\/div>\n\t\t\t\t<\/div>\n\t\t<div class=\"elementor-element elementor-element-a2e775 e-con-full e-flex e-con e-child\" data-id=\"a2e775\" data-element_type=\"container\">\n\t\t\t\t<div class=\"elementor-element elementor-element-6f94aac7 elementor-invisible elementor-widget elementor-widget-image\" data-id=\"6f94aac7\" data-element_type=\"widget\" data-settings=\"{&quot;_animation&quot;:&quot;fadeInRight&quot;}\" data-widget_type=\"image.default\">\n\t\t\t\t<div class=\"elementor-widget-container\">\n\t\t\t\t\t\t\t\t\t\t\t\t\t\t\t<img fetchpriority=\"high\" decoding=\"async\" width=\"800\" height=\"534\" src=\"https:\/\/laiapuigbo.com\/wp-content\/uploads\/2025\/05\/Lactancia-materna-1024x683.jpg\" class=\"attachment-large size-large wp-image-1660\" alt=\"Lactancia materna\" srcset=\"https:\/\/laiapuigbo.com\/wp-content\/uploads\/2025\/05\/Lactancia-materna-1024x683.jpg 1024w, https:\/\/laiapuigbo.com\/wp-content\/uploads\/2025\/05\/Lactancia-materna-300x200.jpg 300w, https:\/\/laiapuigbo.com\/wp-content\/uploads\/2025\/05\/Lactancia-materna-768x512.jpg 768w, https:\/\/laiapuigbo.com\/wp-content\/uploads\/2025\/05\/Lactancia-materna-1536x1024.jpg 1536w, https:\/\/laiapuigbo.com\/wp-content\/uploads\/2025\/05\/Lactancia-materna-2048x1365.jpg 2048w\" sizes=\"(max-width: 800px) 100vw, 800px\" \/>\t\t\t\t\t\t\t\t\t\t\t\t\t\t\t<\/div>\n\t\t\t\t<\/div>\n\t\t\t\t<div class=\"elementor-element elementor-element-411be935 elementor-widget__width-initial elementor-absolute elementor-widget-tablet__width-initial elementor-widget-mobile__width-initial elementor-widget elementor-widget-spacer\" data-id=\"411be935\" data-element_type=\"widget\" data-settings=\"{&quot;motion_fx_motion_fx_scrolling&quot;:&quot;yes&quot;,&quot;motion_fx_rotateZ_effect&quot;:&quot;yes&quot;,&quot;motion_fx_rotateZ_direction&quot;:&quot;negative&quot;,&quot;motion_fx_rotateZ_speed&quot;:{&quot;unit&quot;:&quot;px&quot;,&quot;size&quot;:4.6,&quot;sizes&quot;:[]},&quot;motion_fx_rotateZ_affectedRange&quot;:{&quot;unit&quot;:&quot;%&quot;,&quot;size&quot;:&quot;&quot;,&quot;sizes&quot;:{&quot;start&quot;:52,&quot;end&quot;:100}},&quot;_position&quot;:&quot;absolute&quot;,&quot;motion_fx_devices&quot;:[&quot;desktop&quot;,&quot;tablet&quot;,&quot;mobile&quot;]}\" data-widget_type=\"spacer.default\">\n\t\t\t\t<div class=\"elementor-widget-container\">\n\t\t\t\t\t\t\t<div class=\"elementor-spacer\">\n\t\t\t<div class=\"elementor-spacer-inner\"><\/div>\n\t\t<\/div>\n\t\t\t\t\t\t<\/div>\n\t\t\t\t<\/div>\n\t\t\t\t<div class=\"elementor-element elementor-element-44a20ff6 elementor-widget__width-initial elementor-absolute elementor-widget-tablet__width-initial elementor-widget elementor-widget-spacer\" data-id=\"44a20ff6\" data-element_type=\"widget\" data-settings=\"{&quot;motion_fx_motion_fx_scrolling&quot;:&quot;yes&quot;,&quot;_position&quot;:&quot;absolute&quot;,&quot;motion_fx_translateY_effect&quot;:&quot;yes&quot;,&quot;motion_fx_translateY_speed&quot;:{&quot;unit&quot;:&quot;px&quot;,&quot;size&quot;:1,&quot;sizes&quot;:[]},&quot;motion_fx_translateX_effect&quot;:&quot;yes&quot;,&quot;motion_fx_translateX_speed&quot;:{&quot;unit&quot;:&quot;px&quot;,&quot;size&quot;:1,&quot;sizes&quot;:[]},&quot;motion_fx_translateX_direction&quot;:&quot;negative&quot;,&quot;motion_fx_translateY_affectedRange&quot;:{&quot;unit&quot;:&quot;%&quot;,&quot;size&quot;:&quot;&quot;,&quot;sizes&quot;:{&quot;start&quot;:0,&quot;end&quot;:100}},&quot;motion_fx_translateX_affectedRange&quot;:{&quot;unit&quot;:&quot;%&quot;,&quot;size&quot;:&quot;&quot;,&quot;sizes&quot;:{&quot;start&quot;:0,&quot;end&quot;:100}},&quot;motion_fx_devices&quot;:[&quot;desktop&quot;,&quot;tablet&quot;,&quot;mobile&quot;]}\" data-widget_type=\"spacer.default\">\n\t\t\t\t<div class=\"elementor-widget-container\">\n\t\t\t\t\t\t\t<div class=\"elementor-spacer\">\n\t\t\t<div class=\"elementor-spacer-inner\"><\/div>\n\t\t<\/div>\n\t\t\t\t\t\t<\/div>\n\t\t\t\t<\/div>\n\t\t\t\t<div class=\"elementor-element elementor-element-36efb8ce elementor-widget__width-initial elementor-absolute elementor-widget-tablet__width-initial elementor-widget-mobile__width-initial elementor-widget elementor-widget-spacer\" data-id=\"36efb8ce\" data-element_type=\"widget\" data-settings=\"{&quot;motion_fx_motion_fx_scrolling&quot;:&quot;yes&quot;,&quot;_position&quot;:&quot;absolute&quot;,&quot;motion_fx_translateY_effect&quot;:&quot;yes&quot;,&quot;motion_fx_translateY_direction&quot;:&quot;negative&quot;,&quot;motion_fx_translateY_speed&quot;:{&quot;unit&quot;:&quot;px&quot;,&quot;size&quot;:1,&quot;sizes&quot;:[]},&quot;motion_fx_translateX_effect&quot;:&quot;yes&quot;,&quot;motion_fx_translateX_speed&quot;:{&quot;unit&quot;:&quot;px&quot;,&quot;size&quot;:1,&quot;sizes&quot;:[]},&quot;motion_fx_translateY_affectedRange&quot;:{&quot;unit&quot;:&quot;%&quot;,&quot;size&quot;:&quot;&quot;,&quot;sizes&quot;:{&quot;start&quot;:0,&quot;end&quot;:100}},&quot;motion_fx_translateX_affectedRange&quot;:{&quot;unit&quot;:&quot;%&quot;,&quot;size&quot;:&quot;&quot;,&quot;sizes&quot;:{&quot;start&quot;:0,&quot;end&quot;:100}},&quot;motion_fx_devices&quot;:[&quot;desktop&quot;,&quot;tablet&quot;,&quot;mobile&quot;]}\" data-widget_type=\"spacer.default\">\n\t\t\t\t<div class=\"elementor-widget-container\">\n\t\t\t\t\t\t\t<div class=\"elementor-spacer\">\n\t\t\t<div class=\"elementor-spacer-inner\"><\/div>\n\t\t<\/div>\n\t\t\t\t\t\t<\/div>\n\t\t\t\t<\/div>\n\t\t\t\t<\/div>\n\t\t\t\t\t<\/div>\n\t\t\t\t<\/div>\n\t\t\t\t<\/div>\n\t\t","protected":false},"excerpt":{"rendered":"<p>LACTANCIA MATERNA Dificultades en la lactancia \u00bfSabes que tener dolor al amamantar a tu hijo no es normal? Aunque muchas madres lo sufr\u00eds en silencio pensando que es parte del proceso, no es normal tener grietas en el pez\u00f3n, sentir m\u00e1s sensibilidad, notar que tu hijo muerde el pez\u00f3n o sentir dolor en el pecho [&hellip;]<\/p>\n","protected":false},"author":1,"featured_media":0,"parent":0,"menu_order":0,"comment_status":"closed","ping_status":"closed","template":"","meta":{"footnotes":""},"class_list":["post-1711","page","type-page","status-publish","hentry"],"yoast_head":"<!-- This site is optimized with the Yoast SEO plugin v25.3 - https:\/\/yoast.com\/wordpress\/plugins\/seo\/ -->\n<title>Lact\u00e0ncia Materna | Laia Puigb\u00f2<\/title>\n<meta name=\"description\" content=\"Dolor al pit, clivelles o preses dif\u00edcils? T\u2019ajudo a identificar i resoldre dificultats en la lact\u00e0ncia amb una valoraci\u00f3 respectuosa i personalitzada.\" \/>\n<meta name=\"robots\" content=\"index, follow, max-snippet:-1, max-image-preview:large, max-video-preview:-1\" \/>\n<link rel=\"canonical\" href=\"https:\/\/laiapuigbo.com\/es\/lactancia-materna\/\" \/>\n<meta property=\"og:locale\" content=\"es_ES\" \/>\n<meta property=\"og:type\" content=\"article\" \/>\n<meta property=\"og:title\" content=\"Lact\u00e0ncia Materna | Laia Puigb\u00f2\" \/>\n<meta property=\"og:description\" content=\"Dolor al pit, clivelles o preses dif\u00edcils? T\u2019ajudo a identificar i resoldre dificultats en la lact\u00e0ncia amb una valoraci\u00f3 respectuosa i personalitzada.\" \/>\n<meta property=\"og:url\" content=\"https:\/\/laiapuigbo.com\/es\/lactancia-materna\/\" \/>\n<meta property=\"og:site_name\" content=\"Laia Puigb\u00f2\" \/>\n<meta property=\"article:modified_time\" content=\"2025-06-11T09:40:00+00:00\" \/>\n<meta property=\"og:image\" content=\"https:\/\/laiapuigbo.com\/wp-content\/uploads\/2025\/05\/Lactancia-materna-scaled.jpg\" \/>\n\t<meta property=\"og:image:width\" content=\"2560\" \/>\n\t<meta property=\"og:image:height\" content=\"1707\" \/>\n\t<meta property=\"og:image:type\" content=\"image\/jpeg\" \/>\n<meta name=\"twitter:card\" content=\"summary_large_image\" \/>\n<meta name=\"twitter:label1\" content=\"Tiempo de lectura\" \/>\n\t<meta name=\"twitter:data1\" content=\"2 minutos\" \/>\n<script type=\"application\/ld+json\" class=\"yoast-schema-graph\">{\"@context\":\"https:\/\/schema.org\",\"@graph\":[{\"@type\":\"WebPage\",\"@id\":\"https:\/\/laiapuigbo.com\/es\/lactancia-materna\/\",\"url\":\"https:\/\/laiapuigbo.com\/es\/lactancia-materna\/\",\"name\":\"Lact\u00e0ncia Materna | Laia Puigb\u00f2\",\"isPartOf\":{\"@id\":\"https:\/\/laiapuigbo.com\/es\/#website\"},\"primaryImageOfPage\":{\"@id\":\"https:\/\/laiapuigbo.com\/es\/lactancia-materna\/#primaryimage\"},\"image\":{\"@id\":\"https:\/\/laiapuigbo.com\/es\/lactancia-materna\/#primaryimage\"},\"thumbnailUrl\":\"https:\/\/laiapuigbo.com\/wp-content\/uploads\/2025\/05\/Lactancia-materna-1024x683.jpg\",\"datePublished\":\"2025-05-21T14:20:57+00:00\",\"dateModified\":\"2025-06-11T09:40:00+00:00\",\"description\":\"Dolor al pit, clivelles o preses dif\u00edcils? T\u2019ajudo a identificar i resoldre dificultats en la lact\u00e0ncia amb una valoraci\u00f3 respectuosa i personalitzada.\",\"breadcrumb\":{\"@id\":\"https:\/\/laiapuigbo.com\/es\/lactancia-materna\/#breadcrumb\"},\"inLanguage\":\"es\",\"potentialAction\":[{\"@type\":\"ReadAction\",\"target\":[\"https:\/\/laiapuigbo.com\/es\/lactancia-materna\/\"]}]},{\"@type\":\"ImageObject\",\"inLanguage\":\"es\",\"@id\":\"https:\/\/laiapuigbo.com\/es\/lactancia-materna\/#primaryimage\",\"url\":\"https:\/\/laiapuigbo.com\/wp-content\/uploads\/2025\/05\/Lactancia-materna-1024x683.jpg\",\"contentUrl\":\"https:\/\/laiapuigbo.com\/wp-content\/uploads\/2025\/05\/Lactancia-materna-1024x683.jpg\"},{\"@type\":\"BreadcrumbList\",\"@id\":\"https:\/\/laiapuigbo.com\/es\/lactancia-materna\/#breadcrumb\",\"itemListElement\":[{\"@type\":\"ListItem\",\"position\":1,\"name\":\"Portada\",\"item\":\"https:\/\/laiapuigbo.com\/es\/\"},{\"@type\":\"ListItem\",\"position\":2,\"name\":\"Lactancia materna\"}]},{\"@type\":\"WebSite\",\"@id\":\"https:\/\/laiapuigbo.com\/es\/#website\",\"url\":\"https:\/\/laiapuigbo.com\/es\/\",\"name\":\"Laia Puigb\u00f2\",\"description\":\"\",\"publisher\":{\"@id\":\"https:\/\/laiapuigbo.com\/es\/#organization\"},\"potentialAction\":[{\"@type\":\"SearchAction\",\"target\":{\"@type\":\"EntryPoint\",\"urlTemplate\":\"https:\/\/laiapuigbo.com\/es\/?s={search_term_string}\"},\"query-input\":{\"@type\":\"PropertyValueSpecification\",\"valueRequired\":true,\"valueName\":\"search_term_string\"}}],\"inLanguage\":\"es\"},{\"@type\":\"Organization\",\"@id\":\"https:\/\/laiapuigbo.com\/es\/#organization\",\"name\":\"Laia Puigb\u00f2\",\"url\":\"https:\/\/laiapuigbo.com\/es\/\",\"logo\":{\"@type\":\"ImageObject\",\"inLanguage\":\"es\",\"@id\":\"https:\/\/laiapuigbo.com\/es\/#\/schema\/logo\/image\/\",\"url\":\"https:\/\/laiapuigbo.com\/wp-content\/uploads\/2025\/05\/Logo-Laia-Puigbo.png\",\"contentUrl\":\"https:\/\/laiapuigbo.com\/wp-content\/uploads\/2025\/05\/Logo-Laia-Puigbo.png\",\"width\":508,\"height\":125,\"caption\":\"Laia Puigb\u00f2\"},\"image\":{\"@id\":\"https:\/\/laiapuigbo.com\/es\/#\/schema\/logo\/image\/\"}}]}<\/script>\n<!-- \/ Yoast SEO plugin. -->","yoast_head_json":{"title":"Lact\u00e0ncia Materna | Laia Puigb\u00f2","description":"Dolor al pit, clivelles o preses dif\u00edcils? T\u2019ajudo a identificar i resoldre dificultats en la lact\u00e0ncia amb una valoraci\u00f3 respectuosa i personalitzada.","robots":{"index":"index","follow":"follow","max-snippet":"max-snippet:-1","max-image-preview":"max-image-preview:large","max-video-preview":"max-video-preview:-1"},"canonical":"https:\/\/laiapuigbo.com\/es\/lactancia-materna\/","og_locale":"es_ES","og_type":"article","og_title":"Lact\u00e0ncia Materna | Laia Puigb\u00f2","og_description":"Dolor al pit, clivelles o preses dif\u00edcils? T\u2019ajudo a identificar i resoldre dificultats en la lact\u00e0ncia amb una valoraci\u00f3 respectuosa i personalitzada.","og_url":"https:\/\/laiapuigbo.com\/es\/lactancia-materna\/","og_site_name":"Laia Puigb\u00f2","article_modified_time":"2025-06-11T09:40:00+00:00","og_image":[{"width":2560,"height":1707,"url":"https:\/\/laiapuigbo.com\/wp-content\/uploads\/2025\/05\/Lactancia-materna-scaled.jpg","type":"image\/jpeg"}],"twitter_card":"summary_large_image","twitter_misc":{"Tiempo de lectura":"2 minutos"},"schema":{"@context":"https:\/\/schema.org","@graph":[{"@type":"WebPage","@id":"https:\/\/laiapuigbo.com\/es\/lactancia-materna\/","url":"https:\/\/laiapuigbo.com\/es\/lactancia-materna\/","name":"Lact\u00e0ncia Materna | Laia Puigb\u00f2","isPartOf":{"@id":"https:\/\/laiapuigbo.com\/es\/#website"},"primaryImageOfPage":{"@id":"https:\/\/laiapuigbo.com\/es\/lactancia-materna\/#primaryimage"},"image":{"@id":"https:\/\/laiapuigbo.com\/es\/lactancia-materna\/#primaryimage"},"thumbnailUrl":"https:\/\/laiapuigbo.com\/wp-content\/uploads\/2025\/05\/Lactancia-materna-1024x683.jpg","datePublished":"2025-05-21T14:20:57+00:00","dateModified":"2025-06-11T09:40:00+00:00","description":"Dolor al pit, clivelles o preses dif\u00edcils? T\u2019ajudo a identificar i resoldre dificultats en la lact\u00e0ncia amb una valoraci\u00f3 respectuosa i personalitzada.","breadcrumb":{"@id":"https:\/\/laiapuigbo.com\/es\/lactancia-materna\/#breadcrumb"},"inLanguage":"es","potentialAction":[{"@type":"ReadAction","target":["https:\/\/laiapuigbo.com\/es\/lactancia-materna\/"]}]},{"@type":"ImageObject","inLanguage":"es","@id":"https:\/\/laiapuigbo.com\/es\/lactancia-materna\/#primaryimage","url":"https:\/\/laiapuigbo.com\/wp-content\/uploads\/2025\/05\/Lactancia-materna-1024x683.jpg","contentUrl":"https:\/\/laiapuigbo.com\/wp-content\/uploads\/2025\/05\/Lactancia-materna-1024x683.jpg"},{"@type":"BreadcrumbList","@id":"https:\/\/laiapuigbo.com\/es\/lactancia-materna\/#breadcrumb","itemListElement":[{"@type":"ListItem","position":1,"name":"Portada","item":"https:\/\/laiapuigbo.com\/es\/"},{"@type":"ListItem","position":2,"name":"Lactancia materna"}]},{"@type":"WebSite","@id":"https:\/\/laiapuigbo.com\/es\/#website","url":"https:\/\/laiapuigbo.com\/es\/","name":"Laia Puigb\u00f2","description":"","publisher":{"@id":"https:\/\/laiapuigbo.com\/es\/#organization"},"potentialAction":[{"@type":"SearchAction","target":{"@type":"EntryPoint","urlTemplate":"https:\/\/laiapuigbo.com\/es\/?s={search_term_string}"},"query-input":{"@type":"PropertyValueSpecification","valueRequired":true,"valueName":"search_term_string"}}],"inLanguage":"es"},{"@type":"Organization","@id":"https:\/\/laiapuigbo.com\/es\/#organization","name":"Laia Puigb\u00f2","url":"https:\/\/laiapuigbo.com\/es\/","logo":{"@type":"ImageObject","inLanguage":"es","@id":"https:\/\/laiapuigbo.com\/es\/#\/schema\/logo\/image\/","url":"https:\/\/laiapuigbo.com\/wp-content\/uploads\/2025\/05\/Logo-Laia-Puigbo.png","contentUrl":"https:\/\/laiapuigbo.com\/wp-content\/uploads\/2025\/05\/Logo-Laia-Puigbo.png","width":508,"height":125,"caption":"Laia Puigb\u00f2"},"image":{"@id":"https:\/\/laiapuigbo.com\/es\/#\/schema\/logo\/image\/"}}]}},"_links":{"self":[{"href":"https:\/\/laiapuigbo.com\/es\/wp-json\/wp\/v2\/pages\/1711","targetHints":{"allow":["GET"]}}],"collection":[{"href":"https:\/\/laiapuigbo.com\/es\/wp-json\/wp\/v2\/pages"}],"about":[{"href":"https:\/\/laiapuigbo.com\/es\/wp-json\/wp\/v2\/types\/page"}],"author":[{"embeddable":true,"href":"https:\/\/laiapuigbo.com\/es\/wp-json\/wp\/v2\/users\/1"}],"replies":[{"embeddable":true,"href":"https:\/\/laiapuigbo.com\/es\/wp-json\/wp\/v2\/comments?post=1711"}],"version-history":[{"count":3,"href":"https:\/\/laiapuigbo.com\/es\/wp-json\/wp\/v2\/pages\/1711\/revisions"}],"predecessor-version":[{"id":2119,"href":"https:\/\/laiapuigbo.com\/es\/wp-json\/wp\/v2\/pages\/1711\/revisions\/2119"}],"wp:attachment":[{"href":"https:\/\/laiapuigbo.com\/es\/wp-json\/wp\/v2\/media?parent=1711"}],"curies":[{"name":"wp","href":"https:\/\/api.w.org\/{rel}","templated":true}]}}