{"id":1701,"date":"2025-05-22T14:02:58","date_gmt":"2025-05-22T14:02:58","guid":{"rendered":"https:\/\/laiapuigbo.com\/afectacions-respiratories\/"},"modified":"2025-06-11T09:40:25","modified_gmt":"2025-06-11T09:40:25","slug":"afectaciones-respiratorias","status":"publish","type":"page","link":"https:\/\/laiapuigbo.com\/es\/afectaciones-respiratorias\/","title":{"rendered":"Afectaciones respiratorias"},"content":{"rendered":"\t\t<div data-elementor-type=\"wp-page\" data-elementor-id=\"1701\" class=\"elementor elementor-1701 elementor-1297\" data-elementor-post-type=\"page\">\n\t\t\t\t<div class=\"elementor-element elementor-element-3d06ba31 e-grid e-con-boxed e-con e-parent\" data-id=\"3d06ba31\" data-element_type=\"container\">\n\t\t\t\t\t<div class=\"e-con-inner\">\n\t\t<div class=\"elementor-element elementor-element-5099587 e-con-full e-flex e-con e-child\" data-id=\"5099587\" data-element_type=\"container\">\n\t\t\t\t<div class=\"elementor-element elementor-element-6120ca3d elementor-widget elementor-widget-heading\" data-id=\"6120ca3d\" data-element_type=\"widget\" data-widget_type=\"heading.default\">\n\t\t\t\t<div class=\"elementor-widget-container\">\n\t\t\t\t\t<h1 class=\"elementor-heading-title elementor-size-default\">Afectaciones respiratorias<\/h1>\t\t\t\t<\/div>\n\t\t\t\t<\/div>\n\t\t\t\t<div class=\"elementor-element elementor-element-3cb5909c elementor-widget elementor-widget-heading\" data-id=\"3cb5909c\" data-element_type=\"widget\" data-widget_type=\"heading.default\">\n\t\t\t\t<div class=\"elementor-widget-container\">\n\t\t\t\t\t<h2 class=\"elementor-heading-title elementor-size-default\">Fisioterapia Respiratoria Infantil<\/h2>\t\t\t\t<\/div>\n\t\t\t\t<\/div>\n\t\t\t\t<div class=\"elementor-element elementor-element-6092291c elementor-widget elementor-widget-text-editor\" data-id=\"6092291c\" data-element_type=\"widget\" data-widget_type=\"text-editor.default\">\n\t\t\t\t<div class=\"elementor-widget-container\">\n\t\t\t\t\t\t\t\t\t<p><span style=\"font-weight: 400;\">Mocos, mocos y m\u00e1s mocos. Es muy com\u00fan ver a los m\u00e1s peque\u00f1os con la nariz tapada, con tos, encadenando bronquitis tras bronquitis, y a menudo acabamos normalizando este estado de salud. Seguro que has pensado: <\/span><i><span style=\"font-weight: 400;\">\u201cMi beb\u00e9 tiene mocos y no puede dormir\u201d<\/span><\/i><span style=\"font-weight: 400;\">. Esto es algo frecuente, ya que la mucosidad acumulada dificulta su respiraci\u00f3n y, por tanto, su descanso.<\/span><\/p><p><span style=\"font-weight: 400;\">Los ni\u00f1os tienen m\u00e1s dificultades que los adultos para mover la mucosidad del pecho o sonarse, simplemente porque a menudo no saben hacerlo. Si a esto le sumamos que su sistema inmunitario a\u00fan es inmaduro, es f\u00e1cil que los mocos sean una presencia constante durante meses.<\/span><\/p><p><span style=\"font-weight: 400;\">La fisioterapia respiratoria es una herramienta efectiva para ayudar a los m\u00e1s peque\u00f1os a mejorar su capacidad respiratoria. Consiste en t\u00e9cnicas espec\u00edficas que permiten despegar, movilizar y eliminar la mucosidad acumulada en las v\u00edas respiratorias. Con esto, no solo conseguimos que el ni\u00f1o respire mejor, sino que tambi\u00e9n evitamos complicaciones como sobreinfecciones, otitis o crisis de tos nocturna.<\/span><\/p><p><span style=\"font-weight: 400;\">Con la fisioterapia respiratoria, puedo ayudar a tu hijo a liberar las v\u00edas respiratorias para que pueda pasar estos procesos con m\u00e1s ligereza. El virus o la bacteria no desaparecer\u00e1n, pero disminuyendo la mucosidad, tu hijo podr\u00e1 respirar mejor, comer con m\u00e1s comodidad y dormir tranquilo.<\/span><\/p><p><span style=\"font-weight: 400;\">Seg\u00fan su edad, te ense\u00f1ar\u00e9 diferentes juegos y t\u00e9cnicas para que pod\u00e1is movilizar la mucosidad desde casa, d\u00e1ndoos herramientas para ayudarle. Adem\u00e1s, te ense\u00f1ar\u00e9 a identificar los s\u00edntomas de bronquitis en tu beb\u00e9, as\u00ed como los signos de alarma para acudir a urgencias, para que puedas actuar a tiempo y con confianza. Tambi\u00e9n aprender\u00e1s pautas de prevenci\u00f3n y c\u00f3mo actuar seg\u00fan el momento.<\/span><\/p><p><span style=\"box-sizing: border-box; color: inherit; font-family: inherit; font-size: 1.5rem; letter-spacing: -0.1px;\"><b style=\"box-sizing: border-box; font-weight: bold;\"><b>\u00bfQu\u00e9 afectaciones respiratorias puedo tratar<\/b>?<\/b><\/span><\/p><ul><li style=\"font-weight: 400;\" aria-level=\"1\"><span style=\"font-weight: 400;\"><strong>Bronquiolitis<\/strong>: ayudo a descongestionar los pulmones, mejorar la oxigenaci\u00f3n y ayudar al beb\u00e9 a respirar con m\u00e1s facilidad, reduciendo as\u00ed el riesgo de complicaciones o hospitalizaciones.<\/span><\/li><li style=\"font-weight: 400;\" aria-level=\"1\"><span style=\"font-weight: 400;\"><strong>Bronquitis y neumon\u00edas<\/strong>: \u00fatil para movilizar y eliminar las secreciones, acelerando la recuperaci\u00f3n y mejorando el confort respiratorio.<\/span><\/li><li style=\"font-weight: 400;\" aria-level=\"1\"><span style=\"font-weight: 400;\"><strong>Mucosidad persistente u obstrucci\u00f3n nasal<\/strong>: en beb\u00e9s e infantes peque\u00f1os, ayudo a eliminar la mucosidad acumulada que puede interferir en el sue\u00f1o, la alimentaci\u00f3n o la respiraci\u00f3n diaria.<\/span><\/li><li style=\"font-weight: 400;\" aria-level=\"1\"><span style=\"font-weight: 400;\"><strong>Infecciones respiratorias recurrentes<\/strong>: con un buen drenaje de las v\u00edas respiratorias, puedo ayudar a prevenir sobreinfecciones y favorecer una recuperaci\u00f3n m\u00e1s r\u00e1pida.<\/span><\/li><li style=\"font-weight: 400;\" aria-level=\"1\"><span style=\"font-weight: 400;\"><strong>Asma<\/strong>: con t\u00e9cnicas espec\u00edficas y educaci\u00f3n respiratoria, puedo ayudar a mejorar la funci\u00f3n pulmonar y el control de la respiraci\u00f3n, favoreciendo una mejor calidad de vida.<\/span><\/li><li style=\"font-weight: 400;\" aria-level=\"1\"><span style=\"font-weight: 400;\"><strong>Atelectasias<\/strong>: cuando hay zonas del pulm\u00f3n que no se inflan bien, trabajo para reexpandirlas y mejorar el intercambio de ox\u00edgeno.<\/span><\/li><li style=\"font-weight: 400;\" aria-level=\"1\"><span style=\"font-weight: 400;\"><strong>Dificultades respiratorias en beb\u00e9s prematuros o con patolog\u00edas cr\u00f3nicas<\/strong>: con un abordaje adaptado y respetuoso, ayudo a optimizar la funci\u00f3n pulmonar y a mejorar su calidad de vida.<\/span><\/li><\/ul>\t\t\t\t\t\t\t\t<\/div>\n\t\t\t\t<\/div>\n\t\t\t\t<div class=\"elementor-element elementor-element-2a57ceef elementor-button-success elementor-mobile-align-center elementor-widget elementor-widget-button\" data-id=\"2a57ceef\" data-element_type=\"widget\" data-widget_type=\"button.default\">\n\t\t\t\t<div class=\"elementor-widget-container\">\n\t\t\t\t\t\t\t\t\t<div class=\"elementor-button-wrapper\">\n\t\t\t\t\t<a class=\"elementor-button elementor-button-link elementor-size-sm elementor-animation-shrink\" href=\"https:\/\/laiapuigbo.com\/es\/contacto\/\">\n\t\t\t\t\t\t<span class=\"elementor-button-content-wrapper\">\n\t\t\t\t\t\t\t\t\t<span class=\"elementor-button-text\">PIDE UNA CITA<\/span>\n\t\t\t\t\t<\/span>\n\t\t\t\t\t<\/a>\n\t\t\t\t<\/div>\n\t\t\t\t\t\t\t\t<\/div>\n\t\t\t\t<\/div>\n\t\t\t\t<\/div>\n\t\t<div class=\"elementor-element elementor-element-752c661f e-con-full e-flex e-con e-child\" data-id=\"752c661f\" data-element_type=\"container\">\n\t\t\t\t<div class=\"elementor-element elementor-element-492dee59 elementor-invisible elementor-widget elementor-widget-image\" data-id=\"492dee59\" data-element_type=\"widget\" data-settings=\"{&quot;_animation&quot;:&quot;fadeInRight&quot;}\" data-widget_type=\"image.default\">\n\t\t\t\t<div class=\"elementor-widget-container\">\n\t\t\t\t\t\t\t\t\t\t\t\t\t\t\t<img fetchpriority=\"high\" decoding=\"async\" width=\"800\" height=\"534\" src=\"https:\/\/laiapuigbo.com\/wp-content\/uploads\/2025\/05\/Mocos-bebes-1024x683.jpg\" class=\"attachment-large size-large wp-image-1659\" alt=\"Mocos bebes\" srcset=\"https:\/\/laiapuigbo.com\/wp-content\/uploads\/2025\/05\/Mocos-bebes-1024x683.jpg 1024w, https:\/\/laiapuigbo.com\/wp-content\/uploads\/2025\/05\/Mocos-bebes-300x200.jpg 300w, https:\/\/laiapuigbo.com\/wp-content\/uploads\/2025\/05\/Mocos-bebes-768x512.jpg 768w, https:\/\/laiapuigbo.com\/wp-content\/uploads\/2025\/05\/Mocos-bebes-1536x1024.jpg 1536w, https:\/\/laiapuigbo.com\/wp-content\/uploads\/2025\/05\/Mocos-bebes-2048x1365.jpg 2048w\" sizes=\"(max-width: 800px) 100vw, 800px\" \/>\t\t\t\t\t\t\t\t\t\t\t\t\t\t\t<\/div>\n\t\t\t\t<\/div>\n\t\t\t\t<div class=\"elementor-element elementor-element-389e20b2 elementor-widget__width-initial elementor-absolute elementor-widget-tablet__width-initial elementor-widget-mobile__width-initial elementor-widget elementor-widget-spacer\" data-id=\"389e20b2\" data-element_type=\"widget\" data-settings=\"{&quot;motion_fx_motion_fx_scrolling&quot;:&quot;yes&quot;,&quot;motion_fx_rotateZ_effect&quot;:&quot;yes&quot;,&quot;motion_fx_rotateZ_direction&quot;:&quot;negative&quot;,&quot;motion_fx_rotateZ_speed&quot;:{&quot;unit&quot;:&quot;px&quot;,&quot;size&quot;:4.6,&quot;sizes&quot;:[]},&quot;motion_fx_rotateZ_affectedRange&quot;:{&quot;unit&quot;:&quot;%&quot;,&quot;size&quot;:&quot;&quot;,&quot;sizes&quot;:{&quot;start&quot;:52,&quot;end&quot;:100}},&quot;_position&quot;:&quot;absolute&quot;,&quot;motion_fx_devices&quot;:[&quot;desktop&quot;,&quot;tablet&quot;,&quot;mobile&quot;]}\" data-widget_type=\"spacer.default\">\n\t\t\t\t<div class=\"elementor-widget-container\">\n\t\t\t\t\t\t\t<div class=\"elementor-spacer\">\n\t\t\t<div class=\"elementor-spacer-inner\"><\/div>\n\t\t<\/div>\n\t\t\t\t\t\t<\/div>\n\t\t\t\t<\/div>\n\t\t\t\t<div class=\"elementor-element elementor-element-22774fa6 elementor-widget__width-initial elementor-absolute elementor-widget-tablet__width-initial elementor-widget elementor-widget-spacer\" data-id=\"22774fa6\" data-element_type=\"widget\" data-settings=\"{&quot;motion_fx_motion_fx_scrolling&quot;:&quot;yes&quot;,&quot;_position&quot;:&quot;absolute&quot;,&quot;motion_fx_translateY_effect&quot;:&quot;yes&quot;,&quot;motion_fx_translateY_speed&quot;:{&quot;unit&quot;:&quot;px&quot;,&quot;size&quot;:1,&quot;sizes&quot;:[]},&quot;motion_fx_translateX_effect&quot;:&quot;yes&quot;,&quot;motion_fx_translateX_speed&quot;:{&quot;unit&quot;:&quot;px&quot;,&quot;size&quot;:1,&quot;sizes&quot;:[]},&quot;motion_fx_translateX_direction&quot;:&quot;negative&quot;,&quot;motion_fx_translateY_affectedRange&quot;:{&quot;unit&quot;:&quot;%&quot;,&quot;size&quot;:&quot;&quot;,&quot;sizes&quot;:{&quot;start&quot;:0,&quot;end&quot;:100}},&quot;motion_fx_translateX_affectedRange&quot;:{&quot;unit&quot;:&quot;%&quot;,&quot;size&quot;:&quot;&quot;,&quot;sizes&quot;:{&quot;start&quot;:0,&quot;end&quot;:100}},&quot;motion_fx_devices&quot;:[&quot;desktop&quot;,&quot;tablet&quot;,&quot;mobile&quot;]}\" data-widget_type=\"spacer.default\">\n\t\t\t\t<div class=\"elementor-widget-container\">\n\t\t\t\t\t\t\t<div class=\"elementor-spacer\">\n\t\t\t<div class=\"elementor-spacer-inner\"><\/div>\n\t\t<\/div>\n\t\t\t\t\t\t<\/div>\n\t\t\t\t<\/div>\n\t\t\t\t<div class=\"elementor-element elementor-element-66380ef4 elementor-widget__width-initial elementor-absolute elementor-widget-tablet__width-initial elementor-widget-mobile__width-initial elementor-widget elementor-widget-spacer\" data-id=\"66380ef4\" data-element_type=\"widget\" data-settings=\"{&quot;motion_fx_motion_fx_scrolling&quot;:&quot;yes&quot;,&quot;_position&quot;:&quot;absolute&quot;,&quot;motion_fx_translateY_effect&quot;:&quot;yes&quot;,&quot;motion_fx_translateY_direction&quot;:&quot;negative&quot;,&quot;motion_fx_translateY_speed&quot;:{&quot;unit&quot;:&quot;px&quot;,&quot;size&quot;:1,&quot;sizes&quot;:[]},&quot;motion_fx_translateX_effect&quot;:&quot;yes&quot;,&quot;motion_fx_translateX_speed&quot;:{&quot;unit&quot;:&quot;px&quot;,&quot;size&quot;:1,&quot;sizes&quot;:[]},&quot;motion_fx_translateY_affectedRange&quot;:{&quot;unit&quot;:&quot;%&quot;,&quot;size&quot;:&quot;&quot;,&quot;sizes&quot;:{&quot;start&quot;:0,&quot;end&quot;:100}},&quot;motion_fx_translateX_affectedRange&quot;:{&quot;unit&quot;:&quot;%&quot;,&quot;size&quot;:&quot;&quot;,&quot;sizes&quot;:{&quot;start&quot;:0,&quot;end&quot;:100}},&quot;motion_fx_devices&quot;:[&quot;desktop&quot;,&quot;tablet&quot;,&quot;mobile&quot;]}\" data-widget_type=\"spacer.default\">\n\t\t\t\t<div class=\"elementor-widget-container\">\n\t\t\t\t\t\t\t<div class=\"elementor-spacer\">\n\t\t\t<div class=\"elementor-spacer-inner\"><\/div>\n\t\t<\/div>\n\t\t\t\t\t\t<\/div>\n\t\t\t\t<\/div>\n\t\t\t\t<\/div>\n\t\t\t\t\t<\/div>\n\t\t\t\t<\/div>\n\t\t\t\t<\/div>\n\t\t","protected":false},"excerpt":{"rendered":"<p>Afectaciones respiratorias Fisioterapia Respiratoria Infantil Mocos, mocos y m\u00e1s mocos. Es muy com\u00fan ver a los m\u00e1s peque\u00f1os con la nariz tapada, con tos, encadenando bronquitis tras bronquitis, y a menudo acabamos normalizando este estado de salud. Seguro que has pensado: \u201cMi beb\u00e9 tiene mocos y no puede dormir\u201d. Esto es algo frecuente, ya que [&hellip;]<\/p>\n","protected":false},"author":1,"featured_media":0,"parent":0,"menu_order":0,"comment_status":"closed","ping_status":"closed","template":"","meta":{"footnotes":""},"class_list":["post-1701","page","type-page","status-publish","hentry"],"yoast_head":"<!-- This site is optimized with the Yoast SEO plugin v25.3 - https:\/\/yoast.com\/wordpress\/plugins\/seo\/ -->\n<title>Fisioter\u00e0pia Respirat\u00f2ria Pedi\u00e0trica | Laia Puigb\u00f2<\/title>\n<meta name=\"description\" content=\"Ajudo el teu fill a respirar millor amb t\u00e8cniques per eliminar mocs i millorar la capacitat pulmonar. Tractament de bronquitis, pneum\u00f2nia i m\u00e9s.\" \/>\n<meta name=\"robots\" content=\"index, follow, max-snippet:-1, max-image-preview:large, max-video-preview:-1\" \/>\n<link rel=\"canonical\" href=\"https:\/\/laiapuigbo.com\/es\/afectaciones-respiratorias\/\" \/>\n<meta property=\"og:locale\" content=\"es_ES\" \/>\n<meta property=\"og:type\" content=\"article\" \/>\n<meta property=\"og:title\" content=\"Fisioter\u00e0pia Respirat\u00f2ria Pedi\u00e0trica | Laia Puigb\u00f2\" \/>\n<meta property=\"og:description\" content=\"Ajudo el teu fill a respirar millor amb t\u00e8cniques per eliminar mocs i millorar la capacitat pulmonar. Tractament de bronquitis, pneum\u00f2nia i m\u00e9s.\" \/>\n<meta property=\"og:url\" content=\"https:\/\/laiapuigbo.com\/es\/afectaciones-respiratorias\/\" \/>\n<meta property=\"og:site_name\" content=\"Laia Puigb\u00f2\" \/>\n<meta property=\"article:modified_time\" content=\"2025-06-11T09:40:25+00:00\" \/>\n<meta property=\"og:image\" content=\"https:\/\/laiapuigbo.com\/wp-content\/uploads\/2025\/05\/Mocos-bebes-scaled.jpg\" \/>\n\t<meta property=\"og:image:width\" content=\"2560\" \/>\n\t<meta property=\"og:image:height\" content=\"1707\" \/>\n\t<meta property=\"og:image:type\" content=\"image\/jpeg\" \/>\n<meta name=\"twitter:card\" content=\"summary_large_image\" \/>\n<meta name=\"twitter:label1\" content=\"Tiempo de lectura\" \/>\n\t<meta name=\"twitter:data1\" content=\"3 minutos\" \/>\n<script type=\"application\/ld+json\" class=\"yoast-schema-graph\">{\"@context\":\"https:\/\/schema.org\",\"@graph\":[{\"@type\":\"WebPage\",\"@id\":\"https:\/\/laiapuigbo.com\/es\/afectaciones-respiratorias\/\",\"url\":\"https:\/\/laiapuigbo.com\/es\/afectaciones-respiratorias\/\",\"name\":\"Fisioter\u00e0pia Respirat\u00f2ria Pedi\u00e0trica | Laia Puigb\u00f2\",\"isPartOf\":{\"@id\":\"https:\/\/laiapuigbo.com\/es\/#website\"},\"primaryImageOfPage\":{\"@id\":\"https:\/\/laiapuigbo.com\/es\/afectaciones-respiratorias\/#primaryimage\"},\"image\":{\"@id\":\"https:\/\/laiapuigbo.com\/es\/afectaciones-respiratorias\/#primaryimage\"},\"thumbnailUrl\":\"https:\/\/laiapuigbo.com\/wp-content\/uploads\/2025\/05\/Mocos-bebes-1024x683.jpg\",\"datePublished\":\"2025-05-22T14:02:58+00:00\",\"dateModified\":\"2025-06-11T09:40:25+00:00\",\"description\":\"Ajudo el teu fill a respirar millor amb t\u00e8cniques per eliminar mocs i millorar la capacitat pulmonar. Tractament de bronquitis, pneum\u00f2nia i m\u00e9s.\",\"breadcrumb\":{\"@id\":\"https:\/\/laiapuigbo.com\/es\/afectaciones-respiratorias\/#breadcrumb\"},\"inLanguage\":\"es\",\"potentialAction\":[{\"@type\":\"ReadAction\",\"target\":[\"https:\/\/laiapuigbo.com\/es\/afectaciones-respiratorias\/\"]}]},{\"@type\":\"ImageObject\",\"inLanguage\":\"es\",\"@id\":\"https:\/\/laiapuigbo.com\/es\/afectaciones-respiratorias\/#primaryimage\",\"url\":\"https:\/\/laiapuigbo.com\/wp-content\/uploads\/2025\/05\/Mocos-bebes-1024x683.jpg\",\"contentUrl\":\"https:\/\/laiapuigbo.com\/wp-content\/uploads\/2025\/05\/Mocos-bebes-1024x683.jpg\"},{\"@type\":\"BreadcrumbList\",\"@id\":\"https:\/\/laiapuigbo.com\/es\/afectaciones-respiratorias\/#breadcrumb\",\"itemListElement\":[{\"@type\":\"ListItem\",\"position\":1,\"name\":\"Portada\",\"item\":\"https:\/\/laiapuigbo.com\/es\/\"},{\"@type\":\"ListItem\",\"position\":2,\"name\":\"Afectaciones respiratorias\"}]},{\"@type\":\"WebSite\",\"@id\":\"https:\/\/laiapuigbo.com\/es\/#website\",\"url\":\"https:\/\/laiapuigbo.com\/es\/\",\"name\":\"Laia Puigb\u00f2\",\"description\":\"\",\"publisher\":{\"@id\":\"https:\/\/laiapuigbo.com\/es\/#organization\"},\"potentialAction\":[{\"@type\":\"SearchAction\",\"target\":{\"@type\":\"EntryPoint\",\"urlTemplate\":\"https:\/\/laiapuigbo.com\/es\/?s={search_term_string}\"},\"query-input\":{\"@type\":\"PropertyValueSpecification\",\"valueRequired\":true,\"valueName\":\"search_term_string\"}}],\"inLanguage\":\"es\"},{\"@type\":\"Organization\",\"@id\":\"https:\/\/laiapuigbo.com\/es\/#organization\",\"name\":\"Laia Puigb\u00f2\",\"url\":\"https:\/\/laiapuigbo.com\/es\/\",\"logo\":{\"@type\":\"ImageObject\",\"inLanguage\":\"es\",\"@id\":\"https:\/\/laiapuigbo.com\/es\/#\/schema\/logo\/image\/\",\"url\":\"https:\/\/laiapuigbo.com\/wp-content\/uploads\/2025\/05\/Logo-Laia-Puigbo.png\",\"contentUrl\":\"https:\/\/laiapuigbo.com\/wp-content\/uploads\/2025\/05\/Logo-Laia-Puigbo.png\",\"width\":508,\"height\":125,\"caption\":\"Laia Puigb\u00f2\"},\"image\":{\"@id\":\"https:\/\/laiapuigbo.com\/es\/#\/schema\/logo\/image\/\"}}]}<\/script>\n<!-- \/ Yoast SEO plugin. -->","yoast_head_json":{"title":"Fisioter\u00e0pia Respirat\u00f2ria Pedi\u00e0trica | Laia Puigb\u00f2","description":"Ajudo el teu fill a respirar millor amb t\u00e8cniques per eliminar mocs i millorar la capacitat pulmonar. Tractament de bronquitis, pneum\u00f2nia i m\u00e9s.","robots":{"index":"index","follow":"follow","max-snippet":"max-snippet:-1","max-image-preview":"max-image-preview:large","max-video-preview":"max-video-preview:-1"},"canonical":"https:\/\/laiapuigbo.com\/es\/afectaciones-respiratorias\/","og_locale":"es_ES","og_type":"article","og_title":"Fisioter\u00e0pia Respirat\u00f2ria Pedi\u00e0trica | Laia Puigb\u00f2","og_description":"Ajudo el teu fill a respirar millor amb t\u00e8cniques per eliminar mocs i millorar la capacitat pulmonar. Tractament de bronquitis, pneum\u00f2nia i m\u00e9s.","og_url":"https:\/\/laiapuigbo.com\/es\/afectaciones-respiratorias\/","og_site_name":"Laia Puigb\u00f2","article_modified_time":"2025-06-11T09:40:25+00:00","og_image":[{"width":2560,"height":1707,"url":"https:\/\/laiapuigbo.com\/wp-content\/uploads\/2025\/05\/Mocos-bebes-scaled.jpg","type":"image\/jpeg"}],"twitter_card":"summary_large_image","twitter_misc":{"Tiempo de lectura":"3 minutos"},"schema":{"@context":"https:\/\/schema.org","@graph":[{"@type":"WebPage","@id":"https:\/\/laiapuigbo.com\/es\/afectaciones-respiratorias\/","url":"https:\/\/laiapuigbo.com\/es\/afectaciones-respiratorias\/","name":"Fisioter\u00e0pia Respirat\u00f2ria Pedi\u00e0trica | Laia Puigb\u00f2","isPartOf":{"@id":"https:\/\/laiapuigbo.com\/es\/#website"},"primaryImageOfPage":{"@id":"https:\/\/laiapuigbo.com\/es\/afectaciones-respiratorias\/#primaryimage"},"image":{"@id":"https:\/\/laiapuigbo.com\/es\/afectaciones-respiratorias\/#primaryimage"},"thumbnailUrl":"https:\/\/laiapuigbo.com\/wp-content\/uploads\/2025\/05\/Mocos-bebes-1024x683.jpg","datePublished":"2025-05-22T14:02:58+00:00","dateModified":"2025-06-11T09:40:25+00:00","description":"Ajudo el teu fill a respirar millor amb t\u00e8cniques per eliminar mocs i millorar la capacitat pulmonar. Tractament de bronquitis, pneum\u00f2nia i m\u00e9s.","breadcrumb":{"@id":"https:\/\/laiapuigbo.com\/es\/afectaciones-respiratorias\/#breadcrumb"},"inLanguage":"es","potentialAction":[{"@type":"ReadAction","target":["https:\/\/laiapuigbo.com\/es\/afectaciones-respiratorias\/"]}]},{"@type":"ImageObject","inLanguage":"es","@id":"https:\/\/laiapuigbo.com\/es\/afectaciones-respiratorias\/#primaryimage","url":"https:\/\/laiapuigbo.com\/wp-content\/uploads\/2025\/05\/Mocos-bebes-1024x683.jpg","contentUrl":"https:\/\/laiapuigbo.com\/wp-content\/uploads\/2025\/05\/Mocos-bebes-1024x683.jpg"},{"@type":"BreadcrumbList","@id":"https:\/\/laiapuigbo.com\/es\/afectaciones-respiratorias\/#breadcrumb","itemListElement":[{"@type":"ListItem","position":1,"name":"Portada","item":"https:\/\/laiapuigbo.com\/es\/"},{"@type":"ListItem","position":2,"name":"Afectaciones respiratorias"}]},{"@type":"WebSite","@id":"https:\/\/laiapuigbo.com\/es\/#website","url":"https:\/\/laiapuigbo.com\/es\/","name":"Laia Puigb\u00f2","description":"","publisher":{"@id":"https:\/\/laiapuigbo.com\/es\/#organization"},"potentialAction":[{"@type":"SearchAction","target":{"@type":"EntryPoint","urlTemplate":"https:\/\/laiapuigbo.com\/es\/?s={search_term_string}"},"query-input":{"@type":"PropertyValueSpecification","valueRequired":true,"valueName":"search_term_string"}}],"inLanguage":"es"},{"@type":"Organization","@id":"https:\/\/laiapuigbo.com\/es\/#organization","name":"Laia Puigb\u00f2","url":"https:\/\/laiapuigbo.com\/es\/","logo":{"@type":"ImageObject","inLanguage":"es","@id":"https:\/\/laiapuigbo.com\/es\/#\/schema\/logo\/image\/","url":"https:\/\/laiapuigbo.com\/wp-content\/uploads\/2025\/05\/Logo-Laia-Puigbo.png","contentUrl":"https:\/\/laiapuigbo.com\/wp-content\/uploads\/2025\/05\/Logo-Laia-Puigbo.png","width":508,"height":125,"caption":"Laia Puigb\u00f2"},"image":{"@id":"https:\/\/laiapuigbo.com\/es\/#\/schema\/logo\/image\/"}}]}},"_links":{"self":[{"href":"https:\/\/laiapuigbo.com\/es\/wp-json\/wp\/v2\/pages\/1701","targetHints":{"allow":["GET"]}}],"collection":[{"href":"https:\/\/laiapuigbo.com\/es\/wp-json\/wp\/v2\/pages"}],"about":[{"href":"https:\/\/laiapuigbo.com\/es\/wp-json\/wp\/v2\/types\/page"}],"author":[{"embeddable":true,"href":"https:\/\/laiapuigbo.com\/es\/wp-json\/wp\/v2\/users\/1"}],"replies":[{"embeddable":true,"href":"https:\/\/laiapuigbo.com\/es\/wp-json\/wp\/v2\/comments?post=1701"}],"version-history":[{"count":3,"href":"https:\/\/laiapuigbo.com\/es\/wp-json\/wp\/v2\/pages\/1701\/revisions"}],"predecessor-version":[{"id":2125,"href":"https:\/\/laiapuigbo.com\/es\/wp-json\/wp\/v2\/pages\/1701\/revisions\/2125"}],"wp:attachment":[{"href":"https:\/\/laiapuigbo.com\/es\/wp-json\/wp\/v2\/media?parent=1701"}],"curies":[{"name":"wp","href":"https:\/\/api.w.org\/{rel}","templated":true}]}}