{"id":1692,"date":"2025-05-22T14:17:34","date_gmt":"2025-05-22T14:17:34","guid":{"rendered":"https:\/\/laiapuigbo.com\/afectacions-digestives\/"},"modified":"2025-06-11T09:40:41","modified_gmt":"2025-06-11T09:40:41","slug":"afectaciones-digestivas","status":"publish","type":"page","link":"https:\/\/laiapuigbo.com\/es\/afectaciones-digestivas\/","title":{"rendered":"Afectaciones digestivas"},"content":{"rendered":"\t\t<div data-elementor-type=\"wp-page\" data-elementor-id=\"1692\" class=\"elementor elementor-1692 elementor-1321\" data-elementor-post-type=\"page\">\n\t\t\t\t<div class=\"elementor-element elementor-element-64b9ed22 e-grid e-con-boxed e-con e-parent\" data-id=\"64b9ed22\" data-element_type=\"container\">\n\t\t\t\t\t<div class=\"e-con-inner\">\n\t\t<div class=\"elementor-element elementor-element-63571d75 e-con-full e-flex e-con e-child\" data-id=\"63571d75\" data-element_type=\"container\">\n\t\t\t\t<div class=\"elementor-element elementor-element-3dcbeb31 elementor-widget elementor-widget-heading\" data-id=\"3dcbeb31\" data-element_type=\"widget\" data-widget_type=\"heading.default\">\n\t\t\t\t<div class=\"elementor-widget-container\">\n\t\t\t\t\t<h1 class=\"elementor-heading-title elementor-size-default\">Afectaciones digestivas\n<\/h1>\t\t\t\t<\/div>\n\t\t\t\t<\/div>\n\t\t\t\t<div class=\"elementor-element elementor-element-257a2a1c elementor-widget elementor-widget-heading\" data-id=\"257a2a1c\" data-element_type=\"widget\" data-widget_type=\"heading.default\">\n\t\t\t\t<div class=\"elementor-widget-container\">\n\t\t\t\t\t<h2 class=\"elementor-heading-title elementor-size-default\">Fisioterapia digestiva para el confort de tu beb\u00e9\n<\/h2>\t\t\t\t<\/div>\n\t\t\t\t<\/div>\n\t\t\t\t<div class=\"elementor-element elementor-element-489ac5b4 elementor-widget elementor-widget-text-editor\" data-id=\"489ac5b4\" data-element_type=\"widget\" data-widget_type=\"text-editor.default\">\n\t\t\t\t<div class=\"elementor-widget-container\">\n\t\t\t\t\t\t\t\t\t<p><span style=\"font-weight: 400;\">Los problemas digestivos son muy comunes en los beb\u00e9s, especialmente durante los primeros meses de vida. Aunque a menudo se consideran normales, eso no significa que debas resignarte a ver c\u00f3mo tu peque\u00f1o o peque\u00f1a sufre. Cuando tu beb\u00e9 llora con frecuencia, hace mucho esfuerzo para defecar o parece inc\u00f3modo despu\u00e9s de las tomas, es natural que te preocupes y busques soluciones.<\/span><\/p><p><span style=\"font-weight: 400;\">En consulta, puedo ayudarte a aliviar y resolver estas dificultades digestivas de forma suave y segura. Mediante t\u00e9cnicas manuales suaves y una valoraci\u00f3n global del beb\u00e9, trabajaremos para mejorar su bienestar digestivo. Adem\u00e1s, te proporcionar\u00e9 pautas y consejos pr\u00e1cticos para aplicar en casa, que os ayudar\u00e1n a prevenir y gestionar los s\u00edntomas en el d\u00eda a d\u00eda. El objetivo no es solo aliviar el malestar moment\u00e1neo, sino buscar y tratar el origen del problema para reducir su frecuencia e intensidad de forma efectiva.<\/span><\/p><p><span style=\"color: inherit; font-family: inherit; font-size: 1.5rem; letter-spacing: -0.1px;\"><b>\u00bfQu\u00e9 problemas digestivos puedo tratar?<\/b><\/span><\/p><ul><li style=\"font-weight: 400;\" aria-level=\"1\"><span style=\"font-weight: 400;\"><strong>C\u00f3licos del lactante<\/strong>: son episodios de llanto intenso y malestar relacionados con espasmos intestinales. Mediante t\u00e9cnicas manuales suaves, ayudo a aliviar la tensi\u00f3n abdominal, favorecer la digesti\u00f3n y calmar el sistema nervioso del beb\u00e9.<\/span><span style=\"font-weight: 400;\"><br \/><\/span><\/li><li style=\"font-weight: 400;\" aria-level=\"1\"><span style=\"font-weight: 400;\"><strong>Gases<\/strong>: los gases pueden provocar molestias, irritabilidad y dificultad para dormir, especialmente si se acumulan y cuesta expulsarlos. En consulta, trabajo para facilitar su expulsi\u00f3n y mejorar el confort digestivo del beb\u00e9 con t\u00e9cnicas espec\u00edficas y pautas posturales.<\/span><span style=\"font-weight: 400;\"><br \/><\/span><\/li><li style=\"font-weight: 400;\" aria-level=\"1\"><span style=\"font-weight: 400;\"><strong>Estre\u00f1imiento<\/strong>: cuando cuesta hacer caca o aparece mucho tiempo entre deposiciones, podemos estimular el tr\u00e1nsito intestinal del beb\u00e9, relajar la zona abdominal y mejorar su bienestar digestivo con un abordaje suave y efectivo.<\/span><span style=\"font-weight: 400;\"><br \/><\/span><\/li><li style=\"font-weight: 400;\" aria-level=\"1\"><span style=\"font-weight: 400;\"><strong>Reflujo gastroesof\u00e1gico<\/strong>: en caso de regurgitaciones frecuentes, irritabilidad o molestia despu\u00e9s de las tomas, puedo ayudar a reducir la intensidad del reflujo trabajando la zona abdominal y mejorando la postura y digesti\u00f3n del beb\u00e9.<\/span><span style=\"font-weight: 400;\"><br \/><\/span><\/li><li style=\"font-weight: 400;\" aria-level=\"1\"><span style=\"font-weight: 400;\"><strong>Disquinesia del lactante<\/strong>: un trastorno muy habitual en beb\u00e9s sanos, que se manifiesta cuando el beb\u00e9 hace mucho esfuerzo, llora y se muestra inc\u00f3modo antes de defecar, pero finalmente hace caca blanda. No se trata de estre\u00f1imiento, sino de una descoordinaci\u00f3n entre el esfuerzo abdominal y la relajaci\u00f3n del esf\u00ednter anal. Con una valoraci\u00f3n y acompa\u00f1amiento adecuados, se puede ayudar a madurar este reflejo y reducir el malestar que provoca.<br \/><br \/><\/span><\/li><\/ul><p><span style=\"font-weight: 400;\">Recuerda que el sistema digestivo de los beb\u00e9s a\u00fan est\u00e1 en desarrollo, y que con apoyo y una mirada profesional, podemos hacer mucho para ayudarles. Si tienes dudas o s\u00edntomas que te preocupan, estoy aqu\u00ed para acompa\u00f1aros y encontrar la mejor manera de que tu beb\u00e9 se sienta mejor.<\/span><\/p>\t\t\t\t\t\t\t\t<\/div>\n\t\t\t\t<\/div>\n\t\t\t\t<div class=\"elementor-element elementor-element-2d5e9fe7 elementor-button-success elementor-mobile-align-center elementor-widget elementor-widget-button\" data-id=\"2d5e9fe7\" data-element_type=\"widget\" data-widget_type=\"button.default\">\n\t\t\t\t<div class=\"elementor-widget-container\">\n\t\t\t\t\t\t\t\t\t<div class=\"elementor-button-wrapper\">\n\t\t\t\t\t<a class=\"elementor-button elementor-button-link elementor-size-sm elementor-animation-shrink\" href=\"https:\/\/laiapuigbo.com\/es\/contacto\/\">\n\t\t\t\t\t\t<span class=\"elementor-button-content-wrapper\">\n\t\t\t\t\t\t\t\t\t<span class=\"elementor-button-text\">PIDE UNA CITA<\/span>\n\t\t\t\t\t<\/span>\n\t\t\t\t\t<\/a>\n\t\t\t\t<\/div>\n\t\t\t\t\t\t\t\t<\/div>\n\t\t\t\t<\/div>\n\t\t\t\t<\/div>\n\t\t<div class=\"elementor-element elementor-element-3e000b90 e-con-full e-flex e-con e-child\" data-id=\"3e000b90\" data-element_type=\"container\">\n\t\t\t\t<div class=\"elementor-element elementor-element-ea65f3b elementor-invisible elementor-widget elementor-widget-image\" data-id=\"ea65f3b\" data-element_type=\"widget\" data-settings=\"{&quot;_animation&quot;:&quot;fadeInRight&quot;}\" data-widget_type=\"image.default\">\n\t\t\t\t<div class=\"elementor-widget-container\">\n\t\t\t\t\t\t\t\t\t\t\t\t\t\t\t<img fetchpriority=\"high\" decoding=\"async\" width=\"800\" height=\"534\" src=\"https:\/\/laiapuigbo.com\/wp-content\/uploads\/2025\/05\/Colicosdellactante-1024x683.jpg\" class=\"attachment-large size-large wp-image-1658\" alt=\"Colicos del lactante\" srcset=\"https:\/\/laiapuigbo.com\/wp-content\/uploads\/2025\/05\/Colicosdellactante-1024x683.jpg 1024w, https:\/\/laiapuigbo.com\/wp-content\/uploads\/2025\/05\/Colicosdellactante-300x200.jpg 300w, https:\/\/laiapuigbo.com\/wp-content\/uploads\/2025\/05\/Colicosdellactante-768x512.jpg 768w, https:\/\/laiapuigbo.com\/wp-content\/uploads\/2025\/05\/Colicosdellactante-1536x1024.jpg 1536w, https:\/\/laiapuigbo.com\/wp-content\/uploads\/2025\/05\/Colicosdellactante-2048x1365.jpg 2048w\" sizes=\"(max-width: 800px) 100vw, 800px\" \/>\t\t\t\t\t\t\t\t\t\t\t\t\t\t\t<\/div>\n\t\t\t\t<\/div>\n\t\t\t\t<div class=\"elementor-element elementor-element-1b1d0d53 elementor-widget__width-initial elementor-absolute elementor-widget-tablet__width-initial elementor-widget-mobile__width-initial elementor-widget elementor-widget-spacer\" data-id=\"1b1d0d53\" data-element_type=\"widget\" data-settings=\"{&quot;motion_fx_motion_fx_scrolling&quot;:&quot;yes&quot;,&quot;motion_fx_rotateZ_effect&quot;:&quot;yes&quot;,&quot;motion_fx_rotateZ_direction&quot;:&quot;negative&quot;,&quot;motion_fx_rotateZ_speed&quot;:{&quot;unit&quot;:&quot;px&quot;,&quot;size&quot;:4.6,&quot;sizes&quot;:[]},&quot;motion_fx_rotateZ_affectedRange&quot;:{&quot;unit&quot;:&quot;%&quot;,&quot;size&quot;:&quot;&quot;,&quot;sizes&quot;:{&quot;start&quot;:52,&quot;end&quot;:100}},&quot;_position&quot;:&quot;absolute&quot;,&quot;motion_fx_devices&quot;:[&quot;desktop&quot;,&quot;tablet&quot;,&quot;mobile&quot;]}\" data-widget_type=\"spacer.default\">\n\t\t\t\t<div class=\"elementor-widget-container\">\n\t\t\t\t\t\t\t<div class=\"elementor-spacer\">\n\t\t\t<div class=\"elementor-spacer-inner\"><\/div>\n\t\t<\/div>\n\t\t\t\t\t\t<\/div>\n\t\t\t\t<\/div>\n\t\t\t\t<div class=\"elementor-element elementor-element-7432201 elementor-widget__width-initial elementor-absolute elementor-widget-tablet__width-initial elementor-widget elementor-widget-spacer\" data-id=\"7432201\" data-element_type=\"widget\" data-settings=\"{&quot;motion_fx_motion_fx_scrolling&quot;:&quot;yes&quot;,&quot;_position&quot;:&quot;absolute&quot;,&quot;motion_fx_translateY_effect&quot;:&quot;yes&quot;,&quot;motion_fx_translateY_speed&quot;:{&quot;unit&quot;:&quot;px&quot;,&quot;size&quot;:1,&quot;sizes&quot;:[]},&quot;motion_fx_translateX_effect&quot;:&quot;yes&quot;,&quot;motion_fx_translateX_speed&quot;:{&quot;unit&quot;:&quot;px&quot;,&quot;size&quot;:1,&quot;sizes&quot;:[]},&quot;motion_fx_translateX_direction&quot;:&quot;negative&quot;,&quot;motion_fx_translateY_affectedRange&quot;:{&quot;unit&quot;:&quot;%&quot;,&quot;size&quot;:&quot;&quot;,&quot;sizes&quot;:{&quot;start&quot;:0,&quot;end&quot;:100}},&quot;motion_fx_translateX_affectedRange&quot;:{&quot;unit&quot;:&quot;%&quot;,&quot;size&quot;:&quot;&quot;,&quot;sizes&quot;:{&quot;start&quot;:0,&quot;end&quot;:100}},&quot;motion_fx_devices&quot;:[&quot;desktop&quot;,&quot;tablet&quot;,&quot;mobile&quot;]}\" data-widget_type=\"spacer.default\">\n\t\t\t\t<div class=\"elementor-widget-container\">\n\t\t\t\t\t\t\t<div class=\"elementor-spacer\">\n\t\t\t<div class=\"elementor-spacer-inner\"><\/div>\n\t\t<\/div>\n\t\t\t\t\t\t<\/div>\n\t\t\t\t<\/div>\n\t\t\t\t<div class=\"elementor-element elementor-element-54ef1883 elementor-widget__width-initial elementor-absolute elementor-widget-tablet__width-initial elementor-widget-mobile__width-initial elementor-widget elementor-widget-spacer\" data-id=\"54ef1883\" data-element_type=\"widget\" data-settings=\"{&quot;motion_fx_motion_fx_scrolling&quot;:&quot;yes&quot;,&quot;_position&quot;:&quot;absolute&quot;,&quot;motion_fx_translateY_effect&quot;:&quot;yes&quot;,&quot;motion_fx_translateY_direction&quot;:&quot;negative&quot;,&quot;motion_fx_translateY_speed&quot;:{&quot;unit&quot;:&quot;px&quot;,&quot;size&quot;:1,&quot;sizes&quot;:[]},&quot;motion_fx_translateX_effect&quot;:&quot;yes&quot;,&quot;motion_fx_translateX_speed&quot;:{&quot;unit&quot;:&quot;px&quot;,&quot;size&quot;:1,&quot;sizes&quot;:[]},&quot;motion_fx_translateY_affectedRange&quot;:{&quot;unit&quot;:&quot;%&quot;,&quot;size&quot;:&quot;&quot;,&quot;sizes&quot;:{&quot;start&quot;:0,&quot;end&quot;:100}},&quot;motion_fx_translateX_affectedRange&quot;:{&quot;unit&quot;:&quot;%&quot;,&quot;size&quot;:&quot;&quot;,&quot;sizes&quot;:{&quot;start&quot;:0,&quot;end&quot;:100}},&quot;motion_fx_devices&quot;:[&quot;desktop&quot;,&quot;tablet&quot;,&quot;mobile&quot;]}\" data-widget_type=\"spacer.default\">\n\t\t\t\t<div class=\"elementor-widget-container\">\n\t\t\t\t\t\t\t<div class=\"elementor-spacer\">\n\t\t\t<div class=\"elementor-spacer-inner\"><\/div>\n\t\t<\/div>\n\t\t\t\t\t\t<\/div>\n\t\t\t\t<\/div>\n\t\t\t\t<\/div>\n\t\t\t\t\t<\/div>\n\t\t\t\t<\/div>\n\t\t\t\t<\/div>\n\t\t","protected":false},"excerpt":{"rendered":"<p>Afectaciones digestivas Fisioterapia digestiva para el confort de tu beb\u00e9 Los problemas digestivos son muy comunes en los beb\u00e9s, especialmente durante los primeros meses de vida. Aunque a menudo se consideran normales, eso no significa que debas resignarte a ver c\u00f3mo tu peque\u00f1o o peque\u00f1a sufre. Cuando tu beb\u00e9 llora con frecuencia, hace mucho esfuerzo [&hellip;]<\/p>\n","protected":false},"author":1,"featured_media":0,"parent":0,"menu_order":0,"comment_status":"closed","ping_status":"closed","template":"","meta":{"footnotes":""},"class_list":["post-1692","page","type-page","status-publish","hentry"],"yoast_head":"<!-- This site is optimized with the Yoast SEO plugin v25.3 - https:\/\/yoast.com\/wordpress\/plugins\/seo\/ -->\n<title>C\u00f2lics, Reflux i Restrenyiment en Nadons | Laia Puigb\u00f2<\/title>\n<meta name=\"description\" content=\"Tractament suau i efectiu de c\u00f2lics, gasos, reflux i restrenyiment. Acompanyament personalitzat per millorar el benestar digestiu del teu nad\u00f3.\" \/>\n<meta name=\"robots\" content=\"index, follow, max-snippet:-1, max-image-preview:large, max-video-preview:-1\" \/>\n<link rel=\"canonical\" href=\"https:\/\/laiapuigbo.com\/es\/afectaciones-digestivas\/\" \/>\n<meta property=\"og:locale\" content=\"es_ES\" \/>\n<meta property=\"og:type\" content=\"article\" \/>\n<meta property=\"og:title\" content=\"C\u00f2lics, Reflux i Restrenyiment en Nadons | Laia Puigb\u00f2\" \/>\n<meta property=\"og:description\" content=\"Tractament suau i efectiu de c\u00f2lics, gasos, reflux i restrenyiment. Acompanyament personalitzat per millorar el benestar digestiu del teu nad\u00f3.\" \/>\n<meta property=\"og:url\" content=\"https:\/\/laiapuigbo.com\/es\/afectaciones-digestivas\/\" \/>\n<meta property=\"og:site_name\" content=\"Laia Puigb\u00f2\" \/>\n<meta property=\"article:modified_time\" content=\"2025-06-11T09:40:41+00:00\" \/>\n<meta property=\"og:image\" content=\"https:\/\/laiapuigbo.com\/wp-content\/uploads\/2025\/05\/Colicosdellactante-scaled.jpg\" \/>\n\t<meta property=\"og:image:width\" content=\"2560\" \/>\n\t<meta property=\"og:image:height\" content=\"1707\" \/>\n\t<meta property=\"og:image:type\" content=\"image\/jpeg\" \/>\n<meta name=\"twitter:card\" content=\"summary_large_image\" \/>\n<meta name=\"twitter:label1\" content=\"Tiempo de lectura\" \/>\n\t<meta name=\"twitter:data1\" content=\"3 minutos\" \/>\n<script type=\"application\/ld+json\" class=\"yoast-schema-graph\">{\"@context\":\"https:\/\/schema.org\",\"@graph\":[{\"@type\":\"WebPage\",\"@id\":\"https:\/\/laiapuigbo.com\/es\/afectaciones-digestivas\/\",\"url\":\"https:\/\/laiapuigbo.com\/es\/afectaciones-digestivas\/\",\"name\":\"C\u00f2lics, Reflux i Restrenyiment en Nadons | Laia Puigb\u00f2\",\"isPartOf\":{\"@id\":\"https:\/\/laiapuigbo.com\/es\/#website\"},\"primaryImageOfPage\":{\"@id\":\"https:\/\/laiapuigbo.com\/es\/afectaciones-digestivas\/#primaryimage\"},\"image\":{\"@id\":\"https:\/\/laiapuigbo.com\/es\/afectaciones-digestivas\/#primaryimage\"},\"thumbnailUrl\":\"https:\/\/laiapuigbo.com\/wp-content\/uploads\/2025\/05\/Colicosdellactante-1024x683.jpg\",\"datePublished\":\"2025-05-22T14:17:34+00:00\",\"dateModified\":\"2025-06-11T09:40:41+00:00\",\"description\":\"Tractament suau i efectiu de c\u00f2lics, gasos, reflux i restrenyiment. Acompanyament personalitzat per millorar el benestar digestiu del teu nad\u00f3.\",\"breadcrumb\":{\"@id\":\"https:\/\/laiapuigbo.com\/es\/afectaciones-digestivas\/#breadcrumb\"},\"inLanguage\":\"es\",\"potentialAction\":[{\"@type\":\"ReadAction\",\"target\":[\"https:\/\/laiapuigbo.com\/es\/afectaciones-digestivas\/\"]}]},{\"@type\":\"ImageObject\",\"inLanguage\":\"es\",\"@id\":\"https:\/\/laiapuigbo.com\/es\/afectaciones-digestivas\/#primaryimage\",\"url\":\"https:\/\/laiapuigbo.com\/wp-content\/uploads\/2025\/05\/Colicosdellactante-1024x683.jpg\",\"contentUrl\":\"https:\/\/laiapuigbo.com\/wp-content\/uploads\/2025\/05\/Colicosdellactante-1024x683.jpg\"},{\"@type\":\"BreadcrumbList\",\"@id\":\"https:\/\/laiapuigbo.com\/es\/afectaciones-digestivas\/#breadcrumb\",\"itemListElement\":[{\"@type\":\"ListItem\",\"position\":1,\"name\":\"Portada\",\"item\":\"https:\/\/laiapuigbo.com\/es\/\"},{\"@type\":\"ListItem\",\"position\":2,\"name\":\"Afectaciones digestivas\"}]},{\"@type\":\"WebSite\",\"@id\":\"https:\/\/laiapuigbo.com\/es\/#website\",\"url\":\"https:\/\/laiapuigbo.com\/es\/\",\"name\":\"Laia Puigb\u00f2\",\"description\":\"\",\"publisher\":{\"@id\":\"https:\/\/laiapuigbo.com\/es\/#organization\"},\"potentialAction\":[{\"@type\":\"SearchAction\",\"target\":{\"@type\":\"EntryPoint\",\"urlTemplate\":\"https:\/\/laiapuigbo.com\/es\/?s={search_term_string}\"},\"query-input\":{\"@type\":\"PropertyValueSpecification\",\"valueRequired\":true,\"valueName\":\"search_term_string\"}}],\"inLanguage\":\"es\"},{\"@type\":\"Organization\",\"@id\":\"https:\/\/laiapuigbo.com\/es\/#organization\",\"name\":\"Laia Puigb\u00f2\",\"url\":\"https:\/\/laiapuigbo.com\/es\/\",\"logo\":{\"@type\":\"ImageObject\",\"inLanguage\":\"es\",\"@id\":\"https:\/\/laiapuigbo.com\/es\/#\/schema\/logo\/image\/\",\"url\":\"https:\/\/laiapuigbo.com\/wp-content\/uploads\/2025\/05\/Logo-Laia-Puigbo.png\",\"contentUrl\":\"https:\/\/laiapuigbo.com\/wp-content\/uploads\/2025\/05\/Logo-Laia-Puigbo.png\",\"width\":508,\"height\":125,\"caption\":\"Laia Puigb\u00f2\"},\"image\":{\"@id\":\"https:\/\/laiapuigbo.com\/es\/#\/schema\/logo\/image\/\"}}]}<\/script>\n<!-- \/ Yoast SEO plugin. -->","yoast_head_json":{"title":"C\u00f2lics, Reflux i Restrenyiment en Nadons | Laia Puigb\u00f2","description":"Tractament suau i efectiu de c\u00f2lics, gasos, reflux i restrenyiment. Acompanyament personalitzat per millorar el benestar digestiu del teu nad\u00f3.","robots":{"index":"index","follow":"follow","max-snippet":"max-snippet:-1","max-image-preview":"max-image-preview:large","max-video-preview":"max-video-preview:-1"},"canonical":"https:\/\/laiapuigbo.com\/es\/afectaciones-digestivas\/","og_locale":"es_ES","og_type":"article","og_title":"C\u00f2lics, Reflux i Restrenyiment en Nadons | Laia Puigb\u00f2","og_description":"Tractament suau i efectiu de c\u00f2lics, gasos, reflux i restrenyiment. Acompanyament personalitzat per millorar el benestar digestiu del teu nad\u00f3.","og_url":"https:\/\/laiapuigbo.com\/es\/afectaciones-digestivas\/","og_site_name":"Laia Puigb\u00f2","article_modified_time":"2025-06-11T09:40:41+00:00","og_image":[{"width":2560,"height":1707,"url":"https:\/\/laiapuigbo.com\/wp-content\/uploads\/2025\/05\/Colicosdellactante-scaled.jpg","type":"image\/jpeg"}],"twitter_card":"summary_large_image","twitter_misc":{"Tiempo de lectura":"3 minutos"},"schema":{"@context":"https:\/\/schema.org","@graph":[{"@type":"WebPage","@id":"https:\/\/laiapuigbo.com\/es\/afectaciones-digestivas\/","url":"https:\/\/laiapuigbo.com\/es\/afectaciones-digestivas\/","name":"C\u00f2lics, Reflux i Restrenyiment en Nadons | Laia Puigb\u00f2","isPartOf":{"@id":"https:\/\/laiapuigbo.com\/es\/#website"},"primaryImageOfPage":{"@id":"https:\/\/laiapuigbo.com\/es\/afectaciones-digestivas\/#primaryimage"},"image":{"@id":"https:\/\/laiapuigbo.com\/es\/afectaciones-digestivas\/#primaryimage"},"thumbnailUrl":"https:\/\/laiapuigbo.com\/wp-content\/uploads\/2025\/05\/Colicosdellactante-1024x683.jpg","datePublished":"2025-05-22T14:17:34+00:00","dateModified":"2025-06-11T09:40:41+00:00","description":"Tractament suau i efectiu de c\u00f2lics, gasos, reflux i restrenyiment. Acompanyament personalitzat per millorar el benestar digestiu del teu nad\u00f3.","breadcrumb":{"@id":"https:\/\/laiapuigbo.com\/es\/afectaciones-digestivas\/#breadcrumb"},"inLanguage":"es","potentialAction":[{"@type":"ReadAction","target":["https:\/\/laiapuigbo.com\/es\/afectaciones-digestivas\/"]}]},{"@type":"ImageObject","inLanguage":"es","@id":"https:\/\/laiapuigbo.com\/es\/afectaciones-digestivas\/#primaryimage","url":"https:\/\/laiapuigbo.com\/wp-content\/uploads\/2025\/05\/Colicosdellactante-1024x683.jpg","contentUrl":"https:\/\/laiapuigbo.com\/wp-content\/uploads\/2025\/05\/Colicosdellactante-1024x683.jpg"},{"@type":"BreadcrumbList","@id":"https:\/\/laiapuigbo.com\/es\/afectaciones-digestivas\/#breadcrumb","itemListElement":[{"@type":"ListItem","position":1,"name":"Portada","item":"https:\/\/laiapuigbo.com\/es\/"},{"@type":"ListItem","position":2,"name":"Afectaciones digestivas"}]},{"@type":"WebSite","@id":"https:\/\/laiapuigbo.com\/es\/#website","url":"https:\/\/laiapuigbo.com\/es\/","name":"Laia Puigb\u00f2","description":"","publisher":{"@id":"https:\/\/laiapuigbo.com\/es\/#organization"},"potentialAction":[{"@type":"SearchAction","target":{"@type":"EntryPoint","urlTemplate":"https:\/\/laiapuigbo.com\/es\/?s={search_term_string}"},"query-input":{"@type":"PropertyValueSpecification","valueRequired":true,"valueName":"search_term_string"}}],"inLanguage":"es"},{"@type":"Organization","@id":"https:\/\/laiapuigbo.com\/es\/#organization","name":"Laia Puigb\u00f2","url":"https:\/\/laiapuigbo.com\/es\/","logo":{"@type":"ImageObject","inLanguage":"es","@id":"https:\/\/laiapuigbo.com\/es\/#\/schema\/logo\/image\/","url":"https:\/\/laiapuigbo.com\/wp-content\/uploads\/2025\/05\/Logo-Laia-Puigbo.png","contentUrl":"https:\/\/laiapuigbo.com\/wp-content\/uploads\/2025\/05\/Logo-Laia-Puigbo.png","width":508,"height":125,"caption":"Laia Puigb\u00f2"},"image":{"@id":"https:\/\/laiapuigbo.com\/es\/#\/schema\/logo\/image\/"}}]}},"_links":{"self":[{"href":"https:\/\/laiapuigbo.com\/es\/wp-json\/wp\/v2\/pages\/1692","targetHints":{"allow":["GET"]}}],"collection":[{"href":"https:\/\/laiapuigbo.com\/es\/wp-json\/wp\/v2\/pages"}],"about":[{"href":"https:\/\/laiapuigbo.com\/es\/wp-json\/wp\/v2\/types\/page"}],"author":[{"embeddable":true,"href":"https:\/\/laiapuigbo.com\/es\/wp-json\/wp\/v2\/users\/1"}],"replies":[{"embeddable":true,"href":"https:\/\/laiapuigbo.com\/es\/wp-json\/wp\/v2\/comments?post=1692"}],"version-history":[{"count":3,"href":"https:\/\/laiapuigbo.com\/es\/wp-json\/wp\/v2\/pages\/1692\/revisions"}],"predecessor-version":[{"id":2128,"href":"https:\/\/laiapuigbo.com\/es\/wp-json\/wp\/v2\/pages\/1692\/revisions\/2128"}],"wp:attachment":[{"href":"https:\/\/laiapuigbo.com\/es\/wp-json\/wp\/v2\/media?parent=1692"}],"curies":[{"name":"wp","href":"https:\/\/api.w.org\/{rel}","templated":true}]}}