{"id":718,"date":"2025-05-21T13:44:21","date_gmt":"2025-05-21T13:44:21","guid":{"rendered":"https:\/\/laiapuigbo.com\/?page_id=718"},"modified":"2025-06-11T09:33:11","modified_gmt":"2025-06-11T09:33:11","slug":"desenvolupament-psicomotor","status":"publish","type":"page","link":"https:\/\/laiapuigbo.com\/ca\/desenvolupament-psicomotor\/","title":{"rendered":"Psicomotricitat Infantil"},"content":{"rendered":"\t\t<div data-elementor-type=\"wp-page\" data-elementor-id=\"718\" class=\"elementor elementor-718\" data-elementor-post-type=\"page\">\n\t\t\t\t<div class=\"elementor-element elementor-element-54b7e00 e-grid e-con-boxed e-con e-parent\" data-id=\"54b7e00\" data-element_type=\"container\">\n\t\t\t\t\t<div class=\"e-con-inner\">\n\t\t<div class=\"elementor-element elementor-element-8b6a9a5 e-con-full e-flex e-con e-child\" data-id=\"8b6a9a5\" data-element_type=\"container\">\n\t\t\t\t<div class=\"elementor-element elementor-element-143aec2 elementor-widget elementor-widget-heading\" data-id=\"143aec2\" data-element_type=\"widget\" data-widget_type=\"heading.default\">\n\t\t\t\t<div class=\"elementor-widget-container\">\n\t\t\t\t\t<h1 class=\"elementor-heading-title elementor-size-default\">PSICOMOTRICITAT INFANTIL<\/h1>\t\t\t\t<\/div>\n\t\t\t\t<\/div>\n\t\t\t\t<div class=\"elementor-element elementor-element-a413033 elementor-widget elementor-widget-heading\" data-id=\"a413033\" data-element_type=\"widget\" data-widget_type=\"heading.default\">\n\t\t\t\t<div class=\"elementor-widget-container\">\n\t\t\t\t\t<h2 class=\"elementor-heading-title elementor-size-default\">Alteracions del desenvolupament psicomotor\u200b<\/h2>\t\t\t\t<\/div>\n\t\t\t\t<\/div>\n\t\t\t\t<div class=\"elementor-element elementor-element-f279489 elementor-widget elementor-widget-text-editor\" data-id=\"f279489\" data-element_type=\"widget\" data-widget_type=\"text-editor.default\">\n\t\t\t\t<div class=\"elementor-widget-container\">\n\t\t\t\t\t\t\t\t\t<p><span style=\"font-weight: 400;\">Quan arriba un fill a la teva vida, \u00e9s normal que et preguntis com pots ajudar-lo a cr\u00e9ixer de la millor manera. Com estimular-lo perqu\u00e8 adquireixi les habilitats pr\u00f2pies de la seva edat? Com jugar amb ell? Quines activitats i posicions s\u00f3n les m\u00e9s adequades? Jo et puc ajudar: et donar\u00e9 idees i, junts, l\u2019acompanyarem en el seu creixement.<\/span><\/p><p><span style=\"font-weight: 400;\">A vegades, per\u00f2, hi ha infants que, per diferents motius, adquireixen les habilitats \u00a0 psicomotrius fora dels rangs considerats normals: no es giren, no gategen, tenen dificultats per caminar\u2026 Aix\u00f2 no sempre significa que hi hagi un problema, per\u00f2 sempre \u00e9s una bona idea fer una avaluaci\u00f3 per entendre el motiu. Si cal, podrem intervenir per guiar el seu desenvolupament, sempre mitjan\u00e7ant el joc i activitats per a que el teu fill assoleixi els objectius de la manera m\u00e9s agradable possible.\u00a0<\/span><\/p><p><span style=\"font-weight: 400;\">En el cas de nens i nenes m\u00e9s grans, la fisioter\u00e0pia i la psicomotricitat poden ser de\u00a0 gran ajuda per treballar dificultats en la coordinaci\u00f3, l\u2019equilibri, la planificaci\u00f3 motriu o l\u2019adquisici\u00f3 de determinades habilitats motrius. Mitjan\u00e7ant activitats l\u00fadiques i personalitzades, podem refor\u00e7ar les \u00e0rees que ho necessiten, fomentar l\u2019autonomia i millorar la confian\u00e7a en un mateix.\u00a0<\/span><\/p><p><b>Si tens dubtes sobre el desenvolupament del teu nad\u00f3 o vols treballar les habilitats f\u00edsiques del teu fill, no dubtis a contactar-me. Estic aqu\u00ed per ajudar-vos.<\/b><\/p>\t\t\t\t\t\t\t\t<\/div>\n\t\t\t\t<\/div>\n\t\t\t\t<div class=\"elementor-element elementor-element-23d8ddd elementor-button-success elementor-mobile-align-center elementor-widget elementor-widget-button\" data-id=\"23d8ddd\" data-element_type=\"widget\" data-widget_type=\"button.default\">\n\t\t\t\t<div class=\"elementor-widget-container\">\n\t\t\t\t\t\t\t\t\t<div class=\"elementor-button-wrapper\">\n\t\t\t\t\t<a class=\"elementor-button elementor-button-link elementor-size-sm elementor-animation-shrink\" href=\"https:\/\/laiapuigbo.com\/ca\/contacte\/\">\n\t\t\t\t\t\t<span class=\"elementor-button-content-wrapper\">\n\t\t\t\t\t\t\t\t\t<span class=\"elementor-button-text\">DEMANA UNA CITA<\/span>\n\t\t\t\t\t<\/span>\n\t\t\t\t\t<\/a>\n\t\t\t\t<\/div>\n\t\t\t\t\t\t\t\t<\/div>\n\t\t\t\t<\/div>\n\t\t\t\t<\/div>\n\t\t<div class=\"elementor-element elementor-element-b4b2cd6 e-con-full e-flex e-con e-child\" data-id=\"b4b2cd6\" data-element_type=\"container\">\n\t\t\t\t<div class=\"elementor-element elementor-element-e3cf8d2 elementor-invisible elementor-widget elementor-widget-image\" data-id=\"e3cf8d2\" data-element_type=\"widget\" data-settings=\"{&quot;_animation&quot;:&quot;fadeInRight&quot;}\" data-widget_type=\"image.default\">\n\t\t\t\t<div class=\"elementor-widget-container\">\n\t\t\t\t\t\t\t\t\t\t\t\t\t\t\t<img fetchpriority=\"high\" decoding=\"async\" width=\"800\" height=\"534\" src=\"https:\/\/laiapuigbo.com\/wp-content\/uploads\/2025\/05\/Psicomotricidad-Infantil-1024x683.jpg\" class=\"attachment-large size-large wp-image-314\" alt=\"Psicomotricidad Infantil\" srcset=\"https:\/\/laiapuigbo.com\/wp-content\/uploads\/2025\/05\/Psicomotricidad-Infantil-1024x683.jpg 1024w, https:\/\/laiapuigbo.com\/wp-content\/uploads\/2025\/05\/Psicomotricidad-Infantil-300x200.jpg 300w, https:\/\/laiapuigbo.com\/wp-content\/uploads\/2025\/05\/Psicomotricidad-Infantil-768x512.jpg 768w, https:\/\/laiapuigbo.com\/wp-content\/uploads\/2025\/05\/Psicomotricidad-Infantil-1536x1024.jpg 1536w, https:\/\/laiapuigbo.com\/wp-content\/uploads\/2025\/05\/Psicomotricidad-Infantil-2048x1365.jpg 2048w\" sizes=\"(max-width: 800px) 100vw, 800px\" \/>\t\t\t\t\t\t\t\t\t\t\t\t\t\t\t<\/div>\n\t\t\t\t<\/div>\n\t\t\t\t<div class=\"elementor-element elementor-element-d25927b elementor-widget__width-initial elementor-absolute elementor-widget-tablet__width-initial elementor-widget-mobile__width-initial elementor-widget elementor-widget-spacer\" data-id=\"d25927b\" data-element_type=\"widget\" data-settings=\"{&quot;motion_fx_motion_fx_scrolling&quot;:&quot;yes&quot;,&quot;motion_fx_rotateZ_effect&quot;:&quot;yes&quot;,&quot;motion_fx_rotateZ_direction&quot;:&quot;negative&quot;,&quot;motion_fx_rotateZ_speed&quot;:{&quot;unit&quot;:&quot;px&quot;,&quot;size&quot;:4.6,&quot;sizes&quot;:[]},&quot;motion_fx_rotateZ_affectedRange&quot;:{&quot;unit&quot;:&quot;%&quot;,&quot;size&quot;:&quot;&quot;,&quot;sizes&quot;:{&quot;start&quot;:52,&quot;end&quot;:100}},&quot;_position&quot;:&quot;absolute&quot;,&quot;motion_fx_devices&quot;:[&quot;desktop&quot;,&quot;tablet&quot;,&quot;mobile&quot;]}\" data-widget_type=\"spacer.default\">\n\t\t\t\t<div class=\"elementor-widget-container\">\n\t\t\t\t\t\t\t<div class=\"elementor-spacer\">\n\t\t\t<div class=\"elementor-spacer-inner\"><\/div>\n\t\t<\/div>\n\t\t\t\t\t\t<\/div>\n\t\t\t\t<\/div>\n\t\t\t\t<div class=\"elementor-element elementor-element-c9b9432 elementor-widget__width-initial elementor-absolute elementor-widget-tablet__width-initial elementor-widget elementor-widget-spacer\" data-id=\"c9b9432\" data-element_type=\"widget\" data-settings=\"{&quot;motion_fx_motion_fx_scrolling&quot;:&quot;yes&quot;,&quot;_position&quot;:&quot;absolute&quot;,&quot;motion_fx_translateY_effect&quot;:&quot;yes&quot;,&quot;motion_fx_translateY_speed&quot;:{&quot;unit&quot;:&quot;px&quot;,&quot;size&quot;:1,&quot;sizes&quot;:[]},&quot;motion_fx_translateX_effect&quot;:&quot;yes&quot;,&quot;motion_fx_translateX_speed&quot;:{&quot;unit&quot;:&quot;px&quot;,&quot;size&quot;:1,&quot;sizes&quot;:[]},&quot;motion_fx_translateX_direction&quot;:&quot;negative&quot;,&quot;motion_fx_translateY_affectedRange&quot;:{&quot;unit&quot;:&quot;%&quot;,&quot;size&quot;:&quot;&quot;,&quot;sizes&quot;:{&quot;start&quot;:0,&quot;end&quot;:100}},&quot;motion_fx_translateX_affectedRange&quot;:{&quot;unit&quot;:&quot;%&quot;,&quot;size&quot;:&quot;&quot;,&quot;sizes&quot;:{&quot;start&quot;:0,&quot;end&quot;:100}},&quot;motion_fx_devices&quot;:[&quot;desktop&quot;,&quot;tablet&quot;,&quot;mobile&quot;]}\" data-widget_type=\"spacer.default\">\n\t\t\t\t<div class=\"elementor-widget-container\">\n\t\t\t\t\t\t\t<div class=\"elementor-spacer\">\n\t\t\t<div class=\"elementor-spacer-inner\"><\/div>\n\t\t<\/div>\n\t\t\t\t\t\t<\/div>\n\t\t\t\t<\/div>\n\t\t\t\t<div class=\"elementor-element elementor-element-cdcc5ee elementor-widget__width-initial elementor-absolute elementor-widget-tablet__width-initial elementor-widget-mobile__width-initial elementor-widget elementor-widget-spacer\" data-id=\"cdcc5ee\" data-element_type=\"widget\" data-settings=\"{&quot;motion_fx_motion_fx_scrolling&quot;:&quot;yes&quot;,&quot;_position&quot;:&quot;absolute&quot;,&quot;motion_fx_translateY_effect&quot;:&quot;yes&quot;,&quot;motion_fx_translateY_direction&quot;:&quot;negative&quot;,&quot;motion_fx_translateY_speed&quot;:{&quot;unit&quot;:&quot;px&quot;,&quot;size&quot;:1,&quot;sizes&quot;:[]},&quot;motion_fx_translateX_effect&quot;:&quot;yes&quot;,&quot;motion_fx_translateX_speed&quot;:{&quot;unit&quot;:&quot;px&quot;,&quot;size&quot;:1,&quot;sizes&quot;:[]},&quot;motion_fx_translateY_affectedRange&quot;:{&quot;unit&quot;:&quot;%&quot;,&quot;size&quot;:&quot;&quot;,&quot;sizes&quot;:{&quot;start&quot;:0,&quot;end&quot;:100}},&quot;motion_fx_translateX_affectedRange&quot;:{&quot;unit&quot;:&quot;%&quot;,&quot;size&quot;:&quot;&quot;,&quot;sizes&quot;:{&quot;start&quot;:0,&quot;end&quot;:100}},&quot;motion_fx_devices&quot;:[&quot;desktop&quot;,&quot;tablet&quot;,&quot;mobile&quot;]}\" data-widget_type=\"spacer.default\">\n\t\t\t\t<div class=\"elementor-widget-container\">\n\t\t\t\t\t\t\t<div class=\"elementor-spacer\">\n\t\t\t<div class=\"elementor-spacer-inner\"><\/div>\n\t\t<\/div>\n\t\t\t\t\t\t<\/div>\n\t\t\t\t<\/div>\n\t\t\t\t<\/div>\n\t\t\t\t\t<\/div>\n\t\t\t\t<\/div>\n\t\t\t\t<\/div>\n\t\t","protected":false},"excerpt":{"rendered":"<p>PSICOMOTRICITAT INFANTIL Alteracions del desenvolupament psicomotor\u200b Quan arriba un fill a la teva vida, \u00e9s normal que et preguntis com pots ajudar-lo a cr\u00e9ixer de la millor manera. Com estimular-lo perqu\u00e8 adquireixi les habilitats pr\u00f2pies de la seva edat? Com jugar amb ell? Quines activitats i posicions s\u00f3n les m\u00e9s adequades? Jo et puc ajudar: [&hellip;]<\/p>\n","protected":false},"author":1,"featured_media":0,"parent":0,"menu_order":0,"comment_status":"closed","ping_status":"closed","template":"","meta":{"footnotes":""},"class_list":["post-718","page","type-page","status-publish","hentry"],"yoast_head":"<!-- This site is optimized with the Yoast SEO plugin v25.3 - https:\/\/yoast.com\/wordpress\/plugins\/seo\/ -->\n<title>Psicomotricitat Infantil a Sabadell i Terrassa | Laia Puigb\u00f2<\/title>\n<meta name=\"description\" content=\"Avaluaci\u00f3 i estimulaci\u00f3 del desenvolupament psicomotor del teu nad\u00f3 o infant. Activitats l\u00fadiques per afavorir autonomia, joc i confian\u00e7a.\" \/>\n<meta name=\"robots\" content=\"index, follow, max-snippet:-1, max-image-preview:large, max-video-preview:-1\" \/>\n<link rel=\"canonical\" href=\"https:\/\/laiapuigbo.com\/ca\/desenvolupament-psicomotor\/\" \/>\n<meta property=\"og:locale\" content=\"ca_ES\" \/>\n<meta property=\"og:type\" content=\"article\" \/>\n<meta property=\"og:title\" content=\"Psicomotricitat Infantil a Sabadell i Terrassa | Laia Puigb\u00f2\" \/>\n<meta property=\"og:description\" content=\"Avaluaci\u00f3 i estimulaci\u00f3 del desenvolupament psicomotor del teu nad\u00f3 o infant. Activitats l\u00fadiques per afavorir autonomia, joc i confian\u00e7a.\" \/>\n<meta property=\"og:url\" content=\"https:\/\/laiapuigbo.com\/ca\/desenvolupament-psicomotor\/\" \/>\n<meta property=\"og:site_name\" content=\"Laia Puigb\u00f2\" \/>\n<meta property=\"article:modified_time\" content=\"2025-06-11T09:33:11+00:00\" \/>\n<meta property=\"og:image\" content=\"https:\/\/laiapuigbo.com\/wp-content\/uploads\/2025\/05\/Psicomotricidad-Infantil-scaled.jpg\" \/>\n\t<meta property=\"og:image:width\" content=\"2560\" \/>\n\t<meta property=\"og:image:height\" content=\"1707\" \/>\n\t<meta property=\"og:image:type\" content=\"image\/jpeg\" \/>\n<meta name=\"twitter:card\" content=\"summary_large_image\" \/>\n<meta name=\"twitter:label1\" content=\"Temps estimat de lectura\" \/>\n\t<meta name=\"twitter:data1\" content=\"2 minuts\" \/>\n<script type=\"application\/ld+json\" class=\"yoast-schema-graph\">{\"@context\":\"https:\/\/schema.org\",\"@graph\":[{\"@type\":\"WebPage\",\"@id\":\"https:\/\/laiapuigbo.com\/ca\/desenvolupament-psicomotor\/\",\"url\":\"https:\/\/laiapuigbo.com\/ca\/desenvolupament-psicomotor\/\",\"name\":\"Psicomotricitat Infantil a Sabadell i Terrassa | Laia Puigb\u00f2\",\"isPartOf\":{\"@id\":\"https:\/\/laiapuigbo.com\/ca\/#website\"},\"primaryImageOfPage\":{\"@id\":\"https:\/\/laiapuigbo.com\/ca\/desenvolupament-psicomotor\/#primaryimage\"},\"image\":{\"@id\":\"https:\/\/laiapuigbo.com\/ca\/desenvolupament-psicomotor\/#primaryimage\"},\"thumbnailUrl\":\"https:\/\/laiapuigbo.com\/wp-content\/uploads\/2025\/05\/Psicomotricidad-Infantil-1024x683.jpg\",\"datePublished\":\"2025-05-21T13:44:21+00:00\",\"dateModified\":\"2025-06-11T09:33:11+00:00\",\"description\":\"Avaluaci\u00f3 i estimulaci\u00f3 del desenvolupament psicomotor del teu nad\u00f3 o infant. Activitats l\u00fadiques per afavorir autonomia, joc i confian\u00e7a.\",\"breadcrumb\":{\"@id\":\"https:\/\/laiapuigbo.com\/ca\/desenvolupament-psicomotor\/#breadcrumb\"},\"inLanguage\":\"ca\",\"potentialAction\":[{\"@type\":\"ReadAction\",\"target\":[\"https:\/\/laiapuigbo.com\/ca\/desenvolupament-psicomotor\/\"]}]},{\"@type\":\"ImageObject\",\"inLanguage\":\"ca\",\"@id\":\"https:\/\/laiapuigbo.com\/ca\/desenvolupament-psicomotor\/#primaryimage\",\"url\":\"https:\/\/laiapuigbo.com\/wp-content\/uploads\/2025\/05\/Psicomotricidad-Infantil-1024x683.jpg\",\"contentUrl\":\"https:\/\/laiapuigbo.com\/wp-content\/uploads\/2025\/05\/Psicomotricidad-Infantil-1024x683.jpg\"},{\"@type\":\"BreadcrumbList\",\"@id\":\"https:\/\/laiapuigbo.com\/ca\/desenvolupament-psicomotor\/#breadcrumb\",\"itemListElement\":[{\"@type\":\"ListItem\",\"position\":1,\"name\":\"Portada\",\"item\":\"https:\/\/laiapuigbo.com\/ca\/\"},{\"@type\":\"ListItem\",\"position\":2,\"name\":\"Psicomotricitat Infantil\"}]},{\"@type\":\"WebSite\",\"@id\":\"https:\/\/laiapuigbo.com\/ca\/#website\",\"url\":\"https:\/\/laiapuigbo.com\/ca\/\",\"name\":\"Laia Puigb\u00f2\",\"description\":\"\",\"publisher\":{\"@id\":\"https:\/\/laiapuigbo.com\/ca\/#organization\"},\"potentialAction\":[{\"@type\":\"SearchAction\",\"target\":{\"@type\":\"EntryPoint\",\"urlTemplate\":\"https:\/\/laiapuigbo.com\/ca\/?s={search_term_string}\"},\"query-input\":{\"@type\":\"PropertyValueSpecification\",\"valueRequired\":true,\"valueName\":\"search_term_string\"}}],\"inLanguage\":\"ca\"},{\"@type\":\"Organization\",\"@id\":\"https:\/\/laiapuigbo.com\/ca\/#organization\",\"name\":\"Laia Puigb\u00f2\",\"url\":\"https:\/\/laiapuigbo.com\/ca\/\",\"logo\":{\"@type\":\"ImageObject\",\"inLanguage\":\"ca\",\"@id\":\"https:\/\/laiapuigbo.com\/ca\/#\/schema\/logo\/image\/\",\"url\":\"https:\/\/laiapuigbo.com\/wp-content\/uploads\/2025\/05\/Logo-Laia-Puigbo.png\",\"contentUrl\":\"https:\/\/laiapuigbo.com\/wp-content\/uploads\/2025\/05\/Logo-Laia-Puigbo.png\",\"width\":508,\"height\":125,\"caption\":\"Laia Puigb\u00f2\"},\"image\":{\"@id\":\"https:\/\/laiapuigbo.com\/ca\/#\/schema\/logo\/image\/\"}}]}<\/script>\n<!-- \/ Yoast SEO plugin. -->","yoast_head_json":{"title":"Psicomotricitat Infantil a Sabadell i Terrassa | Laia Puigb\u00f2","description":"Avaluaci\u00f3 i estimulaci\u00f3 del desenvolupament psicomotor del teu nad\u00f3 o infant. Activitats l\u00fadiques per afavorir autonomia, joc i confian\u00e7a.","robots":{"index":"index","follow":"follow","max-snippet":"max-snippet:-1","max-image-preview":"max-image-preview:large","max-video-preview":"max-video-preview:-1"},"canonical":"https:\/\/laiapuigbo.com\/ca\/desenvolupament-psicomotor\/","og_locale":"ca_ES","og_type":"article","og_title":"Psicomotricitat Infantil a Sabadell i Terrassa | Laia Puigb\u00f2","og_description":"Avaluaci\u00f3 i estimulaci\u00f3 del desenvolupament psicomotor del teu nad\u00f3 o infant. Activitats l\u00fadiques per afavorir autonomia, joc i confian\u00e7a.","og_url":"https:\/\/laiapuigbo.com\/ca\/desenvolupament-psicomotor\/","og_site_name":"Laia Puigb\u00f2","article_modified_time":"2025-06-11T09:33:11+00:00","og_image":[{"width":2560,"height":1707,"url":"https:\/\/laiapuigbo.com\/wp-content\/uploads\/2025\/05\/Psicomotricidad-Infantil-scaled.jpg","type":"image\/jpeg"}],"twitter_card":"summary_large_image","twitter_misc":{"Temps estimat de lectura":"2 minuts"},"schema":{"@context":"https:\/\/schema.org","@graph":[{"@type":"WebPage","@id":"https:\/\/laiapuigbo.com\/ca\/desenvolupament-psicomotor\/","url":"https:\/\/laiapuigbo.com\/ca\/desenvolupament-psicomotor\/","name":"Psicomotricitat Infantil a Sabadell i Terrassa | Laia Puigb\u00f2","isPartOf":{"@id":"https:\/\/laiapuigbo.com\/ca\/#website"},"primaryImageOfPage":{"@id":"https:\/\/laiapuigbo.com\/ca\/desenvolupament-psicomotor\/#primaryimage"},"image":{"@id":"https:\/\/laiapuigbo.com\/ca\/desenvolupament-psicomotor\/#primaryimage"},"thumbnailUrl":"https:\/\/laiapuigbo.com\/wp-content\/uploads\/2025\/05\/Psicomotricidad-Infantil-1024x683.jpg","datePublished":"2025-05-21T13:44:21+00:00","dateModified":"2025-06-11T09:33:11+00:00","description":"Avaluaci\u00f3 i estimulaci\u00f3 del desenvolupament psicomotor del teu nad\u00f3 o infant. Activitats l\u00fadiques per afavorir autonomia, joc i confian\u00e7a.","breadcrumb":{"@id":"https:\/\/laiapuigbo.com\/ca\/desenvolupament-psicomotor\/#breadcrumb"},"inLanguage":"ca","potentialAction":[{"@type":"ReadAction","target":["https:\/\/laiapuigbo.com\/ca\/desenvolupament-psicomotor\/"]}]},{"@type":"ImageObject","inLanguage":"ca","@id":"https:\/\/laiapuigbo.com\/ca\/desenvolupament-psicomotor\/#primaryimage","url":"https:\/\/laiapuigbo.com\/wp-content\/uploads\/2025\/05\/Psicomotricidad-Infantil-1024x683.jpg","contentUrl":"https:\/\/laiapuigbo.com\/wp-content\/uploads\/2025\/05\/Psicomotricidad-Infantil-1024x683.jpg"},{"@type":"BreadcrumbList","@id":"https:\/\/laiapuigbo.com\/ca\/desenvolupament-psicomotor\/#breadcrumb","itemListElement":[{"@type":"ListItem","position":1,"name":"Portada","item":"https:\/\/laiapuigbo.com\/ca\/"},{"@type":"ListItem","position":2,"name":"Psicomotricitat Infantil"}]},{"@type":"WebSite","@id":"https:\/\/laiapuigbo.com\/ca\/#website","url":"https:\/\/laiapuigbo.com\/ca\/","name":"Laia Puigb\u00f2","description":"","publisher":{"@id":"https:\/\/laiapuigbo.com\/ca\/#organization"},"potentialAction":[{"@type":"SearchAction","target":{"@type":"EntryPoint","urlTemplate":"https:\/\/laiapuigbo.com\/ca\/?s={search_term_string}"},"query-input":{"@type":"PropertyValueSpecification","valueRequired":true,"valueName":"search_term_string"}}],"inLanguage":"ca"},{"@type":"Organization","@id":"https:\/\/laiapuigbo.com\/ca\/#organization","name":"Laia Puigb\u00f2","url":"https:\/\/laiapuigbo.com\/ca\/","logo":{"@type":"ImageObject","inLanguage":"ca","@id":"https:\/\/laiapuigbo.com\/ca\/#\/schema\/logo\/image\/","url":"https:\/\/laiapuigbo.com\/wp-content\/uploads\/2025\/05\/Logo-Laia-Puigbo.png","contentUrl":"https:\/\/laiapuigbo.com\/wp-content\/uploads\/2025\/05\/Logo-Laia-Puigbo.png","width":508,"height":125,"caption":"Laia Puigb\u00f2"},"image":{"@id":"https:\/\/laiapuigbo.com\/ca\/#\/schema\/logo\/image\/"}}]}},"_links":{"self":[{"href":"https:\/\/laiapuigbo.com\/ca\/wp-json\/wp\/v2\/pages\/718","targetHints":{"allow":["GET"]}}],"collection":[{"href":"https:\/\/laiapuigbo.com\/ca\/wp-json\/wp\/v2\/pages"}],"about":[{"href":"https:\/\/laiapuigbo.com\/ca\/wp-json\/wp\/v2\/types\/page"}],"author":[{"embeddable":true,"href":"https:\/\/laiapuigbo.com\/ca\/wp-json\/wp\/v2\/users\/1"}],"replies":[{"embeddable":true,"href":"https:\/\/laiapuigbo.com\/ca\/wp-json\/wp\/v2\/comments?post=718"}],"version-history":[{"count":3,"href":"https:\/\/laiapuigbo.com\/ca\/wp-json\/wp\/v2\/pages\/718\/revisions"}],"predecessor-version":[{"id":2095,"href":"https:\/\/laiapuigbo.com\/ca\/wp-json\/wp\/v2\/pages\/718\/revisions\/2095"}],"wp:attachment":[{"href":"https:\/\/laiapuigbo.com\/ca\/wp-json\/wp\/v2\/media?parent=718"}],"curies":[{"name":"wp","href":"https:\/\/api.w.org\/{rel}","templated":true}]}}