{"id":44,"date":"2025-05-16T07:03:16","date_gmt":"2025-05-16T07:03:16","guid":{"rendered":"https:\/\/laiapuigbo.com\/about-me\/"},"modified":"2026-01-28T07:48:15","modified_gmt":"2026-01-28T07:48:15","slug":"qui-soc","status":"publish","type":"page","link":"https:\/\/laiapuigbo.com\/ca\/qui-soc\/","title":{"rendered":"Qui s\u00f3c"},"content":{"rendered":"\t\t<div data-elementor-type=\"wp-page\" data-elementor-id=\"44\" class=\"elementor elementor-44\" data-elementor-post-type=\"page\">\n\t\t\t\t<div class=\"elementor-element elementor-element-7199824e e-flex e-con-boxed e-con e-parent\" data-id=\"7199824e\" data-element_type=\"container\">\n\t\t\t\t\t<div class=\"e-con-inner\">\n\t\t<div class=\"elementor-element elementor-element-1386b2fc e-con-full e-flex e-con e-child\" data-id=\"1386b2fc\" data-element_type=\"container\">\n\t\t\t\t<div class=\"elementor-element elementor-element-10fd099c elementor-widget__width-initial elementor-absolute elementor-widget-tablet__width-initial elementor-widget elementor-widget-spacer\" data-id=\"10fd099c\" data-element_type=\"widget\" data-settings=\"{&quot;motion_fx_motion_fx_scrolling&quot;:&quot;yes&quot;,&quot;_position&quot;:&quot;absolute&quot;,&quot;motion_fx_translateY_effect&quot;:&quot;yes&quot;,&quot;motion_fx_translateY_direction&quot;:&quot;negative&quot;,&quot;motion_fx_translateY_speed&quot;:{&quot;unit&quot;:&quot;px&quot;,&quot;size&quot;:1,&quot;sizes&quot;:[]},&quot;motion_fx_translateX_effect&quot;:&quot;yes&quot;,&quot;motion_fx_translateX_speed&quot;:{&quot;unit&quot;:&quot;px&quot;,&quot;size&quot;:1,&quot;sizes&quot;:[]},&quot;motion_fx_translateY_affectedRange&quot;:{&quot;unit&quot;:&quot;%&quot;,&quot;size&quot;:&quot;&quot;,&quot;sizes&quot;:{&quot;start&quot;:0,&quot;end&quot;:100}},&quot;motion_fx_translateX_affectedRange&quot;:{&quot;unit&quot;:&quot;%&quot;,&quot;size&quot;:&quot;&quot;,&quot;sizes&quot;:{&quot;start&quot;:0,&quot;end&quot;:100}},&quot;motion_fx_devices&quot;:[&quot;desktop&quot;,&quot;tablet&quot;,&quot;mobile&quot;]}\" data-widget_type=\"spacer.default\">\n\t\t\t\t<div class=\"elementor-widget-container\">\n\t\t\t\t\t\t\t<div class=\"elementor-spacer\">\n\t\t\t<div class=\"elementor-spacer-inner\"><\/div>\n\t\t<\/div>\n\t\t\t\t\t\t<\/div>\n\t\t\t\t<\/div>\n\t\t\t\t<div class=\"elementor-element elementor-element-2226d25a elementor-widget__width-initial elementor-absolute elementor-widget-tablet__width-initial elementor-widget elementor-widget-spacer\" data-id=\"2226d25a\" data-element_type=\"widget\" data-settings=\"{&quot;motion_fx_motion_fx_scrolling&quot;:&quot;yes&quot;,&quot;_position&quot;:&quot;absolute&quot;,&quot;motion_fx_translateY_effect&quot;:&quot;yes&quot;,&quot;motion_fx_translateY_speed&quot;:{&quot;unit&quot;:&quot;px&quot;,&quot;size&quot;:1,&quot;sizes&quot;:[]},&quot;motion_fx_translateX_effect&quot;:&quot;yes&quot;,&quot;motion_fx_translateX_speed&quot;:{&quot;unit&quot;:&quot;px&quot;,&quot;size&quot;:1,&quot;sizes&quot;:[]},&quot;motion_fx_translateX_direction&quot;:&quot;negative&quot;,&quot;motion_fx_translateY_affectedRange&quot;:{&quot;unit&quot;:&quot;%&quot;,&quot;size&quot;:&quot;&quot;,&quot;sizes&quot;:{&quot;start&quot;:0,&quot;end&quot;:100}},&quot;motion_fx_translateX_affectedRange&quot;:{&quot;unit&quot;:&quot;%&quot;,&quot;size&quot;:&quot;&quot;,&quot;sizes&quot;:{&quot;start&quot;:0,&quot;end&quot;:100}},&quot;motion_fx_devices&quot;:[&quot;desktop&quot;,&quot;tablet&quot;,&quot;mobile&quot;]}\" data-widget_type=\"spacer.default\">\n\t\t\t\t<div class=\"elementor-widget-container\">\n\t\t\t\t\t\t\t<div class=\"elementor-spacer\">\n\t\t\t<div class=\"elementor-spacer-inner\"><\/div>\n\t\t<\/div>\n\t\t\t\t\t\t<\/div>\n\t\t\t\t<\/div>\n\t\t\t\t<div class=\"elementor-element elementor-element-4b7f5ab0 elementor-widget__width-initial elementor-absolute elementor-widget-tablet__width-initial elementor-widget-mobile__width-initial elementor-widget elementor-widget-spacer\" data-id=\"4b7f5ab0\" data-element_type=\"widget\" data-settings=\"{&quot;motion_fx_motion_fx_scrolling&quot;:&quot;yes&quot;,&quot;motion_fx_rotateZ_effect&quot;:&quot;yes&quot;,&quot;motion_fx_rotateZ_direction&quot;:&quot;negative&quot;,&quot;motion_fx_rotateZ_speed&quot;:{&quot;unit&quot;:&quot;px&quot;,&quot;size&quot;:1.5,&quot;sizes&quot;:[]},&quot;motion_fx_rotateZ_affectedRange&quot;:{&quot;unit&quot;:&quot;%&quot;,&quot;size&quot;:&quot;&quot;,&quot;sizes&quot;:{&quot;start&quot;:0,&quot;end&quot;:39}},&quot;_position&quot;:&quot;absolute&quot;,&quot;motion_fx_motion_fx_mouse&quot;:&quot;yes&quot;,&quot;motion_fx_translateX_effect&quot;:&quot;yes&quot;,&quot;motion_fx_translateX_speed&quot;:{&quot;unit&quot;:&quot;px&quot;,&quot;size&quot;:0.8,&quot;sizes&quot;:[]},&quot;motion_fx_translateX_affectedRange&quot;:{&quot;unit&quot;:&quot;%&quot;,&quot;size&quot;:&quot;&quot;,&quot;sizes&quot;:{&quot;start&quot;:0,&quot;end&quot;:100}},&quot;motion_fx_devices&quot;:[&quot;desktop&quot;,&quot;tablet&quot;,&quot;mobile&quot;]}\" data-widget_type=\"spacer.default\">\n\t\t\t\t<div class=\"elementor-widget-container\">\n\t\t\t\t\t\t\t<div class=\"elementor-spacer\">\n\t\t\t<div class=\"elementor-spacer-inner\"><\/div>\n\t\t<\/div>\n\t\t\t\t\t\t<\/div>\n\t\t\t\t<\/div>\n\t\t\t\t<div class=\"elementor-element elementor-element-450b4a5b elementor-widget__width-initial elementor-absolute elementor-widget-tablet__width-initial elementor-widget-mobile__width-initial elementor-widget elementor-widget-spacer\" data-id=\"450b4a5b\" data-element_type=\"widget\" data-settings=\"{&quot;motion_fx_motion_fx_scrolling&quot;:&quot;yes&quot;,&quot;motion_fx_rotateZ_effect&quot;:&quot;yes&quot;,&quot;motion_fx_rotateZ_speed&quot;:{&quot;unit&quot;:&quot;px&quot;,&quot;size&quot;:0.9,&quot;sizes&quot;:[]},&quot;motion_fx_rotateZ_affectedRange&quot;:{&quot;unit&quot;:&quot;%&quot;,&quot;size&quot;:&quot;&quot;,&quot;sizes&quot;:{&quot;start&quot;:76,&quot;end&quot;:100}},&quot;_position&quot;:&quot;absolute&quot;,&quot;motion_fx_translateY_effect&quot;:&quot;yes&quot;,&quot;motion_fx_translateY_speed&quot;:{&quot;unit&quot;:&quot;px&quot;,&quot;size&quot;:0.7,&quot;sizes&quot;:[]},&quot;motion_fx_translateY_direction&quot;:&quot;negative&quot;,&quot;motion_fx_translateY_affectedRange&quot;:{&quot;unit&quot;:&quot;%&quot;,&quot;size&quot;:&quot;&quot;,&quot;sizes&quot;:{&quot;start&quot;:0,&quot;end&quot;:100}},&quot;motion_fx_devices&quot;:[&quot;desktop&quot;,&quot;tablet&quot;,&quot;mobile&quot;]}\" data-widget_type=\"spacer.default\">\n\t\t\t\t<div class=\"elementor-widget-container\">\n\t\t\t\t\t\t\t<div class=\"elementor-spacer\">\n\t\t\t<div class=\"elementor-spacer-inner\"><\/div>\n\t\t<\/div>\n\t\t\t\t\t\t<\/div>\n\t\t\t\t<\/div>\n\t\t\t\t<div class=\"elementor-element elementor-element-4e0d3113 elementor-widget elementor-widget-image\" data-id=\"4e0d3113\" data-element_type=\"widget\" data-widget_type=\"image.default\">\n\t\t\t\t<div class=\"elementor-widget-container\">\n\t\t\t\t\t\t\t\t\t\t\t\t\t\t\t<img fetchpriority=\"high\" decoding=\"async\" width=\"800\" height=\"600\" src=\"https:\/\/laiapuigbo.com\/wp-content\/uploads\/2025\/05\/Qui-Soc-1024x768.jpg\" class=\"attachment-large size-large wp-image-1603\" alt=\"\" srcset=\"https:\/\/laiapuigbo.com\/wp-content\/uploads\/2025\/05\/Qui-Soc-1024x768.jpg 1024w, https:\/\/laiapuigbo.com\/wp-content\/uploads\/2025\/05\/Qui-Soc-300x225.jpg 300w, https:\/\/laiapuigbo.com\/wp-content\/uploads\/2025\/05\/Qui-Soc-768x576.jpg 768w, https:\/\/laiapuigbo.com\/wp-content\/uploads\/2025\/05\/Qui-Soc-1536x1152.jpg 1536w, https:\/\/laiapuigbo.com\/wp-content\/uploads\/2025\/05\/Qui-Soc-2048x1536.jpg 2048w\" sizes=\"(max-width: 800px) 100vw, 800px\" \/>\t\t\t\t\t\t\t\t\t\t\t\t\t\t\t<\/div>\n\t\t\t\t<\/div>\n\t\t\t\t<\/div>\n\t\t<div class=\"elementor-element elementor-element-2914a689 e-con-full e-flex e-con e-child\" data-id=\"2914a689\" data-element_type=\"container\">\n\t\t\t\t<div class=\"elementor-element elementor-element-1de433b elementor-widget elementor-widget-heading\" data-id=\"1de433b\" data-element_type=\"widget\" data-widget_type=\"heading.default\">\n\t\t\t\t<div class=\"elementor-widget-container\">\n\t\t\t\t\t<h1 class=\"elementor-heading-title elementor-size-default\">QUI S\u00d3C<\/h1>\t\t\t\t<\/div>\n\t\t\t\t<\/div>\n\t\t\t\t<div class=\"elementor-element elementor-element-74b76189 elementor-widget elementor-widget-heading\" data-id=\"74b76189\" data-element_type=\"widget\" data-widget_type=\"heading.default\">\n\t\t\t\t<div class=\"elementor-widget-container\">\n\t\t\t\t\t<h2 class=\"elementor-heading-title elementor-size-default\">Fisioterapeuta especialitzada en pediatria<\/h2>\t\t\t\t<\/div>\n\t\t\t\t<\/div>\n\t\t\t\t<div class=\"elementor-element elementor-element-6e3b5ca4 elementor-widget elementor-widget-text-editor\" data-id=\"6e3b5ca4\" data-element_type=\"widget\" data-widget_type=\"text-editor.default\">\n\t\t\t\t<div class=\"elementor-widget-container\">\n\t\t\t\t\t\t\t\t\t<p><span style=\"font-weight: 400;\">S\u00f3c la Laia Puigb\u00f2, <\/span><b>fisioterapeuta especialitzada en pediatria<\/b><span style=\"font-weight: 400;\">.\u00a0<br \/><\/span><span style=\"font-weight: 400;\">Vaig comen\u00e7ar a estudiar fisioter\u00e0pia gaireb\u00e9 per casualitat, per\u00f2 ben aviat vaig sentir que havia trobat el meu cam\u00ed. Descobrir que podia <\/span><b>ajudar i acompanyar<\/b><span style=\"font-weight: 400;\"> a les persones em va motivar molt. Quan em vaig endinsar en el m\u00f3n de la fisioter\u00e0pia pedi\u00e0trica, tot va canviar: es va obrir davant meu un m\u00f3n ple de reptes, aprenentatge i d\u2019amor que, des de llavors, forma part de qui s\u00f3c.<\/span><\/p><p><span style=\"font-weight: 400;\">Amb <\/span><b>una d\u00e8cada d\u2019experi\u00e8ncia com a fisioterapeuta<\/b><span style=\"font-weight: 400;\">, he pogut centrar la meva carrera en la pediatria des de l\u2019inici. Cada pacient i cada fam\u00edlia m\u2019han aportat noves perspectives, despertant el meu desig de seguir aprenent i millorant professionalment.\u00a0<\/span><\/p><p><span style=\"font-weight: 400;\">A consulta, <\/span><b>em centro en arribar a l\u2019arrel del problema<\/b><span style=\"font-weight: 400;\">. Mitjan\u00e7ant una anamnesi detallada i una avaluaci\u00f3 exhaustiva, busco entendre qu\u00e8 ha provocat la situaci\u00f3 que us ha portat a contactar-me.\u00a0 Un cop definida la causa, iniciem el tractament adequat, que pot incloure una <\/span><b>intervenci\u00f3 immediata<\/b><span style=\"font-weight: 400;\"> a la mateixa visita, aix\u00ed com <\/span><b>pautes i recursos personalitzats<\/b><span style=\"font-weight: 400;\"> per continuar treballant a casa.<\/span><\/p>\t\t\t\t\t\t\t\t<\/div>\n\t\t\t\t<\/div>\n\t\t<div class=\"elementor-element elementor-element-4e06a9f e-con-full e-flex e-con e-child\" data-id=\"4e06a9f\" data-element_type=\"container\">\n\t\t\t\t<div class=\"elementor-element elementor-element-d171166 elementor-widget elementor-widget-text-editor\" data-id=\"d171166\" data-element_type=\"widget\" data-widget_type=\"text-editor.default\">\n\t\t\t\t<div class=\"elementor-widget-container\">\n\t\t\t\t\t\t\t\t\t<p><span style=\"letter-spacing: -0.1px;\">Contacta\u2019m si vols que treballem junts per millorar el benestar del teu nad\u00f3.\u00a0<\/span><\/p>\t\t\t\t\t\t\t\t<\/div>\n\t\t\t\t<\/div>\n\t\t\t\t<div class=\"elementor-element elementor-element-0a77ffa elementor-button-success elementor-mobile-align-center elementor-widget elementor-widget-button\" data-id=\"0a77ffa\" data-element_type=\"widget\" data-widget_type=\"button.default\">\n\t\t\t\t<div class=\"elementor-widget-container\">\n\t\t\t\t\t\t\t\t\t<div class=\"elementor-button-wrapper\">\n\t\t\t\t\t<a class=\"elementor-button elementor-button-link elementor-size-sm elementor-animation-shrink\" href=\"https:\/\/laiapuigbo.com\/ca\/contacte\/\">\n\t\t\t\t\t\t<span class=\"elementor-button-content-wrapper\">\n\t\t\t\t\t\t\t\t\t<span class=\"elementor-button-text\">DEMANA UNA CITA<\/span>\n\t\t\t\t\t<\/span>\n\t\t\t\t\t<\/a>\n\t\t\t\t<\/div>\n\t\t\t\t\t\t\t\t<\/div>\n\t\t\t\t<\/div>\n\t\t\t\t<\/div>\n\t\t\t\t<div class=\"elementor-element elementor-element-8783449 elementor-widget-divider--view-line elementor-widget elementor-widget-divider\" data-id=\"8783449\" data-element_type=\"widget\" data-widget_type=\"divider.default\">\n\t\t\t\t<div class=\"elementor-widget-container\">\n\t\t\t\t\t\t\t<div class=\"elementor-divider\">\n\t\t\t<span class=\"elementor-divider-separator\">\n\t\t\t\t\t\t<\/span>\n\t\t<\/div>\n\t\t\t\t\t\t<\/div>\n\t\t\t\t<\/div>\n\t\t<div class=\"elementor-element elementor-element-599104f e-con-full e-flex e-con e-child\" data-id=\"599104f\" data-element_type=\"container\">\n\t\t\t\t<div class=\"elementor-element elementor-element-145ba1d elementor-widget elementor-widget-heading\" data-id=\"145ba1d\" data-element_type=\"widget\" data-widget_type=\"heading.default\">\n\t\t\t\t<div class=\"elementor-widget-container\">\n\t\t\t\t\t<h3 class=\"elementor-heading-title elementor-size-default\">Formaci\u00f3<\/h3>\t\t\t\t<\/div>\n\t\t\t\t<\/div>\n\t\t\t\t<div class=\"elementor-element elementor-element-de29934 elementor-widget elementor-widget-text-editor\" data-id=\"de29934\" data-element_type=\"widget\" data-widget_type=\"text-editor.default\">\n\t\t\t\t<div class=\"elementor-widget-container\">\n\t\t\t\t\t\t\t\t\t<ul>\n<li>Grau Fisioter\u00e0pia pedi\u00e0trica. Gimbernat (2015)<\/li>\n<li>M\u00e0ster Fisioter\u00e0pia pedi\u00e0trica. Gimbernat (2019)<\/li>\n<li>Postgrau Osteopatia pedi\u00e0trica. Thuban (2022)<\/li>\n<li>M\u00e0ster Psiconeuroimmunologia Cl\u00ednica. Regenera (2023)<\/li>\n<\/ul>\t\t\t\t\t\t\t\t<\/div>\n\t\t\t\t<\/div>\n\t\t\t\t<\/div>\n\t\t<div class=\"elementor-element elementor-element-2fbfe2f e-con-full e-flex e-con e-child\" data-id=\"2fbfe2f\" data-element_type=\"container\">\n\t\t\t\t<div class=\"elementor-element elementor-element-d726273 elementor-widget elementor-widget-heading\" data-id=\"d726273\" data-element_type=\"widget\" data-widget_type=\"heading.default\">\n\t\t\t\t<div class=\"elementor-widget-container\">\n\t\t\t\t\t<h3 class=\"elementor-heading-title elementor-size-default\">Formaci\u00f3 complement\u00e0ria<\/h3>\t\t\t\t<\/div>\n\t\t\t\t<\/div>\n\t\t<div class=\"elementor-element elementor-element-3c6ff18 e-grid e-con-full e-con e-child\" data-id=\"3c6ff18\" data-element_type=\"container\">\n\t\t\t\t<div class=\"elementor-element elementor-element-b71fe2b elementor-widget elementor-widget-text-editor\" data-id=\"b71fe2b\" data-element_type=\"widget\" data-widget_type=\"text-editor.default\">\n\t\t\t\t<div class=\"elementor-widget-container\">\n\t\t\t\t\t\t\t\t\t<ul>\n<li><span style=\"font-weight: 400;\">Especialitzaci\u00f3 en anquilogl\u00f2sia en el pacient pedi\u00e0tric. Isnut 2024<\/span><\/li>\n<li><span style=\"font-weight: 400;\">Curs intensiu de plagiocef\u00e0lia posicional. TMPI 2024<\/span><\/li>\n<li><span style=\"font-weight: 400;\">Curs de ter\u00e0pia manual i miofascial en el beb\u00e9: valoraci\u00f3 i tractament. Formafisio 2024<\/span><\/li>\n<li><span style=\"font-weight: 400;\">Desordres gastrointestinals en pediatria. Abordatge desde la PNI. Osana Academy 2023<\/span><\/li>\n<\/ul>\t\t\t\t\t\t\t\t<\/div>\n\t\t\t\t<\/div>\n\t\t\t\t<div class=\"elementor-element elementor-element-cc67d03 elementor-widget elementor-widget-text-editor\" data-id=\"cc67d03\" data-element_type=\"widget\" data-widget_type=\"text-editor.default\">\n\t\t\t\t<div class=\"elementor-widget-container\">\n\t\t\t\t\t\t\t\t\t<ul><li><span style=\"font-weight: 400;\">Curs d&#8217;assessora de lact\u00e0ncia materna. Prolactar 2021<\/span><\/li><li><span style=\"font-weight: 400;\">Fisioter\u00e0pia respirat\u00f2ria en pediatria. Fisiofocus 2021<\/span><\/li><li><span style=\"font-weight: 400;\">Tractament del c\u00f2lic del lactant, el reflux i el restrenyiment. Sandra Balaguer 2020<\/span><\/li><li><span style=\"font-weight: 400;\">Fisioter\u00e0p\u00eca pedi\u00e0trica: abordatge dels principals trastorns i patologies de la inf\u00e0ncia. Fisiofocus 2020<\/span><\/li><\/ul>\t\t\t\t\t\t\t\t<\/div>\n\t\t\t\t<\/div>\n\t\t\t\t<\/div>\n\t\t\t\t<\/div>\n\t\t\t\t<\/div>\n\t\t\t\t\t<\/div>\n\t\t\t\t<\/div>\n\t\t\t\t<\/div>\n\t\t","protected":false},"excerpt":{"rendered":"<p>QUI S\u00d3C Fisioterapeuta especialitzada en pediatria S\u00f3c la Laia Puigb\u00f2, fisioterapeuta especialitzada en pediatria.\u00a0Vaig comen\u00e7ar a estudiar fisioter\u00e0pia gaireb\u00e9 per casualitat, per\u00f2 ben aviat vaig sentir que havia trobat el meu cam\u00ed. Descobrir que podia ajudar i acompanyar a les persones em va motivar molt. Quan em vaig endinsar en el m\u00f3n de la fisioter\u00e0pia [&hellip;]<\/p>\n","protected":false},"author":1,"featured_media":0,"parent":0,"menu_order":0,"comment_status":"closed","ping_status":"closed","template":"","meta":{"footnotes":""},"class_list":["post-44","page","type-page","status-publish","hentry"],"yoast_head":"<!-- This site is optimized with the Yoast SEO plugin v25.3 - https:\/\/yoast.com\/wordpress\/plugins\/seo\/ -->\n<title>Qui s\u00f3c - Laia Puigb\u00f2<\/title>\n<meta name=\"robots\" content=\"index, follow, max-snippet:-1, max-image-preview:large, max-video-preview:-1\" \/>\n<link rel=\"canonical\" href=\"https:\/\/laiapuigbo.com\/ca\/qui-soc\/\" \/>\n<meta property=\"og:locale\" content=\"ca_ES\" \/>\n<meta property=\"og:type\" content=\"article\" \/>\n<meta property=\"og:title\" content=\"Qui s\u00f3c - Laia Puigb\u00f2\" \/>\n<meta property=\"og:description\" content=\"QUI S\u00d3C Fisioterapeuta especialitzada en pediatria S\u00f3c la Laia Puigb\u00f2, fisioterapeuta especialitzada en pediatria.\u00a0Vaig comen\u00e7ar a estudiar fisioter\u00e0pia gaireb\u00e9 per casualitat, per\u00f2 ben aviat vaig sentir que havia trobat el meu cam\u00ed. Descobrir que podia ajudar i acompanyar a les persones em va motivar molt. Quan em vaig endinsar en el m\u00f3n de la fisioter\u00e0pia [&hellip;]\" \/>\n<meta property=\"og:url\" content=\"https:\/\/laiapuigbo.com\/ca\/qui-soc\/\" \/>\n<meta property=\"og:site_name\" content=\"Laia Puigb\u00f2\" \/>\n<meta property=\"article:modified_time\" content=\"2026-01-28T07:48:15+00:00\" \/>\n<meta property=\"og:image\" content=\"https:\/\/laiapuigbo.com\/wp-content\/uploads\/2025\/05\/Qui-Soc-scaled.jpg\" \/>\n\t<meta property=\"og:image:width\" content=\"2560\" \/>\n\t<meta property=\"og:image:height\" content=\"1920\" \/>\n\t<meta property=\"og:image:type\" content=\"image\/jpeg\" \/>\n<meta name=\"twitter:card\" content=\"summary_large_image\" \/>\n<meta name=\"twitter:label1\" content=\"Temps estimat de lectura\" \/>\n\t<meta name=\"twitter:data1\" content=\"2 minuts\" \/>\n<script type=\"application\/ld+json\" class=\"yoast-schema-graph\">{\"@context\":\"https:\/\/schema.org\",\"@graph\":[{\"@type\":\"WebPage\",\"@id\":\"https:\/\/laiapuigbo.com\/ca\/qui-soc\/\",\"url\":\"https:\/\/laiapuigbo.com\/ca\/qui-soc\/\",\"name\":\"Qui s\u00f3c - Laia Puigb\u00f2\",\"isPartOf\":{\"@id\":\"https:\/\/laiapuigbo.com\/ca\/#website\"},\"primaryImageOfPage\":{\"@id\":\"https:\/\/laiapuigbo.com\/ca\/qui-soc\/#primaryimage\"},\"image\":{\"@id\":\"https:\/\/laiapuigbo.com\/ca\/qui-soc\/#primaryimage\"},\"thumbnailUrl\":\"https:\/\/laiapuigbo.com\/wp-content\/uploads\/2025\/05\/Qui-Soc-1024x768.jpg\",\"datePublished\":\"2025-05-16T07:03:16+00:00\",\"dateModified\":\"2026-01-28T07:48:15+00:00\",\"breadcrumb\":{\"@id\":\"https:\/\/laiapuigbo.com\/ca\/qui-soc\/#breadcrumb\"},\"inLanguage\":\"ca\",\"potentialAction\":[{\"@type\":\"ReadAction\",\"target\":[\"https:\/\/laiapuigbo.com\/ca\/qui-soc\/\"]}]},{\"@type\":\"ImageObject\",\"inLanguage\":\"ca\",\"@id\":\"https:\/\/laiapuigbo.com\/ca\/qui-soc\/#primaryimage\",\"url\":\"https:\/\/laiapuigbo.com\/wp-content\/uploads\/2025\/05\/Qui-Soc-1024x768.jpg\",\"contentUrl\":\"https:\/\/laiapuigbo.com\/wp-content\/uploads\/2025\/05\/Qui-Soc-1024x768.jpg\"},{\"@type\":\"BreadcrumbList\",\"@id\":\"https:\/\/laiapuigbo.com\/ca\/qui-soc\/#breadcrumb\",\"itemListElement\":[{\"@type\":\"ListItem\",\"position\":1,\"name\":\"Portada\",\"item\":\"https:\/\/laiapuigbo.com\/ca\/\"},{\"@type\":\"ListItem\",\"position\":2,\"name\":\"Qui s\u00f3c\"}]},{\"@type\":\"WebSite\",\"@id\":\"https:\/\/laiapuigbo.com\/ca\/#website\",\"url\":\"https:\/\/laiapuigbo.com\/ca\/\",\"name\":\"Laia Puigb\u00f2\",\"description\":\"\",\"publisher\":{\"@id\":\"https:\/\/laiapuigbo.com\/ca\/#organization\"},\"potentialAction\":[{\"@type\":\"SearchAction\",\"target\":{\"@type\":\"EntryPoint\",\"urlTemplate\":\"https:\/\/laiapuigbo.com\/ca\/?s={search_term_string}\"},\"query-input\":{\"@type\":\"PropertyValueSpecification\",\"valueRequired\":true,\"valueName\":\"search_term_string\"}}],\"inLanguage\":\"ca\"},{\"@type\":\"Organization\",\"@id\":\"https:\/\/laiapuigbo.com\/ca\/#organization\",\"name\":\"Laia Puigb\u00f2\",\"url\":\"https:\/\/laiapuigbo.com\/ca\/\",\"logo\":{\"@type\":\"ImageObject\",\"inLanguage\":\"ca\",\"@id\":\"https:\/\/laiapuigbo.com\/ca\/#\/schema\/logo\/image\/\",\"url\":\"https:\/\/laiapuigbo.com\/wp-content\/uploads\/2025\/05\/Logo-Laia-Puigbo.png\",\"contentUrl\":\"https:\/\/laiapuigbo.com\/wp-content\/uploads\/2025\/05\/Logo-Laia-Puigbo.png\",\"width\":508,\"height\":125,\"caption\":\"Laia Puigb\u00f2\"},\"image\":{\"@id\":\"https:\/\/laiapuigbo.com\/ca\/#\/schema\/logo\/image\/\"}}]}<\/script>\n<!-- \/ Yoast SEO plugin. -->","yoast_head_json":{"title":"Qui s\u00f3c - Laia Puigb\u00f2","robots":{"index":"index","follow":"follow","max-snippet":"max-snippet:-1","max-image-preview":"max-image-preview:large","max-video-preview":"max-video-preview:-1"},"canonical":"https:\/\/laiapuigbo.com\/ca\/qui-soc\/","og_locale":"ca_ES","og_type":"article","og_title":"Qui s\u00f3c - Laia Puigb\u00f2","og_description":"QUI S\u00d3C Fisioterapeuta especialitzada en pediatria S\u00f3c la Laia Puigb\u00f2, fisioterapeuta especialitzada en pediatria.\u00a0Vaig comen\u00e7ar a estudiar fisioter\u00e0pia gaireb\u00e9 per casualitat, per\u00f2 ben aviat vaig sentir que havia trobat el meu cam\u00ed. Descobrir que podia ajudar i acompanyar a les persones em va motivar molt. Quan em vaig endinsar en el m\u00f3n de la fisioter\u00e0pia [&hellip;]","og_url":"https:\/\/laiapuigbo.com\/ca\/qui-soc\/","og_site_name":"Laia Puigb\u00f2","article_modified_time":"2026-01-28T07:48:15+00:00","og_image":[{"width":2560,"height":1920,"url":"https:\/\/laiapuigbo.com\/wp-content\/uploads\/2025\/05\/Qui-Soc-scaled.jpg","type":"image\/jpeg"}],"twitter_card":"summary_large_image","twitter_misc":{"Temps estimat de lectura":"2 minuts"},"schema":{"@context":"https:\/\/schema.org","@graph":[{"@type":"WebPage","@id":"https:\/\/laiapuigbo.com\/ca\/qui-soc\/","url":"https:\/\/laiapuigbo.com\/ca\/qui-soc\/","name":"Qui s\u00f3c - Laia Puigb\u00f2","isPartOf":{"@id":"https:\/\/laiapuigbo.com\/ca\/#website"},"primaryImageOfPage":{"@id":"https:\/\/laiapuigbo.com\/ca\/qui-soc\/#primaryimage"},"image":{"@id":"https:\/\/laiapuigbo.com\/ca\/qui-soc\/#primaryimage"},"thumbnailUrl":"https:\/\/laiapuigbo.com\/wp-content\/uploads\/2025\/05\/Qui-Soc-1024x768.jpg","datePublished":"2025-05-16T07:03:16+00:00","dateModified":"2026-01-28T07:48:15+00:00","breadcrumb":{"@id":"https:\/\/laiapuigbo.com\/ca\/qui-soc\/#breadcrumb"},"inLanguage":"ca","potentialAction":[{"@type":"ReadAction","target":["https:\/\/laiapuigbo.com\/ca\/qui-soc\/"]}]},{"@type":"ImageObject","inLanguage":"ca","@id":"https:\/\/laiapuigbo.com\/ca\/qui-soc\/#primaryimage","url":"https:\/\/laiapuigbo.com\/wp-content\/uploads\/2025\/05\/Qui-Soc-1024x768.jpg","contentUrl":"https:\/\/laiapuigbo.com\/wp-content\/uploads\/2025\/05\/Qui-Soc-1024x768.jpg"},{"@type":"BreadcrumbList","@id":"https:\/\/laiapuigbo.com\/ca\/qui-soc\/#breadcrumb","itemListElement":[{"@type":"ListItem","position":1,"name":"Portada","item":"https:\/\/laiapuigbo.com\/ca\/"},{"@type":"ListItem","position":2,"name":"Qui s\u00f3c"}]},{"@type":"WebSite","@id":"https:\/\/laiapuigbo.com\/ca\/#website","url":"https:\/\/laiapuigbo.com\/ca\/","name":"Laia Puigb\u00f2","description":"","publisher":{"@id":"https:\/\/laiapuigbo.com\/ca\/#organization"},"potentialAction":[{"@type":"SearchAction","target":{"@type":"EntryPoint","urlTemplate":"https:\/\/laiapuigbo.com\/ca\/?s={search_term_string}"},"query-input":{"@type":"PropertyValueSpecification","valueRequired":true,"valueName":"search_term_string"}}],"inLanguage":"ca"},{"@type":"Organization","@id":"https:\/\/laiapuigbo.com\/ca\/#organization","name":"Laia Puigb\u00f2","url":"https:\/\/laiapuigbo.com\/ca\/","logo":{"@type":"ImageObject","inLanguage":"ca","@id":"https:\/\/laiapuigbo.com\/ca\/#\/schema\/logo\/image\/","url":"https:\/\/laiapuigbo.com\/wp-content\/uploads\/2025\/05\/Logo-Laia-Puigbo.png","contentUrl":"https:\/\/laiapuigbo.com\/wp-content\/uploads\/2025\/05\/Logo-Laia-Puigbo.png","width":508,"height":125,"caption":"Laia Puigb\u00f2"},"image":{"@id":"https:\/\/laiapuigbo.com\/ca\/#\/schema\/logo\/image\/"}}]}},"_links":{"self":[{"href":"https:\/\/laiapuigbo.com\/ca\/wp-json\/wp\/v2\/pages\/44","targetHints":{"allow":["GET"]}}],"collection":[{"href":"https:\/\/laiapuigbo.com\/ca\/wp-json\/wp\/v2\/pages"}],"about":[{"href":"https:\/\/laiapuigbo.com\/ca\/wp-json\/wp\/v2\/types\/page"}],"author":[{"embeddable":true,"href":"https:\/\/laiapuigbo.com\/ca\/wp-json\/wp\/v2\/users\/1"}],"replies":[{"embeddable":true,"href":"https:\/\/laiapuigbo.com\/ca\/wp-json\/wp\/v2\/comments?post=44"}],"version-history":[{"count":9,"href":"https:\/\/laiapuigbo.com\/ca\/wp-json\/wp\/v2\/pages\/44\/revisions"}],"predecessor-version":[{"id":2266,"href":"https:\/\/laiapuigbo.com\/ca\/wp-json\/wp\/v2\/pages\/44\/revisions\/2266"}],"wp:attachment":[{"href":"https:\/\/laiapuigbo.com\/ca\/wp-json\/wp\/v2\/media?parent=44"}],"curies":[{"name":"wp","href":"https:\/\/api.w.org\/{rel}","templated":true}]}}