{"id":390,"date":"2025-05-20T13:09:55","date_gmt":"2025-05-20T13:09:55","guid":{"rendered":"https:\/\/laiapuigbo.com\/?page_id=390"},"modified":"2026-01-28T07:46:24","modified_gmt":"2026-01-28T07:46:24","slug":"serveis","status":"publish","type":"page","link":"https:\/\/laiapuigbo.com\/ca\/serveis\/","title":{"rendered":"Serveis"},"content":{"rendered":"\t\t<div data-elementor-type=\"wp-page\" data-elementor-id=\"390\" class=\"elementor elementor-390\" data-elementor-post-type=\"page\">\n\t\t\t\t<div class=\"elementor-element elementor-element-3cd1df75 e-flex e-con-boxed e-con e-parent\" data-id=\"3cd1df75\" data-element_type=\"container\">\n\t\t\t\t\t<div class=\"e-con-inner\">\n\t\t\t\t<div class=\"elementor-element elementor-element-d41fe29 elementor-widget elementor-widget-heading\" data-id=\"d41fe29\" data-element_type=\"widget\" data-widget_type=\"heading.default\">\n\t\t\t\t<div class=\"elementor-widget-container\">\n\t\t\t\t\t<h1 class=\"elementor-heading-title elementor-size-default\">SERVEIS<\/h1>\t\t\t\t<\/div>\n\t\t\t\t<\/div>\n\t\t\t\t<div class=\"elementor-element elementor-element-18f1bf37 elementor-widget elementor-widget-heading\" data-id=\"18f1bf37\" data-element_type=\"widget\" data-widget_type=\"heading.default\">\n\t\t\t\t<div class=\"elementor-widget-container\">\n\t\t\t\t\t<h2 class=\"elementor-heading-title elementor-size-default\">Qu\u00e8 et puc oferir?<\/h2>\t\t\t\t<\/div>\n\t\t\t\t<\/div>\n\t\t\t\t<div class=\"elementor-element elementor-element-4cc0e78d elementor-widget elementor-widget-text-editor\" data-id=\"4cc0e78d\" data-element_type=\"widget\" data-widget_type=\"text-editor.default\">\n\t\t\t\t<div class=\"elementor-widget-container\">\n\t\t\t\t\t\t\t\t\t<p class=\"p1\">El meu objectiu \u00e9s ajudar als m\u00e9s petits de casa en el seu desenvolupament, aix\u00ed com tractar i prevenir qualsevol problema f\u00edsic que pugui afectar el seu creixement, les seves capacitats funcionals i al seu benestar.<\/p>\t\t\t\t\t\t\t\t<\/div>\n\t\t\t\t<\/div>\n\t\t<div class=\"elementor-element elementor-element-1898aecf e-con-full e-grid e-con e-child\" data-id=\"1898aecf\" data-element_type=\"container\">\n\t\t<div class=\"elementor-element elementor-element-72bfe850 e-con-full e-flex e-con e-child\" data-id=\"72bfe850\" data-element_type=\"container\">\n\t\t\t\t<div class=\"elementor-element elementor-element-4ce25dd7 elementor-widget elementor-widget-image\" data-id=\"4ce25dd7\" data-element_type=\"widget\" data-widget_type=\"image.default\">\n\t\t\t\t<div class=\"elementor-widget-container\">\n\t\t\t\t\t\t\t\t\t\t\t\t\t\t\t\t<a href=\"https:\/\/laiapuigbo.com\/desenvolupament-psicomotor\/\">\n\t\t\t\t\t\t\t<img fetchpriority=\"high\" decoding=\"async\" width=\"800\" height=\"534\" src=\"https:\/\/laiapuigbo.com\/wp-content\/uploads\/2025\/05\/Psicomotricidad-Infantil-1024x683.jpg\" class=\"elementor-animation-grow attachment-large size-large wp-image-314\" alt=\"Psicomotricidad Infantil\" srcset=\"https:\/\/laiapuigbo.com\/wp-content\/uploads\/2025\/05\/Psicomotricidad-Infantil-1024x683.jpg 1024w, https:\/\/laiapuigbo.com\/wp-content\/uploads\/2025\/05\/Psicomotricidad-Infantil-300x200.jpg 300w, https:\/\/laiapuigbo.com\/wp-content\/uploads\/2025\/05\/Psicomotricidad-Infantil-768x512.jpg 768w, https:\/\/laiapuigbo.com\/wp-content\/uploads\/2025\/05\/Psicomotricidad-Infantil-1536x1024.jpg 1536w, https:\/\/laiapuigbo.com\/wp-content\/uploads\/2025\/05\/Psicomotricidad-Infantil-2048x1365.jpg 2048w\" sizes=\"(max-width: 800px) 100vw, 800px\" \/>\t\t\t\t\t\t\t\t<\/a>\n\t\t\t\t\t\t\t\t\t\t\t\t\t\t\t<\/div>\n\t\t\t\t<\/div>\n\t\t\t\t<div class=\"elementor-element elementor-element-4d7b66f3 elementor-widget elementor-widget-heading\" data-id=\"4d7b66f3\" data-element_type=\"widget\" data-widget_type=\"heading.default\">\n\t\t\t\t<div class=\"elementor-widget-container\">\n\t\t\t\t\t<h3 class=\"elementor-heading-title elementor-size-default\">Psicomotricitat infantil<\/h3>\t\t\t\t<\/div>\n\t\t\t\t<\/div>\n\t\t\t\t<div class=\"elementor-element elementor-element-42b84e3c elementor-widget elementor-widget-text-editor\" data-id=\"42b84e3c\" data-element_type=\"widget\" data-widget_type=\"text-editor.default\">\n\t\t\t\t<div class=\"elementor-widget-container\">\n\t\t\t\t\t\t\t\t\t<p class=\"p1\">T\u2019ofereixo orientaci\u00f3 i activitats personalitzades en psicomotricitat infantil per estimular el creixement del teu fill\/a a trav\u00e9s del joc, adaptant-me al seu ritme i necessitats.\u200b<\/p>\t\t\t\t\t\t\t\t<\/div>\n\t\t\t\t<\/div>\n\t\t\t\t<\/div>\n\t\t<div class=\"elementor-element elementor-element-9897786 e-con-full e-flex e-con e-child\" data-id=\"9897786\" data-element_type=\"container\">\n\t\t\t\t<div class=\"elementor-element elementor-element-1c1f4d24 elementor-widget elementor-widget-image\" data-id=\"1c1f4d24\" data-element_type=\"widget\" data-widget_type=\"image.default\">\n\t\t\t\t<div class=\"elementor-widget-container\">\n\t\t\t\t\t\t\t\t\t\t\t\t\t\t\t\t<a href=\"https:\/\/laiapuigbo.com\/lactancia-materna\/\">\n\t\t\t\t\t\t\t<img decoding=\"async\" width=\"800\" height=\"534\" src=\"https:\/\/laiapuigbo.com\/wp-content\/uploads\/2025\/05\/Lactancia-materna-1024x683.jpg\" class=\"elementor-animation-grow attachment-large size-large wp-image-334\" alt=\"Lactancia materna\" srcset=\"https:\/\/laiapuigbo.com\/wp-content\/uploads\/2025\/05\/Lactancia-materna-1024x683.jpg 1024w, https:\/\/laiapuigbo.com\/wp-content\/uploads\/2025\/05\/Lactancia-materna-300x200.jpg 300w, https:\/\/laiapuigbo.com\/wp-content\/uploads\/2025\/05\/Lactancia-materna-768x512.jpg 768w, https:\/\/laiapuigbo.com\/wp-content\/uploads\/2025\/05\/Lactancia-materna-1536x1024.jpg 1536w, https:\/\/laiapuigbo.com\/wp-content\/uploads\/2025\/05\/Lactancia-materna-2048x1365.jpg 2048w\" sizes=\"(max-width: 800px) 100vw, 800px\" \/>\t\t\t\t\t\t\t\t<\/a>\n\t\t\t\t\t\t\t\t\t\t\t\t\t\t\t<\/div>\n\t\t\t\t<\/div>\n\t\t\t\t<div class=\"elementor-element elementor-element-74426fda elementor-widget elementor-widget-heading\" data-id=\"74426fda\" data-element_type=\"widget\" data-widget_type=\"heading.default\">\n\t\t\t\t<div class=\"elementor-widget-container\">\n\t\t\t\t\t<h3 class=\"elementor-heading-title elementor-size-default\">Lact\u00e0ncia materna<\/h3>\t\t\t\t<\/div>\n\t\t\t\t<\/div>\n\t\t\t\t<div class=\"elementor-element elementor-element-7c52599 elementor-widget elementor-widget-text-editor\" data-id=\"7c52599\" data-element_type=\"widget\" data-widget_type=\"text-editor.default\">\n\t\t\t\t<div class=\"elementor-widget-container\">\n\t\t\t\t\t\t\t\t\t<p class=\"p1\">T&#8217;ajudo a detectar l\u2019origen del dolor o les mol\u00e8sties per poder gaudir d\u2019una lact\u00e0ncia m\u00e9s c\u00f2moda i efectiva.<\/p>\t\t\t\t\t\t\t\t<\/div>\n\t\t\t\t<\/div>\n\t\t\t\t<\/div>\n\t\t<div class=\"elementor-element elementor-element-74d097af e-con-full e-flex e-con e-child\" data-id=\"74d097af\" data-element_type=\"container\">\n\t\t\t\t<div class=\"elementor-element elementor-element-559a2082 elementor-widget elementor-widget-image\" data-id=\"559a2082\" data-element_type=\"widget\" data-widget_type=\"image.default\">\n\t\t\t\t<div class=\"elementor-widget-container\">\n\t\t\t\t\t\t\t\t\t\t\t\t\t\t\t\t<a href=\"https:\/\/laiapuigbo.com\/torticolis-muscular-i-deformitats-cranials\/\">\n\t\t\t\t\t\t\t<img decoding=\"async\" width=\"800\" height=\"534\" src=\"https:\/\/laiapuigbo.com\/wp-content\/uploads\/2025\/05\/Braquicefalia-1024x683.jpg\" class=\"elementor-animation-grow attachment-large size-large wp-image-315\" alt=\"Braquicefalia\" srcset=\"https:\/\/laiapuigbo.com\/wp-content\/uploads\/2025\/05\/Braquicefalia-1024x683.jpg 1024w, https:\/\/laiapuigbo.com\/wp-content\/uploads\/2025\/05\/Braquicefalia-300x200.jpg 300w, https:\/\/laiapuigbo.com\/wp-content\/uploads\/2025\/05\/Braquicefalia-768x512.jpg 768w, https:\/\/laiapuigbo.com\/wp-content\/uploads\/2025\/05\/Braquicefalia-1536x1024.jpg 1536w, https:\/\/laiapuigbo.com\/wp-content\/uploads\/2025\/05\/Braquicefalia-2048x1365.jpg 2048w\" sizes=\"(max-width: 800px) 100vw, 800px\" \/>\t\t\t\t\t\t\t\t<\/a>\n\t\t\t\t\t\t\t\t\t\t\t\t\t\t\t<\/div>\n\t\t\t\t<\/div>\n\t\t\t\t<div class=\"elementor-element elementor-element-513ea22f elementor-widget elementor-widget-heading\" data-id=\"513ea22f\" data-element_type=\"widget\" data-widget_type=\"heading.default\">\n\t\t\t\t<div class=\"elementor-widget-container\">\n\t\t\t\t\t<h3 class=\"elementor-heading-title elementor-size-default\">Torticolis i braquicef\u00e0lia en nadons\u200b<\/h3>\t\t\t\t<\/div>\n\t\t\t\t<\/div>\n\t\t\t\t<div class=\"elementor-element elementor-element-25a34f11 elementor-widget elementor-widget-text-editor\" data-id=\"25a34f11\" data-element_type=\"widget\" data-widget_type=\"text-editor.default\">\n\t\t\t\t<div class=\"elementor-widget-container\">\n\t\t\t\t\t\t\t\t\t<p class=\"p1\">T\u2019ofereixo valoraci\u00f3 i tractament personalitzat per millorar la postura, el moviment i la forma del cap del teu nad\u00f3.\u200b<\/p>\t\t\t\t\t\t\t\t<\/div>\n\t\t\t\t<\/div>\n\t\t\t\t<\/div>\n\t\t<div class=\"elementor-element elementor-element-7b8ef684 e-con-full e-flex e-con e-child\" data-id=\"7b8ef684\" data-element_type=\"container\">\n\t\t\t\t<div class=\"elementor-element elementor-element-47b31f8e elementor-widget elementor-widget-image\" data-id=\"47b31f8e\" data-element_type=\"widget\" data-widget_type=\"image.default\">\n\t\t\t\t<div class=\"elementor-widget-container\">\n\t\t\t\t\t\t\t\t\t\t\t\t\t\t\t\t<a href=\"https:\/\/laiapuigbo.com\/afectacions-respiratories\/\">\n\t\t\t\t\t\t\t<img loading=\"lazy\" decoding=\"async\" width=\"800\" height=\"534\" src=\"https:\/\/laiapuigbo.com\/wp-content\/uploads\/2025\/05\/Mocos-bebes-1024x683.jpg\" class=\"elementor-animation-grow attachment-large size-large wp-image-329\" alt=\"Mocos bebes\" srcset=\"https:\/\/laiapuigbo.com\/wp-content\/uploads\/2025\/05\/Mocos-bebes-1024x683.jpg 1024w, https:\/\/laiapuigbo.com\/wp-content\/uploads\/2025\/05\/Mocos-bebes-300x200.jpg 300w, https:\/\/laiapuigbo.com\/wp-content\/uploads\/2025\/05\/Mocos-bebes-768x512.jpg 768w, https:\/\/laiapuigbo.com\/wp-content\/uploads\/2025\/05\/Mocos-bebes-1536x1024.jpg 1536w, https:\/\/laiapuigbo.com\/wp-content\/uploads\/2025\/05\/Mocos-bebes-2048x1365.jpg 2048w\" sizes=\"(max-width: 800px) 100vw, 800px\" \/>\t\t\t\t\t\t\t\t<\/a>\n\t\t\t\t\t\t\t\t\t\t\t\t\t\t\t<\/div>\n\t\t\t\t<\/div>\n\t\t\t\t<div class=\"elementor-element elementor-element-27b0e23e elementor-widget elementor-widget-heading\" data-id=\"27b0e23e\" data-element_type=\"widget\" data-widget_type=\"heading.default\">\n\t\t\t\t<div class=\"elementor-widget-container\">\n\t\t\t\t\t<h3 class=\"elementor-heading-title elementor-size-default\">Afectacions respirat\u00f2ries\u200b<\/h3>\t\t\t\t<\/div>\n\t\t\t\t<\/div>\n\t\t\t\t<div class=\"elementor-element elementor-element-63e35ebe elementor-widget elementor-widget-text-editor\" data-id=\"63e35ebe\" data-element_type=\"widget\" data-widget_type=\"text-editor.default\">\n\t\t\t\t<div class=\"elementor-widget-container\">\n\t\t\t\t\t\t\t\t\t<p class=\"p1\">El teu fill\/a t\u00e9 molts mocs i no pot dormir?<br \/>Amb fisioter\u00e0pia respirat\u00f2ria t\u2019ajudo a millorar el seu descans i benestar.<\/p>\t\t\t\t\t\t\t\t<\/div>\n\t\t\t\t<\/div>\n\t\t\t\t<\/div>\n\t\t<div class=\"elementor-element elementor-element-6c877d65 e-con-full e-flex e-con e-child\" data-id=\"6c877d65\" data-element_type=\"container\">\n\t\t\t\t<div class=\"elementor-element elementor-element-72a78698 elementor-widget elementor-widget-image\" data-id=\"72a78698\" data-element_type=\"widget\" data-widget_type=\"image.default\">\n\t\t\t\t<div class=\"elementor-widget-container\">\n\t\t\t\t\t\t\t\t\t\t\t\t\t\t\t\t<a href=\"https:\/\/laiapuigbo.com\/afectacions-digestives\/\">\n\t\t\t\t\t\t\t<img loading=\"lazy\" decoding=\"async\" width=\"800\" height=\"534\" src=\"https:\/\/laiapuigbo.com\/wp-content\/uploads\/2025\/05\/Colicosdellactante-1024x683.jpg\" class=\"elementor-animation-grow attachment-large size-large wp-image-325\" alt=\"Colicos del lactante\" srcset=\"https:\/\/laiapuigbo.com\/wp-content\/uploads\/2025\/05\/Colicosdellactante-1024x683.jpg 1024w, https:\/\/laiapuigbo.com\/wp-content\/uploads\/2025\/05\/Colicosdellactante-300x200.jpg 300w, https:\/\/laiapuigbo.com\/wp-content\/uploads\/2025\/05\/Colicosdellactante-768x512.jpg 768w, https:\/\/laiapuigbo.com\/wp-content\/uploads\/2025\/05\/Colicosdellactante-1536x1024.jpg 1536w, https:\/\/laiapuigbo.com\/wp-content\/uploads\/2025\/05\/Colicosdellactante-2048x1365.jpg 2048w\" sizes=\"(max-width: 800px) 100vw, 800px\" \/>\t\t\t\t\t\t\t\t<\/a>\n\t\t\t\t\t\t\t\t\t\t\t\t\t\t\t<\/div>\n\t\t\t\t<\/div>\n\t\t\t\t<div class=\"elementor-element elementor-element-737a26b0 elementor-widget elementor-widget-heading\" data-id=\"737a26b0\" data-element_type=\"widget\" data-widget_type=\"heading.default\">\n\t\t\t\t<div class=\"elementor-widget-container\">\n\t\t\t\t\t<h3 class=\"elementor-heading-title elementor-size-default\">Afectacions digestives\u200b<\/h3>\t\t\t\t<\/div>\n\t\t\t\t<\/div>\n\t\t\t\t<div class=\"elementor-element elementor-element-63ac1333 elementor-widget elementor-widget-text-editor\" data-id=\"63ac1333\" data-element_type=\"widget\" data-widget_type=\"text-editor.default\">\n\t\t\t\t<div class=\"elementor-widget-container\">\n\t\t\t\t\t\t\t\t\t<p class=\"p1\">C\u00f2lics, gasos o restrenyiment? A la consulta buscarem l\u2019origen del malestar i et donar\u00e9 pautes que ajudin a millorar el benestar digestiu del teu nad\u00f3.<\/p>\t\t\t\t\t\t\t\t<\/div>\n\t\t\t\t<\/div>\n\t\t\t\t<\/div>\n\t\t<div class=\"elementor-element elementor-element-6ae857e1 e-con-full e-flex e-con e-child\" data-id=\"6ae857e1\" data-element_type=\"container\">\n\t\t\t\t<div class=\"elementor-element elementor-element-288dbd48 elementor-widget elementor-widget-image\" data-id=\"288dbd48\" data-element_type=\"widget\" data-widget_type=\"image.default\">\n\t\t\t\t<div class=\"elementor-widget-container\">\n\t\t\t\t\t\t\t\t\t\t\t\t\t\t\t\t<a href=\"https:\/\/laiapuigbo.com\/patologies-neurologiques-i-sindromes-genetics\/\">\n\t\t\t\t\t\t\t<img loading=\"lazy\" decoding=\"async\" width=\"800\" height=\"535\" src=\"https:\/\/laiapuigbo.com\/wp-content\/uploads\/2025\/05\/patologia-neurologica-2.png\" class=\"elementor-animation-grow attachment-large size-large wp-image-1811\" alt=\"Patologia neurologica\" srcset=\"https:\/\/laiapuigbo.com\/wp-content\/uploads\/2025\/05\/patologia-neurologica-2.png 1024w, https:\/\/laiapuigbo.com\/wp-content\/uploads\/2025\/05\/patologia-neurologica-2-300x201.png 300w, https:\/\/laiapuigbo.com\/wp-content\/uploads\/2025\/05\/patologia-neurologica-2-768x514.png 768w\" sizes=\"(max-width: 800px) 100vw, 800px\" \/>\t\t\t\t\t\t\t\t<\/a>\n\t\t\t\t\t\t\t\t\t\t\t\t\t\t\t<\/div>\n\t\t\t\t<\/div>\n\t\t\t\t<div class=\"elementor-element elementor-element-931a89b elementor-widget elementor-widget-heading\" data-id=\"931a89b\" data-element_type=\"widget\" data-widget_type=\"heading.default\">\n\t\t\t\t<div class=\"elementor-widget-container\">\n\t\t\t\t\t<h3 class=\"elementor-heading-title elementor-size-default\">Patologies neurol\u00f2giques i s\u00edndromes gen\u00e8tics\u200b<\/h3>\t\t\t\t<\/div>\n\t\t\t\t<\/div>\n\t\t\t\t<div class=\"elementor-element elementor-element-610a67ea elementor-widget elementor-widget-text-editor\" data-id=\"610a67ea\" data-element_type=\"widget\" data-widget_type=\"text-editor.default\">\n\t\t\t\t<div class=\"elementor-widget-container\">\n\t\t\t\t\t\t\t\t\t<p class=\"p1\">Acompanyo beb\u00e9s amb s\u00edndrome de Down i altres afectacions neurol\u00f2giques, promovent el seu desenvolupament motor, la respiraci\u00f3 i l\u2019autonomia, sempre adaptant-me a les seves necessitats i al ritme de cada fam\u00edlia.<\/p>\t\t\t\t\t\t\t\t<\/div>\n\t\t\t\t<\/div>\n\t\t\t\t<\/div>\n\t\t\t\t<\/div>\n\t\t\t\t\t<\/div>\n\t\t\t\t<\/div>\n\t\t\t\t<\/div>\n\t\t","protected":false},"excerpt":{"rendered":"<p>SERVEIS Qu\u00e8 et puc oferir? El meu objectiu \u00e9s ajudar als m\u00e9s petits de casa en el seu desenvolupament, aix\u00ed com tractar i prevenir qualsevol problema f\u00edsic que pugui afectar el seu creixement, les seves capacitats funcionals i al seu benestar. Psicomotricitat infantil T\u2019ofereixo orientaci\u00f3 i activitats personalitzades en psicomotricitat infantil per estimular el creixement [&hellip;]<\/p>\n","protected":false},"author":1,"featured_media":0,"parent":0,"menu_order":0,"comment_status":"closed","ping_status":"closed","template":"","meta":{"footnotes":""},"class_list":["post-390","page","type-page","status-publish","hentry"],"yoast_head":"<!-- This site is optimized with the Yoast SEO plugin v25.3 - https:\/\/yoast.com\/wordpress\/plugins\/seo\/ -->\n<title>Serveis - Laia Puigb\u00f2<\/title>\n<meta name=\"robots\" content=\"index, follow, max-snippet:-1, max-image-preview:large, max-video-preview:-1\" \/>\n<link rel=\"canonical\" href=\"https:\/\/laiapuigbo.com\/ca\/serveis\/\" \/>\n<meta property=\"og:locale\" content=\"ca_ES\" \/>\n<meta property=\"og:type\" content=\"article\" \/>\n<meta property=\"og:title\" content=\"Serveis - Laia Puigb\u00f2\" \/>\n<meta property=\"og:description\" content=\"SERVEIS Qu\u00e8 et puc oferir? El meu objectiu \u00e9s ajudar als m\u00e9s petits de casa en el seu desenvolupament, aix\u00ed com tractar i prevenir qualsevol problema f\u00edsic que pugui afectar el seu creixement, les seves capacitats funcionals i al seu benestar. Psicomotricitat infantil T\u2019ofereixo orientaci\u00f3 i activitats personalitzades en psicomotricitat infantil per estimular el creixement [&hellip;]\" \/>\n<meta property=\"og:url\" content=\"https:\/\/laiapuigbo.com\/ca\/serveis\/\" \/>\n<meta property=\"og:site_name\" content=\"Laia Puigb\u00f2\" \/>\n<meta property=\"article:modified_time\" content=\"2026-01-28T07:46:24+00:00\" \/>\n<meta property=\"og:image\" content=\"https:\/\/laiapuigbo.com\/wp-content\/uploads\/2025\/05\/Psicomotricidad-Infantil-scaled.jpg\" \/>\n\t<meta property=\"og:image:width\" content=\"2560\" \/>\n\t<meta property=\"og:image:height\" content=\"1707\" \/>\n\t<meta property=\"og:image:type\" content=\"image\/jpeg\" \/>\n<meta name=\"twitter:card\" content=\"summary_large_image\" \/>\n<meta name=\"twitter:label1\" content=\"Temps estimat de lectura\" \/>\n\t<meta name=\"twitter:data1\" content=\"3 minuts\" \/>\n<script type=\"application\/ld+json\" class=\"yoast-schema-graph\">{\"@context\":\"https:\/\/schema.org\",\"@graph\":[{\"@type\":\"WebPage\",\"@id\":\"https:\/\/laiapuigbo.com\/ca\/serveis\/\",\"url\":\"https:\/\/laiapuigbo.com\/ca\/serveis\/\",\"name\":\"Serveis - Laia Puigb\u00f2\",\"isPartOf\":{\"@id\":\"https:\/\/laiapuigbo.com\/ca\/#website\"},\"primaryImageOfPage\":{\"@id\":\"https:\/\/laiapuigbo.com\/ca\/serveis\/#primaryimage\"},\"image\":{\"@id\":\"https:\/\/laiapuigbo.com\/ca\/serveis\/#primaryimage\"},\"thumbnailUrl\":\"https:\/\/laiapuigbo.com\/wp-content\/uploads\/2025\/05\/Psicomotricidad-Infantil-1024x683.jpg\",\"datePublished\":\"2025-05-20T13:09:55+00:00\",\"dateModified\":\"2026-01-28T07:46:24+00:00\",\"breadcrumb\":{\"@id\":\"https:\/\/laiapuigbo.com\/ca\/serveis\/#breadcrumb\"},\"inLanguage\":\"ca\",\"potentialAction\":[{\"@type\":\"ReadAction\",\"target\":[\"https:\/\/laiapuigbo.com\/ca\/serveis\/\"]}]},{\"@type\":\"ImageObject\",\"inLanguage\":\"ca\",\"@id\":\"https:\/\/laiapuigbo.com\/ca\/serveis\/#primaryimage\",\"url\":\"https:\/\/laiapuigbo.com\/wp-content\/uploads\/2025\/05\/Psicomotricidad-Infantil-1024x683.jpg\",\"contentUrl\":\"https:\/\/laiapuigbo.com\/wp-content\/uploads\/2025\/05\/Psicomotricidad-Infantil-1024x683.jpg\"},{\"@type\":\"BreadcrumbList\",\"@id\":\"https:\/\/laiapuigbo.com\/ca\/serveis\/#breadcrumb\",\"itemListElement\":[{\"@type\":\"ListItem\",\"position\":1,\"name\":\"Portada\",\"item\":\"https:\/\/laiapuigbo.com\/ca\/\"},{\"@type\":\"ListItem\",\"position\":2,\"name\":\"Serveis\"}]},{\"@type\":\"WebSite\",\"@id\":\"https:\/\/laiapuigbo.com\/ca\/#website\",\"url\":\"https:\/\/laiapuigbo.com\/ca\/\",\"name\":\"Laia Puigb\u00f2\",\"description\":\"\",\"publisher\":{\"@id\":\"https:\/\/laiapuigbo.com\/ca\/#organization\"},\"potentialAction\":[{\"@type\":\"SearchAction\",\"target\":{\"@type\":\"EntryPoint\",\"urlTemplate\":\"https:\/\/laiapuigbo.com\/ca\/?s={search_term_string}\"},\"query-input\":{\"@type\":\"PropertyValueSpecification\",\"valueRequired\":true,\"valueName\":\"search_term_string\"}}],\"inLanguage\":\"ca\"},{\"@type\":\"Organization\",\"@id\":\"https:\/\/laiapuigbo.com\/ca\/#organization\",\"name\":\"Laia Puigb\u00f2\",\"url\":\"https:\/\/laiapuigbo.com\/ca\/\",\"logo\":{\"@type\":\"ImageObject\",\"inLanguage\":\"ca\",\"@id\":\"https:\/\/laiapuigbo.com\/ca\/#\/schema\/logo\/image\/\",\"url\":\"https:\/\/laiapuigbo.com\/wp-content\/uploads\/2025\/05\/Logo-Laia-Puigbo.png\",\"contentUrl\":\"https:\/\/laiapuigbo.com\/wp-content\/uploads\/2025\/05\/Logo-Laia-Puigbo.png\",\"width\":508,\"height\":125,\"caption\":\"Laia Puigb\u00f2\"},\"image\":{\"@id\":\"https:\/\/laiapuigbo.com\/ca\/#\/schema\/logo\/image\/\"}}]}<\/script>\n<!-- \/ Yoast SEO plugin. -->","yoast_head_json":{"title":"Serveis - Laia Puigb\u00f2","robots":{"index":"index","follow":"follow","max-snippet":"max-snippet:-1","max-image-preview":"max-image-preview:large","max-video-preview":"max-video-preview:-1"},"canonical":"https:\/\/laiapuigbo.com\/ca\/serveis\/","og_locale":"ca_ES","og_type":"article","og_title":"Serveis - Laia Puigb\u00f2","og_description":"SERVEIS Qu\u00e8 et puc oferir? El meu objectiu \u00e9s ajudar als m\u00e9s petits de casa en el seu desenvolupament, aix\u00ed com tractar i prevenir qualsevol problema f\u00edsic que pugui afectar el seu creixement, les seves capacitats funcionals i al seu benestar. Psicomotricitat infantil T\u2019ofereixo orientaci\u00f3 i activitats personalitzades en psicomotricitat infantil per estimular el creixement [&hellip;]","og_url":"https:\/\/laiapuigbo.com\/ca\/serveis\/","og_site_name":"Laia Puigb\u00f2","article_modified_time":"2026-01-28T07:46:24+00:00","og_image":[{"width":2560,"height":1707,"url":"https:\/\/laiapuigbo.com\/wp-content\/uploads\/2025\/05\/Psicomotricidad-Infantil-scaled.jpg","type":"image\/jpeg"}],"twitter_card":"summary_large_image","twitter_misc":{"Temps estimat de lectura":"3 minuts"},"schema":{"@context":"https:\/\/schema.org","@graph":[{"@type":"WebPage","@id":"https:\/\/laiapuigbo.com\/ca\/serveis\/","url":"https:\/\/laiapuigbo.com\/ca\/serveis\/","name":"Serveis - Laia Puigb\u00f2","isPartOf":{"@id":"https:\/\/laiapuigbo.com\/ca\/#website"},"primaryImageOfPage":{"@id":"https:\/\/laiapuigbo.com\/ca\/serveis\/#primaryimage"},"image":{"@id":"https:\/\/laiapuigbo.com\/ca\/serveis\/#primaryimage"},"thumbnailUrl":"https:\/\/laiapuigbo.com\/wp-content\/uploads\/2025\/05\/Psicomotricidad-Infantil-1024x683.jpg","datePublished":"2025-05-20T13:09:55+00:00","dateModified":"2026-01-28T07:46:24+00:00","breadcrumb":{"@id":"https:\/\/laiapuigbo.com\/ca\/serveis\/#breadcrumb"},"inLanguage":"ca","potentialAction":[{"@type":"ReadAction","target":["https:\/\/laiapuigbo.com\/ca\/serveis\/"]}]},{"@type":"ImageObject","inLanguage":"ca","@id":"https:\/\/laiapuigbo.com\/ca\/serveis\/#primaryimage","url":"https:\/\/laiapuigbo.com\/wp-content\/uploads\/2025\/05\/Psicomotricidad-Infantil-1024x683.jpg","contentUrl":"https:\/\/laiapuigbo.com\/wp-content\/uploads\/2025\/05\/Psicomotricidad-Infantil-1024x683.jpg"},{"@type":"BreadcrumbList","@id":"https:\/\/laiapuigbo.com\/ca\/serveis\/#breadcrumb","itemListElement":[{"@type":"ListItem","position":1,"name":"Portada","item":"https:\/\/laiapuigbo.com\/ca\/"},{"@type":"ListItem","position":2,"name":"Serveis"}]},{"@type":"WebSite","@id":"https:\/\/laiapuigbo.com\/ca\/#website","url":"https:\/\/laiapuigbo.com\/ca\/","name":"Laia Puigb\u00f2","description":"","publisher":{"@id":"https:\/\/laiapuigbo.com\/ca\/#organization"},"potentialAction":[{"@type":"SearchAction","target":{"@type":"EntryPoint","urlTemplate":"https:\/\/laiapuigbo.com\/ca\/?s={search_term_string}"},"query-input":{"@type":"PropertyValueSpecification","valueRequired":true,"valueName":"search_term_string"}}],"inLanguage":"ca"},{"@type":"Organization","@id":"https:\/\/laiapuigbo.com\/ca\/#organization","name":"Laia Puigb\u00f2","url":"https:\/\/laiapuigbo.com\/ca\/","logo":{"@type":"ImageObject","inLanguage":"ca","@id":"https:\/\/laiapuigbo.com\/ca\/#\/schema\/logo\/image\/","url":"https:\/\/laiapuigbo.com\/wp-content\/uploads\/2025\/05\/Logo-Laia-Puigbo.png","contentUrl":"https:\/\/laiapuigbo.com\/wp-content\/uploads\/2025\/05\/Logo-Laia-Puigbo.png","width":508,"height":125,"caption":"Laia Puigb\u00f2"},"image":{"@id":"https:\/\/laiapuigbo.com\/ca\/#\/schema\/logo\/image\/"}}]}},"_links":{"self":[{"href":"https:\/\/laiapuigbo.com\/ca\/wp-json\/wp\/v2\/pages\/390","targetHints":{"allow":["GET"]}}],"collection":[{"href":"https:\/\/laiapuigbo.com\/ca\/wp-json\/wp\/v2\/pages"}],"about":[{"href":"https:\/\/laiapuigbo.com\/ca\/wp-json\/wp\/v2\/types\/page"}],"author":[{"embeddable":true,"href":"https:\/\/laiapuigbo.com\/ca\/wp-json\/wp\/v2\/users\/1"}],"replies":[{"embeddable":true,"href":"https:\/\/laiapuigbo.com\/ca\/wp-json\/wp\/v2\/comments?post=390"}],"version-history":[{"count":3,"href":"https:\/\/laiapuigbo.com\/ca\/wp-json\/wp\/v2\/pages\/390\/revisions"}],"predecessor-version":[{"id":2260,"href":"https:\/\/laiapuigbo.com\/ca\/wp-json\/wp\/v2\/pages\/390\/revisions\/2260"}],"wp:attachment":[{"href":"https:\/\/laiapuigbo.com\/ca\/wp-json\/wp\/v2\/media?parent=390"}],"curies":[{"name":"wp","href":"https:\/\/api.w.org\/{rel}","templated":true}]}}