{"id":1379,"date":"2025-05-22T14:45:05","date_gmt":"2025-05-22T14:45:05","guid":{"rendered":"https:\/\/laiapuigbo.com\/?page_id=1379"},"modified":"2025-06-11T09:34:19","modified_gmt":"2025-06-11T09:34:19","slug":"patologies-neurologiques-i-sindromes-genetics","status":"publish","type":"page","link":"https:\/\/laiapuigbo.com\/ca\/patologies-neurologiques-i-sindromes-genetics\/","title":{"rendered":"Patologies neurol\u00f2giques i s\u00edndromes gen\u00e8tics"},"content":{"rendered":"\t\t<div data-elementor-type=\"wp-page\" data-elementor-id=\"1379\" class=\"elementor elementor-1379\" data-elementor-post-type=\"page\">\n\t\t\t\t<div class=\"elementor-element elementor-element-6450f3e6 e-grid e-con-boxed e-con e-parent\" data-id=\"6450f3e6\" data-element_type=\"container\">\n\t\t\t\t\t<div class=\"e-con-inner\">\n\t\t<div class=\"elementor-element elementor-element-52bbbd89 e-con-full e-flex e-con e-child\" data-id=\"52bbbd89\" data-element_type=\"container\">\n\t\t\t\t<div class=\"elementor-element elementor-element-233bf32c elementor-widget elementor-widget-heading\" data-id=\"233bf32c\" data-element_type=\"widget\" data-widget_type=\"heading.default\">\n\t\t\t\t<div class=\"elementor-widget-container\">\n\t\t\t\t\t<h1 class=\"elementor-heading-title elementor-size-default\">Patologies neurol\u00f2giques i s\u00edndromes gen\u00e8tics\n<\/h1>\t\t\t\t<\/div>\n\t\t\t\t<\/div>\n\t\t\t\t<div class=\"elementor-element elementor-element-18a4f810 elementor-widget elementor-widget-heading\" data-id=\"18a4f810\" data-element_type=\"widget\" data-widget_type=\"heading.default\">\n\t\t\t\t<div class=\"elementor-widget-container\">\n\t\t\t\t\t<h2 class=\"elementor-heading-title elementor-size-default\">Fisioter\u00e0pia per potenciar les capacitats i l\u2019autonomia del nad\u00f3\n\n\n<\/h2>\t\t\t\t<\/div>\n\t\t\t\t<\/div>\n\t\t\t\t<div class=\"elementor-element elementor-element-785c3b49 elementor-widget elementor-widget-text-editor\" data-id=\"785c3b49\" data-element_type=\"widget\" data-widget_type=\"text-editor.default\">\n\t\t\t\t<div class=\"elementor-widget-container\">\n\t\t\t\t\t\t\t\t\t<p><span style=\"font-weight: 400;\">La <\/span><b>fisioter\u00e0pia pedi\u00e0trica<\/b><span style=\"font-weight: 400;\"> \u00e9s una eina fonamental per al desenvolupament dels nadons que presenten <\/span><b>patologies neurol\u00f2giques<\/b><span style=\"font-weight: 400;\"> (com par\u00e0lisi cerebral, espina b\u00edfida, dany neurol\u00f2gic perinatal) o s\u00edndromes gen\u00e8tics (com s\u00edndrome de Down, s\u00edndrome de Rett, s\u00edndrome d&#8217;Angelman, entre d&#8217;altres).<\/span><\/p>\n<h4><b>Com et puc ajudar amb la fisioter\u00e0pia pedi\u00e0trica?&nbsp;<\/b><\/h4>\n<ul>\n<li style=\"font-weight: 400;\" aria-level=\"1\"><b>Estimulaci\u00f3 del desenvolupament motor:<\/b><span style=\"font-weight: 400;\"> Promoure l&#8217;aprenentatge d&#8217;habilitats motrius adequades a cada etapa del creixement (control cef\u00e0lic, volteig, gateig, marxa), adaptant-se al ritme i a les necessitats del teu fill.<\/span><\/li>\n<li style=\"font-weight: 400;\" aria-level=\"1\"><span style=\"font-weight: 400;\">&nbsp;<\/span><b>Millora del to muscular:<\/b><span style=\"font-weight: 400;\"> Mitjan\u00e7ant t\u00e8cniques espec\u00edfiques, per ajudar a regular el to muscular, ja sigui disminuint-lo (en casos d&#8217;hipertonia) o estimulant-lo (en casos d&#8217;hipotonia).<\/span><\/li>\n<li style=\"font-weight: 400;\" aria-level=\"1\"><b>Millora de l&#8217;equilibri i la coordinaci\u00f3:<\/b><span style=\"font-weight: 400;\"> A trav\u00e9s de jocs i exercicis espec\u00edfics, treballar\u00e9 la capacitat de mantenir l&#8217;equilibri i coordinar els moviments, afavorint una major autonomia.<\/span><\/li>\n<li style=\"font-weight: 400;\" aria-level=\"1\"><b>Enfortiment de la musculatura respirat\u00f2ria:<\/b><span style=\"font-weight: 400;\"> En nadons amb afectacions neuromusculars, amb la fisioter\u00e0pia respirat\u00f2ria puc millorar la capacitat pulmonar, facilitar l&#8217;expulsi\u00f3 de secrecions i prevenir infeccions respirat\u00f2ries.<\/span><\/li>\n<li style=\"font-weight: 400;\" aria-level=\"1\"><b>Prevenci\u00f3 de deformitats:<\/b><span style=\"font-weight: 400;\"> Mitjan\u00e7ant t\u00e8cniques de mobilitzaci\u00f3 i un posicionament adequat, s&#8217;evita l&#8217;aparici\u00f3 de contractures, escoliosi o altres alteracions ortop\u00e8diques.<\/span><\/li>\n<li style=\"font-weight: 400;\" aria-level=\"1\"><span style=\"font-weight: 400;\">&nbsp;<\/span><b>Assessorament a les fam\u00edlies:<\/b><span style=\"font-weight: 400;\"><span style=\"font-weight: 400;\"> Ensenyant pautes i exercicis que es poden realitzar a casa per continuar estimulant el nad\u00f3 de manera segura.<\/span><\/span>\n<p><\/p>\n<\/li>\n<\/ul>\n<p><strong>La fisioter\u00e0pia pedi\u00e0trica ofereix una intervenci\u00f3 preco\u00e7, adaptada i personalitzada que no nom\u00e9s millora les capacitats f\u00edsiques del nad\u00f3, sin\u00f3 que tamb\u00e9 potencia la seva autonomia i qualitat de vida, oferint suport i orientaci\u00f3 constant a les fam\u00edlies.<\/strong><\/p>\t\t\t\t\t\t\t\t<\/div>\n\t\t\t\t<\/div>\n\t\t\t\t<div class=\"elementor-element elementor-element-11715acf elementor-button-success elementor-mobile-align-center elementor-widget elementor-widget-button\" data-id=\"11715acf\" data-element_type=\"widget\" data-widget_type=\"button.default\">\n\t\t\t\t<div class=\"elementor-widget-container\">\n\t\t\t\t\t\t\t\t\t<div class=\"elementor-button-wrapper\">\n\t\t\t\t\t<a class=\"elementor-button elementor-button-link elementor-size-sm elementor-animation-shrink\" href=\"https:\/\/laiapuigbo.com\/ca\/contacte\/\">\n\t\t\t\t\t\t<span class=\"elementor-button-content-wrapper\">\n\t\t\t\t\t\t\t\t\t<span class=\"elementor-button-text\">DEMANA UNA CITA<\/span>\n\t\t\t\t\t<\/span>\n\t\t\t\t\t<\/a>\n\t\t\t\t<\/div>\n\t\t\t\t\t\t\t\t<\/div>\n\t\t\t\t<\/div>\n\t\t\t\t<\/div>\n\t\t<div class=\"elementor-element elementor-element-b2b1985 e-con-full e-flex e-con e-child\" data-id=\"b2b1985\" data-element_type=\"container\">\n\t\t\t\t<div class=\"elementor-element elementor-element-7b3f7ec1 elementor-invisible elementor-widget elementor-widget-image\" data-id=\"7b3f7ec1\" data-element_type=\"widget\" data-settings=\"{&quot;_animation&quot;:&quot;fadeInRight&quot;}\" data-widget_type=\"image.default\">\n\t\t\t\t<div class=\"elementor-widget-container\">\n\t\t\t\t\t\t\t\t\t\t\t\t\t\t\t<img fetchpriority=\"high\" decoding=\"async\" width=\"800\" height=\"535\" src=\"https:\/\/laiapuigbo.com\/wp-content\/uploads\/2025\/05\/patologia-neurologica-2.png\" class=\"attachment-large size-large wp-image-1811\" alt=\"Patologia neurologica\" srcset=\"https:\/\/laiapuigbo.com\/wp-content\/uploads\/2025\/05\/patologia-neurologica-2.png 1024w, https:\/\/laiapuigbo.com\/wp-content\/uploads\/2025\/05\/patologia-neurologica-2-300x201.png 300w, https:\/\/laiapuigbo.com\/wp-content\/uploads\/2025\/05\/patologia-neurologica-2-768x514.png 768w\" sizes=\"(max-width: 800px) 100vw, 800px\" \/>\t\t\t\t\t\t\t\t\t\t\t\t\t\t\t<\/div>\n\t\t\t\t<\/div>\n\t\t\t\t<div class=\"elementor-element elementor-element-d440e70 elementor-widget__width-initial elementor-absolute elementor-widget-tablet__width-initial elementor-widget-mobile__width-initial elementor-widget elementor-widget-spacer\" data-id=\"d440e70\" data-element_type=\"widget\" data-settings=\"{&quot;motion_fx_motion_fx_scrolling&quot;:&quot;yes&quot;,&quot;motion_fx_rotateZ_effect&quot;:&quot;yes&quot;,&quot;motion_fx_rotateZ_direction&quot;:&quot;negative&quot;,&quot;motion_fx_rotateZ_speed&quot;:{&quot;unit&quot;:&quot;px&quot;,&quot;size&quot;:4.6,&quot;sizes&quot;:[]},&quot;motion_fx_rotateZ_affectedRange&quot;:{&quot;unit&quot;:&quot;%&quot;,&quot;size&quot;:&quot;&quot;,&quot;sizes&quot;:{&quot;start&quot;:52,&quot;end&quot;:100}},&quot;_position&quot;:&quot;absolute&quot;,&quot;motion_fx_devices&quot;:[&quot;desktop&quot;,&quot;tablet&quot;,&quot;mobile&quot;]}\" data-widget_type=\"spacer.default\">\n\t\t\t\t<div class=\"elementor-widget-container\">\n\t\t\t\t\t\t\t<div class=\"elementor-spacer\">\n\t\t\t<div class=\"elementor-spacer-inner\"><\/div>\n\t\t<\/div>\n\t\t\t\t\t\t<\/div>\n\t\t\t\t<\/div>\n\t\t\t\t<div class=\"elementor-element elementor-element-23f43aa0 elementor-widget__width-initial elementor-absolute elementor-widget-tablet__width-initial elementor-widget elementor-widget-spacer\" data-id=\"23f43aa0\" data-element_type=\"widget\" data-settings=\"{&quot;motion_fx_motion_fx_scrolling&quot;:&quot;yes&quot;,&quot;_position&quot;:&quot;absolute&quot;,&quot;motion_fx_translateY_effect&quot;:&quot;yes&quot;,&quot;motion_fx_translateY_speed&quot;:{&quot;unit&quot;:&quot;px&quot;,&quot;size&quot;:1,&quot;sizes&quot;:[]},&quot;motion_fx_translateX_effect&quot;:&quot;yes&quot;,&quot;motion_fx_translateX_speed&quot;:{&quot;unit&quot;:&quot;px&quot;,&quot;size&quot;:1,&quot;sizes&quot;:[]},&quot;motion_fx_translateX_direction&quot;:&quot;negative&quot;,&quot;motion_fx_translateY_affectedRange&quot;:{&quot;unit&quot;:&quot;%&quot;,&quot;size&quot;:&quot;&quot;,&quot;sizes&quot;:{&quot;start&quot;:0,&quot;end&quot;:100}},&quot;motion_fx_translateX_affectedRange&quot;:{&quot;unit&quot;:&quot;%&quot;,&quot;size&quot;:&quot;&quot;,&quot;sizes&quot;:{&quot;start&quot;:0,&quot;end&quot;:100}},&quot;motion_fx_devices&quot;:[&quot;desktop&quot;,&quot;tablet&quot;,&quot;mobile&quot;]}\" data-widget_type=\"spacer.default\">\n\t\t\t\t<div class=\"elementor-widget-container\">\n\t\t\t\t\t\t\t<div class=\"elementor-spacer\">\n\t\t\t<div class=\"elementor-spacer-inner\"><\/div>\n\t\t<\/div>\n\t\t\t\t\t\t<\/div>\n\t\t\t\t<\/div>\n\t\t\t\t<div class=\"elementor-element elementor-element-67c487ac elementor-widget__width-initial elementor-absolute elementor-widget-tablet__width-initial elementor-widget-mobile__width-initial elementor-widget elementor-widget-spacer\" data-id=\"67c487ac\" data-element_type=\"widget\" data-settings=\"{&quot;motion_fx_motion_fx_scrolling&quot;:&quot;yes&quot;,&quot;_position&quot;:&quot;absolute&quot;,&quot;motion_fx_translateY_effect&quot;:&quot;yes&quot;,&quot;motion_fx_translateY_direction&quot;:&quot;negative&quot;,&quot;motion_fx_translateY_speed&quot;:{&quot;unit&quot;:&quot;px&quot;,&quot;size&quot;:1,&quot;sizes&quot;:[]},&quot;motion_fx_translateX_effect&quot;:&quot;yes&quot;,&quot;motion_fx_translateX_speed&quot;:{&quot;unit&quot;:&quot;px&quot;,&quot;size&quot;:1,&quot;sizes&quot;:[]},&quot;motion_fx_translateY_affectedRange&quot;:{&quot;unit&quot;:&quot;%&quot;,&quot;size&quot;:&quot;&quot;,&quot;sizes&quot;:{&quot;start&quot;:0,&quot;end&quot;:100}},&quot;motion_fx_translateX_affectedRange&quot;:{&quot;unit&quot;:&quot;%&quot;,&quot;size&quot;:&quot;&quot;,&quot;sizes&quot;:{&quot;start&quot;:0,&quot;end&quot;:100}},&quot;motion_fx_devices&quot;:[&quot;desktop&quot;,&quot;tablet&quot;,&quot;mobile&quot;]}\" data-widget_type=\"spacer.default\">\n\t\t\t\t<div class=\"elementor-widget-container\">\n\t\t\t\t\t\t\t<div class=\"elementor-spacer\">\n\t\t\t<div class=\"elementor-spacer-inner\"><\/div>\n\t\t<\/div>\n\t\t\t\t\t\t<\/div>\n\t\t\t\t<\/div>\n\t\t\t\t<\/div>\n\t\t\t\t\t<\/div>\n\t\t\t\t<\/div>\n\t\t\t\t<\/div>\n\t\t","protected":false},"excerpt":{"rendered":"<p>Patologies neurol\u00f2giques i s\u00edndromes gen\u00e8tics Fisioter\u00e0pia per potenciar les capacitats i l\u2019autonomia del nad\u00f3 La fisioter\u00e0pia pedi\u00e0trica \u00e9s una eina fonamental per al desenvolupament dels nadons que presenten patologies neurol\u00f2giques (com par\u00e0lisi cerebral, espina b\u00edfida, dany neurol\u00f2gic perinatal) o s\u00edndromes gen\u00e8tics (com s\u00edndrome de Down, s\u00edndrome de Rett, s\u00edndrome d&#8217;Angelman, entre d&#8217;altres). Com et puc [&hellip;]<\/p>\n","protected":false},"author":1,"featured_media":0,"parent":0,"menu_order":0,"comment_status":"closed","ping_status":"closed","template":"","meta":{"footnotes":""},"class_list":["post-1379","page","type-page","status-publish","hentry"],"yoast_head":"<!-- This site is optimized with the Yoast SEO plugin v25.3 - https:\/\/yoast.com\/wordpress\/plugins\/seo\/ -->\n<title>Fisioter\u00e0pia en Patologies Neurol\u00f2giques Infantils | Laia Puigb\u00f2<\/title>\n<meta name=\"description\" content=\"Intervenci\u00f3 preco\u00e7 i personalitzada per infants amb par\u00e0lisi cerebral, s\u00edndrome de Down i altres diagn\u00f2stics. Estimulaci\u00f3, mobilitat i qualitat de vida.\" \/>\n<meta name=\"robots\" content=\"index, follow, max-snippet:-1, max-image-preview:large, max-video-preview:-1\" \/>\n<link rel=\"canonical\" href=\"https:\/\/laiapuigbo.com\/ca\/patologies-neurologiques-i-sindromes-genetics\/\" \/>\n<meta property=\"og:locale\" content=\"ca_ES\" \/>\n<meta property=\"og:type\" content=\"article\" \/>\n<meta property=\"og:title\" content=\"Fisioter\u00e0pia en Patologies Neurol\u00f2giques Infantils | Laia Puigb\u00f2\" \/>\n<meta property=\"og:description\" content=\"Intervenci\u00f3 preco\u00e7 i personalitzada per infants amb par\u00e0lisi cerebral, s\u00edndrome de Down i altres diagn\u00f2stics. Estimulaci\u00f3, mobilitat i qualitat de vida.\" \/>\n<meta property=\"og:url\" content=\"https:\/\/laiapuigbo.com\/ca\/patologies-neurologiques-i-sindromes-genetics\/\" \/>\n<meta property=\"og:site_name\" content=\"Laia Puigb\u00f2\" \/>\n<meta property=\"article:modified_time\" content=\"2025-06-11T09:34:19+00:00\" \/>\n<meta property=\"og:image\" content=\"https:\/\/laiapuigbo.com\/wp-content\/uploads\/2025\/05\/patologia-neurologica-2.png\" \/>\n\t<meta property=\"og:image:width\" content=\"1024\" \/>\n\t<meta property=\"og:image:height\" content=\"685\" \/>\n\t<meta property=\"og:image:type\" content=\"image\/png\" \/>\n<meta name=\"twitter:card\" content=\"summary_large_image\" \/>\n<meta name=\"twitter:label1\" content=\"Temps estimat de lectura\" \/>\n\t<meta name=\"twitter:data1\" content=\"2 minuts\" \/>\n<script type=\"application\/ld+json\" class=\"yoast-schema-graph\">{\"@context\":\"https:\/\/schema.org\",\"@graph\":[{\"@type\":\"WebPage\",\"@id\":\"https:\/\/laiapuigbo.com\/ca\/patologies-neurologiques-i-sindromes-genetics\/\",\"url\":\"https:\/\/laiapuigbo.com\/ca\/patologies-neurologiques-i-sindromes-genetics\/\",\"name\":\"Fisioter\u00e0pia en Patologies Neurol\u00f2giques Infantils | Laia Puigb\u00f2\",\"isPartOf\":{\"@id\":\"https:\/\/laiapuigbo.com\/ca\/#website\"},\"primaryImageOfPage\":{\"@id\":\"https:\/\/laiapuigbo.com\/ca\/patologies-neurologiques-i-sindromes-genetics\/#primaryimage\"},\"image\":{\"@id\":\"https:\/\/laiapuigbo.com\/ca\/patologies-neurologiques-i-sindromes-genetics\/#primaryimage\"},\"thumbnailUrl\":\"https:\/\/laiapuigbo.com\/wp-content\/uploads\/2025\/05\/patologia-neurologica-2.png\",\"datePublished\":\"2025-05-22T14:45:05+00:00\",\"dateModified\":\"2025-06-11T09:34:19+00:00\",\"description\":\"Intervenci\u00f3 preco\u00e7 i personalitzada per infants amb par\u00e0lisi cerebral, s\u00edndrome de Down i altres diagn\u00f2stics. Estimulaci\u00f3, mobilitat i qualitat de vida.\",\"breadcrumb\":{\"@id\":\"https:\/\/laiapuigbo.com\/ca\/patologies-neurologiques-i-sindromes-genetics\/#breadcrumb\"},\"inLanguage\":\"ca\",\"potentialAction\":[{\"@type\":\"ReadAction\",\"target\":[\"https:\/\/laiapuigbo.com\/ca\/patologies-neurologiques-i-sindromes-genetics\/\"]}]},{\"@type\":\"ImageObject\",\"inLanguage\":\"ca\",\"@id\":\"https:\/\/laiapuigbo.com\/ca\/patologies-neurologiques-i-sindromes-genetics\/#primaryimage\",\"url\":\"https:\/\/laiapuigbo.com\/wp-content\/uploads\/2025\/05\/patologia-neurologica-2.png\",\"contentUrl\":\"https:\/\/laiapuigbo.com\/wp-content\/uploads\/2025\/05\/patologia-neurologica-2.png\"},{\"@type\":\"BreadcrumbList\",\"@id\":\"https:\/\/laiapuigbo.com\/ca\/patologies-neurologiques-i-sindromes-genetics\/#breadcrumb\",\"itemListElement\":[{\"@type\":\"ListItem\",\"position\":1,\"name\":\"Portada\",\"item\":\"https:\/\/laiapuigbo.com\/ca\/\"},{\"@type\":\"ListItem\",\"position\":2,\"name\":\"Patologies neurol\u00f2giques i s\u00edndromes gen\u00e8tics\"}]},{\"@type\":\"WebSite\",\"@id\":\"https:\/\/laiapuigbo.com\/ca\/#website\",\"url\":\"https:\/\/laiapuigbo.com\/ca\/\",\"name\":\"Laia Puigb\u00f2\",\"description\":\"\",\"publisher\":{\"@id\":\"https:\/\/laiapuigbo.com\/ca\/#organization\"},\"potentialAction\":[{\"@type\":\"SearchAction\",\"target\":{\"@type\":\"EntryPoint\",\"urlTemplate\":\"https:\/\/laiapuigbo.com\/ca\/?s={search_term_string}\"},\"query-input\":{\"@type\":\"PropertyValueSpecification\",\"valueRequired\":true,\"valueName\":\"search_term_string\"}}],\"inLanguage\":\"ca\"},{\"@type\":\"Organization\",\"@id\":\"https:\/\/laiapuigbo.com\/ca\/#organization\",\"name\":\"Laia Puigb\u00f2\",\"url\":\"https:\/\/laiapuigbo.com\/ca\/\",\"logo\":{\"@type\":\"ImageObject\",\"inLanguage\":\"ca\",\"@id\":\"https:\/\/laiapuigbo.com\/ca\/#\/schema\/logo\/image\/\",\"url\":\"https:\/\/laiapuigbo.com\/wp-content\/uploads\/2025\/05\/Logo-Laia-Puigbo.png\",\"contentUrl\":\"https:\/\/laiapuigbo.com\/wp-content\/uploads\/2025\/05\/Logo-Laia-Puigbo.png\",\"width\":508,\"height\":125,\"caption\":\"Laia Puigb\u00f2\"},\"image\":{\"@id\":\"https:\/\/laiapuigbo.com\/ca\/#\/schema\/logo\/image\/\"}}]}<\/script>\n<!-- \/ Yoast SEO plugin. -->","yoast_head_json":{"title":"Fisioter\u00e0pia en Patologies Neurol\u00f2giques Infantils | Laia Puigb\u00f2","description":"Intervenci\u00f3 preco\u00e7 i personalitzada per infants amb par\u00e0lisi cerebral, s\u00edndrome de Down i altres diagn\u00f2stics. Estimulaci\u00f3, mobilitat i qualitat de vida.","robots":{"index":"index","follow":"follow","max-snippet":"max-snippet:-1","max-image-preview":"max-image-preview:large","max-video-preview":"max-video-preview:-1"},"canonical":"https:\/\/laiapuigbo.com\/ca\/patologies-neurologiques-i-sindromes-genetics\/","og_locale":"ca_ES","og_type":"article","og_title":"Fisioter\u00e0pia en Patologies Neurol\u00f2giques Infantils | Laia Puigb\u00f2","og_description":"Intervenci\u00f3 preco\u00e7 i personalitzada per infants amb par\u00e0lisi cerebral, s\u00edndrome de Down i altres diagn\u00f2stics. Estimulaci\u00f3, mobilitat i qualitat de vida.","og_url":"https:\/\/laiapuigbo.com\/ca\/patologies-neurologiques-i-sindromes-genetics\/","og_site_name":"Laia Puigb\u00f2","article_modified_time":"2025-06-11T09:34:19+00:00","og_image":[{"width":1024,"height":685,"url":"https:\/\/laiapuigbo.com\/wp-content\/uploads\/2025\/05\/patologia-neurologica-2.png","type":"image\/png"}],"twitter_card":"summary_large_image","twitter_misc":{"Temps estimat de lectura":"2 minuts"},"schema":{"@context":"https:\/\/schema.org","@graph":[{"@type":"WebPage","@id":"https:\/\/laiapuigbo.com\/ca\/patologies-neurologiques-i-sindromes-genetics\/","url":"https:\/\/laiapuigbo.com\/ca\/patologies-neurologiques-i-sindromes-genetics\/","name":"Fisioter\u00e0pia en Patologies Neurol\u00f2giques Infantils | Laia Puigb\u00f2","isPartOf":{"@id":"https:\/\/laiapuigbo.com\/ca\/#website"},"primaryImageOfPage":{"@id":"https:\/\/laiapuigbo.com\/ca\/patologies-neurologiques-i-sindromes-genetics\/#primaryimage"},"image":{"@id":"https:\/\/laiapuigbo.com\/ca\/patologies-neurologiques-i-sindromes-genetics\/#primaryimage"},"thumbnailUrl":"https:\/\/laiapuigbo.com\/wp-content\/uploads\/2025\/05\/patologia-neurologica-2.png","datePublished":"2025-05-22T14:45:05+00:00","dateModified":"2025-06-11T09:34:19+00:00","description":"Intervenci\u00f3 preco\u00e7 i personalitzada per infants amb par\u00e0lisi cerebral, s\u00edndrome de Down i altres diagn\u00f2stics. Estimulaci\u00f3, mobilitat i qualitat de vida.","breadcrumb":{"@id":"https:\/\/laiapuigbo.com\/ca\/patologies-neurologiques-i-sindromes-genetics\/#breadcrumb"},"inLanguage":"ca","potentialAction":[{"@type":"ReadAction","target":["https:\/\/laiapuigbo.com\/ca\/patologies-neurologiques-i-sindromes-genetics\/"]}]},{"@type":"ImageObject","inLanguage":"ca","@id":"https:\/\/laiapuigbo.com\/ca\/patologies-neurologiques-i-sindromes-genetics\/#primaryimage","url":"https:\/\/laiapuigbo.com\/wp-content\/uploads\/2025\/05\/patologia-neurologica-2.png","contentUrl":"https:\/\/laiapuigbo.com\/wp-content\/uploads\/2025\/05\/patologia-neurologica-2.png"},{"@type":"BreadcrumbList","@id":"https:\/\/laiapuigbo.com\/ca\/patologies-neurologiques-i-sindromes-genetics\/#breadcrumb","itemListElement":[{"@type":"ListItem","position":1,"name":"Portada","item":"https:\/\/laiapuigbo.com\/ca\/"},{"@type":"ListItem","position":2,"name":"Patologies neurol\u00f2giques i s\u00edndromes gen\u00e8tics"}]},{"@type":"WebSite","@id":"https:\/\/laiapuigbo.com\/ca\/#website","url":"https:\/\/laiapuigbo.com\/ca\/","name":"Laia Puigb\u00f2","description":"","publisher":{"@id":"https:\/\/laiapuigbo.com\/ca\/#organization"},"potentialAction":[{"@type":"SearchAction","target":{"@type":"EntryPoint","urlTemplate":"https:\/\/laiapuigbo.com\/ca\/?s={search_term_string}"},"query-input":{"@type":"PropertyValueSpecification","valueRequired":true,"valueName":"search_term_string"}}],"inLanguage":"ca"},{"@type":"Organization","@id":"https:\/\/laiapuigbo.com\/ca\/#organization","name":"Laia Puigb\u00f2","url":"https:\/\/laiapuigbo.com\/ca\/","logo":{"@type":"ImageObject","inLanguage":"ca","@id":"https:\/\/laiapuigbo.com\/ca\/#\/schema\/logo\/image\/","url":"https:\/\/laiapuigbo.com\/wp-content\/uploads\/2025\/05\/Logo-Laia-Puigbo.png","contentUrl":"https:\/\/laiapuigbo.com\/wp-content\/uploads\/2025\/05\/Logo-Laia-Puigbo.png","width":508,"height":125,"caption":"Laia Puigb\u00f2"},"image":{"@id":"https:\/\/laiapuigbo.com\/ca\/#\/schema\/logo\/image\/"}}]}},"_links":{"self":[{"href":"https:\/\/laiapuigbo.com\/ca\/wp-json\/wp\/v2\/pages\/1379","targetHints":{"allow":["GET"]}}],"collection":[{"href":"https:\/\/laiapuigbo.com\/ca\/wp-json\/wp\/v2\/pages"}],"about":[{"href":"https:\/\/laiapuigbo.com\/ca\/wp-json\/wp\/v2\/types\/page"}],"author":[{"embeddable":true,"href":"https:\/\/laiapuigbo.com\/ca\/wp-json\/wp\/v2\/users\/1"}],"replies":[{"embeddable":true,"href":"https:\/\/laiapuigbo.com\/ca\/wp-json\/wp\/v2\/comments?post=1379"}],"version-history":[{"count":3,"href":"https:\/\/laiapuigbo.com\/ca\/wp-json\/wp\/v2\/pages\/1379\/revisions"}],"predecessor-version":[{"id":2107,"href":"https:\/\/laiapuigbo.com\/ca\/wp-json\/wp\/v2\/pages\/1379\/revisions\/2107"}],"wp:attachment":[{"href":"https:\/\/laiapuigbo.com\/ca\/wp-json\/wp\/v2\/media?parent=1379"}],"curies":[{"name":"wp","href":"https:\/\/api.w.org\/{rel}","templated":true}]}}