{"id":1321,"date":"2025-05-22T14:17:34","date_gmt":"2025-05-22T14:17:34","guid":{"rendered":"https:\/\/laiapuigbo.com\/?page_id=1321"},"modified":"2025-06-11T09:29:17","modified_gmt":"2025-06-11T09:29:17","slug":"afectacions-digestives","status":"publish","type":"page","link":"https:\/\/laiapuigbo.com\/ca\/afectacions-digestives\/","title":{"rendered":"Afectacions digestives"},"content":{"rendered":"\t\t<div data-elementor-type=\"wp-page\" data-elementor-id=\"1321\" class=\"elementor elementor-1321\" data-elementor-post-type=\"page\">\n\t\t\t\t<div class=\"elementor-element elementor-element-64b9ed22 e-grid e-con-boxed e-con e-parent\" data-id=\"64b9ed22\" data-element_type=\"container\">\n\t\t\t\t\t<div class=\"e-con-inner\">\n\t\t<div class=\"elementor-element elementor-element-63571d75 e-con-full e-flex e-con e-child\" data-id=\"63571d75\" data-element_type=\"container\">\n\t\t\t\t<div class=\"elementor-element elementor-element-3dcbeb31 elementor-widget elementor-widget-heading\" data-id=\"3dcbeb31\" data-element_type=\"widget\" data-widget_type=\"heading.default\">\n\t\t\t\t<div class=\"elementor-widget-container\">\n\t\t\t\t\t<h1 class=\"elementor-heading-title elementor-size-default\">Afectacions digestives<\/h1>\t\t\t\t<\/div>\n\t\t\t\t<\/div>\n\t\t\t\t<div class=\"elementor-element elementor-element-257a2a1c elementor-widget elementor-widget-heading\" data-id=\"257a2a1c\" data-element_type=\"widget\" data-widget_type=\"heading.default\">\n\t\t\t\t<div class=\"elementor-widget-container\">\n\t\t\t\t\t<h2 class=\"elementor-heading-title elementor-size-default\">Fisioter\u00e0pia digestiva per al confort del teu nad\u00f3\n\n<\/h2>\t\t\t\t<\/div>\n\t\t\t\t<\/div>\n\t\t\t\t<div class=\"elementor-element elementor-element-489ac5b4 elementor-widget elementor-widget-text-editor\" data-id=\"489ac5b4\" data-element_type=\"widget\" data-widget_type=\"text-editor.default\">\n\t\t\t\t<div class=\"elementor-widget-container\">\n\t\t\t\t\t\t\t\t\t<p><span style=\"font-weight: 400;\">Els problemes digestius s\u00f3n molt comuns en els nadons, especialment durant els primers mesos de vida. Tot i que sovint es consideren normals, aix\u00f2 no vol dir que t\u2019hagis de resignar a veure com el teu petit o petita pateix. Quan el teu nad\u00f3 plora sovint, fa molts esfor\u00e7os per defecar o sembla que no est\u00e0 c\u00f2mode despr\u00e9s de les preses, \u00e9s natural que et preocupis i busquis solucions.<\/span><\/p>\n<p><span style=\"font-weight: 400;\">A consulta, puc ajudar-te a <\/span><b>alleujar i resoldre aquestes dificultats digestives de manera suau, segura i natural.<\/b><span style=\"font-weight: 400;\"> Mitjan\u00e7ant t\u00e8cniques manuals suaus i una valoraci\u00f3 global del nad\u00f3, treballarem per millorar el seu <\/span><b>benestar digestiu<\/b><span style=\"font-weight: 400;\">. A m\u00e9s, et proporcionar\u00e9 <\/span><b>pautes i consells pr\u00e0ctics<\/b><span style=\"font-weight: 400;\"> per aplicar a casa, que us ajudaran a prevenir i gestionar els s\u00edmptomes en el dia a dia. L\u2019objectiu no \u00e9s nom\u00e9s alleujar el malestar momentani, sin\u00f3 <\/span><b>buscar i tractar l\u2019origen del problema<\/b><span style=\"font-weight: 400;\"> per reduir-ne la freq\u00fc\u00e8ncia i intensitat de forma efectiva.<\/span><\/p>\n<p><span style=\"color: inherit; font-family: inherit; font-size: 1.5rem; letter-spacing: -0.1px;\"><b>Quins problemes digestius puc tractar?<\/b><\/span><\/p>\n<ul>\n<li style=\"font-weight: 400;\" aria-level=\"1\"><b>C\u00f2lics del lactant. <\/b><span style=\"font-weight: 400;\">S\u00f3n episodis de plor intens i malestar relacionats amb espasmes intestinals. Mitjan\u00e7ant t\u00e8cniques manuals suaus, ajudo a alleujar la tensi\u00f3 abdominal, afavorir la digesti\u00f3 i calmar el sistema nervi\u00f3s del nad\u00f3.<\/span><\/li>\n<li style=\"font-weight: 400;\" aria-level=\"1\"><b>Gasos. <\/b><span style=\"font-weight: 400;\">Els gasos poden provocar mol\u00e8sties, irritabilitat i dificultat per dormir, sobretot si s\u2019acumulen i costa expulsar-los. A la consulta, treballo per facilitar-ne l\u2019expulsi\u00f3 i millorar el confort digestiu del nad\u00f3 amb t\u00e8cniques espec\u00edfiques i pautes posturals.<\/span><\/li>\n<li style=\"font-weight: 400;\" aria-level=\"1\"><b>Restrenyiment. <\/b><span style=\"font-weight: 400;\">Quan costa fer caca o apareix molt espai entre deposicions, podem estimular el tr\u00e0nsit intestinal del nad\u00f3, relaxar la zona abdominal i millorar el seu benestar digestiu amb un abordatge suau i efectiu.<\/span><\/li>\n<li style=\"font-weight: 400;\" aria-level=\"1\"><b>Reflux gastroesof\u00e0gic. <\/b><span style=\"font-weight: 400;\">En cas de regurgitacions freq\u00fcents, irritabilitat o mol\u00e8stia despr\u00e9s de les preses, puc ajudar a reduir la intensitat del reflux treballant la zona abdominal i millorant la postura i la digesti\u00f3 del nad\u00f3.<\/span><\/li>\n<li><b style=\"font-weight: 400;\">Disqu\u00e8cia del lactant<\/b><span style=\"font-weight: 400;\">: un trastorn molt habitual en nadons sans, que es manifesta quan el nad\u00f3 fa molt d\u2019esfor\u00e7, plora i es mostra inc\u00f2mode abans de defecar, per\u00f2 finalment fa caca tova. No es tracta de restrenyiment, sin\u00f3 d\u2019una descoordinaci\u00f3 entre l\u2019esfor\u00e7 abdominal i la relaxaci\u00f3 de l\u2019esf\u00ednter anal. Amb una valoraci\u00f3 i acompanyament adequat, es pot ajudar a madurar aquest reflex i reduir el malestar que provoca.<br><br><\/span><\/li>\n<\/ul>\n<p>Recorda que el sistema digestiu dels nadons encara est\u00e0 en desenvolupament, i que, amb suport i una mirada professional, podem fer molt per ajudar-los. Si tens dubtes o s\u00edmptomes que et preocupen, estic aqu\u00ed per acompanyar-vos i trobar la millor manera de fer que el teu nad\u00f3 se senti millor.<\/p>\t\t\t\t\t\t\t\t<\/div>\n\t\t\t\t<\/div>\n\t\t\t\t<div class=\"elementor-element elementor-element-2d5e9fe7 elementor-button-success elementor-mobile-align-center elementor-widget elementor-widget-button\" data-id=\"2d5e9fe7\" data-element_type=\"widget\" data-widget_type=\"button.default\">\n\t\t\t\t<div class=\"elementor-widget-container\">\n\t\t\t\t\t\t\t\t\t<div class=\"elementor-button-wrapper\">\n\t\t\t\t\t<a class=\"elementor-button elementor-button-link elementor-size-sm elementor-animation-shrink\" href=\"https:\/\/laiapuigbo.com\/ca\/contacte\/\">\n\t\t\t\t\t\t<span class=\"elementor-button-content-wrapper\">\n\t\t\t\t\t\t\t\t\t<span class=\"elementor-button-text\">DEMANA UNA CITA<\/span>\n\t\t\t\t\t<\/span>\n\t\t\t\t\t<\/a>\n\t\t\t\t<\/div>\n\t\t\t\t\t\t\t\t<\/div>\n\t\t\t\t<\/div>\n\t\t\t\t<\/div>\n\t\t<div class=\"elementor-element elementor-element-3e000b90 e-con-full e-flex e-con e-child\" data-id=\"3e000b90\" data-element_type=\"container\">\n\t\t\t\t<div class=\"elementor-element elementor-element-ea65f3b elementor-invisible elementor-widget elementor-widget-image\" data-id=\"ea65f3b\" data-element_type=\"widget\" data-settings=\"{&quot;_animation&quot;:&quot;fadeInRight&quot;}\" data-widget_type=\"image.default\">\n\t\t\t\t<div class=\"elementor-widget-container\">\n\t\t\t\t\t\t\t\t\t\t\t\t\t\t\t<img fetchpriority=\"high\" decoding=\"async\" width=\"800\" height=\"534\" src=\"https:\/\/laiapuigbo.com\/wp-content\/uploads\/2025\/05\/Colicosdellactante-1024x683.jpg\" class=\"attachment-large size-large wp-image-325\" alt=\"Colicos del lactante\" srcset=\"https:\/\/laiapuigbo.com\/wp-content\/uploads\/2025\/05\/Colicosdellactante-1024x683.jpg 1024w, https:\/\/laiapuigbo.com\/wp-content\/uploads\/2025\/05\/Colicosdellactante-300x200.jpg 300w, https:\/\/laiapuigbo.com\/wp-content\/uploads\/2025\/05\/Colicosdellactante-768x512.jpg 768w, https:\/\/laiapuigbo.com\/wp-content\/uploads\/2025\/05\/Colicosdellactante-1536x1024.jpg 1536w, https:\/\/laiapuigbo.com\/wp-content\/uploads\/2025\/05\/Colicosdellactante-2048x1365.jpg 2048w\" sizes=\"(max-width: 800px) 100vw, 800px\" \/>\t\t\t\t\t\t\t\t\t\t\t\t\t\t\t<\/div>\n\t\t\t\t<\/div>\n\t\t\t\t<div class=\"elementor-element elementor-element-1b1d0d53 elementor-widget__width-initial elementor-absolute elementor-widget-tablet__width-initial elementor-widget-mobile__width-initial elementor-widget elementor-widget-spacer\" data-id=\"1b1d0d53\" data-element_type=\"widget\" data-settings=\"{&quot;motion_fx_motion_fx_scrolling&quot;:&quot;yes&quot;,&quot;motion_fx_rotateZ_effect&quot;:&quot;yes&quot;,&quot;motion_fx_rotateZ_direction&quot;:&quot;negative&quot;,&quot;motion_fx_rotateZ_speed&quot;:{&quot;unit&quot;:&quot;px&quot;,&quot;size&quot;:4.6,&quot;sizes&quot;:[]},&quot;motion_fx_rotateZ_affectedRange&quot;:{&quot;unit&quot;:&quot;%&quot;,&quot;size&quot;:&quot;&quot;,&quot;sizes&quot;:{&quot;start&quot;:52,&quot;end&quot;:100}},&quot;_position&quot;:&quot;absolute&quot;,&quot;motion_fx_devices&quot;:[&quot;desktop&quot;,&quot;tablet&quot;,&quot;mobile&quot;]}\" data-widget_type=\"spacer.default\">\n\t\t\t\t<div class=\"elementor-widget-container\">\n\t\t\t\t\t\t\t<div class=\"elementor-spacer\">\n\t\t\t<div class=\"elementor-spacer-inner\"><\/div>\n\t\t<\/div>\n\t\t\t\t\t\t<\/div>\n\t\t\t\t<\/div>\n\t\t\t\t<div class=\"elementor-element elementor-element-7432201 elementor-widget__width-initial elementor-absolute elementor-widget-tablet__width-initial elementor-widget elementor-widget-spacer\" data-id=\"7432201\" data-element_type=\"widget\" data-settings=\"{&quot;motion_fx_motion_fx_scrolling&quot;:&quot;yes&quot;,&quot;_position&quot;:&quot;absolute&quot;,&quot;motion_fx_translateY_effect&quot;:&quot;yes&quot;,&quot;motion_fx_translateY_speed&quot;:{&quot;unit&quot;:&quot;px&quot;,&quot;size&quot;:1,&quot;sizes&quot;:[]},&quot;motion_fx_translateX_effect&quot;:&quot;yes&quot;,&quot;motion_fx_translateX_speed&quot;:{&quot;unit&quot;:&quot;px&quot;,&quot;size&quot;:1,&quot;sizes&quot;:[]},&quot;motion_fx_translateX_direction&quot;:&quot;negative&quot;,&quot;motion_fx_translateY_affectedRange&quot;:{&quot;unit&quot;:&quot;%&quot;,&quot;size&quot;:&quot;&quot;,&quot;sizes&quot;:{&quot;start&quot;:0,&quot;end&quot;:100}},&quot;motion_fx_translateX_affectedRange&quot;:{&quot;unit&quot;:&quot;%&quot;,&quot;size&quot;:&quot;&quot;,&quot;sizes&quot;:{&quot;start&quot;:0,&quot;end&quot;:100}},&quot;motion_fx_devices&quot;:[&quot;desktop&quot;,&quot;tablet&quot;,&quot;mobile&quot;]}\" data-widget_type=\"spacer.default\">\n\t\t\t\t<div class=\"elementor-widget-container\">\n\t\t\t\t\t\t\t<div class=\"elementor-spacer\">\n\t\t\t<div class=\"elementor-spacer-inner\"><\/div>\n\t\t<\/div>\n\t\t\t\t\t\t<\/div>\n\t\t\t\t<\/div>\n\t\t\t\t<div class=\"elementor-element elementor-element-54ef1883 elementor-widget__width-initial elementor-absolute elementor-widget-tablet__width-initial elementor-widget-mobile__width-initial elementor-widget elementor-widget-spacer\" data-id=\"54ef1883\" data-element_type=\"widget\" data-settings=\"{&quot;motion_fx_motion_fx_scrolling&quot;:&quot;yes&quot;,&quot;_position&quot;:&quot;absolute&quot;,&quot;motion_fx_translateY_effect&quot;:&quot;yes&quot;,&quot;motion_fx_translateY_direction&quot;:&quot;negative&quot;,&quot;motion_fx_translateY_speed&quot;:{&quot;unit&quot;:&quot;px&quot;,&quot;size&quot;:1,&quot;sizes&quot;:[]},&quot;motion_fx_translateX_effect&quot;:&quot;yes&quot;,&quot;motion_fx_translateX_speed&quot;:{&quot;unit&quot;:&quot;px&quot;,&quot;size&quot;:1,&quot;sizes&quot;:[]},&quot;motion_fx_translateY_affectedRange&quot;:{&quot;unit&quot;:&quot;%&quot;,&quot;size&quot;:&quot;&quot;,&quot;sizes&quot;:{&quot;start&quot;:0,&quot;end&quot;:100}},&quot;motion_fx_translateX_affectedRange&quot;:{&quot;unit&quot;:&quot;%&quot;,&quot;size&quot;:&quot;&quot;,&quot;sizes&quot;:{&quot;start&quot;:0,&quot;end&quot;:100}},&quot;motion_fx_devices&quot;:[&quot;desktop&quot;,&quot;tablet&quot;,&quot;mobile&quot;]}\" data-widget_type=\"spacer.default\">\n\t\t\t\t<div class=\"elementor-widget-container\">\n\t\t\t\t\t\t\t<div class=\"elementor-spacer\">\n\t\t\t<div class=\"elementor-spacer-inner\"><\/div>\n\t\t<\/div>\n\t\t\t\t\t\t<\/div>\n\t\t\t\t<\/div>\n\t\t\t\t<\/div>\n\t\t\t\t\t<\/div>\n\t\t\t\t<\/div>\n\t\t\t\t<\/div>\n\t\t","protected":false},"excerpt":{"rendered":"<p>Afectacions digestives Fisioter\u00e0pia digestiva per al confort del teu nad\u00f3 Els problemes digestius s\u00f3n molt comuns en els nadons, especialment durant els primers mesos de vida. Tot i que sovint es consideren normals, aix\u00f2 no vol dir que t\u2019hagis de resignar a veure com el teu petit o petita pateix. Quan el teu nad\u00f3 plora [&hellip;]<\/p>\n","protected":false},"author":1,"featured_media":0,"parent":0,"menu_order":0,"comment_status":"closed","ping_status":"closed","template":"","meta":{"footnotes":""},"class_list":["post-1321","page","type-page","status-publish","hentry"],"yoast_head":"<!-- This site is optimized with the Yoast SEO plugin v25.3 - https:\/\/yoast.com\/wordpress\/plugins\/seo\/ -->\n<title>C\u00f2lics, Reflux i Restrenyiment en Nadons | Laia Puigb\u00f2<\/title>\n<meta name=\"description\" content=\"Tractament suau i efectiu de c\u00f2lics, gasos, reflux i restrenyiment. Acompanyament personalitzat per millorar el benestar digestiu del teu nad\u00f3.\" \/>\n<meta name=\"robots\" content=\"index, follow, max-snippet:-1, max-image-preview:large, max-video-preview:-1\" \/>\n<link rel=\"canonical\" href=\"https:\/\/laiapuigbo.com\/ca\/afectacions-digestives\/\" \/>\n<meta property=\"og:locale\" content=\"ca_ES\" \/>\n<meta property=\"og:type\" content=\"article\" \/>\n<meta property=\"og:title\" content=\"C\u00f2lics, Reflux i Restrenyiment en Nadons | Laia Puigb\u00f2\" \/>\n<meta property=\"og:description\" content=\"Tractament suau i efectiu de c\u00f2lics, gasos, reflux i restrenyiment. Acompanyament personalitzat per millorar el benestar digestiu del teu nad\u00f3.\" \/>\n<meta property=\"og:url\" content=\"https:\/\/laiapuigbo.com\/ca\/afectacions-digestives\/\" \/>\n<meta property=\"og:site_name\" content=\"Laia Puigb\u00f2\" \/>\n<meta property=\"article:modified_time\" content=\"2025-06-11T09:29:17+00:00\" \/>\n<meta property=\"og:image\" content=\"https:\/\/laiapuigbo.com\/wp-content\/uploads\/2025\/05\/Colicosdellactante-scaled.jpg\" \/>\n\t<meta property=\"og:image:width\" content=\"2560\" \/>\n\t<meta property=\"og:image:height\" content=\"1707\" \/>\n\t<meta property=\"og:image:type\" content=\"image\/jpeg\" \/>\n<meta name=\"twitter:card\" content=\"summary_large_image\" \/>\n<meta name=\"twitter:label1\" content=\"Temps estimat de lectura\" \/>\n\t<meta name=\"twitter:data1\" content=\"3 minuts\" \/>\n<script type=\"application\/ld+json\" class=\"yoast-schema-graph\">{\"@context\":\"https:\/\/schema.org\",\"@graph\":[{\"@type\":\"WebPage\",\"@id\":\"https:\/\/laiapuigbo.com\/ca\/afectacions-digestives\/\",\"url\":\"https:\/\/laiapuigbo.com\/ca\/afectacions-digestives\/\",\"name\":\"C\u00f2lics, Reflux i Restrenyiment en Nadons | Laia Puigb\u00f2\",\"isPartOf\":{\"@id\":\"https:\/\/laiapuigbo.com\/ca\/#website\"},\"primaryImageOfPage\":{\"@id\":\"https:\/\/laiapuigbo.com\/ca\/afectacions-digestives\/#primaryimage\"},\"image\":{\"@id\":\"https:\/\/laiapuigbo.com\/ca\/afectacions-digestives\/#primaryimage\"},\"thumbnailUrl\":\"https:\/\/laiapuigbo.com\/wp-content\/uploads\/2025\/05\/Colicosdellactante-1024x683.jpg\",\"datePublished\":\"2025-05-22T14:17:34+00:00\",\"dateModified\":\"2025-06-11T09:29:17+00:00\",\"description\":\"Tractament suau i efectiu de c\u00f2lics, gasos, reflux i restrenyiment. Acompanyament personalitzat per millorar el benestar digestiu del teu nad\u00f3.\",\"breadcrumb\":{\"@id\":\"https:\/\/laiapuigbo.com\/ca\/afectacions-digestives\/#breadcrumb\"},\"inLanguage\":\"ca\",\"potentialAction\":[{\"@type\":\"ReadAction\",\"target\":[\"https:\/\/laiapuigbo.com\/ca\/afectacions-digestives\/\"]}]},{\"@type\":\"ImageObject\",\"inLanguage\":\"ca\",\"@id\":\"https:\/\/laiapuigbo.com\/ca\/afectacions-digestives\/#primaryimage\",\"url\":\"https:\/\/laiapuigbo.com\/wp-content\/uploads\/2025\/05\/Colicosdellactante-1024x683.jpg\",\"contentUrl\":\"https:\/\/laiapuigbo.com\/wp-content\/uploads\/2025\/05\/Colicosdellactante-1024x683.jpg\"},{\"@type\":\"BreadcrumbList\",\"@id\":\"https:\/\/laiapuigbo.com\/ca\/afectacions-digestives\/#breadcrumb\",\"itemListElement\":[{\"@type\":\"ListItem\",\"position\":1,\"name\":\"Portada\",\"item\":\"https:\/\/laiapuigbo.com\/ca\/\"},{\"@type\":\"ListItem\",\"position\":2,\"name\":\"Afectacions digestives\"}]},{\"@type\":\"WebSite\",\"@id\":\"https:\/\/laiapuigbo.com\/ca\/#website\",\"url\":\"https:\/\/laiapuigbo.com\/ca\/\",\"name\":\"Laia Puigb\u00f2\",\"description\":\"\",\"publisher\":{\"@id\":\"https:\/\/laiapuigbo.com\/ca\/#organization\"},\"potentialAction\":[{\"@type\":\"SearchAction\",\"target\":{\"@type\":\"EntryPoint\",\"urlTemplate\":\"https:\/\/laiapuigbo.com\/ca\/?s={search_term_string}\"},\"query-input\":{\"@type\":\"PropertyValueSpecification\",\"valueRequired\":true,\"valueName\":\"search_term_string\"}}],\"inLanguage\":\"ca\"},{\"@type\":\"Organization\",\"@id\":\"https:\/\/laiapuigbo.com\/ca\/#organization\",\"name\":\"Laia Puigb\u00f2\",\"url\":\"https:\/\/laiapuigbo.com\/ca\/\",\"logo\":{\"@type\":\"ImageObject\",\"inLanguage\":\"ca\",\"@id\":\"https:\/\/laiapuigbo.com\/ca\/#\/schema\/logo\/image\/\",\"url\":\"https:\/\/laiapuigbo.com\/wp-content\/uploads\/2025\/05\/Logo-Laia-Puigbo.png\",\"contentUrl\":\"https:\/\/laiapuigbo.com\/wp-content\/uploads\/2025\/05\/Logo-Laia-Puigbo.png\",\"width\":508,\"height\":125,\"caption\":\"Laia Puigb\u00f2\"},\"image\":{\"@id\":\"https:\/\/laiapuigbo.com\/ca\/#\/schema\/logo\/image\/\"}}]}<\/script>\n<!-- \/ Yoast SEO plugin. -->","yoast_head_json":{"title":"C\u00f2lics, Reflux i Restrenyiment en Nadons | Laia Puigb\u00f2","description":"Tractament suau i efectiu de c\u00f2lics, gasos, reflux i restrenyiment. Acompanyament personalitzat per millorar el benestar digestiu del teu nad\u00f3.","robots":{"index":"index","follow":"follow","max-snippet":"max-snippet:-1","max-image-preview":"max-image-preview:large","max-video-preview":"max-video-preview:-1"},"canonical":"https:\/\/laiapuigbo.com\/ca\/afectacions-digestives\/","og_locale":"ca_ES","og_type":"article","og_title":"C\u00f2lics, Reflux i Restrenyiment en Nadons | Laia Puigb\u00f2","og_description":"Tractament suau i efectiu de c\u00f2lics, gasos, reflux i restrenyiment. Acompanyament personalitzat per millorar el benestar digestiu del teu nad\u00f3.","og_url":"https:\/\/laiapuigbo.com\/ca\/afectacions-digestives\/","og_site_name":"Laia Puigb\u00f2","article_modified_time":"2025-06-11T09:29:17+00:00","og_image":[{"width":2560,"height":1707,"url":"https:\/\/laiapuigbo.com\/wp-content\/uploads\/2025\/05\/Colicosdellactante-scaled.jpg","type":"image\/jpeg"}],"twitter_card":"summary_large_image","twitter_misc":{"Temps estimat de lectura":"3 minuts"},"schema":{"@context":"https:\/\/schema.org","@graph":[{"@type":"WebPage","@id":"https:\/\/laiapuigbo.com\/ca\/afectacions-digestives\/","url":"https:\/\/laiapuigbo.com\/ca\/afectacions-digestives\/","name":"C\u00f2lics, Reflux i Restrenyiment en Nadons | Laia Puigb\u00f2","isPartOf":{"@id":"https:\/\/laiapuigbo.com\/ca\/#website"},"primaryImageOfPage":{"@id":"https:\/\/laiapuigbo.com\/ca\/afectacions-digestives\/#primaryimage"},"image":{"@id":"https:\/\/laiapuigbo.com\/ca\/afectacions-digestives\/#primaryimage"},"thumbnailUrl":"https:\/\/laiapuigbo.com\/wp-content\/uploads\/2025\/05\/Colicosdellactante-1024x683.jpg","datePublished":"2025-05-22T14:17:34+00:00","dateModified":"2025-06-11T09:29:17+00:00","description":"Tractament suau i efectiu de c\u00f2lics, gasos, reflux i restrenyiment. Acompanyament personalitzat per millorar el benestar digestiu del teu nad\u00f3.","breadcrumb":{"@id":"https:\/\/laiapuigbo.com\/ca\/afectacions-digestives\/#breadcrumb"},"inLanguage":"ca","potentialAction":[{"@type":"ReadAction","target":["https:\/\/laiapuigbo.com\/ca\/afectacions-digestives\/"]}]},{"@type":"ImageObject","inLanguage":"ca","@id":"https:\/\/laiapuigbo.com\/ca\/afectacions-digestives\/#primaryimage","url":"https:\/\/laiapuigbo.com\/wp-content\/uploads\/2025\/05\/Colicosdellactante-1024x683.jpg","contentUrl":"https:\/\/laiapuigbo.com\/wp-content\/uploads\/2025\/05\/Colicosdellactante-1024x683.jpg"},{"@type":"BreadcrumbList","@id":"https:\/\/laiapuigbo.com\/ca\/afectacions-digestives\/#breadcrumb","itemListElement":[{"@type":"ListItem","position":1,"name":"Portada","item":"https:\/\/laiapuigbo.com\/ca\/"},{"@type":"ListItem","position":2,"name":"Afectacions digestives"}]},{"@type":"WebSite","@id":"https:\/\/laiapuigbo.com\/ca\/#website","url":"https:\/\/laiapuigbo.com\/ca\/","name":"Laia Puigb\u00f2","description":"","publisher":{"@id":"https:\/\/laiapuigbo.com\/ca\/#organization"},"potentialAction":[{"@type":"SearchAction","target":{"@type":"EntryPoint","urlTemplate":"https:\/\/laiapuigbo.com\/ca\/?s={search_term_string}"},"query-input":{"@type":"PropertyValueSpecification","valueRequired":true,"valueName":"search_term_string"}}],"inLanguage":"ca"},{"@type":"Organization","@id":"https:\/\/laiapuigbo.com\/ca\/#organization","name":"Laia Puigb\u00f2","url":"https:\/\/laiapuigbo.com\/ca\/","logo":{"@type":"ImageObject","inLanguage":"ca","@id":"https:\/\/laiapuigbo.com\/ca\/#\/schema\/logo\/image\/","url":"https:\/\/laiapuigbo.com\/wp-content\/uploads\/2025\/05\/Logo-Laia-Puigbo.png","contentUrl":"https:\/\/laiapuigbo.com\/wp-content\/uploads\/2025\/05\/Logo-Laia-Puigbo.png","width":508,"height":125,"caption":"Laia Puigb\u00f2"},"image":{"@id":"https:\/\/laiapuigbo.com\/ca\/#\/schema\/logo\/image\/"}}]}},"_links":{"self":[{"href":"https:\/\/laiapuigbo.com\/ca\/wp-json\/wp\/v2\/pages\/1321","targetHints":{"allow":["GET"]}}],"collection":[{"href":"https:\/\/laiapuigbo.com\/ca\/wp-json\/wp\/v2\/pages"}],"about":[{"href":"https:\/\/laiapuigbo.com\/ca\/wp-json\/wp\/v2\/types\/page"}],"author":[{"embeddable":true,"href":"https:\/\/laiapuigbo.com\/ca\/wp-json\/wp\/v2\/users\/1"}],"replies":[{"embeddable":true,"href":"https:\/\/laiapuigbo.com\/ca\/wp-json\/wp\/v2\/comments?post=1321"}],"version-history":[{"count":3,"href":"https:\/\/laiapuigbo.com\/ca\/wp-json\/wp\/v2\/pages\/1321\/revisions"}],"predecessor-version":[{"id":2092,"href":"https:\/\/laiapuigbo.com\/ca\/wp-json\/wp\/v2\/pages\/1321\/revisions\/2092"}],"wp:attachment":[{"href":"https:\/\/laiapuigbo.com\/ca\/wp-json\/wp\/v2\/media?parent=1321"}],"curies":[{"name":"wp","href":"https:\/\/api.w.org\/{rel}","templated":true}]}}