{"id":1297,"date":"2025-05-22T14:02:58","date_gmt":"2025-05-22T14:02:58","guid":{"rendered":"https:\/\/laiapuigbo.com\/?page_id=1297"},"modified":"2025-06-11T09:33:53","modified_gmt":"2025-06-11T09:33:53","slug":"afectacions-respiratories","status":"publish","type":"page","link":"https:\/\/laiapuigbo.com\/ca\/afectacions-respiratories\/","title":{"rendered":"Afectacions respirat\u00f2ries"},"content":{"rendered":"\t\t<div data-elementor-type=\"wp-page\" data-elementor-id=\"1297\" class=\"elementor elementor-1297\" data-elementor-post-type=\"page\">\n\t\t\t\t<div class=\"elementor-element elementor-element-3d06ba31 e-grid e-con-boxed e-con e-parent\" data-id=\"3d06ba31\" data-element_type=\"container\">\n\t\t\t\t\t<div class=\"e-con-inner\">\n\t\t<div class=\"elementor-element elementor-element-5099587 e-con-full e-flex e-con e-child\" data-id=\"5099587\" data-element_type=\"container\">\n\t\t\t\t<div class=\"elementor-element elementor-element-6120ca3d elementor-widget elementor-widget-heading\" data-id=\"6120ca3d\" data-element_type=\"widget\" data-widget_type=\"heading.default\">\n\t\t\t\t<div class=\"elementor-widget-container\">\n\t\t\t\t\t<h1 class=\"elementor-heading-title elementor-size-default\">Afectacions respirat\u00f2ries<\/h1>\t\t\t\t<\/div>\n\t\t\t\t<\/div>\n\t\t\t\t<div class=\"elementor-element elementor-element-3cb5909c elementor-widget elementor-widget-heading\" data-id=\"3cb5909c\" data-element_type=\"widget\" data-widget_type=\"heading.default\">\n\t\t\t\t<div class=\"elementor-widget-container\">\n\t\t\t\t\t<h2 class=\"elementor-heading-title elementor-size-default\">Fisioter\u00e0pia Respirat\u00f2ria Infantil<\/h2>\t\t\t\t<\/div>\n\t\t\t\t<\/div>\n\t\t\t\t<div class=\"elementor-element elementor-element-6092291c elementor-widget elementor-widget-text-editor\" data-id=\"6092291c\" data-element_type=\"widget\" data-widget_type=\"text-editor.default\">\n\t\t\t\t<div class=\"elementor-widget-container\">\n\t\t\t\t\t\t\t\t\t<p><span style=\"font-weight: 400;\">Mocs, mocs i m\u00e9s mocs. \u00c9s molt com\u00fa veure els m\u00e9s petits amb el nas tapat, amb tos, empalmant bronquitis rere bronquitis, i sovint acabem normalitzant aquest estat de salut.<\/span><\/p><p><span style=\"font-weight: 400;\">Els nens tenen m\u00e9s dificultats que els adults per moure el moc del pit o mocar-se, simplement perqu\u00e8 sovint no en saben. Si a aix\u00f2 li sumem que el seu <\/span><b>sistema immunitari<\/b><span style=\"font-weight: 400;\"> encara \u00e9s <\/span><b>immadur<\/b><span style=\"font-weight: 400;\">, \u00e9s f\u00e0cil que els mocs siguin una pres\u00e8ncia constant durant mesos.<\/span><\/p><p><span style=\"font-weight: 400;\"> La <\/span><b>fisioter\u00e0pia respirat\u00f2ria<\/b><span style=\"font-weight: 400;\"> \u00e9s una eina efectiva per ajudar els m\u00e9s petits a <\/span><b>millorar la seva capacitat respirat\u00f2ria<\/b><span style=\"font-weight: 400;\">. Consisteix en t\u00e8cniques espec\u00edfiques que permeten desenganxar, mobilitzar i eliminar el moc acumulat a les vies respirat\u00f2ries. Amb aix\u00f2, no nom\u00e9s aconseguim que el nen respiri millor, sin\u00f3 que tamb\u00e9 <\/span><b>evitem complicacions<\/b><span style=\"font-weight: 400;\"> com sobreinfeccions, otitis o crisis de tos nocturna.<\/span><\/p><p><span style=\"font-weight: 400;\">Amb la fisioter\u00e0pia respirat\u00f2ria, puc ajudar el teu fill a <\/span><b>alliberar les vies respirat\u00f2ries<\/b><span style=\"font-weight: 400;\">,\u00a0 perqu\u00e8 pugui passar aquests processos amb m\u00e9s lleugeresa. El virus o bacteri no desapareixer\u00e0, per\u00f2 disminu\u00efnt el moc, el teu fill podr\u00e0 respirar millor, menjar amb m\u00e9s comoditat i dormir tranquil.<\/span><\/p><p><span style=\"font-weight: 400;\">Segons la seva edat, t\u2019ensenyar\u00e9 diferents <\/span><b>jocs i t\u00e8cniques<\/b><span style=\"font-weight: 400;\"> perqu\u00e8 pugueu mobilitzar el moc des de casa, donant-vos eines per ajudar-lo. A m\u00e9s, tamb\u00e9 aprendr\u00e0s <\/span><b>pautes de prevenci\u00f3<\/b><span style=\"font-weight: 400;\"> i com actuar segons el moment.<\/span><\/p><p><span style=\"box-sizing: border-box; color: inherit; font-family: inherit; font-size: 1.5rem; letter-spacing: -0.1px;\"><b style=\"box-sizing: border-box; font-weight: bold;\">Quines afectacions respirat\u00f2ries puc tractar?<\/b><\/span><\/p><ul><li><b>Bronquiolitis: <\/b><span style=\"font-weight: 400;\">ajudo a descongestionar els pulmons, millorar l\u2019oxigenaci\u00f3 i ajudar el nad\u00f3 a respirar amb m\u00e9s facilitat, reduint aix\u00ed el risc de complicacions o hospitalitzacions.<\/span><\/li><li><b>Bronquitis i pneum\u00f2nies: <\/b><span style=\"font-weight: 400;\">\u00fatil per mobilitzar i eliminar les secrecions, accelerant la recuperaci\u00f3 i millorant el confort respiratori.<\/span><\/li><li><b>Mocs persistents o obstrucci\u00f3 nasal: <\/b><span style=\"font-weight: 400;\">en nadons i infants petits, ajudo a eliminar el moc acumulat que pot interferir en el son, l\u2019alimentaci\u00f3 o la respiraci\u00f3 di\u00e0ria.<\/span><\/li><li><b>Infeccions respirat\u00f2ries recurrents: <\/b><span style=\"font-weight: 400;\">amb un bon drenatge de les vies respirat\u00f2ries, puc ajudar a prevenir sobreinfeccions i afavorir una recuperaci\u00f3 m\u00e9s r\u00e0pida.<\/span><\/li><li><b>Asma: <\/b><span style=\"font-weight: 400;\">amb t\u00e8cniques espec\u00edfiques i educaci\u00f3 respirat\u00f2ria, puc ajudar a millorar la funci\u00f3 pulmonar i el control de la respiraci\u00f3, afavorint una millor qualitat de vida.<\/span><\/li><li><b>Atel\u00b7ect\u00e0sies: <\/b><span style=\"font-weight: 400;\">quan hi ha zones del pulm\u00f3 que no s\u2019inflen b\u00e9, treballo per reexpandir-les i millorar l\u2019intercanvi d\u2019oxigen.<\/span><\/li><li><b><b>Dificultats respirat\u00f2ries en nadons prematurs o amb patologies cr\u00f2niques: <\/b><span style=\"font-weight: 400;\">amb un abordatge adaptat i respectu\u00f3s, ajudo a optimitzar la funci\u00f3 pulmonar i a millorar la seva qualitat de vida.<\/span><\/b><\/li><\/ul>\t\t\t\t\t\t\t\t<\/div>\n\t\t\t\t<\/div>\n\t\t\t\t<div class=\"elementor-element elementor-element-2a57ceef elementor-button-success elementor-mobile-align-center elementor-widget elementor-widget-button\" data-id=\"2a57ceef\" data-element_type=\"widget\" data-widget_type=\"button.default\">\n\t\t\t\t<div class=\"elementor-widget-container\">\n\t\t\t\t\t\t\t\t\t<div class=\"elementor-button-wrapper\">\n\t\t\t\t\t<a class=\"elementor-button elementor-button-link elementor-size-sm elementor-animation-shrink\" href=\"https:\/\/laiapuigbo.com\/ca\/contacte\/\">\n\t\t\t\t\t\t<span class=\"elementor-button-content-wrapper\">\n\t\t\t\t\t\t\t\t\t<span class=\"elementor-button-text\">DEMANA UNA CITA<\/span>\n\t\t\t\t\t<\/span>\n\t\t\t\t\t<\/a>\n\t\t\t\t<\/div>\n\t\t\t\t\t\t\t\t<\/div>\n\t\t\t\t<\/div>\n\t\t\t\t<\/div>\n\t\t<div class=\"elementor-element elementor-element-752c661f e-con-full e-flex e-con e-child\" data-id=\"752c661f\" data-element_type=\"container\">\n\t\t\t\t<div class=\"elementor-element elementor-element-492dee59 elementor-invisible elementor-widget elementor-widget-image\" data-id=\"492dee59\" data-element_type=\"widget\" data-settings=\"{&quot;_animation&quot;:&quot;fadeInRight&quot;}\" data-widget_type=\"image.default\">\n\t\t\t\t<div class=\"elementor-widget-container\">\n\t\t\t\t\t\t\t\t\t\t\t\t\t\t\t<img fetchpriority=\"high\" decoding=\"async\" width=\"800\" height=\"534\" src=\"https:\/\/laiapuigbo.com\/wp-content\/uploads\/2025\/05\/Mocos-bebes-1024x683.jpg\" class=\"attachment-large size-large wp-image-329\" alt=\"Mocos bebes\" srcset=\"https:\/\/laiapuigbo.com\/wp-content\/uploads\/2025\/05\/Mocos-bebes-1024x683.jpg 1024w, https:\/\/laiapuigbo.com\/wp-content\/uploads\/2025\/05\/Mocos-bebes-300x200.jpg 300w, https:\/\/laiapuigbo.com\/wp-content\/uploads\/2025\/05\/Mocos-bebes-768x512.jpg 768w, https:\/\/laiapuigbo.com\/wp-content\/uploads\/2025\/05\/Mocos-bebes-1536x1024.jpg 1536w, https:\/\/laiapuigbo.com\/wp-content\/uploads\/2025\/05\/Mocos-bebes-2048x1365.jpg 2048w\" sizes=\"(max-width: 800px) 100vw, 800px\" \/>\t\t\t\t\t\t\t\t\t\t\t\t\t\t\t<\/div>\n\t\t\t\t<\/div>\n\t\t\t\t<div class=\"elementor-element elementor-element-389e20b2 elementor-widget__width-initial elementor-absolute elementor-widget-tablet__width-initial elementor-widget-mobile__width-initial elementor-widget elementor-widget-spacer\" data-id=\"389e20b2\" data-element_type=\"widget\" data-settings=\"{&quot;motion_fx_motion_fx_scrolling&quot;:&quot;yes&quot;,&quot;motion_fx_rotateZ_effect&quot;:&quot;yes&quot;,&quot;motion_fx_rotateZ_direction&quot;:&quot;negative&quot;,&quot;motion_fx_rotateZ_speed&quot;:{&quot;unit&quot;:&quot;px&quot;,&quot;size&quot;:4.6,&quot;sizes&quot;:[]},&quot;motion_fx_rotateZ_affectedRange&quot;:{&quot;unit&quot;:&quot;%&quot;,&quot;size&quot;:&quot;&quot;,&quot;sizes&quot;:{&quot;start&quot;:52,&quot;end&quot;:100}},&quot;_position&quot;:&quot;absolute&quot;,&quot;motion_fx_devices&quot;:[&quot;desktop&quot;,&quot;tablet&quot;,&quot;mobile&quot;]}\" data-widget_type=\"spacer.default\">\n\t\t\t\t<div class=\"elementor-widget-container\">\n\t\t\t\t\t\t\t<div class=\"elementor-spacer\">\n\t\t\t<div class=\"elementor-spacer-inner\"><\/div>\n\t\t<\/div>\n\t\t\t\t\t\t<\/div>\n\t\t\t\t<\/div>\n\t\t\t\t<div class=\"elementor-element elementor-element-22774fa6 elementor-widget__width-initial elementor-absolute elementor-widget-tablet__width-initial elementor-widget elementor-widget-spacer\" data-id=\"22774fa6\" data-element_type=\"widget\" data-settings=\"{&quot;motion_fx_motion_fx_scrolling&quot;:&quot;yes&quot;,&quot;_position&quot;:&quot;absolute&quot;,&quot;motion_fx_translateY_effect&quot;:&quot;yes&quot;,&quot;motion_fx_translateY_speed&quot;:{&quot;unit&quot;:&quot;px&quot;,&quot;size&quot;:1,&quot;sizes&quot;:[]},&quot;motion_fx_translateX_effect&quot;:&quot;yes&quot;,&quot;motion_fx_translateX_speed&quot;:{&quot;unit&quot;:&quot;px&quot;,&quot;size&quot;:1,&quot;sizes&quot;:[]},&quot;motion_fx_translateX_direction&quot;:&quot;negative&quot;,&quot;motion_fx_translateY_affectedRange&quot;:{&quot;unit&quot;:&quot;%&quot;,&quot;size&quot;:&quot;&quot;,&quot;sizes&quot;:{&quot;start&quot;:0,&quot;end&quot;:100}},&quot;motion_fx_translateX_affectedRange&quot;:{&quot;unit&quot;:&quot;%&quot;,&quot;size&quot;:&quot;&quot;,&quot;sizes&quot;:{&quot;start&quot;:0,&quot;end&quot;:100}},&quot;motion_fx_devices&quot;:[&quot;desktop&quot;,&quot;tablet&quot;,&quot;mobile&quot;]}\" data-widget_type=\"spacer.default\">\n\t\t\t\t<div class=\"elementor-widget-container\">\n\t\t\t\t\t\t\t<div class=\"elementor-spacer\">\n\t\t\t<div class=\"elementor-spacer-inner\"><\/div>\n\t\t<\/div>\n\t\t\t\t\t\t<\/div>\n\t\t\t\t<\/div>\n\t\t\t\t<div class=\"elementor-element elementor-element-66380ef4 elementor-widget__width-initial elementor-absolute elementor-widget-tablet__width-initial elementor-widget-mobile__width-initial elementor-widget elementor-widget-spacer\" data-id=\"66380ef4\" data-element_type=\"widget\" data-settings=\"{&quot;motion_fx_motion_fx_scrolling&quot;:&quot;yes&quot;,&quot;_position&quot;:&quot;absolute&quot;,&quot;motion_fx_translateY_effect&quot;:&quot;yes&quot;,&quot;motion_fx_translateY_direction&quot;:&quot;negative&quot;,&quot;motion_fx_translateY_speed&quot;:{&quot;unit&quot;:&quot;px&quot;,&quot;size&quot;:1,&quot;sizes&quot;:[]},&quot;motion_fx_translateX_effect&quot;:&quot;yes&quot;,&quot;motion_fx_translateX_speed&quot;:{&quot;unit&quot;:&quot;px&quot;,&quot;size&quot;:1,&quot;sizes&quot;:[]},&quot;motion_fx_translateY_affectedRange&quot;:{&quot;unit&quot;:&quot;%&quot;,&quot;size&quot;:&quot;&quot;,&quot;sizes&quot;:{&quot;start&quot;:0,&quot;end&quot;:100}},&quot;motion_fx_translateX_affectedRange&quot;:{&quot;unit&quot;:&quot;%&quot;,&quot;size&quot;:&quot;&quot;,&quot;sizes&quot;:{&quot;start&quot;:0,&quot;end&quot;:100}},&quot;motion_fx_devices&quot;:[&quot;desktop&quot;,&quot;tablet&quot;,&quot;mobile&quot;]}\" data-widget_type=\"spacer.default\">\n\t\t\t\t<div class=\"elementor-widget-container\">\n\t\t\t\t\t\t\t<div class=\"elementor-spacer\">\n\t\t\t<div class=\"elementor-spacer-inner\"><\/div>\n\t\t<\/div>\n\t\t\t\t\t\t<\/div>\n\t\t\t\t<\/div>\n\t\t\t\t<\/div>\n\t\t\t\t\t<\/div>\n\t\t\t\t<\/div>\n\t\t\t\t<\/div>\n\t\t","protected":false},"excerpt":{"rendered":"<p>Afectacions respirat\u00f2ries Fisioter\u00e0pia Respirat\u00f2ria Infantil Mocs, mocs i m\u00e9s mocs. \u00c9s molt com\u00fa veure els m\u00e9s petits amb el nas tapat, amb tos, empalmant bronquitis rere bronquitis, i sovint acabem normalitzant aquest estat de salut. Els nens tenen m\u00e9s dificultats que els adults per moure el moc del pit o mocar-se, simplement perqu\u00e8 sovint no [&hellip;]<\/p>\n","protected":false},"author":1,"featured_media":0,"parent":0,"menu_order":0,"comment_status":"closed","ping_status":"closed","template":"","meta":{"footnotes":""},"class_list":["post-1297","page","type-page","status-publish","hentry"],"yoast_head":"<!-- This site is optimized with the Yoast SEO plugin v25.3 - https:\/\/yoast.com\/wordpress\/plugins\/seo\/ -->\n<title>Fisioter\u00e0pia Respirat\u00f2ria Pedi\u00e0trica | Laia Puigb\u00f2<\/title>\n<meta name=\"description\" content=\"Ajudo el teu fill a respirar millor amb t\u00e8cniques per eliminar mocs i millorar la capacitat pulmonar. Tractament de bronquitis, pneum\u00f2nia i m\u00e9s.\" \/>\n<meta name=\"robots\" content=\"index, follow, max-snippet:-1, max-image-preview:large, max-video-preview:-1\" \/>\n<link rel=\"canonical\" href=\"https:\/\/laiapuigbo.com\/ca\/afectacions-respiratories\/\" \/>\n<meta property=\"og:locale\" content=\"ca_ES\" \/>\n<meta property=\"og:type\" content=\"article\" \/>\n<meta property=\"og:title\" content=\"Fisioter\u00e0pia Respirat\u00f2ria Pedi\u00e0trica | Laia Puigb\u00f2\" \/>\n<meta property=\"og:description\" content=\"Ajudo el teu fill a respirar millor amb t\u00e8cniques per eliminar mocs i millorar la capacitat pulmonar. Tractament de bronquitis, pneum\u00f2nia i m\u00e9s.\" \/>\n<meta property=\"og:url\" content=\"https:\/\/laiapuigbo.com\/ca\/afectacions-respiratories\/\" \/>\n<meta property=\"og:site_name\" content=\"Laia Puigb\u00f2\" \/>\n<meta property=\"article:modified_time\" content=\"2025-06-11T09:33:53+00:00\" \/>\n<meta property=\"og:image\" content=\"https:\/\/laiapuigbo.com\/wp-content\/uploads\/2025\/05\/Mocos-bebes-scaled.jpg\" \/>\n\t<meta property=\"og:image:width\" content=\"2560\" \/>\n\t<meta property=\"og:image:height\" content=\"1707\" \/>\n\t<meta property=\"og:image:type\" content=\"image\/jpeg\" \/>\n<meta name=\"twitter:card\" content=\"summary_large_image\" \/>\n<meta name=\"twitter:label1\" content=\"Temps estimat de lectura\" \/>\n\t<meta name=\"twitter:data1\" content=\"3 minuts\" \/>\n<script type=\"application\/ld+json\" class=\"yoast-schema-graph\">{\"@context\":\"https:\/\/schema.org\",\"@graph\":[{\"@type\":\"WebPage\",\"@id\":\"https:\/\/laiapuigbo.com\/ca\/afectacions-respiratories\/\",\"url\":\"https:\/\/laiapuigbo.com\/ca\/afectacions-respiratories\/\",\"name\":\"Fisioter\u00e0pia Respirat\u00f2ria Pedi\u00e0trica | Laia Puigb\u00f2\",\"isPartOf\":{\"@id\":\"https:\/\/laiapuigbo.com\/ca\/#website\"},\"primaryImageOfPage\":{\"@id\":\"https:\/\/laiapuigbo.com\/ca\/afectacions-respiratories\/#primaryimage\"},\"image\":{\"@id\":\"https:\/\/laiapuigbo.com\/ca\/afectacions-respiratories\/#primaryimage\"},\"thumbnailUrl\":\"https:\/\/laiapuigbo.com\/wp-content\/uploads\/2025\/05\/Mocos-bebes-1024x683.jpg\",\"datePublished\":\"2025-05-22T14:02:58+00:00\",\"dateModified\":\"2025-06-11T09:33:53+00:00\",\"description\":\"Ajudo el teu fill a respirar millor amb t\u00e8cniques per eliminar mocs i millorar la capacitat pulmonar. Tractament de bronquitis, pneum\u00f2nia i m\u00e9s.\",\"breadcrumb\":{\"@id\":\"https:\/\/laiapuigbo.com\/ca\/afectacions-respiratories\/#breadcrumb\"},\"inLanguage\":\"ca\",\"potentialAction\":[{\"@type\":\"ReadAction\",\"target\":[\"https:\/\/laiapuigbo.com\/ca\/afectacions-respiratories\/\"]}]},{\"@type\":\"ImageObject\",\"inLanguage\":\"ca\",\"@id\":\"https:\/\/laiapuigbo.com\/ca\/afectacions-respiratories\/#primaryimage\",\"url\":\"https:\/\/laiapuigbo.com\/wp-content\/uploads\/2025\/05\/Mocos-bebes-1024x683.jpg\",\"contentUrl\":\"https:\/\/laiapuigbo.com\/wp-content\/uploads\/2025\/05\/Mocos-bebes-1024x683.jpg\"},{\"@type\":\"BreadcrumbList\",\"@id\":\"https:\/\/laiapuigbo.com\/ca\/afectacions-respiratories\/#breadcrumb\",\"itemListElement\":[{\"@type\":\"ListItem\",\"position\":1,\"name\":\"Portada\",\"item\":\"https:\/\/laiapuigbo.com\/ca\/\"},{\"@type\":\"ListItem\",\"position\":2,\"name\":\"Afectacions respirat\u00f2ries\"}]},{\"@type\":\"WebSite\",\"@id\":\"https:\/\/laiapuigbo.com\/ca\/#website\",\"url\":\"https:\/\/laiapuigbo.com\/ca\/\",\"name\":\"Laia Puigb\u00f2\",\"description\":\"\",\"publisher\":{\"@id\":\"https:\/\/laiapuigbo.com\/ca\/#organization\"},\"potentialAction\":[{\"@type\":\"SearchAction\",\"target\":{\"@type\":\"EntryPoint\",\"urlTemplate\":\"https:\/\/laiapuigbo.com\/ca\/?s={search_term_string}\"},\"query-input\":{\"@type\":\"PropertyValueSpecification\",\"valueRequired\":true,\"valueName\":\"search_term_string\"}}],\"inLanguage\":\"ca\"},{\"@type\":\"Organization\",\"@id\":\"https:\/\/laiapuigbo.com\/ca\/#organization\",\"name\":\"Laia Puigb\u00f2\",\"url\":\"https:\/\/laiapuigbo.com\/ca\/\",\"logo\":{\"@type\":\"ImageObject\",\"inLanguage\":\"ca\",\"@id\":\"https:\/\/laiapuigbo.com\/ca\/#\/schema\/logo\/image\/\",\"url\":\"https:\/\/laiapuigbo.com\/wp-content\/uploads\/2025\/05\/Logo-Laia-Puigbo.png\",\"contentUrl\":\"https:\/\/laiapuigbo.com\/wp-content\/uploads\/2025\/05\/Logo-Laia-Puigbo.png\",\"width\":508,\"height\":125,\"caption\":\"Laia Puigb\u00f2\"},\"image\":{\"@id\":\"https:\/\/laiapuigbo.com\/ca\/#\/schema\/logo\/image\/\"}}]}<\/script>\n<!-- \/ Yoast SEO plugin. -->","yoast_head_json":{"title":"Fisioter\u00e0pia Respirat\u00f2ria Pedi\u00e0trica | Laia Puigb\u00f2","description":"Ajudo el teu fill a respirar millor amb t\u00e8cniques per eliminar mocs i millorar la capacitat pulmonar. Tractament de bronquitis, pneum\u00f2nia i m\u00e9s.","robots":{"index":"index","follow":"follow","max-snippet":"max-snippet:-1","max-image-preview":"max-image-preview:large","max-video-preview":"max-video-preview:-1"},"canonical":"https:\/\/laiapuigbo.com\/ca\/afectacions-respiratories\/","og_locale":"ca_ES","og_type":"article","og_title":"Fisioter\u00e0pia Respirat\u00f2ria Pedi\u00e0trica | Laia Puigb\u00f2","og_description":"Ajudo el teu fill a respirar millor amb t\u00e8cniques per eliminar mocs i millorar la capacitat pulmonar. Tractament de bronquitis, pneum\u00f2nia i m\u00e9s.","og_url":"https:\/\/laiapuigbo.com\/ca\/afectacions-respiratories\/","og_site_name":"Laia Puigb\u00f2","article_modified_time":"2025-06-11T09:33:53+00:00","og_image":[{"width":2560,"height":1707,"url":"https:\/\/laiapuigbo.com\/wp-content\/uploads\/2025\/05\/Mocos-bebes-scaled.jpg","type":"image\/jpeg"}],"twitter_card":"summary_large_image","twitter_misc":{"Temps estimat de lectura":"3 minuts"},"schema":{"@context":"https:\/\/schema.org","@graph":[{"@type":"WebPage","@id":"https:\/\/laiapuigbo.com\/ca\/afectacions-respiratories\/","url":"https:\/\/laiapuigbo.com\/ca\/afectacions-respiratories\/","name":"Fisioter\u00e0pia Respirat\u00f2ria Pedi\u00e0trica | Laia Puigb\u00f2","isPartOf":{"@id":"https:\/\/laiapuigbo.com\/ca\/#website"},"primaryImageOfPage":{"@id":"https:\/\/laiapuigbo.com\/ca\/afectacions-respiratories\/#primaryimage"},"image":{"@id":"https:\/\/laiapuigbo.com\/ca\/afectacions-respiratories\/#primaryimage"},"thumbnailUrl":"https:\/\/laiapuigbo.com\/wp-content\/uploads\/2025\/05\/Mocos-bebes-1024x683.jpg","datePublished":"2025-05-22T14:02:58+00:00","dateModified":"2025-06-11T09:33:53+00:00","description":"Ajudo el teu fill a respirar millor amb t\u00e8cniques per eliminar mocs i millorar la capacitat pulmonar. Tractament de bronquitis, pneum\u00f2nia i m\u00e9s.","breadcrumb":{"@id":"https:\/\/laiapuigbo.com\/ca\/afectacions-respiratories\/#breadcrumb"},"inLanguage":"ca","potentialAction":[{"@type":"ReadAction","target":["https:\/\/laiapuigbo.com\/ca\/afectacions-respiratories\/"]}]},{"@type":"ImageObject","inLanguage":"ca","@id":"https:\/\/laiapuigbo.com\/ca\/afectacions-respiratories\/#primaryimage","url":"https:\/\/laiapuigbo.com\/wp-content\/uploads\/2025\/05\/Mocos-bebes-1024x683.jpg","contentUrl":"https:\/\/laiapuigbo.com\/wp-content\/uploads\/2025\/05\/Mocos-bebes-1024x683.jpg"},{"@type":"BreadcrumbList","@id":"https:\/\/laiapuigbo.com\/ca\/afectacions-respiratories\/#breadcrumb","itemListElement":[{"@type":"ListItem","position":1,"name":"Portada","item":"https:\/\/laiapuigbo.com\/ca\/"},{"@type":"ListItem","position":2,"name":"Afectacions respirat\u00f2ries"}]},{"@type":"WebSite","@id":"https:\/\/laiapuigbo.com\/ca\/#website","url":"https:\/\/laiapuigbo.com\/ca\/","name":"Laia Puigb\u00f2","description":"","publisher":{"@id":"https:\/\/laiapuigbo.com\/ca\/#organization"},"potentialAction":[{"@type":"SearchAction","target":{"@type":"EntryPoint","urlTemplate":"https:\/\/laiapuigbo.com\/ca\/?s={search_term_string}"},"query-input":{"@type":"PropertyValueSpecification","valueRequired":true,"valueName":"search_term_string"}}],"inLanguage":"ca"},{"@type":"Organization","@id":"https:\/\/laiapuigbo.com\/ca\/#organization","name":"Laia Puigb\u00f2","url":"https:\/\/laiapuigbo.com\/ca\/","logo":{"@type":"ImageObject","inLanguage":"ca","@id":"https:\/\/laiapuigbo.com\/ca\/#\/schema\/logo\/image\/","url":"https:\/\/laiapuigbo.com\/wp-content\/uploads\/2025\/05\/Logo-Laia-Puigbo.png","contentUrl":"https:\/\/laiapuigbo.com\/wp-content\/uploads\/2025\/05\/Logo-Laia-Puigbo.png","width":508,"height":125,"caption":"Laia Puigb\u00f2"},"image":{"@id":"https:\/\/laiapuigbo.com\/ca\/#\/schema\/logo\/image\/"}}]}},"_links":{"self":[{"href":"https:\/\/laiapuigbo.com\/ca\/wp-json\/wp\/v2\/pages\/1297","targetHints":{"allow":["GET"]}}],"collection":[{"href":"https:\/\/laiapuigbo.com\/ca\/wp-json\/wp\/v2\/pages"}],"about":[{"href":"https:\/\/laiapuigbo.com\/ca\/wp-json\/wp\/v2\/types\/page"}],"author":[{"embeddable":true,"href":"https:\/\/laiapuigbo.com\/ca\/wp-json\/wp\/v2\/users\/1"}],"replies":[{"embeddable":true,"href":"https:\/\/laiapuigbo.com\/ca\/wp-json\/wp\/v2\/comments?post=1297"}],"version-history":[{"count":3,"href":"https:\/\/laiapuigbo.com\/ca\/wp-json\/wp\/v2\/pages\/1297\/revisions"}],"predecessor-version":[{"id":2104,"href":"https:\/\/laiapuigbo.com\/ca\/wp-json\/wp\/v2\/pages\/1297\/revisions\/2104"}],"wp:attachment":[{"href":"https:\/\/laiapuigbo.com\/ca\/wp-json\/wp\/v2\/media?parent=1297"}],"curies":[{"name":"wp","href":"https:\/\/api.w.org\/{rel}","templated":true}]}}