{"id":1279,"date":"2025-05-22T13:49:58","date_gmt":"2025-05-22T13:49:58","guid":{"rendered":"https:\/\/laiapuigbo.com\/?page_id=1279"},"modified":"2025-06-11T09:33:43","modified_gmt":"2025-06-11T09:33:43","slug":"torticolis-muscular-i-deformitats-cranials","status":"publish","type":"page","link":"https:\/\/laiapuigbo.com\/ca\/torticolis-muscular-i-deformitats-cranials\/","title":{"rendered":"Torticolis muscular i deformitats cranials"},"content":{"rendered":"\t\t<div data-elementor-type=\"wp-page\" data-elementor-id=\"1279\" class=\"elementor elementor-1279\" data-elementor-post-type=\"page\">\n\t\t\t\t<div class=\"elementor-element elementor-element-3b201b42 e-grid e-con-boxed e-con e-parent\" data-id=\"3b201b42\" data-element_type=\"container\">\n\t\t\t\t\t<div class=\"e-con-inner\">\n\t\t<div class=\"elementor-element elementor-element-5762072d e-con-full e-flex e-con e-child\" data-id=\"5762072d\" data-element_type=\"container\">\n\t\t\t\t<div class=\"elementor-element elementor-element-56de2b98 elementor-widget elementor-widget-heading\" data-id=\"56de2b98\" data-element_type=\"widget\" data-widget_type=\"heading.default\">\n\t\t\t\t<div class=\"elementor-widget-container\">\n\t\t\t\t\t<h1 class=\"elementor-heading-title elementor-size-default\">Torticolis muscular i deformitats cranials<\/h1>\t\t\t\t<\/div>\n\t\t\t\t<\/div>\n\t\t\t\t<div class=\"elementor-element elementor-element-6446419e elementor-widget elementor-widget-heading\" data-id=\"6446419e\" data-element_type=\"widget\" data-widget_type=\"heading.default\">\n\t\t\t\t<div class=\"elementor-widget-container\">\n\t\t\t\t\t<h2 class=\"elementor-heading-title elementor-size-default\">Correcci\u00f3 postural i millora del desenvolupament cranial<\/h2>\t\t\t\t<\/div>\n\t\t\t\t<\/div>\n\t\t\t\t<div class=\"elementor-element elementor-element-3c7e6569 elementor-widget elementor-widget-text-editor\" data-id=\"3c7e6569\" data-element_type=\"widget\" data-widget_type=\"text-editor.default\">\n\t\t\t\t<div class=\"elementor-widget-container\">\n\t\t\t\t\t\t\t\t\t<p><span style=\"font-weight: 400;\">Que el teu nad\u00f3 miri sempre cap al mateix costat i tingui dificultats per girar el cap cap a l\u2019altre costat no \u00e9s normal i dif\u00edcilment es resoldr\u00e0 per si sol. Sovint, aquest problema est\u00e0 relacionat amb una deformitat cranial, i podries notar que t\u00e9 una zona del crani m\u00e9s plana, coincidint amb el costat on mira m\u00e9s, coneguda com a <\/span><b>plagiocef\u00e0lia<\/b><span style=\"font-weight: 400;\">.<\/span><\/p><p><span style=\"font-weight: 400;\">Tamb\u00e9 pot passar que vegis la part posterior del cap m\u00e9s plana (<\/span><b>braquicef\u00e0lia<\/b><span style=\"font-weight: 400;\">), o que el cap sembli m\u00e9s allargat, una forma que popularment es coneix com a \u201capepinat\u201d. Aquestes alteracions no nom\u00e9s afecten l\u2019est\u00e8tica i la forma del cap, sin\u00f3 que tamb\u00e9 <\/span><b>poden tenir un impacte important en la percepci\u00f3<\/b><span style=\"font-weight: 400;\"> que el teu fill t\u00e9 del seu propi cos i en el seu <\/span>desenvolupament<b> neuromotor<\/b><span style=\"font-weight: 400;\">.<\/span><\/p><p><span style=\"font-weight: 400;\">Aquestes deformitats acostumen a apar\u00e8ixer per postures mantingudes, tensions musculars o dificultats per moure el coll amb normalitat, com en casos de torticolis. Si no s\u2019aborden, poden generar problemes posturals que s\u2019agreugen amb el temps i poden condicionar dificultats en el moviment i en la coordinaci\u00f3 futura.<\/span><\/p><p><span style=\"font-weight: 400;\">Per aix\u00f2, \u00e9s fonamental acudir al fisioterapeuta. Amb una sessi\u00f3, puc avaluar exhaustivament la situaci\u00f3 del teu nad\u00f3: la mobilitat del coll, la postura i la forma del cap per <\/span><b>determinar quina \u00e9s la causa principal i dissenyar un tractament personalitzat<\/b><span style=\"font-weight: 400;\">. Amb t\u00e8cniques manuals i exercicis espec\u00edfics, ajudar\u00e9 a <\/span><b>corregir la postura<\/b><span style=\"font-weight: 400;\">, alleujar tensions i prevenir que la deformitat cranial empitjori.<\/span><\/p><p><span style=\"font-weight: 400;\">A m\u00e9s, t\u2019ensenyar\u00e9 <\/span><b>exercicis i estrat\u00e8gies de posicionament<\/b><span style=\"font-weight: 400;\"> que podr\u00e0s aplicar a casa per estimular el moviment cap als dos costats, <\/span><b>millorar la mobilitat<\/b><span style=\"font-weight: 400;\"> i contribuir a una millor forma del cap. Aquestes recomanacions inclouen canvis en la posici\u00f3 durant el son, jocs que fomentin la rotaci\u00f3 i inclinaci\u00f3 del coll, i consells per al moment d\u2019agafar o alimentar el nad\u00f3.<\/span><\/p><p><span style=\"font-weight: 400;\">\u00c9s important <\/span><b>actuar amb rapidesa<\/b><span style=\"font-weight: 400;\">, ja que un tractament preco\u00e7 \u00e9s clau per <\/span><b>evitar complicacions futures<\/b><span style=\"font-weight: 400;\">, com ara dificultats per girar el cap, problemes posturals i possibles alteracions en el desenvolupament motor global. Una detecci\u00f3 i intervenci\u00f3 a temps fan que sigui molt m\u00e9s f\u00e0cil corregir la deformitat i garantir que el teu fill creixi de manera saludable i equilibrada.<\/span><\/p><p><b>Si observes que el teu nad\u00f3 mant\u00e9 sempre la mateixa posici\u00f3 o tens dubtes sobre la seva mobilitat i la forma del cap, no dubtis a posar-te en contacte amb mi. Estic aqu\u00ed per ajudar-te i acompanyar-vos en aquesta etapa tan important.<\/b><\/p>\t\t\t\t\t\t\t\t<\/div>\n\t\t\t\t<\/div>\n\t\t\t\t<div class=\"elementor-element elementor-element-223e908d elementor-button-success elementor-mobile-align-center elementor-widget elementor-widget-button\" data-id=\"223e908d\" data-element_type=\"widget\" data-widget_type=\"button.default\">\n\t\t\t\t<div class=\"elementor-widget-container\">\n\t\t\t\t\t\t\t\t\t<div class=\"elementor-button-wrapper\">\n\t\t\t\t\t<a class=\"elementor-button elementor-button-link elementor-size-sm elementor-animation-shrink\" href=\"https:\/\/laiapuigbo.com\/ca\/contacte\/\">\n\t\t\t\t\t\t<span class=\"elementor-button-content-wrapper\">\n\t\t\t\t\t\t\t\t\t<span class=\"elementor-button-text\">DEMANA UNA CITA<\/span>\n\t\t\t\t\t<\/span>\n\t\t\t\t\t<\/a>\n\t\t\t\t<\/div>\n\t\t\t\t\t\t\t\t<\/div>\n\t\t\t\t<\/div>\n\t\t\t\t<\/div>\n\t\t<div class=\"elementor-element elementor-element-b62a416 e-con-full e-flex e-con e-child\" data-id=\"b62a416\" data-element_type=\"container\">\n\t\t\t\t<div class=\"elementor-element elementor-element-49a27d43 elementor-invisible elementor-widget elementor-widget-image\" data-id=\"49a27d43\" data-element_type=\"widget\" data-settings=\"{&quot;_animation&quot;:&quot;fadeInRight&quot;}\" data-widget_type=\"image.default\">\n\t\t\t\t<div class=\"elementor-widget-container\">\n\t\t\t\t\t\t\t\t\t\t\t\t\t\t\t<img fetchpriority=\"high\" decoding=\"async\" width=\"800\" height=\"534\" src=\"https:\/\/laiapuigbo.com\/wp-content\/uploads\/2025\/05\/Braquicefalia-1024x683.jpg\" class=\"attachment-large size-large wp-image-315\" alt=\"Braquicefalia\" srcset=\"https:\/\/laiapuigbo.com\/wp-content\/uploads\/2025\/05\/Braquicefalia-1024x683.jpg 1024w, https:\/\/laiapuigbo.com\/wp-content\/uploads\/2025\/05\/Braquicefalia-300x200.jpg 300w, https:\/\/laiapuigbo.com\/wp-content\/uploads\/2025\/05\/Braquicefalia-768x512.jpg 768w, https:\/\/laiapuigbo.com\/wp-content\/uploads\/2025\/05\/Braquicefalia-1536x1024.jpg 1536w, https:\/\/laiapuigbo.com\/wp-content\/uploads\/2025\/05\/Braquicefalia-2048x1365.jpg 2048w\" sizes=\"(max-width: 800px) 100vw, 800px\" \/>\t\t\t\t\t\t\t\t\t\t\t\t\t\t\t<\/div>\n\t\t\t\t<\/div>\n\t\t\t\t<div class=\"elementor-element elementor-element-27cc49a7 elementor-widget__width-initial elementor-absolute elementor-widget-tablet__width-initial elementor-widget-mobile__width-initial elementor-widget elementor-widget-spacer\" data-id=\"27cc49a7\" data-element_type=\"widget\" data-settings=\"{&quot;motion_fx_motion_fx_scrolling&quot;:&quot;yes&quot;,&quot;motion_fx_rotateZ_effect&quot;:&quot;yes&quot;,&quot;motion_fx_rotateZ_direction&quot;:&quot;negative&quot;,&quot;motion_fx_rotateZ_speed&quot;:{&quot;unit&quot;:&quot;px&quot;,&quot;size&quot;:4.6,&quot;sizes&quot;:[]},&quot;motion_fx_rotateZ_affectedRange&quot;:{&quot;unit&quot;:&quot;%&quot;,&quot;size&quot;:&quot;&quot;,&quot;sizes&quot;:{&quot;start&quot;:52,&quot;end&quot;:100}},&quot;_position&quot;:&quot;absolute&quot;,&quot;motion_fx_devices&quot;:[&quot;desktop&quot;,&quot;tablet&quot;,&quot;mobile&quot;]}\" data-widget_type=\"spacer.default\">\n\t\t\t\t<div class=\"elementor-widget-container\">\n\t\t\t\t\t\t\t<div class=\"elementor-spacer\">\n\t\t\t<div class=\"elementor-spacer-inner\"><\/div>\n\t\t<\/div>\n\t\t\t\t\t\t<\/div>\n\t\t\t\t<\/div>\n\t\t\t\t<div class=\"elementor-element elementor-element-3dc4d299 elementor-widget__width-initial elementor-absolute elementor-widget-tablet__width-initial elementor-widget elementor-widget-spacer\" data-id=\"3dc4d299\" data-element_type=\"widget\" data-settings=\"{&quot;motion_fx_motion_fx_scrolling&quot;:&quot;yes&quot;,&quot;_position&quot;:&quot;absolute&quot;,&quot;motion_fx_translateY_effect&quot;:&quot;yes&quot;,&quot;motion_fx_translateY_speed&quot;:{&quot;unit&quot;:&quot;px&quot;,&quot;size&quot;:1,&quot;sizes&quot;:[]},&quot;motion_fx_translateX_effect&quot;:&quot;yes&quot;,&quot;motion_fx_translateX_speed&quot;:{&quot;unit&quot;:&quot;px&quot;,&quot;size&quot;:1,&quot;sizes&quot;:[]},&quot;motion_fx_translateX_direction&quot;:&quot;negative&quot;,&quot;motion_fx_translateY_affectedRange&quot;:{&quot;unit&quot;:&quot;%&quot;,&quot;size&quot;:&quot;&quot;,&quot;sizes&quot;:{&quot;start&quot;:0,&quot;end&quot;:100}},&quot;motion_fx_translateX_affectedRange&quot;:{&quot;unit&quot;:&quot;%&quot;,&quot;size&quot;:&quot;&quot;,&quot;sizes&quot;:{&quot;start&quot;:0,&quot;end&quot;:100}},&quot;motion_fx_devices&quot;:[&quot;desktop&quot;,&quot;tablet&quot;,&quot;mobile&quot;]}\" data-widget_type=\"spacer.default\">\n\t\t\t\t<div class=\"elementor-widget-container\">\n\t\t\t\t\t\t\t<div class=\"elementor-spacer\">\n\t\t\t<div class=\"elementor-spacer-inner\"><\/div>\n\t\t<\/div>\n\t\t\t\t\t\t<\/div>\n\t\t\t\t<\/div>\n\t\t\t\t<div class=\"elementor-element elementor-element-57f70bab elementor-widget__width-initial elementor-absolute elementor-widget-tablet__width-initial elementor-widget-mobile__width-initial elementor-widget elementor-widget-spacer\" data-id=\"57f70bab\" data-element_type=\"widget\" data-settings=\"{&quot;motion_fx_motion_fx_scrolling&quot;:&quot;yes&quot;,&quot;_position&quot;:&quot;absolute&quot;,&quot;motion_fx_translateY_effect&quot;:&quot;yes&quot;,&quot;motion_fx_translateY_direction&quot;:&quot;negative&quot;,&quot;motion_fx_translateY_speed&quot;:{&quot;unit&quot;:&quot;px&quot;,&quot;size&quot;:1,&quot;sizes&quot;:[]},&quot;motion_fx_translateX_effect&quot;:&quot;yes&quot;,&quot;motion_fx_translateX_speed&quot;:{&quot;unit&quot;:&quot;px&quot;,&quot;size&quot;:1,&quot;sizes&quot;:[]},&quot;motion_fx_translateY_affectedRange&quot;:{&quot;unit&quot;:&quot;%&quot;,&quot;size&quot;:&quot;&quot;,&quot;sizes&quot;:{&quot;start&quot;:0,&quot;end&quot;:100}},&quot;motion_fx_translateX_affectedRange&quot;:{&quot;unit&quot;:&quot;%&quot;,&quot;size&quot;:&quot;&quot;,&quot;sizes&quot;:{&quot;start&quot;:0,&quot;end&quot;:100}},&quot;motion_fx_devices&quot;:[&quot;desktop&quot;,&quot;tablet&quot;,&quot;mobile&quot;]}\" data-widget_type=\"spacer.default\">\n\t\t\t\t<div class=\"elementor-widget-container\">\n\t\t\t\t\t\t\t<div class=\"elementor-spacer\">\n\t\t\t<div class=\"elementor-spacer-inner\"><\/div>\n\t\t<\/div>\n\t\t\t\t\t\t<\/div>\n\t\t\t\t<\/div>\n\t\t\t\t<\/div>\n\t\t\t\t\t<\/div>\n\t\t\t\t<\/div>\n\t\t\t\t<\/div>\n\t\t","protected":false},"excerpt":{"rendered":"<p>Torticolis muscular i deformitats cranials Correcci\u00f3 postural i millora del desenvolupament cranial Que el teu nad\u00f3 miri sempre cap al mateix costat i tingui dificultats per girar el cap cap a l\u2019altre costat no \u00e9s normal i dif\u00edcilment es resoldr\u00e0 per si sol. Sovint, aquest problema est\u00e0 relacionat amb una deformitat cranial, i podries notar [&hellip;]<\/p>\n","protected":false},"author":1,"featured_media":0,"parent":0,"menu_order":0,"comment_status":"closed","ping_status":"closed","template":"","meta":{"footnotes":""},"class_list":["post-1279","page","type-page","status-publish","hentry"],"yoast_head":"<!-- This site is optimized with the Yoast SEO plugin v25.3 - https:\/\/yoast.com\/wordpress\/plugins\/seo\/ -->\n<title>Torticolis i Plagiocef\u00e0lia en Nadons | Laia Puigb\u00f2<\/title>\n<meta name=\"description\" content=\"Tractament de torticolis i deformitats cranials com plagiocef\u00e0lia i braquicef\u00e0lia. Valoraci\u00f3 i abordatge preco\u00e7 per al bon desenvolupament.\" \/>\n<meta name=\"robots\" content=\"index, follow, max-snippet:-1, max-image-preview:large, max-video-preview:-1\" \/>\n<link rel=\"canonical\" href=\"https:\/\/laiapuigbo.com\/ca\/torticolis-muscular-i-deformitats-cranials\/\" \/>\n<meta property=\"og:locale\" content=\"ca_ES\" \/>\n<meta property=\"og:type\" content=\"article\" \/>\n<meta property=\"og:title\" content=\"Torticolis i Plagiocef\u00e0lia en Nadons | Laia Puigb\u00f2\" \/>\n<meta property=\"og:description\" content=\"Tractament de torticolis i deformitats cranials com plagiocef\u00e0lia i braquicef\u00e0lia. Valoraci\u00f3 i abordatge preco\u00e7 per al bon desenvolupament.\" \/>\n<meta property=\"og:url\" content=\"https:\/\/laiapuigbo.com\/ca\/torticolis-muscular-i-deformitats-cranials\/\" \/>\n<meta property=\"og:site_name\" content=\"Laia Puigb\u00f2\" \/>\n<meta property=\"article:modified_time\" content=\"2025-06-11T09:33:43+00:00\" \/>\n<meta property=\"og:image\" content=\"https:\/\/laiapuigbo.com\/wp-content\/uploads\/2025\/05\/Braquicefalia-scaled.jpg\" \/>\n\t<meta property=\"og:image:width\" content=\"2560\" \/>\n\t<meta property=\"og:image:height\" content=\"1707\" \/>\n\t<meta property=\"og:image:type\" content=\"image\/jpeg\" \/>\n<meta name=\"twitter:card\" content=\"summary_large_image\" \/>\n<meta name=\"twitter:label1\" content=\"Temps estimat de lectura\" \/>\n\t<meta name=\"twitter:data1\" content=\"3 minuts\" \/>\n<script type=\"application\/ld+json\" class=\"yoast-schema-graph\">{\"@context\":\"https:\/\/schema.org\",\"@graph\":[{\"@type\":\"WebPage\",\"@id\":\"https:\/\/laiapuigbo.com\/ca\/torticolis-muscular-i-deformitats-cranials\/\",\"url\":\"https:\/\/laiapuigbo.com\/ca\/torticolis-muscular-i-deformitats-cranials\/\",\"name\":\"Torticolis i Plagiocef\u00e0lia en Nadons | Laia Puigb\u00f2\",\"isPartOf\":{\"@id\":\"https:\/\/laiapuigbo.com\/ca\/#website\"},\"primaryImageOfPage\":{\"@id\":\"https:\/\/laiapuigbo.com\/ca\/torticolis-muscular-i-deformitats-cranials\/#primaryimage\"},\"image\":{\"@id\":\"https:\/\/laiapuigbo.com\/ca\/torticolis-muscular-i-deformitats-cranials\/#primaryimage\"},\"thumbnailUrl\":\"https:\/\/laiapuigbo.com\/wp-content\/uploads\/2025\/05\/Braquicefalia-1024x683.jpg\",\"datePublished\":\"2025-05-22T13:49:58+00:00\",\"dateModified\":\"2025-06-11T09:33:43+00:00\",\"description\":\"Tractament de torticolis i deformitats cranials com plagiocef\u00e0lia i braquicef\u00e0lia. Valoraci\u00f3 i abordatge preco\u00e7 per al bon desenvolupament.\",\"breadcrumb\":{\"@id\":\"https:\/\/laiapuigbo.com\/ca\/torticolis-muscular-i-deformitats-cranials\/#breadcrumb\"},\"inLanguage\":\"ca\",\"potentialAction\":[{\"@type\":\"ReadAction\",\"target\":[\"https:\/\/laiapuigbo.com\/ca\/torticolis-muscular-i-deformitats-cranials\/\"]}]},{\"@type\":\"ImageObject\",\"inLanguage\":\"ca\",\"@id\":\"https:\/\/laiapuigbo.com\/ca\/torticolis-muscular-i-deformitats-cranials\/#primaryimage\",\"url\":\"https:\/\/laiapuigbo.com\/wp-content\/uploads\/2025\/05\/Braquicefalia-1024x683.jpg\",\"contentUrl\":\"https:\/\/laiapuigbo.com\/wp-content\/uploads\/2025\/05\/Braquicefalia-1024x683.jpg\"},{\"@type\":\"BreadcrumbList\",\"@id\":\"https:\/\/laiapuigbo.com\/ca\/torticolis-muscular-i-deformitats-cranials\/#breadcrumb\",\"itemListElement\":[{\"@type\":\"ListItem\",\"position\":1,\"name\":\"Portada\",\"item\":\"https:\/\/laiapuigbo.com\/ca\/\"},{\"@type\":\"ListItem\",\"position\":2,\"name\":\"Torticolis muscular i deformitats cranials\"}]},{\"@type\":\"WebSite\",\"@id\":\"https:\/\/laiapuigbo.com\/ca\/#website\",\"url\":\"https:\/\/laiapuigbo.com\/ca\/\",\"name\":\"Laia Puigb\u00f2\",\"description\":\"\",\"publisher\":{\"@id\":\"https:\/\/laiapuigbo.com\/ca\/#organization\"},\"potentialAction\":[{\"@type\":\"SearchAction\",\"target\":{\"@type\":\"EntryPoint\",\"urlTemplate\":\"https:\/\/laiapuigbo.com\/ca\/?s={search_term_string}\"},\"query-input\":{\"@type\":\"PropertyValueSpecification\",\"valueRequired\":true,\"valueName\":\"search_term_string\"}}],\"inLanguage\":\"ca\"},{\"@type\":\"Organization\",\"@id\":\"https:\/\/laiapuigbo.com\/ca\/#organization\",\"name\":\"Laia Puigb\u00f2\",\"url\":\"https:\/\/laiapuigbo.com\/ca\/\",\"logo\":{\"@type\":\"ImageObject\",\"inLanguage\":\"ca\",\"@id\":\"https:\/\/laiapuigbo.com\/ca\/#\/schema\/logo\/image\/\",\"url\":\"https:\/\/laiapuigbo.com\/wp-content\/uploads\/2025\/05\/Logo-Laia-Puigbo.png\",\"contentUrl\":\"https:\/\/laiapuigbo.com\/wp-content\/uploads\/2025\/05\/Logo-Laia-Puigbo.png\",\"width\":508,\"height\":125,\"caption\":\"Laia Puigb\u00f2\"},\"image\":{\"@id\":\"https:\/\/laiapuigbo.com\/ca\/#\/schema\/logo\/image\/\"}}]}<\/script>\n<!-- \/ Yoast SEO plugin. -->","yoast_head_json":{"title":"Torticolis i Plagiocef\u00e0lia en Nadons | Laia Puigb\u00f2","description":"Tractament de torticolis i deformitats cranials com plagiocef\u00e0lia i braquicef\u00e0lia. Valoraci\u00f3 i abordatge preco\u00e7 per al bon desenvolupament.","robots":{"index":"index","follow":"follow","max-snippet":"max-snippet:-1","max-image-preview":"max-image-preview:large","max-video-preview":"max-video-preview:-1"},"canonical":"https:\/\/laiapuigbo.com\/ca\/torticolis-muscular-i-deformitats-cranials\/","og_locale":"ca_ES","og_type":"article","og_title":"Torticolis i Plagiocef\u00e0lia en Nadons | Laia Puigb\u00f2","og_description":"Tractament de torticolis i deformitats cranials com plagiocef\u00e0lia i braquicef\u00e0lia. Valoraci\u00f3 i abordatge preco\u00e7 per al bon desenvolupament.","og_url":"https:\/\/laiapuigbo.com\/ca\/torticolis-muscular-i-deformitats-cranials\/","og_site_name":"Laia Puigb\u00f2","article_modified_time":"2025-06-11T09:33:43+00:00","og_image":[{"width":2560,"height":1707,"url":"https:\/\/laiapuigbo.com\/wp-content\/uploads\/2025\/05\/Braquicefalia-scaled.jpg","type":"image\/jpeg"}],"twitter_card":"summary_large_image","twitter_misc":{"Temps estimat de lectura":"3 minuts"},"schema":{"@context":"https:\/\/schema.org","@graph":[{"@type":"WebPage","@id":"https:\/\/laiapuigbo.com\/ca\/torticolis-muscular-i-deformitats-cranials\/","url":"https:\/\/laiapuigbo.com\/ca\/torticolis-muscular-i-deformitats-cranials\/","name":"Torticolis i Plagiocef\u00e0lia en Nadons | Laia Puigb\u00f2","isPartOf":{"@id":"https:\/\/laiapuigbo.com\/ca\/#website"},"primaryImageOfPage":{"@id":"https:\/\/laiapuigbo.com\/ca\/torticolis-muscular-i-deformitats-cranials\/#primaryimage"},"image":{"@id":"https:\/\/laiapuigbo.com\/ca\/torticolis-muscular-i-deformitats-cranials\/#primaryimage"},"thumbnailUrl":"https:\/\/laiapuigbo.com\/wp-content\/uploads\/2025\/05\/Braquicefalia-1024x683.jpg","datePublished":"2025-05-22T13:49:58+00:00","dateModified":"2025-06-11T09:33:43+00:00","description":"Tractament de torticolis i deformitats cranials com plagiocef\u00e0lia i braquicef\u00e0lia. Valoraci\u00f3 i abordatge preco\u00e7 per al bon desenvolupament.","breadcrumb":{"@id":"https:\/\/laiapuigbo.com\/ca\/torticolis-muscular-i-deformitats-cranials\/#breadcrumb"},"inLanguage":"ca","potentialAction":[{"@type":"ReadAction","target":["https:\/\/laiapuigbo.com\/ca\/torticolis-muscular-i-deformitats-cranials\/"]}]},{"@type":"ImageObject","inLanguage":"ca","@id":"https:\/\/laiapuigbo.com\/ca\/torticolis-muscular-i-deformitats-cranials\/#primaryimage","url":"https:\/\/laiapuigbo.com\/wp-content\/uploads\/2025\/05\/Braquicefalia-1024x683.jpg","contentUrl":"https:\/\/laiapuigbo.com\/wp-content\/uploads\/2025\/05\/Braquicefalia-1024x683.jpg"},{"@type":"BreadcrumbList","@id":"https:\/\/laiapuigbo.com\/ca\/torticolis-muscular-i-deformitats-cranials\/#breadcrumb","itemListElement":[{"@type":"ListItem","position":1,"name":"Portada","item":"https:\/\/laiapuigbo.com\/ca\/"},{"@type":"ListItem","position":2,"name":"Torticolis muscular i deformitats cranials"}]},{"@type":"WebSite","@id":"https:\/\/laiapuigbo.com\/ca\/#website","url":"https:\/\/laiapuigbo.com\/ca\/","name":"Laia Puigb\u00f2","description":"","publisher":{"@id":"https:\/\/laiapuigbo.com\/ca\/#organization"},"potentialAction":[{"@type":"SearchAction","target":{"@type":"EntryPoint","urlTemplate":"https:\/\/laiapuigbo.com\/ca\/?s={search_term_string}"},"query-input":{"@type":"PropertyValueSpecification","valueRequired":true,"valueName":"search_term_string"}}],"inLanguage":"ca"},{"@type":"Organization","@id":"https:\/\/laiapuigbo.com\/ca\/#organization","name":"Laia Puigb\u00f2","url":"https:\/\/laiapuigbo.com\/ca\/","logo":{"@type":"ImageObject","inLanguage":"ca","@id":"https:\/\/laiapuigbo.com\/ca\/#\/schema\/logo\/image\/","url":"https:\/\/laiapuigbo.com\/wp-content\/uploads\/2025\/05\/Logo-Laia-Puigbo.png","contentUrl":"https:\/\/laiapuigbo.com\/wp-content\/uploads\/2025\/05\/Logo-Laia-Puigbo.png","width":508,"height":125,"caption":"Laia Puigb\u00f2"},"image":{"@id":"https:\/\/laiapuigbo.com\/ca\/#\/schema\/logo\/image\/"}}]}},"_links":{"self":[{"href":"https:\/\/laiapuigbo.com\/ca\/wp-json\/wp\/v2\/pages\/1279","targetHints":{"allow":["GET"]}}],"collection":[{"href":"https:\/\/laiapuigbo.com\/ca\/wp-json\/wp\/v2\/pages"}],"about":[{"href":"https:\/\/laiapuigbo.com\/ca\/wp-json\/wp\/v2\/types\/page"}],"author":[{"embeddable":true,"href":"https:\/\/laiapuigbo.com\/ca\/wp-json\/wp\/v2\/users\/1"}],"replies":[{"embeddable":true,"href":"https:\/\/laiapuigbo.com\/ca\/wp-json\/wp\/v2\/comments?post=1279"}],"version-history":[{"count":3,"href":"https:\/\/laiapuigbo.com\/ca\/wp-json\/wp\/v2\/pages\/1279\/revisions"}],"predecessor-version":[{"id":2101,"href":"https:\/\/laiapuigbo.com\/ca\/wp-json\/wp\/v2\/pages\/1279\/revisions\/2101"}],"wp:attachment":[{"href":"https:\/\/laiapuigbo.com\/ca\/wp-json\/wp\/v2\/media?parent=1279"}],"curies":[{"name":"wp","href":"https:\/\/api.w.org\/{rel}","templated":true}]}}